{"id":13003,"date":"2019-03-29T14:09:37","date_gmt":"2019-03-29T14:09:37","guid":{"rendered":"https:\/\/www.x-bionicsphere.com\/?page_id=13003"},"modified":"2025-07-09T16:25:57","modified_gmt":"2025-07-09T14:25:57","slug":"thai-massage","status":"publish","type":"page","link":"https:\/\/www.x-bionicsphere.com\/en\/entertainment-and-relaxation\/wellness\/thai-massage\/","title":{"rendered":"Thai massage"},"content":{"rendered":"<p>[vc_section padding=&#8221;no-pad&#8221; top_padding=&#8221;no-top-pad&#8221; bottom_padding=&#8221;no-bottom-pad&#8221;][vc_row full_width=&#8221;stretch_row_content_no_spaces&#8221;][vc_column]        <div class=\"hero-component landing\">\r\n                              <figure>\r\n            <img width=\"2000\" height=\"1333\" src=\"https:\/\/www.x-bionicsphere.com\/wp-content\/uploads\/2018\/11\/Obr\u2020zok-s-n\u2020pisom-Thajsk\u0101-mas\u2020\u00dfe-2000x1333.jpg\" class=\"attachment-hero size-hero\" alt=\"\" loading=\"lazy\" srcset=\"https:\/\/www.x-bionicsphere.com\/wp-content\/uploads\/2018\/11\/Obr\u2020zok-s-n\u2020pisom-Thajsk\u0101-mas\u2020\u00dfe-2000x1333.jpg 2000w, https:\/\/www.x-bionicsphere.com\/wp-content\/uploads\/2018\/11\/Obr\u2020zok-s-n\u2020pisom-Thajsk\u0101-mas\u2020\u00dfe-300x200.jpg 300w, https:\/\/www.x-bionicsphere.com\/wp-content\/uploads\/2018\/11\/Obr\u2020zok-s-n\u2020pisom-Thajsk\u0101-mas\u2020\u00dfe-768x512.jpg 768w, https:\/\/www.x-bionicsphere.com\/wp-content\/uploads\/2018\/11\/Obr\u2020zok-s-n\u2020pisom-Thajsk\u0101-mas\u2020\u00dfe-1024x683.jpg 1024w, https:\/\/www.x-bionicsphere.com\/wp-content\/uploads\/2018\/11\/Obr\u2020zok-s-n\u2020pisom-Thajsk\u0101-mas\u2020\u00dfe-480x320.jpg 480w, https:\/\/www.x-bionicsphere.com\/wp-content\/uploads\/2018\/11\/Obr\u2020zok-s-n\u2020pisom-Thajsk\u0101-mas\u2020\u00dfe-992x661.jpg 992w, https:\/\/www.x-bionicsphere.com\/wp-content\/uploads\/2018\/11\/Obr\u2020zok-s-n\u2020pisom-Thajsk\u0101-mas\u2020\u00dfe-1200x800.jpg 1200w, https:\/\/www.x-bionicsphere.com\/wp-content\/uploads\/2018\/11\/Obr\u2020zok-s-n\u2020pisom-Thajsk\u0101-mas\u2020\u00dfe-e1542825436163.jpg 1900w\" sizes=\"(max-width: 2000px) 100vw, 2000px\" \/>          <\/figure>\r\n                    <article class=\" text-only\">\r\n            <div class=\"container\">\r\n              <div class=\"content\">\r\n                <div class=\"left-side\">\r\n                                                      <header>\r\n                                        <h1 class=\"title\">Thai massage<\/h1>\r\n                  <\/header>\r\n                                    <div class=\"body\">\r\n                                                          <\/div>\r\n                <\/div>\r\n                              <\/div>\r\n            <\/div>\r\n          <\/article>\r\n                    <div class=\"scroll\">\r\n            <span class=\"icon-scroll\"><\/span><span class=\"text\">scroll down<\/span>\r\n          <\/div>\r\n                          <\/div>\r\n        [\/vc_column][\/vc_row][\/vc_section][vc_section el_class=&#8221;static&#8221;][vc_row custom_width=&#8221;w-630&#8243;][vc_column][vc_column_text]<\/p>\n<p class=\"big\"><span style=\"font-size: 14pt;\">We invite you to enjoy traditional exotic procedures performed by authentic Thai therapists that guarantee an unforgettable experience. Relish the true Asian atmosphere through scent and touch.<\/span><\/p>\n<p>[\/vc_column_text][\/vc_column][\/vc_row][\/vc_section][vc_section][vc_row custom_width=&#8221;w-630&#8243;][vc_column][vc_column_text]<\/p>\n<h2 class=\"content-section-title has-line\" style=\"text-align: left;\"><span style=\"font-size: 14pt;\">Traditional thai massage<\/span><\/h2>\n<p>[\/vc_column_text][vc_empty_space][vc_column_text]<span style=\"font-size: 10pt;\">It combines pressure points, yoga elements and muscle stretching. Applied rhythmic movements effectively reduce muscle tension and stress. This type of massage improves lymph and blood circulation, increases energy and vitality, improves muscle and joint mobility, improves breathing and posture of the whole body, and heals chronic problems of joints and muscles.<\/span>[\/vc_column_text][vc_empty_space][\/vc_column][\/vc_row][vc_row custom_width=&#8221;w-1070&#8243;][vc_column][vc_empty_space][\/vc_column][\/vc_row][vc_row custom_width=&#8221;w-630&#8243;][vc_column][vc_column_text]<\/p>\n<h2 class=\"content-section-title has-line\" style=\"text-align: left;\"><span style=\"font-size: 14pt;\">Thai back massage<\/span><\/h2>\n<p>[\/vc_column_text][vc_empty_space][vc_column_text]<span style=\"font-size: 10pt;\">An oil massage focused on overloaded muscles and painful body parts, such as the back, neck, sciatic area, the area surrounding the sacrum and pelvis, and muscles and tendons affected by sedentary jobs and lack of movement. This massage includes acupressure techniques that effectively release muscle tension, remove energy blockages, increase body flexibility, remove headaches and cervical spine pain, and provide relief from chronic pain, fatigue and stress.<\/span>[\/vc_column_text][vc_empty_space][\/vc_column][\/vc_row][vc_row custom_width=&#8221;w-1070&#8243;][vc_column][vc_empty_space][\/vc_column][\/vc_row][vc_row custom_width=&#8221;w-630&#8243;][vc_column][vc_column_text]<\/p>\n<h2 class=\"content-section-title has-line\" style=\"text-align: left;\"><span style=\"font-size: 14pt;\">Aromatherapeuty oil massage<\/span><\/h2>\n<p>[\/vc_column_text][vc_empty_space][vc_column_text]<span style=\"font-size: 10pt;\">Oil massage is a very pleasant and relaxing aromatherapy procedure and an easier, more rhythmical version of Thai massage. The therapist uses friction and acupressure to sensitively relax your body and mind. Oil massage using natural oils releases muscle tension and is pleasantly relaxing, giving you hydrated skin and overall body rejuvenating effects.<\/span>[\/vc_column_text][vc_empty_space][\/vc_column][\/vc_row][vc_row custom_width=&#8221;w-1070&#8243;][vc_column][vc_empty_space][\/vc_column][\/vc_row][vc_row custom_width=&#8221;w-630&#8243;][vc_column][vc_column_text]<\/p>\n<h2 class=\"content-section-title has-line\" style=\"text-align: left;\"><span style=\"font-size: 14pt;\">Prenatal massage<\/span><\/h2>\n<p>[\/vc_column_text][vc_empty_space][vc_column_text]<span style=\"font-size: 10pt;\">A special massage for expectant mothers that relieves back and leg pain, removes nausea, strengthens spinal muscles, promotes good sleep, relieves joints, helps to prevent stretch marks and helps to activate the formation of happiness hormones. It is performed either in the back or side position, or in the Turkish sitting position, depending on the expectant mother&#8217;s stage of pregnancy. The effects of this massage are excellent not only for the expectant mother but also for her baby.<\/span>[\/vc_column_text][vc_empty_space][\/vc_column][\/vc_row][vc_row custom_width=&#8221;w-1070&#8243;][vc_column][vc_empty_space][\/vc_column][\/vc_row][vc_row custom_width=&#8221;w-630&#8243;][vc_column][vc_column_text]<\/p>\n<h2 class=\"content-section-title has-line\" style=\"text-align: left;\"><span style=\"font-size: 14pt;\">Coconut peeling and whole body massage<\/span><\/h2>\n<p>[\/vc_column_text][vc_empty_space][vc_column_text]<span style=\"font-size: 10pt;\">A peeling massage is a combination of 30 minute body peeling and 30 or 60 minute aromatherapy oil massage. Peeling activates the microcirculation of the subcutaneous system and detoxifies the skin, cleanses the skin pores by removing dead skin cells, and ensures a rejuvenated, refreshed appearance of the skin. This kind of Thai massage encourages the skin to breathe and makes your skin feel soft and lifted.<\/span>[\/vc_column_text][vc_empty_space][\/vc_column][\/vc_row][vc_row custom_width=&#8221;w-1070&#8243;][vc_column][vc_empty_space][\/vc_column][\/vc_row][vc_row custom_width=&#8221;w-630&#8243;][vc_column][vc_column_text]<\/p>\n<h2 class=\"content-section-title has-line\" style=\"text-align: left;\"><span style=\"font-size: 14pt;\">Hands and feet reflexology massage<\/span><\/h2>\n<p>[\/vc_column_text][vc_empty_space][vc_column_text]<span style=\"font-size: 10pt;\">An amazing acupressure procedure stimulating reflex points on the feet corresponding to particular internal organs and thus harmonising and supporting the activity of these organs.<\/span>[\/vc_column_text][vc_empty_space][\/vc_column][\/vc_row][vc_row custom_width=&#8221;w-1070&#8243;][vc_column][vc_empty_space][\/vc_column][\/vc_row][vc_row custom_width=&#8221;w-630&#8243;][vc_column][vc_column_text]<\/p>\n<h2 class=\"content-section-title has-line\" style=\"text-align: left;\"><span style=\"font-size: 14pt;\">Thai herbal massage<\/span><\/h2>\n<p>[\/vc_column_text][vc_empty_space][vc_column_text]<span style=\"font-size: 10pt;\">This is a hot herbal massage combining traditional Thai massage techniques with application of hot herbal pouches on the body&#8217;s energy centres. Herbal cotton pouches contain a compressed mixture of Thai herbs and aromatic substances. Their active ingredients are released when in contact with steam.<\/span>[\/vc_column_text][vc_empty_space][\/vc_column][\/vc_row][vc_row custom_width=&#8221;w-1070&#8243;][vc_column][vc_empty_space][\/vc_column][\/vc_row][vc_row custom_width=&#8221;w-630&#8243;][vc_column offset=&#8221;vc_hidden-lg vc_hidden-md vc_hidden-sm vc_hidden-xs&#8221;][vc_column_text]<\/p>\n<h2 class=\"content-section-title has-line\" style=\"text-align: left;\">In seventh heaven<\/h2>\n<p>[\/vc_column_text][vc_empty_space][vc_column_text]A very popular Thai massage focused on overloaded, stiff muscles and painful body parts such as the back, neck, sciatic area and the area surrounding the sacrum and pelvis, muscles and tendons without using oil.[\/vc_column_text][vc_empty_space][vc_column_text]<\/p>\n<div class=\"table-wrapper responsive\"><table>\n<tbody>\n<tr>\n<td><\/td>\n<td>Price for 30 min.<\/td>\n<td>Price for 60 min.<\/td>\n<td>Price for 90 min.<\/td>\n<\/tr>\n<tr>\n<td>In seventh heaven<\/td>\n<td>\u20ac\u00a037<\/td>\n<td>\u20ac 73<\/td>\n<td>\u20ac 88<\/td>\n<\/tr>\n<\/tbody>\n<\/table><\/div>\n<p>[\/vc_column_text][\/vc_column][\/vc_row][vc_row][vc_column][vc_empty_space][\/vc_column][\/vc_row][vc_row custom_width=&#8221;w-630&#8243;][vc_column offset=&#8221;vc_hidden-lg vc_hidden-md vc_hidden-sm vc_hidden-xs&#8221;][vc_column_text]<\/p>\n<h2 class=\"content-section-title has-line\" style=\"text-align: left;\">Deep tissue sport massage<\/h2>\n<p>[\/vc_column_text][vc_empty_space][vc_column_text]A special type of massage adapted for athletes and people with high physical performance. It&#8217;s a massage focused on specific muscles that are shortened or overloaded. It works not only with surface muscles but also with the deep stabilizing muscular system.[\/vc_column_text][vc_empty_space][vc_column_text]<\/p>\n<div class=\"table-wrapper responsive\"><table>\n<tbody>\n<tr>\n<td><\/td>\n<td>Price for 60 min.<\/td>\n<td>Price for 90 min.<\/td>\n<\/tr>\n<tr>\n<td>Deep tissue sport massage<\/td>\n<td>\u20ac 65<\/td>\n<td>\u20ac 75<\/td>\n<\/tr>\n<\/tbody>\n<\/table><\/div>\n<p>[\/vc_column_text][\/vc_column][\/vc_row][vc_row][vc_column][vc_empty_space][\/vc_column][\/vc_row][vc_row][vc_column][vc_row_inner][vc_column_inner]                <div class=\"slider-gallery-component\">\r\n    \t\t\t<div class=\"slider\">\r\n                \t\t\t\t<div class=\"slider-item\" data-title=\"olejov\u00e1 mas\u00e1\u017e ve\u013ek\u00e1 fotka\">\r\n    \t\t\t\t\t<figure><img width=\"1000\" height=\"667\" src=\"https:\/\/www.x-bionicsphere.com\/wp-content\/uploads\/2018\/06\/shutterstock_592176845.jpg\" class=\"attachment-full size-full\" alt=\"\" loading=\"lazy\" srcset=\"https:\/\/www.x-bionicsphere.com\/wp-content\/uploads\/2018\/06\/shutterstock_592176845.jpg 1000w, https:\/\/www.x-bionicsphere.com\/wp-content\/uploads\/2018\/06\/shutterstock_592176845-300x200.jpg 300w, https:\/\/www.x-bionicsphere.com\/wp-content\/uploads\/2018\/06\/shutterstock_592176845-768x512.jpg 768w, https:\/\/www.x-bionicsphere.com\/wp-content\/uploads\/2018\/06\/shutterstock_592176845-480x320.jpg 480w, https:\/\/www.x-bionicsphere.com\/wp-content\/uploads\/2018\/06\/shutterstock_592176845-992x662.jpg 992w\" sizes=\"(max-width: 1000px) 100vw, 1000px\" \/><\/figure>\r\n    \t\t\t\t<\/div>\r\n                \t\t\t\t<div class=\"slider-item\" data-title=\"Thajsk\u00e9 mas\u00e1\u017ee\">\r\n    \t\t\t\t\t<figure><img width=\"1440\" height=\"800\" src=\"https:\/\/www.x-bionicsphere.com\/wp-content\/uploads\/2018\/04\/ThaiMassage_banner_1440x800.jpg\" class=\"attachment-full size-full\" alt=\"\" loading=\"lazy\" srcset=\"https:\/\/www.x-bionicsphere.com\/wp-content\/uploads\/2018\/04\/ThaiMassage_banner_1440x800.jpg 1440w, https:\/\/www.x-bionicsphere.com\/wp-content\/uploads\/2018\/04\/ThaiMassage_banner_1440x800-300x167.jpg 300w, https:\/\/www.x-bionicsphere.com\/wp-content\/uploads\/2018\/04\/ThaiMassage_banner_1440x800-768x427.jpg 768w, https:\/\/www.x-bionicsphere.com\/wp-content\/uploads\/2018\/04\/ThaiMassage_banner_1440x800-1024x569.jpg 1024w, https:\/\/www.x-bionicsphere.com\/wp-content\/uploads\/2018\/04\/ThaiMassage_banner_1440x800-480x267.jpg 480w, https:\/\/www.x-bionicsphere.com\/wp-content\/uploads\/2018\/04\/ThaiMassage_banner_1440x800-992x551.jpg 992w, https:\/\/www.x-bionicsphere.com\/wp-content\/uploads\/2018\/04\/ThaiMassage_banner_1440x800-1200x667.jpg 1200w\" sizes=\"(max-width: 1440px) 100vw, 1440px\" \/><\/figure>\r\n    \t\t\t\t<\/div>\r\n                \t\t\t\t<div class=\"navigation-container\">\r\n    \t\t\t\t\t<div class=\"container-width w-630\">\r\n    \t\t\t\t\t\t<div class=\"count\">\r\n    \t\t\t\t\t\t\t<div class=\"current\"><\/div>\/<div class=\"total\"><\/div>\r\n    \t\t\t\t\t\t<\/div>\r\n    \t\t\t\t\t\t<div class=\"title\"><\/div>\r\n    \t\t\t\t\t\t<div class=\"arrows\"><\/div>\r\n    \t\t\t\t\t<\/div>\r\n    \t\t\t\t<\/div>\r\n    \t\t\t<\/div>\r\n    \t\t<\/div>\r\n                [\/vc_column_inner][\/vc_row_inner][vc_empty_space][\/vc_column][\/vc_row][\/vc_section][vc_section][vc_row full_width=&#8221;stretch_row_content_no_spaces&#8221; custom_width=&#8221;w-630&#8243;][vc_column][vc_column_text]<\/p>\n<h3><span style=\"font-size: 10pt;\">Pay with X-CARD and get extra credit.<\/span><\/h3>\n<p><span style=\"font-size: 10pt;\">For every \u20ac 100 you spend you&#8217;ll get an extra \u20ac 20 at the beginning of the following month.<\/span><\/p>\n<p><span style=\"font-size: 10pt;\"><a href=\"https:\/\/www.x-bionicsphere.com\/en\/x-card\/x-card-user-registration\/\" title=\"\" class=\"button color-1 button-fill\">I want my X-CARD<\/a> \u00a0 \u00a0<a href=\"https:\/\/www.x-bionicsphere.com\/en\/about-us\/x-card-customer-program\/\" title=\"\" class=\"link link-icon-after\">MORE INFORMATION ABOUT X-CARD<span class=\"icon-arrow-right\"><\/span><\/a><\/span>[\/vc_column_text][\/vc_column][\/vc_row][\/vc_section]<\/p>\n","protected":false},"excerpt":{"rendered":"<p>[vc_section padding=&#8221;no-pad&#8221; top_padding=&#8221;no-top-pad&#8221; bottom_padding=&#8221;no-bottom-pad&#8221;][vc_row full_width=&#8221;stretch_row_content_no_spaces&#8221;][vc_column][\/vc_column][\/vc_row][\/vc_section][vc_section el_class=&#8221;static&#8221;][vc_row custom_width=&#8221;w-630&#8243;][vc_column][vc_column_text] We invite you to enjoy traditional exotic procedures performed by authentic Thai therapists that guarantee an unforgettable experience. Relish the true Asian atmosphere through scent and touch. [\/vc_column_text][\/vc_column][\/vc_row][\/vc_section][vc_section][vc_row custom_width=&#8221;w-630&#8243;][vc_column][vc_column_text] Traditional thai massage [\/vc_column_text][vc_empty_space][vc_column_text]It combines pressure points, yoga elements and muscle stretching. Applied rhythmic movements effectively reduce muscle tension [&hellip;]<\/p>\n","protected":false},"author":34,"featured_media":0,"parent":5353,"menu_order":0,"comment_status":"closed","ping_status":"closed","template":"","meta":[],"categories":[131],"acf":[],"_links":{"self":[{"href":"https:\/\/www.x-bionicsphere.com\/en\/wp-json\/wp\/v2\/pages\/13003"}],"collection":[{"href":"https:\/\/www.x-bionicsphere.com\/en\/wp-json\/wp\/v2\/pages"}],"about":[{"href":"https:\/\/www.x-bionicsphere.com\/en\/wp-json\/wp\/v2\/types\/page"}],"author":[{"embeddable":true,"href":"https:\/\/www.x-bionicsphere.com\/en\/wp-json\/wp\/v2\/users\/34"}],"replies":[{"embeddable":true,"href":"https:\/\/www.x-bionicsphere.com\/en\/wp-json\/wp\/v2\/comments?post=13003"}],"version-history":[{"count":13,"href":"https:\/\/www.x-bionicsphere.com\/en\/wp-json\/wp\/v2\/pages\/13003\/revisions"}],"predecessor-version":[{"id":42757,"href":"https:\/\/www.x-bionicsphere.com\/en\/wp-json\/wp\/v2\/pages\/13003\/revisions\/42757"}],"up":[{"embeddable":true,"href":"https:\/\/www.x-bionicsphere.com\/en\/wp-json\/wp\/v2\/pages\/5353"}],"wp:attachment":[{"href":"https:\/\/www.x-bionicsphere.com\/en\/wp-json\/wp\/v2\/media?parent=13003"}],"wp:term":[{"taxonomy":"category","embeddable":true,"href":"https:\/\/www.x-bionicsphere.com\/en\/wp-json\/wp\/v2\/categories?post=13003"}],"curies":[{"name":"wp","href":"https:\/\/api.w.org\/{rel}","templated":true}]}}