{"id":15722,"date":"2019-09-05T10:13:40","date_gmt":"2019-09-05T10:13:40","guid":{"rendered":"https:\/\/www.x-bionicsphere.com\/dance-work-hard-spin-around\/"},"modified":"2019-09-16T12:38:37","modified_gmt":"2019-09-16T12:38:37","slug":"dance-work-hard-spin-around","status":"publish","type":"page","link":"https:\/\/www.x-bionicsphere.com\/en\/dance-work-hard-spin-around\/","title":{"rendered":"Dance, Work Hard, Spin Around"},"content":{"rendered":"<p>[vc_section padding=&#8221;no-pad&#8221;][vc_row full_width=&#8221;stretch_row_content_no_spaces&#8221;][vc_column]        <div class=\"hero-component landing\">\r\n                              <figure>\r\n            <img width=\"1920\" height=\"842\" src=\"https:\/\/www.x-bionicsphere.com\/wp-content\/uploads\/2019\/07\/tmv-web-hero.jpg\" class=\"attachment-hero size-hero\" alt=\"\" loading=\"lazy\" srcset=\"https:\/\/www.x-bionicsphere.com\/wp-content\/uploads\/2019\/07\/tmv-web-hero.jpg 1920w, https:\/\/www.x-bionicsphere.com\/wp-content\/uploads\/2019\/07\/tmv-web-hero-300x132.jpg 300w, https:\/\/www.x-bionicsphere.com\/wp-content\/uploads\/2019\/07\/tmv-web-hero-768x337.jpg 768w, https:\/\/www.x-bionicsphere.com\/wp-content\/uploads\/2019\/07\/tmv-web-hero-1024x449.jpg 1024w, https:\/\/www.x-bionicsphere.com\/wp-content\/uploads\/2019\/07\/tmv-web-hero-480x211.jpg 480w, https:\/\/www.x-bionicsphere.com\/wp-content\/uploads\/2019\/07\/tmv-web-hero-992x435.jpg 992w, https:\/\/www.x-bionicsphere.com\/wp-content\/uploads\/2019\/07\/tmv-web-hero-1200x526.jpg 1200w\" sizes=\"(max-width: 1920px) 100vw, 1920px\" \/>          <\/figure>\r\n                    <article class=\" text-only\">\r\n            <div class=\"container\">\r\n              <div class=\"content\">\r\n                <div class=\"left-side\">\r\n                                    <div class=\"breadcrumbs-element\">\r\n                    <ul><li><a href=\"https:\/\/www.x-bionicsphere.com\/en\/\" title=\"\">x-bionic sphere<\/a><\/li><li class=\"active\">Dance, Work Hard, Spin Around<\/li><\/ul>                  <\/div>\r\n                                                      <div class=\"body\">\r\n                                                            <div class=\"buttons-container\">\r\n                                            <a href=\"https:\/\/predpredaj.zoznam.sk\/sk\/listky\/tancuj-makaj-vykrucaj-2019-09-21\/\" title=\"\" class=\"button button-fill color-1\">K\u00daPI\u0164 L\u00cdSTOK<\/a>\r\n                                                                                      <\/div>\r\n                                      <\/div>\r\n                <\/div>\r\n                              <\/div>\r\n            <\/div>\r\n          <\/article>\r\n                    <div class=\"scroll\">\r\n            <span class=\"icon-scroll\"><\/span><span class=\"text\">skrolova\u0165 ni\u017e\u0161ie<\/span>\r\n          <\/div>\r\n                          <\/div>\r\n        [\/vc_column][\/vc_row][\/vc_section][vc_section top_padding=&#8221;big-top-pad&#8221; bottom_padding=&#8221;small-bottom-pad&#8221;][vc_row custom_width=&#8221;w-630&#8243;][vc_column][vc_column_text]<\/p>\n<h1 class=\"color-5 content-section-title has-line\"><strong>Unique, modern, folklore<\/strong><\/h1>\n<p class=\"big\">Do you want to experience something you have never experienced before? If so, you simply cannot miss out on the first traditional unconventional event entitled <em>Tancuj, makaj, vykr\u00facaj<\/em> (Dance, Work Hard, Spin Around). A unique experience of its kind in Slovakia \u2013 you will be surrounded by an abundance of music, dancing, fashion, and exercise, where all activities will be conducted in a folkloric atmosphere. A creative combination of the new and the old Slovak world is something you will not experience elsewhere!<\/p>\n<p><span style=\"font-size: 14pt;\">There are 5 zones waiting for you, each full of surprises: play sports in a folk atmosphere, visit a folklore tattoo parlour or try exercising in a \u201cfitness centre\u201d of our grandfathers. What is more, the accompanying program is packed with traditional folkloric energy. Take everyone who wants to have a unique experience with you and come join us.<\/span><\/p>\n<p class=\"big\"><strong>#tancujmakajvykrucaj<\/strong><\/p>\n<h4><strong>When:<\/strong><\/h4>\n<p>21. september 2019<\/p>\n<p><strong>Where:<\/strong><\/p>\n<p>\u0160amor\u00edn, x-bionic\u00ae sphere, AdventureLand<\/p>\n<a href=\"https:\/\/predpredaj.zoznam.sk\/sk\/listky\/tancuj-makaj-vykrucaj-2019-09-21\/\" title=\"\" class=\"button color-1 button-fill\">BUY A TICKET<\/a>\n<p>Ticket prices:<\/p>\n<p><strong>Adult\u00a0<\/strong> 9,60\u00a0\u20ac<\/p>\n<p><strong>Child<\/strong> 6,00\u00a0\u20ac<\/p>\n<p><strong>Family ticket A &#8211; 2x adults, 2x children <\/strong>28,00\u00a0\u20ac<\/p>\n<p><strong>Family ticket B &#8211; 2x adults,1 x child <\/strong>23,00\u00a0\u20ac[\/vc_column_text][\/vc_column][\/vc_row][\/vc_section][vc_section padding=&#8221;small-pad&#8221;][vc_row custom_width=&#8221;w-1070&#8243;][vc_column][vc_single_image image=&#8221;14317&#8243; img_size=&#8221;full&#8221; alignment=&#8221;center&#8221;][\/vc_column][\/vc_row][\/vc_section][vc_section padding=&#8221;small-pad&#8221;][vc_row full_width=&#8221;stretch_row_content_no_spaces&#8221; equal_height=&#8221;yes&#8221; custom_width=&#8221;w-1070&#8243; css=&#8221;.vc_custom_1563801678027{padding-top: 2px !important;padding-right: 2px !important;padding-bottom: 2px !important;padding-left: 2px !important;}&#8221;][vc_column width=&#8221;1\/3&#8243; css=&#8221;.vc_custom_1560971375106{margin-top: 1px !important;margin-right: 1px !important;margin-bottom: 1px !important;margin-left: 1px !important;}&#8221;]            <div class=\"showcase-item-container type-1\">\r\n              <a href=\"\" title=\"\">\r\n                                <figure>\r\n                  <img width=\"500\" height=\"200\" src=\"https:\/\/www.x-bionicsphere.com\/wp-content\/uploads\/2019\/06\/fitness.jpg\" class=\"attachment-showcase-box size-showcase-box\" alt=\"\" loading=\"lazy\" srcset=\"https:\/\/www.x-bionicsphere.com\/wp-content\/uploads\/2019\/06\/fitness.jpg 500w, https:\/\/www.x-bionicsphere.com\/wp-content\/uploads\/2019\/06\/fitness-300x120.jpg 300w, https:\/\/www.x-bionicsphere.com\/wp-content\/uploads\/2019\/06\/fitness-480x192.jpg 480w\" sizes=\"(max-width: 500px) 100vw, 500px\" \/>                                  <\/figure>\r\n                                <div class=\"body\">\r\n                  <div class=\"title\">Fitness<\/div>\r\n                  <div class=\"description\"><p>Za\u017ei &#8220;fitko&#8221; na\u0161ich star\u00fdch otcov.<\/p>\n<\/div>\r\n                                  <\/div>\r\n              <\/a>\r\n            <\/div>\r\n          [\/vc_column][vc_column width=&#8221;1\/3&#8243; css=&#8221;.vc_custom_1560971126745{margin-top: 1px !important;margin-right: 1px !important;margin-bottom: 1px !important;margin-left: 1px !important;}&#8221;]            <div class=\"showcase-item-container type-1\">\r\n              <a href=\"\" title=\"\">\r\n                                <figure>\r\n                  <img width=\"500\" height=\"200\" src=\"https:\/\/www.x-bionicsphere.com\/wp-content\/uploads\/2019\/06\/beauty.jpg\" class=\"attachment-showcase-box size-showcase-box\" alt=\"\" loading=\"lazy\" srcset=\"https:\/\/www.x-bionicsphere.com\/wp-content\/uploads\/2019\/06\/beauty.jpg 500w, https:\/\/www.x-bionicsphere.com\/wp-content\/uploads\/2019\/06\/beauty-300x120.jpg 300w, https:\/\/www.x-bionicsphere.com\/wp-content\/uploads\/2019\/06\/beauty-480x192.jpg 480w\" sizes=\"(max-width: 500px) 100vw, 500px\" \/>                                  <\/figure>\r\n                                <div class=\"body\">\r\n                  <div class=\"title\">Beauty<\/div>\r\n                  <div class=\"description\"><p>Odprezentujeme povestn\u00fa slovensk\u00fa kr\u00e1su.<\/p>\n<\/div>\r\n                                  <\/div>\r\n              <\/a>\r\n            <\/div>\r\n          [\/vc_column][vc_column width=&#8221;1\/3&#8243; css=&#8221;.vc_custom_1560971148370{margin-top: 1px !important;margin-right: 1px !important;margin-bottom: 1px !important;margin-left: 1px !important;}&#8221;]            <div class=\"showcase-item-container type-1\">\r\n              <a href=\"\" title=\"\">\r\n                                <figure>\r\n                  <img width=\"500\" height=\"200\" src=\"https:\/\/www.x-bionicsphere.com\/wp-content\/uploads\/2019\/06\/creative.jpg\" class=\"attachment-showcase-box size-showcase-box\" alt=\"\" loading=\"lazy\" srcset=\"https:\/\/www.x-bionicsphere.com\/wp-content\/uploads\/2019\/06\/creative.jpg 500w, https:\/\/www.x-bionicsphere.com\/wp-content\/uploads\/2019\/06\/creative-300x120.jpg 300w, https:\/\/www.x-bionicsphere.com\/wp-content\/uploads\/2019\/06\/creative-480x192.jpg 480w\" sizes=\"(max-width: 500px) 100vw, 500px\" \/>                                  <\/figure>\r\n                                <div class=\"body\">\r\n                  <div class=\"title\">Creative<\/div>\r\n                  <div class=\"description\"><p>Kreativite sa medze neklad\u00fa.<\/p>\n<\/div>\r\n                                  <\/div>\r\n              <\/a>\r\n            <\/div>\r\n          [\/vc_column][\/vc_row][vc_row full_width=&#8221;stretch_row_content_no_spaces&#8221; equal_height=&#8221;yes&#8221; custom_width=&#8221;w-1070&#8243; css=&#8221;.vc_custom_1563801701128{padding-top: 2px !important;padding-right: 2px !important;padding-bottom: 2px !important;padding-left: 2px !important;}&#8221;][vc_column width=&#8221;1\/2&#8243; css=&#8221;.vc_custom_1560971384669{margin-top: 1px !important;margin-right: 1px !important;margin-bottom: 1px !important;margin-left: 1px !important;}&#8221;]            <div class=\"showcase-item-container type-1\">\r\n              <a href=\"\" title=\"\">\r\n                                <figure>\r\n                  <img width=\"500\" height=\"200\" src=\"https:\/\/www.x-bionicsphere.com\/wp-content\/uploads\/2019\/06\/fashion.jpg\" class=\"attachment-showcase-box size-showcase-box\" alt=\"\" loading=\"lazy\" srcset=\"https:\/\/www.x-bionicsphere.com\/wp-content\/uploads\/2019\/06\/fashion.jpg 500w, https:\/\/www.x-bionicsphere.com\/wp-content\/uploads\/2019\/06\/fashion-300x120.jpg 300w, https:\/\/www.x-bionicsphere.com\/wp-content\/uploads\/2019\/06\/fashion-480x192.jpg 480w\" sizes=\"(max-width: 500px) 100vw, 500px\" \/>                                  <\/figure>\r\n                                <div class=\"body\">\r\n                  <div class=\"title\">Fashion<\/div>\r\n                  <div class=\"description\"><p>Objav slovensk\u00e9 m\u00f3dne vychyt\u00e1vky, dizajn\u00e9rov a eshopy.<\/p>\n<\/div>\r\n                                  <\/div>\r\n              <\/a>\r\n            <\/div>\r\n          [\/vc_column][vc_column width=&#8221;1\/2&#8243; css=&#8221;.vc_custom_1560971192597{margin-top: 1px !important;margin-right: 1px !important;margin-bottom: 1px !important;margin-left: 1px !important;}&#8221;]            <div class=\"showcase-item-container type-1\">\r\n              <a href=\"\" title=\"\">\r\n                                <figure>\r\n                  <img width=\"500\" height=\"200\" src=\"https:\/\/www.x-bionicsphere.com\/wp-content\/uploads\/2019\/06\/tmv.jpg\" class=\"attachment-showcase-box size-showcase-box\" alt=\"\" loading=\"lazy\" srcset=\"https:\/\/www.x-bionicsphere.com\/wp-content\/uploads\/2019\/06\/tmv.jpg 500w, https:\/\/www.x-bionicsphere.com\/wp-content\/uploads\/2019\/06\/tmv-300x120.jpg 300w, https:\/\/www.x-bionicsphere.com\/wp-content\/uploads\/2019\/06\/tmv-480x192.jpg 480w\" sizes=\"(max-width: 500px) 100vw, 500px\" \/>                                  <\/figure>\r\n                                <div class=\"body\">\r\n                  <div class=\"title\">Tancuj, makaj, vykr\u00facaj stage<\/div>\r\n                  <div class=\"description\"><p>Hlavn\u00e9 miesto diania.<\/p>\n<\/div>\r\n                                  <\/div>\r\n              <\/a>\r\n            <\/div>\r\n          [\/vc_column][\/vc_row][\/vc_section][vc_section padding=&#8221;small-pad&#8221;][vc_row custom_width=&#8221;w-630&#8243;][vc_column][vc_column_text]<\/p>\n<h2 class=\"content-section-title has-line color-5\">5 unique zones<\/h2>\n<p><img loading=\"lazy\" width=\"300\" height=\"167\" class=\"alignnone size-medium wp-image-14334\" src=\"https:\/\/www.x-bionicsphere.com\/wp-content\/uploads\/2019\/06\/fitness-1-300x167.png\" alt=\"\" srcset=\"https:\/\/www.x-bionicsphere.com\/wp-content\/uploads\/2019\/06\/fitness-1-300x167.png 300w, https:\/\/www.x-bionicsphere.com\/wp-content\/uploads\/2019\/06\/fitness-1-768x427.png 768w, https:\/\/www.x-bionicsphere.com\/wp-content\/uploads\/2019\/06\/fitness-1-480x267.png 480w, https:\/\/www.x-bionicsphere.com\/wp-content\/uploads\/2019\/06\/fitness-1.png 900w\" sizes=\"(max-width: 300px) 100vw, 300px\" \/><\/p>\n<p>Experience the \u201cfitness centre\u201d of our grandfathers. Get ready for squats with haystacks, tugs of war, hurdle racing, collecting logs of wood or farmer-style walks while holding buckets of water. You will experience exercising in a folkloric atmosphere under the guidance of professionals. Non-traditional fitness workout.<\/p>\n<ul>\n<li class=\"color-5\">Experience the \u201cfitness centre of our grandfathers\u201d and try 6 unique fitness challenges<\/li>\n<li class=\"color-5\">Try modern exercises, such as yoga or circuit training while listening to remixed folk music<\/li>\n<\/ul>\n<p><img loading=\"lazy\" width=\"300\" height=\"167\" class=\"alignnone size-medium wp-image-14331\" src=\"https:\/\/www.x-bionicsphere.com\/wp-content\/uploads\/2019\/06\/beauty-1-300x167.png\" alt=\"\" srcset=\"https:\/\/www.x-bionicsphere.com\/wp-content\/uploads\/2019\/06\/beauty-1-300x167.png 300w, https:\/\/www.x-bionicsphere.com\/wp-content\/uploads\/2019\/06\/beauty-1-768x427.png 768w, https:\/\/www.x-bionicsphere.com\/wp-content\/uploads\/2019\/06\/beauty-1-480x267.png 480w, https:\/\/www.x-bionicsphere.com\/wp-content\/uploads\/2019\/06\/beauty-1.png 900w\" sizes=\"(max-width: 300px) 100vw, 300px\" \/><\/p>\n<p>Girls in folk costumes will teach you how to make traditional plaits and traditional motifs will be painted on children\u2019s faces. We also have a folk tattoo parlour ready for you. We are presenting the legendary Slovak beauty after all.<\/p>\n<ul>\n<li class=\"color-5\">Folk tattoo parlour<\/li>\n<li class=\"color-5\">Beauty tips from beauty bloggers<\/li>\n<li class=\"color-5\">Hair plaiting<\/li>\n<li class=\"color-5\">Folk face painting<\/li>\n<\/ul>\n<p><img loading=\"lazy\" width=\"300\" height=\"167\" class=\"alignnone size-medium wp-image-14332\" src=\"https:\/\/www.x-bionicsphere.com\/wp-content\/uploads\/2019\/06\/creative-1-300x167.png\" alt=\"\" srcset=\"https:\/\/www.x-bionicsphere.com\/wp-content\/uploads\/2019\/06\/creative-1-300x167.png 300w, https:\/\/www.x-bionicsphere.com\/wp-content\/uploads\/2019\/06\/creative-1-768x427.png 768w, https:\/\/www.x-bionicsphere.com\/wp-content\/uploads\/2019\/06\/creative-1-480x267.png 480w, https:\/\/www.x-bionicsphere.com\/wp-content\/uploads\/2019\/06\/creative-1.png 900w\" sizes=\"(max-width: 300px) 100vw, 300px\" \/><\/p>\n<p>Come and decorate photo frames, paint typical Slovak patterns on T-shirts, test your knowledge on a blank map of Slovakia, pantomime Slovak proverbs and sayings or join us in painting <em>\u201cna skle ma\u013eovan\u00e9\u201d<\/em> (\u201cpainted on glass\u201d) on a board. There will be no limits to creativity.<\/p>\n<ul>\n<li class=\"color-5\">We will spray graffiti on t-shirts<\/li>\n<li class=\"color-5\">We will test our knowledge on a blank map of Slovakia<\/li>\n<li class=\"color-5\">We will pantomime Slovak proverbs and sayings<\/li>\n<li class=\"color-5\">We will pantomime Slovak proverbs and sayings<\/li>\n<\/ul>\n<p><img loading=\"lazy\" width=\"300\" height=\"167\" class=\"alignnone size-medium wp-image-14333\" src=\"https:\/\/www.x-bionicsphere.com\/wp-content\/uploads\/2019\/06\/fashion-1-300x167.png\" alt=\"\" srcset=\"https:\/\/www.x-bionicsphere.com\/wp-content\/uploads\/2019\/06\/fashion-1-300x167.png 300w, https:\/\/www.x-bionicsphere.com\/wp-content\/uploads\/2019\/06\/fashion-1-768x427.png 768w, https:\/\/www.x-bionicsphere.com\/wp-content\/uploads\/2019\/06\/fashion-1-480x267.png 480w, https:\/\/www.x-bionicsphere.com\/wp-content\/uploads\/2019\/06\/fashion-1.png 900w\" sizes=\"(max-width: 300px) 100vw, 300px\" \/><\/p>\n<p>Do you know what a typical Slovak folk costume looks like? What did people wear in the past and what was the biggest fashion trend? We will guide you through the traditional fashion world. You will see presentations of creative young Slovaks and e-shop owners who have adopted the idea of modern folklore so much that it has become their profession.<\/p>\n<ul>\n<li class=\"color-5\">Presentations of creative Slovaks, start-ups, and e-shops who love tradition so much that it has become their profession<\/li>\n<li class=\"color-5\">Workshops on the production of Slovak folk costumes<\/li>\n<\/ul>\n<p><img loading=\"lazy\" width=\"300\" height=\"167\" class=\"alignnone size-medium wp-image-14335\" src=\"https:\/\/www.x-bionicsphere.com\/wp-content\/uploads\/2019\/06\/tmv-stage-2-300x167.png\" alt=\"\" srcset=\"https:\/\/www.x-bionicsphere.com\/wp-content\/uploads\/2019\/06\/tmv-stage-2-300x167.png 300w, https:\/\/www.x-bionicsphere.com\/wp-content\/uploads\/2019\/06\/tmv-stage-2-768x427.png 768w, https:\/\/www.x-bionicsphere.com\/wp-content\/uploads\/2019\/06\/tmv-stage-2-480x267.png 480w, https:\/\/www.x-bionicsphere.com\/wp-content\/uploads\/2019\/06\/tmv-stage-2.png 900w\" sizes=\"(max-width: 300px) 100vw, 300px\" \/><\/p>\n<p><span style=\"font-size: 1rem;\">Juraj Kemka will host the entire programme.<\/span>[\/vc_column_text][\/vc_column][\/vc_row][\/vc_section][vc_section padding=&#8221;small-pad&#8221;][vc_row custom_width=&#8221;w-630&#8243;][vc_column][vc_column_text]<\/p>\n<h2 class=\"content-section-title has-line color-5\">Programme<\/h2>\n<p><span style=\"font-size: 1rem;\">The dance school of Kamila Ochabov\u00e1 \u2013 a professional dancer, dance teacher, choreographer and admirer of our traditional dances \u2013 will take care of the main programme. She was a member of the Slovak State Traditional Dance Company (S\u013dUK) and has taken part in the most famous musicals and operettas in the Slovak Republic and abroad. She established the original dance school <\/span><em style=\"font-size: 1rem;\">Tancuj tancuj vykr\u00facaj<\/em><span style=\"font-size: 1rem;\"> and she will become our dance teacher for a day.<\/span><\/p>\n<h4><a href=\"http:\/\/www.tancujvykrucaj.sk\/o-lektorke\/\" title=\"\" class=\"button color-1 button-fill\">MORE INFO ABOUT KAMILA AND HER PROJECT<\/a><\/h4>\n<h4><\/h4>\n<p>We are looking forward to seeing families with children \u2013 the smallest ones will surely enjoy the performance of the singer <strong>Miro Jaro\u0161<\/strong>.\u00a0<strong>Juraj Kemka<\/strong> dressed as a crazy shepherd will host the entire programme.[\/vc_column_text][vc_empty_space][\/vc_column][\/vc_row][vc_row custom_width=&#8221;w-630&#8243;][vc_column][vc_column_text]09<sup>30<\/sup>\u00a0\u2013 09<sup>45<\/sup><\/p>\n<p><span style=\"font-size: 1rem;\">Fitness centre of our grandfathers \u2013 lumberjack challenge (FITNESS ZONE)<\/span><\/p>\n<p>09<sup>30<\/sup>\u00a0\u2013 10<sup>00<\/sup><\/p>\n<p>G<span style=\"font-size: 1rem;\">raffiti on T-shirts \u2013 workshop: creating your own design (CREATIVE ZONE)<\/span><\/p>\n<p>10<sup>00<\/sup>\u00a0\u2013 11<sup>00<\/sup><\/p>\n<p><span style=\"font-size: 1rem;\">Performance by Miro Jaro\u0161<\/span><\/p>\n<p>11<sup>00<\/sup>\u00a0\u2013 11<sup>15<\/sup><\/p>\n<p><span style=\"font-size: 1rem;\">Fitness centre of our grandfathers \u2013 miller challenge (FITNESS ZONE)<\/span><\/p>\n<p>11<sup>00<\/sup>\u00a0\u2013 12<sup>00<\/sup><\/p>\n<p><span style=\"font-size: 1rem;\">Champeriko \u2013 presentation of the ornament + workshop \u2013 painting ornaments (FASHION ZONE)<\/span><\/p>\n<p>11<sup>15<\/sup>\u00a0\u2013 11<sup>45<\/sup><\/p>\n<p><span style=\"font-size: 1rem;\">Body Pump exercises \u2013 circuit training with Oliver Rothschein<\/span><\/p>\n<p>11<sup>15<\/sup>\u00a0\u2013 11<sup>45<\/sup><\/p>\n<p><span style=\"font-size: 1rem;\">Pantomiming Slovak proverbs and sayings (FITNESS ZONE)<\/span><\/p>\n<p>11<sup>45<\/sup>\u00a0&#8211; 12<sup>00<\/sup><\/p>\n<p><span style=\"font-size: 1rem;\">Fitness centre of our grandfathers \u2013 farmer challenge (FITNESS ZONE)<\/span><\/p>\n<p>12<sup>15<\/sup>\u00a0\u2013 12<sup>45<\/sup><\/p>\n<p><span style=\"font-size: 1rem;\">Power Flow Yoga with\u00a0Andrea Kr\u00e4merov\u00e1<\/span><\/p>\n<p>12<sup>15<\/sup>\u00a0\u2013 12<sup>45<\/sup><\/p>\n<p><span style=\"font-size: 1rem;\">Pantomiming Slovak proverbs and sayings (FITNESS ZONE)<\/span><\/p>\n<p>12<sup>45<\/sup>\u00a0\u2013 13<sup>00<\/sup><\/p>\n<p>Fitness centre of our grandfathers \u2013 rope challenge (FITNESS ZONE)<\/p>\n<p>13<sup>00<\/sup>\u00a0\u2013 13<sup>30<\/sup><\/p>\n<p>F<span style=\"font-size: 1rem;\">olk aerobics: Kamila Ochabov\u00e1\u2019s dance school \u2013 Tancuj Tancuj Vykr\u00facaj<\/span><\/p>\n<p>13<sup>00<\/sup>\u00a0\u2013 13<sup>30<\/sup><\/p>\n<p><span style=\"font-size: 1rem;\">Pantomiming Slovak proverbs and sayings (FITNESS ZONE)<\/span><\/p>\n<p>13<sup>30<\/sup>\u00a0\u2013 13<sup>45<\/sup><\/p>\n<p><span style=\"font-size: 1rem;\">Fitness centre of our grandfathers \u2013 brigand challenge (FITNESS ZONE)<\/span><\/p>\n<p>13<sup>45<\/sup>\u00a0\u2013 14<sup>00<\/sup><\/p>\n<p>L<span style=\"font-size: 1rem;\">uminia \u2013 lecture (CREATIVE ZONE)<\/span><\/p>\n<p>14<sup>00<\/sup>\u00a0\u2013 14<sup>30<\/sup><\/p>\n<p><span style=\"font-size: 1rem;\">Mobility exercises with Filip Bolech<\/span><\/p>\n<p>14<sup>30<\/sup>\u00a0\u2013 14<sup>45<\/sup><\/p>\n<p>F<span style=\"font-size: 1rem;\">itness centre of our grandfathers \u2013 wood challenge (FITNESS ZONE)<\/span><\/p>\n<p>14<sup>45<\/sup><\/p>\n<p>Tombola<\/p>\n<h4><\/h4>\n<h4><\/h4>\n<h4><strong>Visit us on the 21<sup>st<\/sup> of September and experience the unique combination of fitness and folklore that is the event <em>Tancuj, makaj, vykr\u00facaj<\/em>!<\/strong><\/h4>\n<p>&nbsp;<\/p>\n<p>Do not hesitate \u2013 ticket numbers are limited!<\/p>\n<p><a href=\"https:\/\/predpredaj.zoznam.sk\/sk\/listky\/tancuj-makaj-vykrucaj-2019-09-21\/\" title=\"\" class=\"button color-1 button-fill\">BUY A TICKET<\/a>[\/vc_column_text][vc_empty_space][\/vc_column][\/vc_row][\/vc_section][vc_row][vc_column][vc_text_separator title=&#8221;Follow us on social media&#8221;][\/vc_column][\/vc_row][vc_row custom_width=&#8221;w-630&#8243;][vc_column width=&#8221;1\/6&#8243;][\/vc_column][vc_column width=&#8221;1\/6&#8243;][\/vc_column][vc_column width=&#8221;1\/6&#8243;][vc_single_image image=&#8221;14369&#8243; alignment=&#8221;right&#8221; onclick=&#8221;custom_link&#8221; link=&#8221;https:\/\/www.facebook.com\/events\/288509921930721\/&#8221;][\/vc_column][vc_column width=&#8221;1\/6&#8243;][vc_single_image image=&#8221;14370&#8243; onclick=&#8221;custom_link&#8221; link=&#8221;http:\/\/www.instagram.com\/tancujmakajvykrucaj&#8221;][\/vc_column][vc_column width=&#8221;1\/6&#8243;][\/vc_column][vc_column width=&#8221;1\/6&#8243;][\/vc_column][\/vc_row][vc_section][vc_row][vc_column][vc_text_separator title=&#8221;Event Media Partners&#8221;][\/vc_column][\/vc_row][vc_row custom_width=&#8221;w-1070&#8243;][vc_column width=&#8221;1\/4&#8243;][\/vc_column][vc_column width=&#8221;1\/4&#8243;][vc_single_image image=&#8221;15124&#8243; img_size=&#8221;medium&#8221; alignment=&#8221;center&#8221;][\/vc_column][vc_column width=&#8221;1\/4&#8243;][vc_single_image image=&#8221;15123&#8243; img_size=&#8221;medium&#8221; alignment=&#8221;center&#8221; onclick=&#8221;custom_link&#8221; link=&#8221;https:\/\/predpredaj.zoznam.sk\/sk\/listky\/tancuj-makaj-vykrucaj-2019-09-21\/&#8221;][\/vc_column][vc_column width=&#8221;1\/4&#8243;][\/vc_column][\/vc_row][vc_row][vc_column][vc_text_separator title=&#8221;Event Partners&#8221;][\/vc_column][\/vc_row][vc_row custom_width=&#8221;w-1070&#8243;][vc_column width=&#8221;1\/4&#8243;][\/vc_column][vc_column width=&#8221;1\/4&#8243;][vc_single_image image=&#8221;15469&#8243; img_size=&#8221;medium&#8221; alignment=&#8221;center&#8221; onclick=&#8221;custom_link&#8221; link=&#8221;https:\/\/www.starland.sk\/&#8221;][\/vc_column][vc_column width=&#8221;1\/4&#8243;][vc_single_image image=&#8221;15468&#8243; img_size=&#8221;medium&#8221; alignment=&#8221;center&#8221; onclick=&#8221;custom_link&#8221; link=&#8221;https:\/\/www.trnava-vuc.sk\/&#8221;][\/vc_column][vc_column width=&#8221;1\/4&#8243;][\/vc_column][\/vc_row][vc_row][vc_column][vc_text_separator title=&#8221;Product Partners&#8221;][\/vc_column][\/vc_row][vc_row custom_width=&#8221;w-1070&#8243;][vc_column width=&#8221;1\/4&#8243;][\/vc_column][vc_column width=&#8221;1\/4&#8243;][vc_single_image image=&#8221;15470&#8243; img_size=&#8221;medium&#8221; alignment=&#8221;center&#8221; onclick=&#8221;custom_link&#8221; link=&#8221;https:\/\/www.divasdrink.com\/&#8221;][\/vc_column][vc_column width=&#8221;1\/4&#8243;][\/vc_column][vc_column width=&#8221;1\/4&#8243;][\/vc_column][\/vc_row][\/vc_section]<\/p>\n","protected":false},"excerpt":{"rendered":"<p>[vc_section padding=&#8221;no-pad&#8221;][vc_row full_width=&#8221;stretch_row_content_no_spaces&#8221;][vc_column][\/vc_column][\/vc_row][\/vc_section][vc_section top_padding=&#8221;big-top-pad&#8221; bottom_padding=&#8221;small-bottom-pad&#8221;][vc_row custom_width=&#8221;w-630&#8243;][vc_column][vc_column_text] Unique, modern, folklore Do you want to experience something you have never experienced before? If so, you simply cannot miss out on the first traditional unconventional event entitled Tancuj, makaj, vykr\u00facaj (Dance, Work Hard, Spin Around). A unique experience of its kind in Slovakia \u2013 you will be surrounded [&hellip;]<\/p>\n","protected":false},"author":34,"featured_media":14411,"parent":0,"menu_order":0,"comment_status":"closed","ping_status":"closed","template":"","meta":[],"categories":[125,121,122],"acf":[],"_links":{"self":[{"href":"https:\/\/www.x-bionicsphere.com\/en\/wp-json\/wp\/v2\/pages\/15722"}],"collection":[{"href":"https:\/\/www.x-bionicsphere.com\/en\/wp-json\/wp\/v2\/pages"}],"about":[{"href":"https:\/\/www.x-bionicsphere.com\/en\/wp-json\/wp\/v2\/types\/page"}],"author":[{"embeddable":true,"href":"https:\/\/www.x-bionicsphere.com\/en\/wp-json\/wp\/v2\/users\/34"}],"replies":[{"embeddable":true,"href":"https:\/\/www.x-bionicsphere.com\/en\/wp-json\/wp\/v2\/comments?post=15722"}],"version-history":[{"count":10,"href":"https:\/\/www.x-bionicsphere.com\/en\/wp-json\/wp\/v2\/pages\/15722\/revisions"}],"predecessor-version":[{"id":15882,"href":"https:\/\/www.x-bionicsphere.com\/en\/wp-json\/wp\/v2\/pages\/15722\/revisions\/15882"}],"wp:featuredmedia":[{"embeddable":true,"href":"https:\/\/www.x-bionicsphere.com\/en\/wp-json\/wp\/v2\/media\/14411"}],"wp:attachment":[{"href":"https:\/\/www.x-bionicsphere.com\/en\/wp-json\/wp\/v2\/media?parent=15722"}],"wp:term":[{"taxonomy":"category","embeddable":true,"href":"https:\/\/www.x-bionicsphere.com\/en\/wp-json\/wp\/v2\/categories?post=15722"}],"curies":[{"name":"wp","href":"https:\/\/api.w.org\/{rel}","templated":true}]}}