{"id":18994,"date":"2020-03-25T09:12:59","date_gmt":"2020-03-25T09:12:59","guid":{"rendered":"https:\/\/www.x-bionicsphere.com\/cryosauna\/"},"modified":"2023-01-10T10:43:15","modified_gmt":"2023-01-10T09:43:15","slug":"cryosauna","status":"publish","type":"page","link":"https:\/\/www.x-bionicsphere.com\/en\/cryosauna\/","title":{"rendered":"Cryosauna"},"content":{"rendered":"<p>[vc_section padding=&#8221;no-pad&#8221;][vc_row full_width=&#8221;stretch_row_content_no_spaces&#8221;][vc_column]        <div class=\"hero-component landing\">\r\n                              <figure>\r\n            <img width=\"1920\" height=\"842\" src=\"https:\/\/www.x-bionicsphere.com\/wp-content\/uploads\/2019\/11\/kryosauna-webheader-1.jpg\" class=\"attachment-hero size-hero\" alt=\"\" loading=\"lazy\" srcset=\"https:\/\/www.x-bionicsphere.com\/wp-content\/uploads\/2019\/11\/kryosauna-webheader-1.jpg 1920w, https:\/\/www.x-bionicsphere.com\/wp-content\/uploads\/2019\/11\/kryosauna-webheader-1-300x132.jpg 300w, https:\/\/www.x-bionicsphere.com\/wp-content\/uploads\/2019\/11\/kryosauna-webheader-1-768x337.jpg 768w, https:\/\/www.x-bionicsphere.com\/wp-content\/uploads\/2019\/11\/kryosauna-webheader-1-1024x449.jpg 1024w, https:\/\/www.x-bionicsphere.com\/wp-content\/uploads\/2019\/11\/kryosauna-webheader-1-480x211.jpg 480w, https:\/\/www.x-bionicsphere.com\/wp-content\/uploads\/2019\/11\/kryosauna-webheader-1-992x435.jpg 992w, https:\/\/www.x-bionicsphere.com\/wp-content\/uploads\/2019\/11\/kryosauna-webheader-1-1200x526.jpg 1200w\" sizes=\"(max-width: 1920px) 100vw, 1920px\" \/>          <\/figure>\r\n                    <article class=\" text-only\">\r\n            <div class=\"container\">\r\n              <div class=\"content\">\r\n                <div class=\"left-side\">\r\n                                    <div class=\"breadcrumbs-element\">\r\n                    <ul><li><a href=\"https:\/\/www.x-bionicsphere.com\/en\/\" title=\"\">x-bionic sphere<\/a><\/li><li class=\"active\">Cryosauna<\/li><\/ul>                  <\/div>\r\n                                                      <header>\r\n                                        <div class=\"pre-title\">Gym<\/div>\r\n                                        <h1 class=\"title\">Kryosauna<\/h1>\r\n                  <\/header>\r\n                                    <div class=\"body\">\r\n                                                          <\/div>\r\n                <\/div>\r\n                              <\/div>\r\n            <\/div>\r\n          <\/article>\r\n                    <div class=\"scroll\">\r\n            <span class=\"icon-scroll\"><\/span><span class=\"text\">scroll down<\/span>\r\n          <\/div>\r\n                          <\/div>\r\n        [\/vc_column][\/vc_row][\/vc_section][vc_section][vc_row custom_width=&#8221;w-630&#8243;][vc_column][vc_column_text]<\/p>\n<div>\n<h2 class=\"content-section-title has-line color-5 color-12\"><span style=\"font-size: 14pt;\">Try unique cryotherapy \u2013 a modern alternative cold treatment<\/span><\/h2>\n<p><span style=\"font-size: 10pt;\">Its perfect of multipurpose regeneration, where the body is exposed to extremely low temperatures from -110 \u00b0C to -190\u00b0C for a short period of time. The body safely and naturally activates the stimulation of the immune system, that helps to support the metabolism. The whole procedure inside the cryosauna lasts max. 3 minutes, and since the mixture of cold air does not include any humidity, the feeling is much more comfortable than the classic method of ice bath.<\/span><\/p>\n<\/div>\n<div><span style=\"font-size: 10pt;\">Apart from the wide scale of benefits for our organism from sport or aesthetic to health benefits, the cryotherapy has an addet value by raising the production of endorphins &#8211; the happiness hormones, that create an euphoric feeling. All this is responsible for an influx of good mood after every procedure.<\/span><\/div>\n<h2 class=\"content-section-title has-line color-5 color-12\"><span style=\"font-size: 14pt;\">Who is the procedure suitable for?<\/span><\/h2>\n<div><span style=\"font-size: 10pt;\">Cryosauna is suitable for women and men of all ages. it&#8217;s also suitable for children from 10 years.<\/span><\/div>\n<p>[\/vc_column_text][\/vc_column][\/vc_row][\/vc_section][vc_section][vc_row custom_width=&#8221;w-1070&#8243;][vc_column]        <div class=\"info-box-component testimonial-component\">\r\n                    <figure class=\"negative-top-margin\">\r\n            <img width=\"300\" height=\"410\" src=\"https:\/\/www.x-bionicsphere.com\/wp-content\/uploads\/2020\/02\/testimonial.png\" class=\"attachment-full size-full\" alt=\"Referencia pre kryosaunu v Gym v x-bionic sphere\" loading=\"lazy\" srcset=\"https:\/\/www.x-bionicsphere.com\/wp-content\/uploads\/2020\/02\/testimonial.png 300w, https:\/\/www.x-bionicsphere.com\/wp-content\/uploads\/2020\/02\/testimonial-220x300.png 220w, https:\/\/www.x-bionicsphere.com\/wp-content\/uploads\/2020\/02\/testimonial-264x360.png 264w\" sizes=\"(max-width: 300px) 100vw, 300px\" \/>          <\/figure>\r\n                    <blockquote>\r\n            <p class=\"big\"><p>&#8220;Cryosauna treatment is a suitable method of prevention and treatment of diseases and locomotor system injuries for both children and adults.&#8221;<\/p>\n<\/p>\r\n            <footer>\r\n              <div class=\"author\">\r\n                <span class=\"icon-arrow-2-right\"><\/span>MUDr. Martina Zachvejov\u00e1 Maslenov\u00e1                <span class=\"small\">M&amp;P Medical<\/span>              <\/div>\r\n            <\/footer>\r\n          <\/blockquote>\r\n        <\/div>\r\n        [\/vc_column][\/vc_row][\/vc_section][vc_section][vc_row custom_width=&#8221;w-630&#8243;][vc_column][vc_column_text]<\/p>\n<h2 class=\"content-section-title has-line color-5 color-12\"><span style=\"font-size: 14pt;\">What are the benefits of cryotherapy?<\/span><\/h2>\n<div><span style=\"font-size: 10pt;\">For athletes<\/span><\/div>\n<ul>\n<li>Quick and effective post-exercise recovery.<\/li>\n<li>Muscle oxygenation<\/li>\n<li>Muscle and tissue repair after injury.<\/li>\n<li>Treatment of micro-clots and swellings<\/li>\n<li>Higher excretion of hormones (testosterone, corticosteroids, endorphins)<\/li>\n<li>Endurance, power and stamina development<\/li>\n<li>Stress relief and detoxication.<\/li>\n<li>Removal of chronic fatigue syndrom and insomnia<\/li>\n<\/ul>\n<div><strong><br \/>\n<\/strong><span style=\"font-size: 10pt;\">For women<\/span><\/div>\n<ul>\n<li><span style=\"font-size: 10pt;\">Quick weight loss from problematic areas and mitigation of cellulite. Cold skin needs energy for heating up again to previous temperature, this process helps you burn up to 800 calories.<\/span><\/li>\n<li><span style=\"font-size: 10pt;\">Smoothing of fine or deeper wrinkles<\/span><\/li>\n<li><span style=\"font-size: 10pt;\">Stimulation of the immune system<\/span><\/li>\n<li><span style=\"font-size: 10pt;\">Stress relief and detoxication<\/span><\/li>\n<li><span style=\"font-size: 10pt;\">Removal of the symptoms of migrane, depression, fatigue syndrom and insomnia<\/span><\/li>\n<li><span style=\"font-size: 10pt;\">Reducing dificulties with menopause<\/span><\/li>\n<li><span style=\"font-size: 10pt;\">Treatment of primary and secondary osteoporosis.<\/span><\/li>\n<\/ul>\n<div><span style=\"font-size: 10pt;\"><br \/>\nFor seniors<\/span><\/div>\n<ul>\n<li><span style=\"font-size: 10pt;\">Stimulation of the immune system.<\/span><\/li>\n<li><span style=\"font-size: 10pt;\">Pomoc pri degenerat\u00edvnom ochoren\u00ed k\u013abov, chrbtice a medzistavcov\u00fdch platni\u010diek, pri artr\u00f3ze a artrit\u00edde. Help in treatment of degenerative joint\/spine treatment or osteoarthritis and arthritis<\/span><\/li>\n<li><span style=\"font-size: 10pt;\">Odstr\u00e1nenie z\u00e1palov\u00e9ho ochorenia pohybov\u00e9ho apar\u00e1tu (reumatoidn\u00e1 artrit\u00edda, reumatick\u00e1 hor\u00fa\u010dka). Inflamatory disease of musculosceletal system treatment (rheumatoid arthritis, rheumatic fever)<\/span><\/li>\n<li><span style=\"font-size: 10pt;\">Improvement with multiple sclerosis, Alzheimer or Parkinson disease, cerebral palsy (suitable also for children), primary and secondary osteoporosis.<\/span><\/li>\n<\/ul>\n<div><\/div>\n<h2 class=\"content-section-title has-line color-5 color-12\"><span style=\"font-size: 14pt;\">Who uses cryotherapy most frequently?<\/span><\/h2>\n<ul>\n<li><span style=\"font-size: 10pt;\">Recreational athletes<\/span><\/li>\n<li><span style=\"font-size: 10pt;\">Women and men paying attention to their health and looks.<\/span><\/li>\n<li><span style=\"font-size: 10pt;\">People suffering from pain, strees or fatigue<\/span><\/li>\n<li><span style=\"font-size: 10pt;\">Professional teams, clubs or athletes<\/span><\/li>\n<\/ul>\n<h2 class=\"content-section-title has-line color-5 color-12\"><span style=\"font-size: 14pt;\">Where can you find our cryosauna?<\/span><\/h2>\n<div><span style=\"font-size: 10pt;\">In the Gym<\/span><\/div>\n<h2 class=\"content-section-title has-line color-5 color-12\"><span style=\"font-size: 14pt;\">How to use cryosauna ?<\/span><\/h2>\n<div>\n<p><span style=\"font-size: 10pt;\">You don&#8217;t have to worry about anything, our wonderful personnel will explain to you how to correctly use the cryosauna in detail, they will also recoment the right duration of the cryotherapy.<\/span><\/p>\n<\/div>\n<h3><span style=\"font-size: 10pt;\">Cryosauna must be booked in advance.<\/span><\/h3>\n<p>[\/vc_column_text][\/vc_column][\/vc_row][vc_row custom_width=&#8221;w-1070&#8243;][vc_column]        <div class=\"info-box-component contact-box-component\">\r\n                    <figure class=\"fixed-top\">\r\n            <img width=\"300\" height=\"410\" src=\"https:\/\/www.x-bionicsphere.com\/wp-content\/uploads\/2018\/04\/recepcna_gym.png\" class=\"attachment-md size-md\" alt=\"\" loading=\"lazy\" srcset=\"https:\/\/www.x-bionicsphere.com\/wp-content\/uploads\/2018\/04\/recepcna_gym.png 300w, https:\/\/www.x-bionicsphere.com\/wp-content\/uploads\/2018\/04\/recepcna_gym-220x300.png 220w\" sizes=\"(max-width: 300px) 100vw, 300px\" \/>          <\/figure>\r\n                    <div class=\"body\">\r\n            <div class=\"content-section-title has-line  color-1\">MAKE A RESERVATION<\/div>\r\n                        <address>\r\n                        <p>Personally at the reception of Gym<\/p>\n<p>Telephone numbers : 031\/ 313 262 361, + 421 904 929\u00a0748<\/p>\n<a href=\"mailto:%20gym@x-bionicsphere.com\" title=\"\" class=\"link\">gym@x-bionicsphere.com<\/a>\n                        <\/address>\r\n                      <\/div>\r\n        <\/div>\r\n        [\/vc_column][\/vc_row][\/vc_section][vc_section][vc_row custom_width=&#8221;w-630&#8243;][vc_column][vc_column_text]<a href=\"mailto:gym@x-bionicsphere.com\" title=\"\" class=\"button color-1 button-fill\">MAKE A RESERVATION<\/a><\/p>\n<h2 class=\"content-section-title has-line color-12\"><span style=\"font-size: 14pt;\">Price list<\/span><\/h2>\n<div class=\"table-wrapper responsive\"><table style=\"width: 488px;\">\n<tbody>\n<tr>\n<td style=\"width: 488px;\" colspan=\"2\"><span style=\"font-size: 10pt;\">Procedure length 1 \u2013 3 minutes<\/span><\/td>\n<\/tr>\n<tr>\n<td style=\"width: 342px;\"><span style=\"font-size: 10pt;\">1 person\/entry<\/span><\/td>\n<td style=\"width: 146px;\"><span style=\"font-size: 10pt;\">25 \u20ac<\/span><\/td>\n<\/tr>\n<tr>\n<td style=\"width: 342px;\"><span style=\"font-size: 10pt;\">2 person\/entry<\/span><\/td>\n<td style=\"width: 146px;\"><span style=\"font-size: 10pt;\">45 \u20ac<\/span><\/td>\n<\/tr>\n<tr>\n<td style=\"width: 342px;\"><span style=\"font-size: 10pt;\">3 person\/entry<\/span><\/td>\n<td style=\"width: 146px;\"><span style=\"font-size: 10pt;\">65 \u20ac<\/span><\/td>\n<\/tr>\n<tr>\n<td style=\"width: 342px;\"><span style=\"font-size: 10pt;\">4 person\/entry<\/span><\/td>\n<td style=\"width: 146px;\"><span style=\"font-size: 10pt;\">85 \u20ac<\/span><\/td>\n<\/tr>\n<tr>\n<td style=\"width: 342px;\"><span style=\"font-size: 10pt;\">5 person\/entry<\/span><\/td>\n<td style=\"width: 146px;\"><span style=\"font-size: 10pt;\">100 \u20ac<\/span><\/td>\n<\/tr>\n<\/tbody>\n<\/table><\/div>\n<p>[\/vc_column_text][vc_empty_space][vc_empty_space][\/vc_column][\/vc_row][vc_row custom_width=&#8221;w-630&#8243;][vc_column][vc_column_text]<span style=\"font-size: 10pt;\">Pay with X-CARD and get extra credit. For every \u20ac100 you spend you&#8217;ll get an extra \u20ac20 at the beginning of the following month.<\/span><\/p>\n<p><span style=\"font-size: 10pt;\"><a href=\"https:\/\/www.x-bionicsphere.com\/en\/x-card\/x-card-user-registration\/\" title=\"\" class=\"button color-1 button-fill\">I want to get an X-CARD<\/a>\u00a0\u00a0<\/span>[\/vc_column_text][\/vc_column][\/vc_row][\/vc_section][vc_section][vc_row custom_width=&#8221;w-1070&#8243;][vc_column]        <div class=\"info-box-component testimonial-component\">\r\n                    <figure class=\"negative-top-margin\">\r\n            <img width=\"300\" height=\"410\" src=\"https:\/\/www.x-bionicsphere.com\/wp-content\/uploads\/2020\/02\/testimonial-1.png\" class=\"attachment-full size-full\" alt=\"\" loading=\"lazy\" srcset=\"https:\/\/www.x-bionicsphere.com\/wp-content\/uploads\/2020\/02\/testimonial-1.png 300w, https:\/\/www.x-bionicsphere.com\/wp-content\/uploads\/2020\/02\/testimonial-1-220x300.png 220w, https:\/\/www.x-bionicsphere.com\/wp-content\/uploads\/2020\/02\/testimonial-1-264x360.png 264w\" sizes=\"(max-width: 300px) 100vw, 300px\" \/>          <\/figure>\r\n                    <blockquote>\r\n            <p class=\"big\"><p>We recommend using the cryosauna when experiencing the following:<\/p>\n<ul>\n<li>musculoskeletal pain<\/li>\n<li>post-operative and post-traumatic conditions<\/li>\n<li>participation in active sport<\/li>\n<\/ul>\n<p>\n<\/p>\r\n            <footer>\r\n              <div class=\"author\">\r\n                <span class=\"icon-arrow-2-right\"><\/span>Private rehabilitation clinic in \u0160amor\u00edn                <span class=\"small\">\u0160amor\u00edn<\/span>              <\/div>\r\n            <\/footer>\r\n          <\/blockquote>\r\n        <\/div>\r\n        [\/vc_column][\/vc_row][\/vc_section][vc_section][vc_row custom_width=&#8221;w-630&#8243;][vc_column][vc_column_text]<\/p>\n<h2 class=\"color-12 content-section-title has-line\"><span style=\"font-size: 14pt;\">We recommend using the cryosauna when experiencing the following<\/span><\/h2>\n<p>[\/vc_column_text][\/vc_column][\/vc_row][vc_row custom_width=&#8221;w-630&#8243;][vc_column width=&#8221;1\/6&#8243;][\/vc_column][vc_column width=&#8221;1\/6&#8243;][vc_single_image image=&#8221;17923&#8243; img_size=&#8221;medium&#8221; alignment=&#8221;center&#8221; onclick=&#8221;custom_link&#8221; link=&#8221;https:\/\/www.facebook.com\/fyzioFitSamorin\/&#8221;][\/vc_column][vc_column width=&#8221;1\/6&#8243;][vc_single_image image=&#8221;17921&#8243; img_size=&#8221;medium&#8221; alignment=&#8221;center&#8221; onclick=&#8221;custom_link&#8221; link=&#8221;https:\/\/www.facebook.com\/fyziobet\/&#8221;][\/vc_column][vc_column width=&#8221;1\/6&#8243;][vc_single_image image=&#8221;17922&#8243; alignment=&#8221;center&#8221; onclick=&#8221;custom_link&#8221; link=&#8221;https:\/\/www.mpmedical.sk\/&#8221;][\/vc_column][vc_column width=&#8221;1\/6&#8243;][\/vc_column][vc_column width=&#8221;1\/6&#8243;][\/vc_column][\/vc_row][\/vc_section]<\/p>\n","protected":false},"excerpt":{"rendered":"<p>[vc_section padding=&#8221;no-pad&#8221;][vc_row full_width=&#8221;stretch_row_content_no_spaces&#8221;][vc_column][\/vc_column][\/vc_row][\/vc_section][vc_section][vc_row custom_width=&#8221;w-630&#8243;][vc_column][vc_column_text] Try unique cryotherapy \u2013 a modern alternative cold treatment Its perfect of multipurpose regeneration, where the body is exposed to extremely low temperatures from -110 \u00b0C to -190\u00b0C for a short period of time. The body safely and naturally activates the stimulation of the immune system, that helps to support the [&hellip;]<\/p>\n","protected":false},"author":34,"featured_media":0,"parent":0,"menu_order":0,"comment_status":"closed","ping_status":"closed","template":"","meta":[],"categories":[],"acf":[],"_links":{"self":[{"href":"https:\/\/www.x-bionicsphere.com\/en\/wp-json\/wp\/v2\/pages\/18994"}],"collection":[{"href":"https:\/\/www.x-bionicsphere.com\/en\/wp-json\/wp\/v2\/pages"}],"about":[{"href":"https:\/\/www.x-bionicsphere.com\/en\/wp-json\/wp\/v2\/types\/page"}],"author":[{"embeddable":true,"href":"https:\/\/www.x-bionicsphere.com\/en\/wp-json\/wp\/v2\/users\/34"}],"replies":[{"embeddable":true,"href":"https:\/\/www.x-bionicsphere.com\/en\/wp-json\/wp\/v2\/comments?post=18994"}],"version-history":[{"count":22,"href":"https:\/\/www.x-bionicsphere.com\/en\/wp-json\/wp\/v2\/pages\/18994\/revisions"}],"predecessor-version":[{"id":31307,"href":"https:\/\/www.x-bionicsphere.com\/en\/wp-json\/wp\/v2\/pages\/18994\/revisions\/31307"}],"wp:attachment":[{"href":"https:\/\/www.x-bionicsphere.com\/en\/wp-json\/wp\/v2\/media?parent=18994"}],"wp:term":[{"taxonomy":"category","embeddable":true,"href":"https:\/\/www.x-bionicsphere.com\/en\/wp-json\/wp\/v2\/categories?post=18994"}],"curies":[{"name":"wp","href":"https:\/\/api.w.org\/{rel}","templated":true}]}}