{"id":19269,"date":"2020-06-18T07:53:43","date_gmt":"2020-06-18T07:53:43","guid":{"rendered":"https:\/\/www.x-bionicsphere.com\/?page_id=19269"},"modified":"2023-01-10T11:05:28","modified_gmt":"2023-01-10T10:05:28","slug":"cycling","status":"publish","type":"page","link":"https:\/\/www.x-bionicsphere.com\/en\/sport\/cycling\/","title":{"rendered":"Cycling"},"content":{"rendered":"<p>[vc_section padding=&#8221;no-pad&#8221;][vc_row full_width=&#8221;stretch_row_content_no_spaces&#8221;][vc_column]        <div class=\"hero-component landing\">\r\n                              <figure>\r\n            <img width=\"2000\" height=\"780\" src=\"https:\/\/www.x-bionicsphere.com\/wp-content\/uploads\/2020\/05\/X-bike-hero-2000x780.jpg\" class=\"attachment-hero size-hero\" alt=\"\" loading=\"lazy\" srcset=\"https:\/\/www.x-bionicsphere.com\/wp-content\/uploads\/2020\/05\/X-bike-hero-2000x780.jpg 2000w, https:\/\/www.x-bionicsphere.com\/wp-content\/uploads\/2020\/05\/X-bike-hero-300x117.jpg 300w, https:\/\/www.x-bionicsphere.com\/wp-content\/uploads\/2020\/05\/X-bike-hero-768x300.jpg 768w, https:\/\/www.x-bionicsphere.com\/wp-content\/uploads\/2020\/05\/X-bike-hero-1024x400.jpg 1024w, https:\/\/www.x-bionicsphere.com\/wp-content\/uploads\/2020\/05\/X-bike-hero-480x187.jpg 480w, https:\/\/www.x-bionicsphere.com\/wp-content\/uploads\/2020\/05\/X-bike-hero-992x387.jpg 992w, https:\/\/www.x-bionicsphere.com\/wp-content\/uploads\/2020\/05\/X-bike-hero-1200x468.jpg 1200w\" sizes=\"(max-width: 2000px) 100vw, 2000px\" \/>          <\/figure>\r\n                    <article class=\" text-only\">\r\n            <div class=\"container\">\r\n              <div class=\"content\">\r\n                <div class=\"left-side\">\r\n                                    <div class=\"breadcrumbs-element\">\r\n                    <ul><li><a href=\"https:\/\/www.x-bionicsphere.com\/en\/\" title=\"\">x-bionic sphere<\/a><\/li><li><a href=\"https:\/\/www.x-bionicsphere.com\/en\/sport\/\" title=\"\">Sport<\/a><\/li><li class=\"active\">Cycling<\/li><\/ul>                  <\/div>\r\n                                                      <header>\r\n                                        <h1 class=\"title\">Cycling near x-bionic\u00ae sphere<\/h1>\r\n                  <\/header>\r\n                                    <div class=\"body\">\r\n                                                          <\/div>\r\n                <\/div>\r\n                              <\/div>\r\n            <\/div>\r\n          <\/article>\r\n                    <div class=\"scroll\">\r\n            <span class=\"icon-scroll\"><\/span><span class=\"text\">scroll down<\/span>\r\n          <\/div>\r\n                          <\/div>\r\n        [\/vc_column][\/vc_row][\/vc_section][vc_section top_padding=&#8221;big-top-pad&#8221; bottom_padding=&#8221;small-bottom-pad&#8221;][vc_row custom_width=&#8221;w-630&#8243;][vc_column][vc_column_text]<\/p>\n<header>\n<h2 class=\"content-section-title has-line color-1\"><span style=\"font-size: 14pt;\">An enjoyable biking experience<\/span><\/h2>\n<\/header>\n<article><span style=\"font-size: 10pt;\">The surroundings of x-bionic<sup>\u00ae<\/sup> sphere will satisfy anyone who loves picturesque cycling routes along the Danube river.<\/span><\/article>\n<p><span style=\"font-size: 10pt;\">Our bike rental shop Spin&amp;Go offers high-quality road, cross and children\u2019s BIANCHI bikes provided by our partner Pro-Cycling. These bikes are perfect for cycling trips in the vicinity of our resort as well as for the most difficult cycling paths. Do you wish to explore the town of \u0160amor\u00edn or the immediate surroundings of our resort? Then Hop&amp;Go is the right choice for you. This service offers shared X-BIKE city bikes with a network of docking stations, one of them located directly at x-bionic\u00ae sphere.<\/span><\/p>\n<p><span style=\"font-size: 10pt;\">Our guests and visitors can rent various types of bikes or bring their own roller blades and enjoy the perfect conditions of the asphalt surface which is part of the EuroVelo 6 \u2013 Danube Cycle Route. Just explore our wide offer of cycling routes and set off to enjoy unforgettable experiences along the Danube.<\/span><\/p>\n<p><span style=\"font-size: 10pt;\">Apart from high-quality cycling routes perfect for road bikes, there is a popular Little Carpathians cycling destination just 20 kilometres away from x-bionic\u00ae sphere. It starts in Bratislava, north of Dev\u00edn Castle, and it ends in Gab\u010d\u00edkovo. A combination of ascending and descending forest roads with a variety of surfaces is a guarantee of adrenaline in one of the most beautiful parts of Slovakia.<\/span>[\/vc_column_text][\/vc_column][\/vc_row][\/vc_section][vc_section full_height=&#8221;yes&#8221; top_padding=&#8221;small-top-pad&#8221; bottom_padding=&#8221;big-bottom-pad&#8221;][vc_row custom_width=&#8221;w-1600&#8243;][vc_column]        <div class=\"showcase-component\">\r\n          <div class=\"list\">\r\n                        <div class=\"item\">\r\n              <div class=\"showcase-item-container type-3\">\r\n    <a href=\"https:\/\/www.x-bionicsphere.com\/wp-content\/uploads\/2020\/06\/XBS_CYKLO_420x297_03_K4.pdf\" title=\"\">\r\n        <figure>\r\n            <img width=\"372\" height=\"411\" src=\"https:\/\/www.x-bionicsphere.com\/wp-content\/uploads\/2020\/05\/x-bike-dlazdica3_low.jpg\" class=\"attachment-showcase-box size-showcase-box\" alt=\"\" loading=\"lazy\" srcset=\"https:\/\/www.x-bionicsphere.com\/wp-content\/uploads\/2020\/05\/x-bike-dlazdica3_low.jpg 372w, https:\/\/www.x-bionicsphere.com\/wp-content\/uploads\/2020\/05\/x-bike-dlazdica3_low-272x300.jpg 272w\" sizes=\"(max-width: 372px) 100vw, 372px\" \/>    <\/figure>\r\n        <div class=\"body\">\r\n      <div class=\"top\">\r\n                <div class=\"title\">Cycling near x-bionic\u00ae sphere<\/div>\r\n      <\/div>\r\n      <div class=\"bottom\">\r\n        <div class=\"description\">\r\n                  <\/div>\r\n                <div class=\"buttons-container\">\r\n          <span class=\"button\">MORE INFORMATION<\/span>\r\n        <\/div>\r\n              <\/div>\r\n    <\/div>\r\n  <\/a>\r\n<\/div>\r\n            <\/div>\r\n                        <div class=\"item\">\r\n              <div class=\"showcase-item-container type-3\">\r\n    <a href=\"https:\/\/www.x-bionicsphere.com\/en\/package\/cycling-routes-near-the-resort\/\" title=\"\">\r\n        <figure>\r\n            <img width=\"500\" height=\"500\" src=\"https:\/\/www.x-bionicsphere.com\/wp-content\/uploads\/2020\/06\/cyklistika_dlazdica.jpg\" class=\"attachment-showcase-box size-showcase-box\" alt=\"\" loading=\"lazy\" srcset=\"https:\/\/www.x-bionicsphere.com\/wp-content\/uploads\/2020\/06\/cyklistika_dlazdica.jpg 500w, https:\/\/www.x-bionicsphere.com\/wp-content\/uploads\/2020\/06\/cyklistika_dlazdica-150x150.jpg 150w, https:\/\/www.x-bionicsphere.com\/wp-content\/uploads\/2020\/06\/cyklistika_dlazdica-300x300.jpg 300w, https:\/\/www.x-bionicsphere.com\/wp-content\/uploads\/2020\/06\/cyklistika_dlazdica-480x480.jpg 480w\" sizes=\"(max-width: 500px) 100vw, 500px\" \/>    <\/figure>\r\n        <div class=\"body\">\r\n      <div class=\"top\">\r\n                <div class=\"date\"> x-bionic\u00ae sphere<\/div>\r\n                <div class=\"title\">Cycling routes near the resort<\/div>\r\n      <\/div>\r\n      <div class=\"bottom\">\r\n        <div class=\"description\">\r\n                  <\/div>\r\n                <div class=\"buttons-container\">\r\n          <span class=\"button\">MORE INFORMATION<\/span>\r\n        <\/div>\r\n              <\/div>\r\n    <\/div>\r\n  <\/a>\r\n<\/div>\r\n            <\/div>\r\n                        <div class=\"item\">\r\n              <div class=\"showcase-item-container type-3\">\r\n    <a href=\"https:\/\/www.x-bionicsphere.com\/en\/package\/spin_and_go_bike_rental\/\" title=\"\">\r\n        <figure>\r\n            <img width=\"372\" height=\"411\" src=\"https:\/\/www.x-bionicsphere.com\/wp-content\/uploads\/2020\/05\/x-bike-dlazdica1_low.jpg\" class=\"attachment-showcase-box size-showcase-box\" alt=\"\" loading=\"lazy\" srcset=\"https:\/\/www.x-bionicsphere.com\/wp-content\/uploads\/2020\/05\/x-bike-dlazdica1_low.jpg 372w, https:\/\/www.x-bionicsphere.com\/wp-content\/uploads\/2020\/05\/x-bike-dlazdica1_low-272x300.jpg 272w\" sizes=\"(max-width: 372px) 100vw, 372px\" \/>    <\/figure>\r\n        <div class=\"body\">\r\n      <div class=\"top\">\r\n                <div class=\"title\">Spin&#038;Go Bike Rental<\/div>\r\n      <\/div>\r\n      <div class=\"bottom\">\r\n        <div class=\"description\">\r\n                  <\/div>\r\n                <div class=\"buttons-container\">\r\n          <span class=\"button\">MORE INFORMATION<\/span>\r\n        <\/div>\r\n              <\/div>\r\n    <\/div>\r\n  <\/a>\r\n<\/div>\r\n            <\/div>\r\n                        <div class=\"item\">\r\n              <div class=\"showcase-item-container type-3\">\r\n    <a href=\"https:\/\/www.x-bionicsphere.com\/en\/package\/hopgo-bikesharing-x-bike-3\/\" title=\"\">\r\n        <figure>\r\n            <img src=\"https:\/\/www.x-bionicsphere.com\/wp-content\/uploads\/2020\/05\/x-bike-hero-965x464px-800x464.jpeg\" class=\"attachment-showcase-box size-showcase-box wp-post-image\" alt=\"\" loading=\"lazy\" \/>    <\/figure>\r\n        <div class=\"body\">\r\n      <div class=\"top\">\r\n                <div class=\"date\">x-bionic\u00ae sphere<\/div>\r\n                <div class=\"title\">Hop&#038;Go Bikesharing <br>X-BIKE<\/div>\r\n      <\/div>\r\n      <div class=\"bottom\">\r\n        <div class=\"description\">\r\n                  <\/div>\r\n                <div class=\"buttons-container\">\r\n          <span class=\"button\">MORE INFORMATION<\/span>\r\n        <\/div>\r\n              <\/div>\r\n    <\/div>\r\n  <\/a>\r\n<\/div>\r\n            <\/div>\r\n                      <\/div>\r\n        <\/div>\r\n        [\/vc_column][\/vc_row][\/vc_section][vc_row][vc_column][vc_text_separator title=&#8221;Partner&#8221;][vc_empty_space][\/vc_column][\/vc_row][vc_row][vc_column width=&#8221;1\/4&#8243;][vc_single_image image=&#8221;18444&#8243; img_size=&#8221;medium&#8221; alignment=&#8221;center&#8221; onclick=&#8221;custom_link&#8221; link=&#8221;https:\/\/www.antik.sk\/&#8221;][\/vc_column][vc_column width=&#8221;1\/4&#8243;][vc_single_image image=&#8221;18341&#8243; img_size=&#8221;medium&#8221; alignment=&#8221;center&#8221; onclick=&#8221;custom_link&#8221; link=&#8221;https:\/\/iwatt.sk\/&#8221;][\/vc_column][vc_column width=&#8221;1\/4&#8243;][vc_single_image image=&#8221;18344&#8243; img_size=&#8221;medium&#8221; alignment=&#8221;center&#8221; onclick=&#8221;custom_link&#8221; link=&#8221;https:\/\/www.procycling.sk\/&#8221;][\/vc_column][vc_column width=&#8221;1\/4&#8243;][vc_single_image image=&#8221;19558&#8243; img_size=&#8221;medium&#8221; alignment=&#8221;center&#8221; onclick=&#8221;custom_link&#8221; link=&#8221;https:\/\/samorin.sk\/&#8221;][\/vc_column][\/vc_row][vc_row][vc_column width=&#8221;1\/4&#8243;][vc_single_image image=&#8221;14100&#8243; img_size=&#8221;medium&#8221; alignment=&#8221;center&#8221; onclick=&#8221;custom_link&#8221; link=&#8221;https:\/\/www.czslovakia.sk\/&#8221;][\/vc_column][vc_column width=&#8221;1\/4&#8243;][vc_single_image image=&#8221;19314&#8243; img_size=&#8221;medium&#8221; alignment=&#8221;center&#8221; onclick=&#8221;custom_link&#8221; link=&#8221;https:\/\/www.vse.sk\/web\/sk\/domacnosti\/uvod&#8221;][\/vc_column][vc_column width=&#8221;1\/4&#8243;][\/vc_column][vc_column width=&#8221;1\/4&#8243;][\/vc_column][\/vc_row]<\/p>\n","protected":false},"excerpt":{"rendered":"<p>[vc_section padding=&#8221;no-pad&#8221;][vc_row full_width=&#8221;stretch_row_content_no_spaces&#8221;][vc_column][\/vc_column][\/vc_row][\/vc_section][vc_section top_padding=&#8221;big-top-pad&#8221; bottom_padding=&#8221;small-bottom-pad&#8221;][vc_row custom_width=&#8221;w-630&#8243;][vc_column][vc_column_text] An enjoyable biking experience The surroundings of x-bionic\u00ae sphere will satisfy anyone who loves picturesque cycling routes along the Danube river. Our bike rental shop Spin&amp;Go offers high-quality road, cross and children\u2019s BIANCHI bikes provided by our partner Pro-Cycling. These bikes are perfect for cycling trips in the vicinity [&hellip;]<\/p>\n","protected":false},"author":34,"featured_media":1985,"parent":4824,"menu_order":0,"comment_status":"closed","ping_status":"closed","template":"","meta":[],"categories":[],"acf":[],"_links":{"self":[{"href":"https:\/\/www.x-bionicsphere.com\/en\/wp-json\/wp\/v2\/pages\/19269"}],"collection":[{"href":"https:\/\/www.x-bionicsphere.com\/en\/wp-json\/wp\/v2\/pages"}],"about":[{"href":"https:\/\/www.x-bionicsphere.com\/en\/wp-json\/wp\/v2\/types\/page"}],"author":[{"embeddable":true,"href":"https:\/\/www.x-bionicsphere.com\/en\/wp-json\/wp\/v2\/users\/34"}],"replies":[{"embeddable":true,"href":"https:\/\/www.x-bionicsphere.com\/en\/wp-json\/wp\/v2\/comments?post=19269"}],"version-history":[{"count":9,"href":"https:\/\/www.x-bionicsphere.com\/en\/wp-json\/wp\/v2\/pages\/19269\/revisions"}],"predecessor-version":[{"id":31312,"href":"https:\/\/www.x-bionicsphere.com\/en\/wp-json\/wp\/v2\/pages\/19269\/revisions\/31312"}],"up":[{"embeddable":true,"href":"https:\/\/www.x-bionicsphere.com\/en\/wp-json\/wp\/v2\/pages\/4824"}],"wp:featuredmedia":[{"embeddable":true,"href":"https:\/\/www.x-bionicsphere.com\/en\/wp-json\/wp\/v2\/media\/1985"}],"wp:attachment":[{"href":"https:\/\/www.x-bionicsphere.com\/en\/wp-json\/wp\/v2\/media?parent=19269"}],"wp:term":[{"taxonomy":"category","embeddable":true,"href":"https:\/\/www.x-bionicsphere.com\/en\/wp-json\/wp\/v2\/categories?post=19269"}],"curies":[{"name":"wp","href":"https:\/\/api.w.org\/{rel}","templated":true}]}}