{"id":19547,"date":"2020-06-12T05:26:36","date_gmt":"2020-06-12T05:26:36","guid":{"rendered":"https:\/\/www.x-bionicsphere.com\/?page_id=19547"},"modified":"2021-06-24T21:03:02","modified_gmt":"2021-06-24T19:03:02","slug":"golden-garden","status":"publish","type":"page","link":"https:\/\/www.x-bionicsphere.com\/en\/restaurants\/golden-garden\/","title":{"rendered":"Golden Garden"},"content":{"rendered":"<p>[vc_section padding=&#8221;no-pad&#8221;][vc_row full_width=&#8221;stretch_row_content_no_spaces&#8221;][vc_column]        <div class=\"hero-component landing\">\r\n                              <div class=\"video-container\">\r\n            <video autoplay loop muted>\r\n              <source src=\"https:\/\/www.x-bionicsphere.com\/wp-content\/uploads\/2019\/08\/Golden-Garden-H.264.mp4\" type=\"video\/mp4\">\r\n              Your browser does not support the video tag.\r\n            <\/video>\r\n          <\/div>\r\n                    <article class=\" text-only\">\r\n            <div class=\"container\">\r\n              <div class=\"content\">\r\n                <div class=\"left-side\">\r\n                                    <div class=\"breadcrumbs-element\">\r\n                    <ul><li><a href=\"https:\/\/www.x-bionicsphere.com\/en\/\" title=\"\">x-bionic sphere<\/a><\/li><li><a href=\"https:\/\/www.x-bionicsphere.com\/en\/restaurants\/\" title=\"\">Restaurants<\/a><\/li><li class=\"active\">Golden Garden<\/li><\/ul>                  <\/div>\r\n                                                      <header>\r\n                                        <h1 class=\"title\">exceptional space for fantastic culinary experiences<\/h1>\r\n                  <\/header>\r\n                                    <div class=\"body\">\r\n                                                          <\/div>\r\n                <\/div>\r\n                              <\/div>\r\n            <\/div>\r\n          <\/article>\r\n                    <div class=\"scroll\">\r\n            <span class=\"icon-scroll\"><\/span><span class=\"text\">scroll down<\/span>\r\n          <\/div>\r\n                          <\/div>\r\n        [\/vc_column][\/vc_row][\/vc_section][vc_section][vc_row custom_width=&#8221;w-630&#8243;][vc_column][vc_column_text]<\/p>\n<p class=\"big\"><span style=\"font-size: 12pt;\">The legend of Rye Island says that there were beautiful golden-haired fairies in \u0160amor\u00edn. Their queen, T\u00fcnd\u00e9r Ilona, swam along the Danube in the form of a swan and her palaces were dazzling with beauty and riches. When the golden dust fell from the fairy\u2019s shoes, everything around sparkled. Therefore, Rye Island eventually received the name of Golden Garden.<\/span><\/p>\n<p><span style=\"font-size: 12pt;\">The exclusive \u00e0 la carte restaurant Golden Garden with a capacity of 46 people is, thanks to its design, a unique place that offers an expert menu for the even most demanding guests. It creates an exceptional opportunity for clients<\/span> who can rent the whole space for their event. At the same time, within the framework of the haute cuisine concept, special presentations of excellent chefs from all over the world will be prepared here combined with the tasting of the selected menu.[\/vc_column_text][vc_empty_space][vc_empty_space][\/vc_column][\/vc_row][vc_row custom_width=&#8221;w-630&#8243;][vc_column width=&#8221;1\/3&#8243; offset=&#8221;vc_hidden-lg vc_hidden-md vc_hidden-sm vc_hidden-xs&#8221;]            <div class=\"icon-link-item-container type-1 color-3\">\r\n              <a href=\"https:\/\/www.x-bionicsphere.com\/wp-content\/uploads\/2020\/11\/GG_HH_MENU_EN_3.pdf\" title=\"\">\r\n                                <div class=\"icon\">\r\n                  <svg width=\"44\" height=\"48\" viewBox=\"0 0 44 48\" xmlns=\"http:\/\/www.w3.org\/2000\/svg\"><g stroke-width=\"2\" fill=\"none\" fill-rule=\"evenodd\" stroke-linejoin=\"round\"><g transform=\"translate(17.25 21.083)\"><circle class=\"color\" stroke=\"#384044\" fill=\"#384044\" cx=\"12.458\" cy=\"12.458\" r=\"11.5\"\/><path stroke=\"#FFF\" stroke-linecap=\"round\" d=\"M8.117 13.417l4.791 4.791 4.792-4.791M12.917 6v11.5\"\/><\/g><path d=\"M16.292 45.042h-11.5a3.835 3.835 0 0 1-3.834-3.834V5.75M37.375.958H4.792a3.834 3.834 0 0 0 0 7.667h32.583v8.625M4.792 5h30.666\" stroke=\"#384044\" stroke-linecap=\"round\"\/><\/g><\/svg>                <\/div>\r\n                                <div class=\"body\">\r\n                  <div class=\"title\">Complete Golden Garden restaurant delivery menu<\/div>\r\n                <\/div>\r\n              <\/a>\r\n            <\/div>\r\n          [\/vc_column][vc_column width=&#8221;1\/3&#8243;][\/vc_column][vc_column width=&#8221;1\/3&#8243;][\/vc_column][\/vc_row][vc_row custom_width=&#8221;w-630&#8243;][vc_column offset=&#8221;vc_hidden-lg vc_hidden-md vc_hidden-sm vc_hidden-xs&#8221;][vc_empty_space][vc_empty_space][vc_column_text]<\/p>\n<h2 class=\"content-section-title has-line color-3\">Opening hours for delivery and take-away<\/h2>\n<p>&nbsp;<\/p>\n<div class=\"table-wrapper responsive\"><table style=\"width: 1138px;\">\n<tbody>\n<tr>\n<td style=\"width: 778px;\">Friday &#8211; Sunday<\/td>\n<td style=\"width: 341px;\">11<sup>30<\/sup> &#8211; 21<sup>00\u00a0<\/sup>(last order possible until 20:30)<\/td>\n<\/tr>\n<\/tbody>\n<\/table><\/div>\n<p>[\/vc_column_text][\/vc_column][\/vc_row][\/vc_section][vc_section padding=&#8221;no-pad&#8221;][vc_row full_width=&#8221;stretch_row_content_no_spaces&#8221;][vc_column]                <div class=\"slider-gallery-component\">\r\n    \t\t\t<div class=\"slider\">\r\n                \t\t\t\t<div class=\"slider-item\" data-title=\"Golden Garden\">\r\n    \t\t\t\t\t<figure><img width=\"1440\" height=\"600\" src=\"https:\/\/www.x-bionicsphere.com\/wp-content\/uploads\/2018\/02\/10.png\" class=\"attachment-full size-full\" alt=\"\" loading=\"lazy\" srcset=\"https:\/\/www.x-bionicsphere.com\/wp-content\/uploads\/2018\/02\/10.png 1440w, https:\/\/www.x-bionicsphere.com\/wp-content\/uploads\/2018\/02\/10-300x125.png 300w, https:\/\/www.x-bionicsphere.com\/wp-content\/uploads\/2018\/02\/10-768x320.png 768w, https:\/\/www.x-bionicsphere.com\/wp-content\/uploads\/2018\/02\/10-1024x427.png 1024w, https:\/\/www.x-bionicsphere.com\/wp-content\/uploads\/2018\/02\/10-480x200.png 480w, https:\/\/www.x-bionicsphere.com\/wp-content\/uploads\/2018\/02\/10-992x413.png 992w, https:\/\/www.x-bionicsphere.com\/wp-content\/uploads\/2018\/02\/10-1200x500.png 1200w\" sizes=\"(max-width: 1440px) 100vw, 1440px\" \/><\/figure>\r\n    \t\t\t\t<\/div>\r\n                \t\t\t\t<div class=\"navigation-container\">\r\n    \t\t\t\t\t<div class=\"container-width w-630\">\r\n    \t\t\t\t\t\t<div class=\"count\">\r\n    \t\t\t\t\t\t\t<div class=\"current\"><\/div>\/<div class=\"total\"><\/div>\r\n    \t\t\t\t\t\t<\/div>\r\n    \t\t\t\t\t\t<div class=\"title\"><\/div>\r\n    \t\t\t\t\t\t<div class=\"arrows\"><\/div>\r\n    \t\t\t\t\t<\/div>\r\n    \t\t\t\t<\/div>\r\n    \t\t\t<\/div>\r\n    \t\t<\/div>\r\n                [\/vc_column][\/vc_row][\/vc_section][vc_section][\/vc_section][vc_section top_padding=&#8221;big-top-pad&#8221; bottom_padding=&#8221;no-bottom-pad&#8221;][vc_row custom_width=&#8221;w-1070&#8243;][vc_column]        <div class=\"info-box-component contact-box-component\">\r\n                    <figure class=\"fixed-bottom\">\r\n            <img width=\"300\" height=\"410\" src=\"https:\/\/www.x-bionicsphere.com\/wp-content\/uploads\/2018\/04\/restauracie_info.png\" class=\"attachment-md size-md\" alt=\"\" loading=\"lazy\" srcset=\"https:\/\/www.x-bionicsphere.com\/wp-content\/uploads\/2018\/04\/restauracie_info.png 300w, https:\/\/www.x-bionicsphere.com\/wp-content\/uploads\/2018\/04\/restauracie_info-220x300.png 220w\" sizes=\"(max-width: 300px) 100vw, 300px\" \/>          <\/figure>\r\n                    <div class=\"body\">\r\n            <div class=\"content-section-title has-line  color-1\">Contact and reservations<\/div>\r\n                        <address>\r\n                        <p>x-bionic\u00ae flavour sphere<\/p>\n<p><a href=\"tel:+421313262361\">+421 313 262 361<\/a><br \/>\n<a href=\"mailto:%20restaurantreservations@x-bionicsphere.com?subject=Table%20reservation%20in%20Golden%20Garden\" title=\"\" class=\"link\">restaurantreservations@x-bionicsphere.com<\/a><\/p>\n                        <\/address>\r\n                      <\/div>\r\n        <\/div>\r\n        [\/vc_column][\/vc_row][\/vc_section][vc_section][vc_row custom_width=&#8221;w-630&#8243;][vc_column][vc_column_text]<\/p>\n<h2 class=\"content-section-title has-line color-1 color-3\">Latest news from x-bionic\u00ae flavour sphere<\/h2>\n<p>We strive to make you feel the best during your stay. Thet\u2019s why you can always find the latest announcements about news or limitations at x-bionic\u00ae sphere.[\/vc_column_text]        <div class=\"entity-list-component color-3\" data-ajax-url=\"https:\/\/www.x-bionicsphere.com\/wp-content\/themes\/xbionic\/ajax\/ajax.php\" data-ajax-action=\"get-entity-list-page\" data-ajax-data='{\"query\":\"size:3|post_type:post|categories:132|posts_per_page:3\"}' data-ajax-method=\"POST\">\r\n          <div class=\"list\">\r\n                        <div class=\"item\">\r\n              <div class=\"entity-list-item-container type-1 color-3\">\r\n  <a href=\"https:\/\/www.x-bionicsphere.com\/en\/rezort-vsetky-aktuality\/changes-in-opening-hours-for-the-public-within-x-bionic-aquatic-sphere-2\/\" title=\"\" class=\"overlay-link\">\r\n    <div class=\"content-container\">\r\n      <div class=\"date\">23. September 2021<\/div>\r\n      <div class=\"title\">Changes in opening hours for the public within x-bionic\u00ae aquatic sphere<\/div>\r\n      <p>[vc_section][vc_row custom_width=&#8221;w-630&#8243;][vc_column][vc_single_image image=&#8221;24323&#8243; img_size=&#8221;large&#8221; alignment=&#8221;center&#8221; onclick=&#8221;img_link_large&#8221;][\/vc_column][\/vc_row][vc_row custom_width=&#8221;w-630&#8243;][vc_column][vc_row_inner][vc_column_inner][vc_column_text] We would like to inform you about changes to the opening hours for the public within the x-bionic\u00ae aquatic sphere, which will be valid from September 6, 2021 until further notice. Until September 5, 2021, we are open according to the original opening hours. If you are coming [&hellip;]<\/p>\r\n    <\/div>\r\n        <div class=\"image-container\">\r\n      <figure>\r\n        <img src=\"https:\/\/www.x-bionicsphere.com\/wp-content\/uploads\/2021\/09\/HUSACINA_2-264x360.png\" class=\"attachment-info-box size-info-box wp-post-image\" alt=\"\" loading=\"lazy\" \/>      <\/figure>\r\n    <\/div>\r\n      <\/a>\r\n<\/div>\r\n            <\/div>\r\n                        <div class=\"item\">\r\n              <div class=\"entity-list-item-container type-1 color-3\">\r\n  <a href=\"https:\/\/www.x-bionicsphere.com\/en\/rezort-vsetky-aktuality\/restrictions-related-to-the-organization-of-the-world-canoe-championships\/\" title=\"\" class=\"overlay-link\">\r\n    <div class=\"content-container\">\r\n      <div class=\"date\">08. September 2021<\/div>\r\n      <div class=\"title\">Restrictions related to the organization of the World Canoe Championships<\/div>\r\n      <p>[vc_section][vc_row custom_width=&#8221;w-630&#8243;][vc_column][vc_row_inner][vc_column_inner][vc_column_text] Restrictions related to the organization of the World Canoe Championships: From September 14, 2021 to September 26, 2021 (included) the premises of the Olympic Training Center will be closed for public. The space will be adapted to the needs of the organization of the World Canoeing Championships. Applicable restrictions for individual operations: OPEN [&hellip;]<\/p>\r\n    <\/div>\r\n        <div class=\"image-container\">\r\n      <figure>\r\n        <img src=\"https:\/\/www.x-bionicsphere.com\/wp-content\/uploads\/2021\/09\/20210730_oh_tokio20_vodslalom_grigar_semi_003799750-1-264x360.jpg\" class=\"attachment-info-box size-info-box wp-post-image\" alt=\"\" loading=\"lazy\" \/>      <\/figure>\r\n    <\/div>\r\n      <\/a>\r\n<\/div>\r\n            <\/div>\r\n                        <div class=\"item\">\r\n              <div class=\"entity-list-item-container type-1 color-3\">\r\n  <a href=\"https:\/\/www.x-bionicsphere.com\/en\/uncategorized\/the-quarantine-center-for-top-athletes-continues-and-will-host-several-important-events\/\" title=\"\" class=\"overlay-link\">\r\n    <div class=\"content-container\">\r\n      <div class=\"date\">21. April 2021<\/div>\r\n      <div class=\"title\">The quarantine center for top athletes continues and will host several important events<\/div>\r\n      <p>[vc_section][vc_row custom_width=&#8221;w-630&#8243;][vc_column][vc_column_text]Until the end of June, athletes can use the safe space for the organization of training camps and control events at the Quarantine Center for top athletes at the Olympic Training Center x-bionic sphere in \u0160amor\u00edn. A similar bubble as the one next to the Danube exists in only six other European countries. You [&hellip;]<\/p>\r\n    <\/div>\r\n        <div class=\"image-container\">\r\n      <figure>\r\n        <img src=\"https:\/\/www.x-bionicsphere.com\/wp-content\/uploads\/2021\/04\/Snimka-obrazovky-2021-04-21-145627-264x360.jpg\" class=\"attachment-info-box size-info-box wp-post-image\" alt=\"\" loading=\"lazy\" \/>      <\/figure>\r\n    <\/div>\r\n      <\/a>\r\n<\/div>\r\n            <\/div>\r\n                      <\/div>\r\n                              <div class=\"buttons-container\">\r\n            <a href=\"https:\/\/www.x-bionicsphere.com\/en\/news\/\" title=\"\" class=\"button\">ALL NEWS<\/a>\r\n          <\/div>\r\n                    <div class=\"loader\"><div class=\"inner\"><svg version=\"1.1\" id=\"L6\" xmlns=\"https:\/\/www.w3.org\/2000\/svg\" xmlns:xlink=\"https:\/\/www.w3.org\/1999\/xlink\" x=\"0px\" y=\"0px\"\r\n  viewBox=\"0 0 100 100\" enable-background=\"new 0 0 100 100\" xml:space=\"preserve\">\r\n   <rect fill=\"none\" stroke=\"#fff\" stroke-width=\"4\" x=\"25\" y=\"25\" width=\"50\" height=\"50\">\r\n  <animateTransform\r\n     attributeName=\"transform\"\r\n     dur=\"0.5s\"\r\n     from=\"0 50 50\"\r\n     to=\"180 50 50\"\r\n     type=\"rotate\"\r\n     id=\"strokeBox\"\r\n     attributeType=\"XML\"\r\n     begin=\"rectBox.end\"\/>\r\n  <\/rect>\r\n   <rect x=\"27\" y=\"27\" fill=\"#fff\" width=\"46\" height=\"50\">\r\n  <animate\r\n     attributeName=\"height\"\r\n     dur=\"1.3s\"\r\n     attributeType=\"XML\"\r\n     from=\"50\"\r\n     to=\"0\"\r\n     id=\"rectBox\"\r\n     fill=\"freeze\"\r\n     begin=\"0s;strokeBox.end\"\/>\r\n  <\/rect>\r\n<\/svg>\r\n<\/div><\/div>\r\n        <\/div>\r\n        [\/vc_column][\/vc_row][\/vc_section][vc_section top_padding=&#8221;no-top-pad&#8221;][vc_row custom_width=&#8221;w-1070&#8243; css=&#8221;.vc_custom_1515139637507{margin-top: 60px !important;margin-bottom: 60px !important;}&#8221;][vc_column]        <div class=\"map-component has-legend no-pad\">\r\n          <div class=\"map-container\">\r\n            <img src=\"https:\/\/www.x-bionicsphere.com\/wp-content\/themes\/xbionic\/img\/map\/map-areal.jpg\" alt=\"\">\r\n                            <div class=\"pin\" data-id=\"1\" style=\"top: 47.5%; left: 84%;\">1<\/div>\r\n                              <div class=\"pin\" data-id=\"2\" style=\"top: 47%; left: 79%;\">2<\/div>\r\n                        <\/div>\r\n                    <div class=\"map-legend\">\r\n            <div class=\"left-side\">\r\n              <div class=\"logo\"><img src=\"https:\/\/www.x-bionicsphere.com\/wp-content\/themes\/xbionic\/img\/logo.svg\" alt=\"\"><\/div>\r\n              <div class=\"sub-title\">the universe of sports, leisure and innovation<\/div>\r\n            <\/div>\r\n            <div class=\"right-side\">\r\n              <ol class=\"list\">\r\n                                    <li data-id=\"1\">Hotel Entry<\/li>\r\n                                      <li data-id=\"2\">Golden Garden<\/li>\r\n                                <\/ol>\r\n            <\/div>\r\n          <\/div>\r\n                  <\/div>\r\n        [\/vc_column][\/vc_row][\/vc_section][vc_section][vc_row custom_width=&#8221;w-630&#8243;][vc_column offset=&#8221;vc_hidden-lg vc_hidden-md vc_hidden-sm vc_hidden-xs&#8221;][vc_column_text]<\/p>\n<h2 class=\"content-section-title has-line color-3\">Opening hours<\/h2>\n<p>The Golden Garden restaurant is open only on special occasions or on request. If you are interested in a booking, please contact us. The capacity of the restaurant is 46 guests.[\/vc_column_text][\/vc_column][\/vc_row][\/vc_section][vc_section][vc_row equal_height=&#8221;yes&#8221; custom_width=&#8221;w-630&#8243;][vc_column offset=&#8221;vc_hidden-lg vc_hidden-md vc_hidden-sm vc_hidden-xs&#8221;]          <div class=\"showcase-item-container type-4\">\r\n            <a href=\"mailto:sales@x-bionicsphere.com\" title=\"\">\r\n                            <figure>\r\n                <img width=\"800\" height=\"600\" src=\"https:\/\/www.x-bionicsphere.com\/wp-content\/uploads\/2018\/10\/IMG_2627-800x600.jpg\" class=\"attachment-showcase-box size-showcase-box\" alt=\"\" loading=\"lazy\" \/>                              <\/figure>\r\n                            <div class=\"body\">\r\n                <div class=\"top\">\r\n                  <div class=\"title\">Cooking classes for professionals<\/div>\r\n                  <div class=\"description\">\r\n                    <p>If you are a professional chef eager to experiment and test new flavours, get ready for our Cooking Classes for Professionals led by experienced Italian chef Fiorenzo Ricci which will start soon.<\/p>\n                  <\/div>\r\n                <\/div>\r\n                <div class=\"bottom\">\r\n                                    <div class=\"buttons-container\">\r\n                    <span class=\"button\">I AM INTERESTED<\/span>\r\n                  <\/div>\r\n                                  <\/div>\r\n              <\/div>\r\n            <\/a>\r\n          <\/div>\r\n          [\/vc_column][\/vc_row][\/vc_section][vc_row custom_width=&#8221;w-630&#8243;][vc_column offset=&#8221;vc_hidden-lg vc_hidden-md vc_hidden-sm vc_hidden-xs&#8221;][vc_column_text]<\/p>\n<h2 class=\"color-3 content-section-title has-line\">Special offer<\/h2>\n<p>[\/vc_column_text][\/vc_column][\/vc_row][vc_row][vc_column][vc_column_text][\/vc_section][\/vc_column_text][\/vc_column][\/vc_row][vc_section][vc_row custom_width=&#8221;w-630&#8243;][vc_column offset=&#8221;vc_hidden-lg vc_hidden-md vc_hidden-sm vc_hidden-xs&#8221;][vc_empty_space][\/vc_column][vc_column offset=&#8221;vc_hidden-lg vc_hidden-md vc_hidden-sm vc_hidden-xs&#8221;][vc_empty_space][\/vc_column][\/vc_row][\/vc_section]<\/p>\n","protected":false},"excerpt":{"rendered":"<p>[vc_section padding=&#8221;no-pad&#8221;][vc_row full_width=&#8221;stretch_row_content_no_spaces&#8221;][vc_column][\/vc_column][\/vc_row][\/vc_section][vc_section][vc_row custom_width=&#8221;w-630&#8243;][vc_column][vc_column_text] The legend of Rye Island says that there were beautiful golden-haired fairies in \u0160amor\u00edn. Their queen, T\u00fcnd\u00e9r Ilona, swam along the Danube in the form of a swan and her palaces were dazzling with beauty and riches. When the golden dust fell from the fairy\u2019s shoes, everything around sparkled. Therefore, Rye [&hellip;]<\/p>\n","protected":false},"author":34,"featured_media":1449,"parent":12767,"menu_order":0,"comment_status":"closed","ping_status":"closed","template":"","meta":[],"categories":[],"acf":[],"_links":{"self":[{"href":"https:\/\/www.x-bionicsphere.com\/en\/wp-json\/wp\/v2\/pages\/19547"}],"collection":[{"href":"https:\/\/www.x-bionicsphere.com\/en\/wp-json\/wp\/v2\/pages"}],"about":[{"href":"https:\/\/www.x-bionicsphere.com\/en\/wp-json\/wp\/v2\/types\/page"}],"author":[{"embeddable":true,"href":"https:\/\/www.x-bionicsphere.com\/en\/wp-json\/wp\/v2\/users\/34"}],"replies":[{"embeddable":true,"href":"https:\/\/www.x-bionicsphere.com\/en\/wp-json\/wp\/v2\/comments?post=19547"}],"version-history":[{"count":19,"href":"https:\/\/www.x-bionicsphere.com\/en\/wp-json\/wp\/v2\/pages\/19547\/revisions"}],"predecessor-version":[{"id":23254,"href":"https:\/\/www.x-bionicsphere.com\/en\/wp-json\/wp\/v2\/pages\/19547\/revisions\/23254"}],"up":[{"embeddable":true,"href":"https:\/\/www.x-bionicsphere.com\/en\/wp-json\/wp\/v2\/pages\/12767"}],"wp:featuredmedia":[{"embeddable":true,"href":"https:\/\/www.x-bionicsphere.com\/en\/wp-json\/wp\/v2\/media\/1449"}],"wp:attachment":[{"href":"https:\/\/www.x-bionicsphere.com\/en\/wp-json\/wp\/v2\/media?parent=19547"}],"wp:term":[{"taxonomy":"category","embeddable":true,"href":"https:\/\/www.x-bionicsphere.com\/en\/wp-json\/wp\/v2\/categories?post=19547"}],"curies":[{"name":"wp","href":"https:\/\/api.w.org\/{rel}","templated":true}]}}