{"id":22116,"date":"2021-02-08T15:54:18","date_gmt":"2021-02-08T15:54:18","guid":{"rendered":"https:\/\/www.x-bionicsphere.com\/?page_id=22116"},"modified":"2021-05-05T08:35:07","modified_gmt":"2021-05-05T06:35:07","slug":"about-us-2","status":"publish","type":"page","link":"https:\/\/www.x-bionicsphere.com\/en\/about-us-2\/","title":{"rendered":"Testimonials"},"content":{"rendered":"<p>[vc_row][vc_column offset=&#8221;vc_hidden-md vc_hidden-sm vc_hidden-xs&#8221;]        <div class=\"hero-component landing\">\r\n                              <figure>\r\n            <img width=\"1645\" height=\"404\" src=\"https:\/\/www.x-bionicsphere.com\/wp-content\/uploads\/2021\/01\/otc-web-6.png\" class=\"attachment-hero size-hero\" alt=\"\" loading=\"lazy\" srcset=\"https:\/\/www.x-bionicsphere.com\/wp-content\/uploads\/2021\/01\/otc-web-6.png 1645w, https:\/\/www.x-bionicsphere.com\/wp-content\/uploads\/2021\/01\/otc-web-6-300x74.png 300w, https:\/\/www.x-bionicsphere.com\/wp-content\/uploads\/2021\/01\/otc-web-6-1024x251.png 1024w, https:\/\/www.x-bionicsphere.com\/wp-content\/uploads\/2021\/01\/otc-web-6-768x189.png 768w, https:\/\/www.x-bionicsphere.com\/wp-content\/uploads\/2021\/01\/otc-web-6-1536x377.png 1536w, https:\/\/www.x-bionicsphere.com\/wp-content\/uploads\/2021\/01\/otc-web-6-480x118.png 480w, https:\/\/www.x-bionicsphere.com\/wp-content\/uploads\/2021\/01\/otc-web-6-992x244.png 992w, https:\/\/www.x-bionicsphere.com\/wp-content\/uploads\/2021\/01\/otc-web-6-1200x295.png 1200w\" sizes=\"(max-width: 1645px) 100vw, 1645px\" \/>          <\/figure>\r\n                    <article class=\" text-only\">\r\n            <div class=\"container\">\r\n              <div class=\"content\">\r\n                <div class=\"left-side\">\r\n                                                      <div class=\"body\">\r\n                                                          <\/div>\r\n                <\/div>\r\n                              <\/div>\r\n            <\/div>\r\n          <\/article>\r\n                          <\/div>\r\n        [\/vc_column][\/vc_row][vc_row][vc_column offset=&#8221;vc_hidden-lg&#8221;][vc_single_image image=&#8221;21699&#8243; img_size=&#8221;large&#8221; alignment=&#8221;center&#8221;][\/vc_column][\/vc_row][vc_section][vc_row custom_width=&#8221;w-630&#8243;][vc_column][vc_column_text]<\/p>\n<h3 class=\"content-section-title has-line\"><strong>Safe and controlled zone<\/strong><\/h3>\n<p>It is important to mention the fact that to this date, 3.000 athletes have used the safe and controlled zone of the hermetically sealed Olympic Training Center since the launch of the Quarantine Center for top athletes regime, which is almost 30.000 overnight stays of the athletes.<\/p>\n<p>Thanks to the strict observance of extraordinary safety and hygiene measures, only dozens of athletes were &#8220;detected&#8221; at the entrance to the \u201equarantine bubble\u201c, who did not pass the sieve of the initial antigen and subsequent PCR testing, resp. came into direct contact with a\u00a0positively tested person on arrival at the Quarantine Center.[\/vc_column_text][vc_empty_space][\/vc_column][\/vc_row][vc_row custom_width=&#8221;w-630&#8243;][vc_column width=&#8221;1\/2&#8243;]        <div class=\"featured-icon-item-container type-1 color-1\">\r\n          <div class=\"inner\">\r\n                        <div class=\"icon\">\r\n              <svg width=\"64\" height=\"63\" viewBox=\"0 0 64 63\" xmlns=\"http:\/\/www.w3.org\/2000\/svg\"><g stroke-width=\"0\" fill=\"none\" fill-rule=\"evenodd\" stroke-linecap=\"round\" stroke-linejoin=\"round\"><path class=\"color\" fill=\"#384044\" d=\"M24.435 62.678a.966.966 0 0 1-.25-.032 31.63 31.63 0 0 1-14.442-8.264 32.22 32.22 0 0 1-2.539-2.862 1 1 0 1 1 1.573-1.235 30.174 30.174 0 0 0 2.38 2.683 29.643 29.643 0 0 0 13.528 7.742 1 1 0 0 1-.25 1.968zm19.61-1.42a1 1 0 0 1-.388-1.922 29.503 29.503 0 0 0 9.455-6.368 29.72 29.72 0 0 0 4.782-6.246 1 1 0 0 1 1.736.994 31.763 31.763 0 0 1-5.104 6.666 31.487 31.487 0 0 1-10.093 6.798 1.007 1.007 0 0 1-.388.078zM1.47 33.358a1 1 0 0 1-1-.988l-.002-.38c0-6.89 2.169-13.434 6.272-18.927a1.001 1.001 0 0 1 1.603 1.197c-3.844 5.144-5.875 11.274-5.875 17.73l.002.357a1 1 0 0 1-.988 1.011H1.47zm61.061-4.433a1 1 0 0 1-.99-.868c-.864-6.5-3.778-12.394-8.429-17.045a1 1 0 1 1 1.414-1.414c4.964 4.964 8.076 11.256 8.997 18.195a1 1 0 0 1-.992 1.132zM43.36 4.442a.997.997 0 0 1-.365-.069 29.602 29.602 0 0 0-10.86-2.05h-.004a29.77 29.77 0 0 0-8.136 1.132 1 1 0 1 1-.547-1.924A31.77 31.77 0 0 1 32.129.322h.006c3.991 0 7.89.737 11.59 2.19a.999.999 0 0 1-.366 1.93z\"\/><g fill=\"#384044\"><circle cx=\"45.468\" cy=\"23.989\" r=\"6.667\"\/><path d=\"M40.52 41.323h15.615c0-5.89-4.776-10.668-10.666-10.668-3.606 0-6.779 1.801-8.71 4.538-2.615-2.74-6.107-4.536-9.954-4.538a9.334 9.334 0 1 0-.007 0c-8.097.003-14.663 7.9-14.663 16h29.334c0-1.821-.348-3.627-.954-5.34l.005.008z\"\/><\/g><\/g><\/svg>            <\/div>\r\n                        <div class=\"body\">\r\n              <div class=\"title\">3.000 ATHLETES<\/div>\r\n            <\/div>\r\n          <\/div>\r\n        <\/div>\r\n        [vc_empty_space][\/vc_column][vc_column width=&#8221;1\/2&#8243;]        <div class=\"featured-icon-item-container type-1 color-1\">\r\n          <div class=\"inner\">\r\n                        <div class=\"icon\">\r\n              <svg width=\"64\" height=\"63\" viewBox=\"0 0 64 63\" xmlns=\"http:\/\/www.w3.org\/2000\/svg\"><g fill=\"none\" fill-rule=\"evenodd\"><path class=\"color no-fill\" stroke=\"#384044\" stroke-width=\"2\" stroke-linejoin=\"round\" d=\"M51.928 11h5.405l5.334 32H1.333l5.334-32h6.074m49.926 44a4 4 0 0 1-4 4H5.333c-2.21 0-4-1.79-4-4V43h61.334v12z\"\/><path class=\"color\" d=\"M5.779 21H58.22\" stroke=\"#384044\" stroke-width=\"2\" stroke-linecap=\"round\" stroke-linejoin=\"round\"\/><path class=\"color no-fill\" d=\"M6.667 11V4.333c0-2.205 1.789-4 4-4h42.666c2.208 0 4 1.795 4 4V11\" stroke=\"#384044\" stroke-width=\"2\" stroke-linecap=\"round\" stroke-linejoin=\"round\"\/><path class=\"color\" d=\"M9.333 59v2.667M54.667 59v2.667\" stroke=\"#384044\" stroke-width=\"2\" stroke-linejoin=\"round\"\/><path class=\"color\" d=\"M28.277 11h8.112\" stroke=\"#384044\" stroke-width=\"2\" stroke-linecap=\"round\" stroke-linejoin=\"round\"\/><path fill=\"#384044\" d=\"M28.112 16.333H12l1.112-8h15.165zm8.445 0h16.11l-1.11-8H36.39z\"\/><\/g><\/svg>            <\/div>\r\n                        <div class=\"body\">\r\n              <div class=\"title\">30.000 SLEEP OVERS<\/div>\r\n            <\/div>\r\n          <\/div>\r\n        <\/div>\r\n        [vc_empty_space][\/vc_column][\/vc_row][vc_row custom_width=&#8221;w-630&#8243;][vc_column][vc_column_text]<\/p>\n<h3 class=\"content-section-title has-line\"><img loading=\"lazy\" class=\"alignnone wp-image-22429\" src=\"https:\/\/www.x-bionicsphere.com\/wp-content\/uploads\/2021\/03\/Sulek-SPF-300x300.png\" alt=\"\" width=\"180\" height=\"180\" srcset=\"https:\/\/www.x-bionicsphere.com\/wp-content\/uploads\/2021\/03\/Sulek-SPF-300x300.png 300w, https:\/\/www.x-bionicsphere.com\/wp-content\/uploads\/2021\/03\/Sulek-SPF-150x150.png 150w, https:\/\/www.x-bionicsphere.com\/wp-content\/uploads\/2021\/03\/Sulek-SPF.png 400w\" sizes=\"(max-width: 180px) 100vw, 180px\" \/><br \/>\nIvan \u0160ulek<br \/>\nPRESIDENT OF THE SLOVAK SWIMMING FEDERATION<\/h3>\n<p>&#8220;The Slovak Swimming Federation happily accepted the offer of the National Olympic and Training Center x-bionic sphere in \u0160amor\u00edn to create a quarantine center for top sport during the Covid19 pandemic. With more than 4,000 members in four sports, we were dependent only on this opportunity, and therefore we urged the creation of this center from the beginning together with the management of the x-bionic sphere and Slovak Olympic and Sports Committee. From the 19th of November until today not only our top representatives but also our junior and club selections train and compete in excellent condition. We also organized two preliminary competitions in this center, as well as the most prestigious swimming event in Slovakia, the 59th year of the Slovak Grand Prix in swimming. Based on the results and responses of domestic and foreign swimmers and coaches, we must determine that the center, as well as the staff, is designed for a professional level. Conditions for sports training and competition in two certified pools, balanced diet, regeneration, accommodation, but also conditions for studying and resting, have no flaws and the x-bionic sphere can easily compete with the best sports centers in the world. Also based on these conditions, we are convinced that the jubilee 60th year of the Grand Prix of Slovakia will be taking place at the x-bionic sphere in \u0160amor\u00edn and we believe that also for many other years after as well.&#8221;<\/p>\n<h3 class=\"content-section-title has-line\"><img loading=\"lazy\" class=\"alignnone wp-image-21607\" src=\"https:\/\/www.x-bionicsphere.com\/wp-content\/uploads\/2021\/01\/1-300x300.png\" alt=\"\" width=\"175\" height=\"175\" srcset=\"https:\/\/www.x-bionicsphere.com\/wp-content\/uploads\/2021\/01\/1-300x300.png 300w, https:\/\/www.x-bionicsphere.com\/wp-content\/uploads\/2021\/01\/1-150x150.png 150w, https:\/\/www.x-bionicsphere.com\/wp-content\/uploads\/2021\/01\/1.png 400w\" sizes=\"(max-width: 175px) 100vw, 175px\" \/><br \/>\nAndrej Wiebauer<br \/>\nSPEED CANOE TRAINER<\/h3>\n<p>&#8220;We would like to thank on behalf of Slovak Canoeing team for being able to be a part of this great project. In the bubble, we found everything we needed for quality training and increased sports performance towards the Tokyo 2021 Olympics. &#8221;<\/p>\n<h3 class=\"content-section-title has-line\"><img loading=\"lazy\" class=\"alignnone wp-image-21603\" src=\"https:\/\/www.x-bionicsphere.com\/wp-content\/uploads\/2021\/01\/3-300x300.png\" alt=\"\" width=\"175\" height=\"175\" srcset=\"https:\/\/www.x-bionicsphere.com\/wp-content\/uploads\/2021\/01\/3-300x300.png 300w, https:\/\/www.x-bionicsphere.com\/wp-content\/uploads\/2021\/01\/3-150x150.png 150w, https:\/\/www.x-bionicsphere.com\/wp-content\/uploads\/2021\/01\/3.png 400w\" sizes=\"(max-width: 175px) 100vw, 175px\" \/><br \/>\nIngrid Barutov\u00e1<br \/>\nCOORDINATOR OF SPORTS GYMNASTICS FOR MEN AND WOMEN<\/h3>\n<p>&#8220;The Slovak Gymnastics Federation very much appreciates the creation of the Quarantine Center in \u0160amor\u00edn, especially at a time when all gyms for our sports are hopelessly closed. Gymnasts have excellent and especially safe conditions, their training is at a high level. Under one roof, they have the opportunity to train, regenerate and also complete distance learning.\u00a0Our current training camp is meeting with great success on the part of all participating coaches and athletes, which we are very pleased about.\u00a0We definitely plan to continue your bubble in the next period until the measures are lifted. It is the only way not to lose our athletes, their performance and prepare them for important events in 2021, including the Olympic Games, where our representative Barbora Moko\u0161ov\u00e1 already has secured a place. &#8221;<\/p>\n<h3 class=\"content-section-title has-line\"><img loading=\"lazy\" class=\"alignnone wp-image-21599\" src=\"https:\/\/www.x-bionicsphere.com\/wp-content\/uploads\/2021\/01\/2-300x300.png\" alt=\"\" width=\"175\" height=\"175\" srcset=\"https:\/\/www.x-bionicsphere.com\/wp-content\/uploads\/2021\/01\/2-300x300.png 300w, https:\/\/www.x-bionicsphere.com\/wp-content\/uploads\/2021\/01\/2-150x150.png 150w, https:\/\/www.x-bionicsphere.com\/wp-content\/uploads\/2021\/01\/2.png 400w\" sizes=\"(max-width: 175px) 100vw, 175px\" \/><br \/>\nPeter Macko<br \/>\nREPRESENTATIVE TRAINER OF THE SLOVAK KARATE ASSOCIATION<\/h3>\n<p>&#8220;x-bionic sphere has prepared excellent conditions for karate sportsman for training, including relaxation and great food, we hope to return. x-bionic sphere is really the highest-level training centre.&#8221;<\/p>\n<h3 class=\"content-section-title has-line\"><img loading=\"lazy\" class=\"alignnone wp-image-22207\" src=\"https:\/\/www.x-bionicsphere.com\/wp-content\/uploads\/2021\/02\/Tomas-Potocky-300x300.png\" alt=\"\" width=\"175\" height=\"175\" srcset=\"https:\/\/www.x-bionicsphere.com\/wp-content\/uploads\/2021\/02\/Tomas-Potocky-300x300.png 300w, https:\/\/www.x-bionicsphere.com\/wp-content\/uploads\/2021\/02\/Tomas-Potocky-150x150.png 150w, https:\/\/www.x-bionicsphere.com\/wp-content\/uploads\/2021\/02\/Tomas-Potocky.png 400w\" sizes=\"(max-width: 175px) 100vw, 175px\" \/><br \/>\nTom\u00e1\u0161 Potock\u00fd<br \/>\nREPRESENTATIVE TRAINER OF THE SLOVAK TAEKWONDO ASSOCIATION<\/h3>\n<p>\u201cWe are incredibly satisfied with the services at your complex. Because your \u201cbubble\u201d has created conditions for us that we don&#8217;t currently find anywhere in our preparation for the Olympics Qualification. I personally, as well as all representatives, thank you for such an opportunity so we could devote fully to training and preparation. We had everything we needed here.&#8221;<\/p>\n<h3 class=\"content-section-title has-line\"><img loading=\"lazy\" class=\"alignnone wp-image-22288\" style=\"font-size: 16px;\" src=\"https:\/\/www.x-bionicsphere.com\/wp-content\/uploads\/2021\/02\/petr-horacek-300x300.png\" alt=\"\" width=\"180\" height=\"180\" srcset=\"https:\/\/www.x-bionicsphere.com\/wp-content\/uploads\/2021\/02\/petr-horacek-300x300.png 300w, https:\/\/www.x-bionicsphere.com\/wp-content\/uploads\/2021\/02\/petr-horacek-150x150.png 150w, https:\/\/www.x-bionicsphere.com\/wp-content\/uploads\/2021\/02\/petr-horacek.png 400w\" sizes=\"(max-width: 180px) 100vw, 180px\" \/><br \/>\nPetr Hor\u00e1\u010dek<br \/>\nPRESIDENT OF THE SLOVAK DANCESPORT FEDERATION<\/h3>\n<p>\u201cDancesport enjoyed its premiere in the \u201ebubble\u201c to 200%! The conditions which were created for us at the x-bionic sphere are like on the film sets and in the film studios &#8211; accommodation, food, training facilities and the willingness of the staff were world-class and for our athletes and coaches were definite proof that it is possible in Slovakia as well! If at all possible, we will be more than happy to return. WE THANK YOU!&#8221;<\/p>\n<p><img loading=\"lazy\" class=\"alignnone wp-image-22391\" style=\"font-size: 1.5rem;\" src=\"https:\/\/www.x-bionicsphere.com\/wp-content\/uploads\/2021\/03\/onuscak-300x300.png\" alt=\"\" width=\"180\" height=\"180\" srcset=\"https:\/\/www.x-bionicsphere.com\/wp-content\/uploads\/2021\/03\/onuscak-300x300.png 300w, https:\/\/www.x-bionicsphere.com\/wp-content\/uploads\/2021\/03\/onuscak-150x150.png 150w, https:\/\/www.x-bionicsphere.com\/wp-content\/uploads\/2021\/03\/onuscak.png 400w\" sizes=\"(max-width: 180px) 100vw, 180px\" \/><\/p>\n<div class=\"dePhmb\">\n<div class=\"eyKpYb\" data-language=\"en\" data-original-language=\"sk\" data-result-index=\"0\">\n<h3 class=\"J0lOec content-section-title has-line\"><span class=\"VIiyi\" lang=\"en\"><span class=\"JLqJ4b ChMk0b\" data-language-for-alternatives=\"en\" data-language-to-translate-into=\"sk\" data-phrase-index=\"0\">Peter Onu\u0161\u010d\u00e1k,<\/span><br \/>\n<\/span><span class=\"VIiyi\" lang=\"en\"><span class=\"JLqJ4b ChMk0b\" data-language-for-alternatives=\"en\" data-language-to-translate-into=\"sk\" data-phrase-index=\"2\">PRESIDENT OF THE SLOVAK KICKBOX ASSOCIATION<\/span><\/span><\/h3>\n<div>&#8220;<span class=\"VIiyi\" lang=\"en\"><span class=\"JLqJ4b ChMk0b\" data-language-for-alternatives=\"en\" data-language-to-translate-into=\"sk\" data-phrase-index=\"4\">On behalf of the Slovak Kickboxing Association, I consider the creation of the Quarantine Center to be an excellent idea, which is perfectly implemented down to the smallest detail.<\/span> <span class=\"JLqJ4b ChMk0b\" data-language-for-alternatives=\"en\" data-language-to-translate-into=\"sk\" data-phrase-index=\"5\">The safety of athletes, training conditions, accommodation, food, regeneration and leisure activities at the highest level were underlined by helpful and professional staff.<\/span> <span class=\"JLqJ4b ChMk0b\" data-language-for-alternatives=\"en\" data-language-to-translate-into=\"sk\" data-phrase-index=\"7\">THANK YOU on behalf of the Slovak national team in kickboxing!<\/span> <span class=\"JLqJ4b ChMk0b\" data-language-for-alternatives=\"en\" data-language-to-translate-into=\"sk\" data-phrase-index=\"8\">We would love to come back!&#8221;<br \/>\n<\/span><\/span><\/div>\n<\/div>\n<\/div>\n<div>\n<h3><\/h3>\n<h3 class=\"J0lOec content-section-title has-line\"><span class=\"VIiyi\" lang=\"en\"><span class=\"JLqJ4b ChMk0b\" data-language-for-alternatives=\"en\" data-language-to-translate-into=\"sk\" data-phrase-index=\"0\"><img loading=\"lazy\" class=\"alignnone wp-image-22480\" style=\"font-size: 16px;\" src=\"https:\/\/www.x-bionicsphere.com\/wp-content\/uploads\/2021\/03\/Krejci-300x300.png\" alt=\"\" width=\"180\" height=\"180\" srcset=\"https:\/\/www.x-bionicsphere.com\/wp-content\/uploads\/2021\/03\/Krejci-300x300.png 300w, https:\/\/www.x-bionicsphere.com\/wp-content\/uploads\/2021\/03\/Krejci-150x150.png 150w, https:\/\/www.x-bionicsphere.com\/wp-content\/uploads\/2021\/03\/Krejci.png 400w\" sizes=\"(max-width: 180px) 100vw, 180px\" \/><br \/>\nPavol <\/span><\/span>Krej\u010d\u00ed,<br \/>\nGENERAL SECRETARY OF THE SLOVAK JUDO ASSOCIATION<\/h3>\n<\/div>\n<div>\n<p>&#8220;Due to the very strict measures that are changing and getting more strict every day, Olympic Training Centre \u0160amor\u00edn has prepared an irreplaceable opportunity for athletes to train and thus prepare for their sports highlights, which in the case of the Slovak Judo is the Olympics and EYOF in Bansk\u00e1 Bystrica. SZJ took advantage of this opportunity and also included in the training of their athletes a chance to train with international athletes, which are represented by national teams from all over Europe. We would like to thank the management and employees of x-bionic sphere for having a professional approach and creating a safe zone for athletes with strict hygienic rules, which is also proved by the large participation of foreign associations.&#8221;<\/p>\n<\/div>\n<h3><\/h3>\n<h3 class=\"content-section-title has-line\"><img loading=\"lazy\" class=\"alignnone wp-image-22778\" src=\"https:\/\/www.x-bionicsphere.com\/wp-content\/uploads\/2021\/05\/Foto-stefan-300x300.png\" alt=\"\" width=\"180\" height=\"180\" srcset=\"https:\/\/www.x-bionicsphere.com\/wp-content\/uploads\/2021\/05\/Foto-stefan-300x300.png 300w, https:\/\/www.x-bionicsphere.com\/wp-content\/uploads\/2021\/05\/Foto-stefan-150x150.png 150w, https:\/\/www.x-bionicsphere.com\/wp-content\/uploads\/2021\/05\/Foto-stefan.png 400w\" sizes=\"(max-width: 180px) 100vw, 180px\" \/><br \/>\n\u0160tefan Str\u00e1\u0148ovsk\u00fd,<br \/>\nPREDSEDA AC NOV\u00c9 Z\u00c1MKY<\/h3>\n<p>&#8220;After the experience from August 2020, we were at the training camp for the first time in your facility, based on the positive response of all participants in the training camp, we decided to repeat this training camp in 2021 with the help of SAZ management. half a year due to the pandemic situation they could hardly train. Conditions and staff hospitality are at a high level, accommodation and food were excellent. We were also very satisfied with the sports facilities that were available to us (athletic stadium, multifunctional playground, gym as well as swimming pools). I can also compare it with the Olympic Training Center in Tate, Hungary, where I have been to camp several times. Your device provides services at a significantly higher standard than in Tate. Regarding the activities of the Quarantine Center. In the current pandemic situation, this is an excellent solution so that athletes can train in safe conditions. I think that in \u0160amor\u00edn excellent conditions have been created for this. The technical-organizational and hygienic provision for the entrance to the Quarantine Center and then, after receiving the test results, the transfer to the bubble is perfectly managed. &#8220;[\/vc_column_text][\/vc_column][\/vc_row][vc_row][vc_column][vc_empty_space][\/vc_column][\/vc_row][vc_row][vc_column width=&#8221;1\/3&#8243;][vc_single_image image=&#8221;21620&#8243; img_size=&#8221;medium&#8221; alignment=&#8221;center&#8221; onclick=&#8221;custom_link&#8221; link=&#8221;http:\/\/www.sgf.sk\/&#8221;][\/vc_column][vc_column width=&#8221;1\/3&#8243;][vc_single_image image=&#8221;21612&#8243; img_size=&#8221;medium&#8221; alignment=&#8221;center&#8221; onclick=&#8221;custom_link&#8221; link=&#8221;https:\/\/www.slovenska-kanoistika.sk\/&#8221;][\/vc_column][vc_column width=&#8221;1\/3&#8243;][vc_single_image image=&#8221;21616&#8243; img_size=&#8221;medium&#8221; alignment=&#8221;center&#8221; onclick=&#8221;custom_link&#8221; link=&#8221;http:\/\/www.karate.sk\/&#8221;][\/vc_column][\/vc_row][vc_row][vc_column width=&#8221;1\/3&#8243;][vc_single_image image=&#8221;21626&#8243; img_size=&#8221;medium&#8221; alignment=&#8221;center&#8221; onclick=&#8221;custom_link&#8221; link=&#8221;https:\/\/swimmsvk.sk\/&#8221;][\/vc_column][vc_column width=&#8221;1\/3&#8243;][vc_single_image image=&#8221;22001&#8243; img_size=&#8221;medium&#8221; alignment=&#8221;center&#8221; onclick=&#8221;custom_link&#8221; link=&#8221;http:\/\/www.satkd.sk\/&#8221;][\/vc_column][vc_column width=&#8221;1\/3&#8243;][vc_single_image image=&#8221;22279&#8243; img_size=&#8221;medium&#8221; alignment=&#8221;center&#8221; onclick=&#8221;custom_link&#8221; link=&#8221;http:\/\/www.szts.sk\/en&#8221;][\/vc_column][\/vc_row][vc_row][vc_column width=&#8221;1\/3&#8243;][vc_single_image image=&#8221;22400&#8243; img_size=&#8221;medium&#8221; alignment=&#8221;center&#8221; onclick=&#8221;custom_link&#8221; link=&#8221;http:\/\/www.slovak-kickboxing.sk\/&#8221;][\/vc_column][vc_column width=&#8221;1\/3&#8243;][vc_single_image image=&#8221;22475&#8243; img_size=&#8221;medium&#8221; alignment=&#8221;center&#8221; onclick=&#8221;custom_link&#8221; link=&#8221;https:\/\/judo.sk\/&#8221;][\/vc_column][vc_column width=&#8221;1\/3&#8243;][vc_single_image image=&#8221;22782&#8243; img_size=&#8221;medium&#8221; alignment=&#8221;center&#8221; onclick=&#8221;custom_link&#8221; link=&#8221;https:\/\/www.novezamky.sk\/atleticky-club-nove-zamky\/os-1425&#8243;][\/vc_column][\/vc_row][vc_row custom_width=&#8221;w-630&#8243;][vc_column][vc_column_text]<\/p>\n<h3><strong>The center also has conditions for distance learning<\/strong><\/h3>\n<p>It is natural that athletes in the \u0160amor\u00edn \u201cbubble\u201d do not devote all their time only to training, but on the contrary also try to educate themselves properly. Ideal conditions for distance learning are created in the quarantine center. Athletes can choose from individual study in the room or in the prepared conference room, which is available throughout the day.<\/p>\n<p>&#8220;It really makes life much easier for athletes to finish distance learning, switch off and be at the pool in ten minutes,&#8221; says Na\u010fa Daabousov\u00e1, an Olympian in synchronized swimming from Rio de Janeiro 2016.[\/vc_column_text][\/vc_column][\/vc_row][vc_row][vc_column][vc_single_image image=&#8221;21718&#8243; img_size=&#8221;large&#8221; alignment=&#8221;center&#8221; onclick=&#8221;link_image&#8221;][\/vc_column][\/vc_row][vc_row custom_width=&#8221;w-630&#8243;][vc_column][vc_column_text]<\/p>\n<h3><strong>Races on national level of the Slovak Swimming Federation<\/strong><\/h3>\n<p>On the last pre-Christmas weekend, the Quarantine Center for top athletes hosted preliminary competitions organized by the Slovak Swimming Federation as the culmination of a monthly training camp of swimmers of various swimming sports and age categories. As part of the \u0160amor\u00edn &#8220;bubble&#8221;, swimmers could prepare, train and educate in ideal conditions while observing extraordinary safety and hygiene measures.<\/p>\n<p>After a month of demanding training, 156 swimmers from 37 clubs gradually took part in the start. They brought us a fantastic 15 records from students to senior representatives, as well as a number of excellent performances, more than 140 swimmers swam at least one personal best time.<\/p>\n<p>The Quarantine Center for top athletes has thus clearly demonstrated that its establishment is key to maintaining the continuity of quality sports training not only for athletes fighting for a place for the Olympic Games, but also for their talented younger colleagues. Their greatest sporting successes are still waiting for them and we are glad that in this difficult year they were able to improve thanks to honest training at our x-bionic sphere\u00ae.[\/vc_column_text][\/vc_column][\/vc_row][vc_row][vc_column][vc_single_image image=&#8221;21726&#8243; img_size=&#8221;large&#8221; alignment=&#8221;center&#8221; onclick=&#8221;link_image&#8221;][vc_single_image image=&#8221;21722&#8243; img_size=&#8221;large&#8221; alignment=&#8221;center&#8221; onclick=&#8221;link_image&#8221;][\/vc_column][\/vc_row][vc_row custom_width=&#8221;w-630&#8243;][vc_column][vc_column_text]If you are interested in what #ZIVOTVBUBLINE is from the point of view of our Slovak representatives, watch a short video in cooperation with <a href=\"https:\/\/www.instagram.com\/slovenskyolympijskytim\/?hl=en\">@slovenskyolympijskytim.<\/a>[\/vc_column_text][\/vc_column][\/vc_row][vc_row][vc_column][vc_single_image image=&#8221;21672&#8243; img_size=&#8221;large&#8221; alignment=&#8221;center&#8221; onclick=&#8221;custom_link&#8221; link=&#8221;https:\/\/www.instagram.com\/tv\/CITdnMGn_Jk\/&#8221;][\/vc_column][\/vc_row][\/vc_section]<\/p>\n","protected":false},"excerpt":{"rendered":"<p>[vc_row][vc_column offset=&#8221;vc_hidden-md vc_hidden-sm vc_hidden-xs&#8221;][\/vc_column][\/vc_row][vc_row][vc_column offset=&#8221;vc_hidden-lg&#8221;][vc_single_image image=&#8221;21699&#8243; img_size=&#8221;large&#8221; alignment=&#8221;center&#8221;][\/vc_column][\/vc_row][vc_section][vc_row custom_width=&#8221;w-630&#8243;][vc_column][vc_column_text] Safe and controlled zone It is important to mention the fact that to this date, 3.000 athletes have used the safe and controlled zone of the hermetically sealed Olympic Training Center since the launch of the Quarantine Center for top athletes regime, which is almost 30.000 [&hellip;]<\/p>\n","protected":false},"author":34,"featured_media":0,"parent":0,"menu_order":0,"comment_status":"closed","ping_status":"closed","template":"","meta":[],"categories":[],"acf":[],"_links":{"self":[{"href":"https:\/\/www.x-bionicsphere.com\/en\/wp-json\/wp\/v2\/pages\/22116"}],"collection":[{"href":"https:\/\/www.x-bionicsphere.com\/en\/wp-json\/wp\/v2\/pages"}],"about":[{"href":"https:\/\/www.x-bionicsphere.com\/en\/wp-json\/wp\/v2\/types\/page"}],"author":[{"embeddable":true,"href":"https:\/\/www.x-bionicsphere.com\/en\/wp-json\/wp\/v2\/users\/34"}],"replies":[{"embeddable":true,"href":"https:\/\/www.x-bionicsphere.com\/en\/wp-json\/wp\/v2\/comments?post=22116"}],"version-history":[{"count":25,"href":"https:\/\/www.x-bionicsphere.com\/en\/wp-json\/wp\/v2\/pages\/22116\/revisions"}],"predecessor-version":[{"id":22404,"href":"https:\/\/www.x-bionicsphere.com\/en\/wp-json\/wp\/v2\/pages\/22116\/revisions\/22404"}],"wp:attachment":[{"href":"https:\/\/www.x-bionicsphere.com\/en\/wp-json\/wp\/v2\/media?parent=22116"}],"wp:term":[{"taxonomy":"category","embeddable":true,"href":"https:\/\/www.x-bionicsphere.com\/en\/wp-json\/wp\/v2\/categories?post=22116"}],"curies":[{"name":"wp","href":"https:\/\/api.w.org\/{rel}","templated":true}]}}