{"id":22121,"date":"2021-02-08T15:55:09","date_gmt":"2021-02-08T15:55:09","guid":{"rendered":"https:\/\/www.x-bionicsphere.com\/?page_id=22121"},"modified":"2021-02-16T14:15:42","modified_gmt":"2021-02-16T14:15:42","slug":"contact-2","status":"publish","type":"page","link":"https:\/\/www.x-bionicsphere.com\/en\/contact-2\/","title":{"rendered":"Contact"},"content":{"rendered":"<p>[vc_row][vc_column offset=&#8221;vc_hidden-md vc_hidden-sm vc_hidden-xs&#8221;]        <div class=\"hero-component landing\">\r\n                              <figure>\r\n            <img width=\"1645\" height=\"404\" src=\"https:\/\/www.x-bionicsphere.com\/wp-content\/uploads\/2021\/01\/otc-web-4.png\" class=\"attachment-hero size-hero\" alt=\"\" loading=\"lazy\" srcset=\"https:\/\/www.x-bionicsphere.com\/wp-content\/uploads\/2021\/01\/otc-web-4.png 1645w, https:\/\/www.x-bionicsphere.com\/wp-content\/uploads\/2021\/01\/otc-web-4-300x74.png 300w, https:\/\/www.x-bionicsphere.com\/wp-content\/uploads\/2021\/01\/otc-web-4-1024x251.png 1024w, https:\/\/www.x-bionicsphere.com\/wp-content\/uploads\/2021\/01\/otc-web-4-768x189.png 768w, https:\/\/www.x-bionicsphere.com\/wp-content\/uploads\/2021\/01\/otc-web-4-1536x377.png 1536w, https:\/\/www.x-bionicsphere.com\/wp-content\/uploads\/2021\/01\/otc-web-4-480x118.png 480w, https:\/\/www.x-bionicsphere.com\/wp-content\/uploads\/2021\/01\/otc-web-4-992x244.png 992w, https:\/\/www.x-bionicsphere.com\/wp-content\/uploads\/2021\/01\/otc-web-4-1200x295.png 1200w\" sizes=\"(max-width: 1645px) 100vw, 1645px\" \/>          <\/figure>\r\n                    <article class=\" text-only\">\r\n            <div class=\"container\">\r\n              <div class=\"content\">\r\n                <div class=\"left-side\">\r\n                                                      <div class=\"body\">\r\n                                                          <\/div>\r\n                <\/div>\r\n                              <\/div>\r\n            <\/div>\r\n          <\/article>\r\n                          <\/div>\r\n        [\/vc_column][\/vc_row][vc_row][vc_column offset=&#8221;vc_hidden-lg&#8221;][vc_single_image image=&#8221;21691&#8243; img_size=&#8221;large&#8221; alignment=&#8221;center&#8221;][\/vc_column][\/vc_row][vc_section][vc_row custom_width=&#8221;w-630&#8243;][vc_column][vc_column_text]<\/p>\n<h3 class=\"content-section-title has-line\">General contact details<\/h3>\n<p>[\/vc_column_text][\/vc_column][\/vc_row][vc_row custom_width=&#8221;w-630&#8243;][vc_column][vc_column_text]QUARANTINE CENTER FOR TOP ATHLETES<br \/>\nAddress: Dubov\u00e1 33, \u0160amor\u00edn<br \/>\nE-mail: <a href=\"mailto:karantennecentrum@x-bionicsphere.com?subject=offer_KCV\u0160\">karantennecentrum@x-bionicsphere.com<\/a><br \/>\n<span style=\"font-size: 1rem;\">Infoline: +421 31 32 62 000<br \/>\n<\/span><span style=\"font-size: 1rem;\">Coordinator of the Quarantine Pavilion: +421 911 153 688<br \/>\n<\/span>Coordinator of the Quarantine Center: +421 911 011\u00a0710[\/vc_column_text][\/vc_column][\/vc_row][\/vc_section]<\/p>\n","protected":false},"excerpt":{"rendered":"<p>[vc_row][vc_column offset=&#8221;vc_hidden-md vc_hidden-sm vc_hidden-xs&#8221;][\/vc_column][\/vc_row][vc_row][vc_column offset=&#8221;vc_hidden-lg&#8221;][vc_single_image image=&#8221;21691&#8243; img_size=&#8221;large&#8221; alignment=&#8221;center&#8221;][\/vc_column][\/vc_row][vc_section][vc_row custom_width=&#8221;w-630&#8243;][vc_column][vc_column_text] General contact details [\/vc_column_text][\/vc_column][\/vc_row][vc_row custom_width=&#8221;w-630&#8243;][vc_column][vc_column_text]QUARANTINE CENTER FOR TOP ATHLETES Address: Dubov\u00e1 33, \u0160amor\u00edn E-mail: karantennecentrum@x-bionicsphere.com Infoline: +421 31 32 62 000 Coordinator of the Quarantine Pavilion: +421 911 153 688 Coordinator of the Quarantine Center: +421 911 011\u00a0710[\/vc_column_text][\/vc_column][\/vc_row][\/vc_section]<\/p>\n","protected":false},"author":34,"featured_media":0,"parent":0,"menu_order":0,"comment_status":"closed","ping_status":"closed","template":"","meta":[],"categories":[],"acf":[],"_links":{"self":[{"href":"https:\/\/www.x-bionicsphere.com\/en\/wp-json\/wp\/v2\/pages\/22121"}],"collection":[{"href":"https:\/\/www.x-bionicsphere.com\/en\/wp-json\/wp\/v2\/pages"}],"about":[{"href":"https:\/\/www.x-bionicsphere.com\/en\/wp-json\/wp\/v2\/types\/page"}],"author":[{"embeddable":true,"href":"https:\/\/www.x-bionicsphere.com\/en\/wp-json\/wp\/v2\/users\/34"}],"replies":[{"embeddable":true,"href":"https:\/\/www.x-bionicsphere.com\/en\/wp-json\/wp\/v2\/comments?post=22121"}],"version-history":[{"count":8,"href":"https:\/\/www.x-bionicsphere.com\/en\/wp-json\/wp\/v2\/pages\/22121\/revisions"}],"predecessor-version":[{"id":22218,"href":"https:\/\/www.x-bionicsphere.com\/en\/wp-json\/wp\/v2\/pages\/22121\/revisions\/22218"}],"wp:attachment":[{"href":"https:\/\/www.x-bionicsphere.com\/en\/wp-json\/wp\/v2\/media?parent=22121"}],"wp:term":[{"taxonomy":"category","embeddable":true,"href":"https:\/\/www.x-bionicsphere.com\/en\/wp-json\/wp\/v2\/categories?post=22121"}],"curies":[{"name":"wp","href":"https:\/\/api.w.org\/{rel}","templated":true}]}}