{"id":25082,"date":"2022-01-06T14:10:50","date_gmt":"2022-01-06T13:10:50","guid":{"rendered":"https:\/\/www.x-bionicsphere.com\/?page_id=25082"},"modified":"2026-03-30T09:36:01","modified_gmt":"2026-03-30T07:36:01","slug":"apani-2","status":"publish","type":"page","link":"https:\/\/www.x-bionicsphere.com\/en\/restaurants\/apani-2\/","title":{"rendered":"APANI"},"content":{"rendered":"<p>[vc_section padding=&#8221;no-pad&#8221;][vc_row full_width=&#8221;stretch_row_content_no_spaces&#8221;][vc_column]        <div class=\"hero-component landing\">\r\n                              <div class=\"video-container\">\r\n            <video autoplay loop muted>\r\n              <source src=\"https:\/\/www.x-bionicsphere.com\/wp-content\/uploads\/2020\/10\/hero-banner-apani.mp4\" type=\"video\/mp4\">\r\n              Your browser does not support the video tag.\r\n            <\/video>\r\n          <\/div>\r\n                    <article class=\" text-only\">\r\n            <div class=\"container\">\r\n              <div class=\"content\">\r\n                <div class=\"left-side\">\r\n                                    <div class=\"breadcrumbs-element\">\r\n                    <ul><li><a href=\"https:\/\/www.x-bionicsphere.com\/en\/\" title=\"\">x-bionic sphere<\/a><\/li><li><a href=\"https:\/\/www.x-bionicsphere.com\/en\/restaurants\/\" title=\"\">Restaurants<\/a><\/li><li class=\"active\">APANI<\/li><\/ul>                  <\/div>\r\n                                                      <header>\r\n                                        <div class=\"pre-title\">Asian specialties made from fresh ingredients<\/div>\r\n                                        <h1 class=\"title\">APANI\u00ae<\/h1>\r\n                  <\/header>\r\n                                    <div class=\"body\">\r\n                                                          <\/div>\r\n                <\/div>\r\n                              <\/div>\r\n            <\/div>\r\n          <\/article>\r\n                    <div class=\"scroll\">\r\n            <span class=\"icon-scroll\"><\/span><span class=\"text\">skrolova\u0165 ni\u017e\u0161ie<\/span>\r\n          <\/div>\r\n                          <\/div>\r\n        [\/vc_column][\/vc_row][\/vc_section][vc_section][vc_row custom_width=&#8221;w-630&#8243;][vc_column][vc_column_text]<span style=\"font-size: 12pt;\">If you are fascinated by Asian cuisine or you are just about to discover it, the APANI\u00ae restaurant is perfect for you. We prepare Asian specialties from fresh and varied ingredients right in front of you. Come and enjoy traditional Japanese food and drinks, which will reveal the most delicious corners of the land of the rising sun.<\/span><\/p>\n<p><span style=\"font-size: 12pt;\">APANI\u00ae Asian restaurant has revamped its tastes, with the cornerstone of the newly complied menu being maximum freshness of ingredients. We are looking forward to your visit.<\/span>[\/vc_column_text][vc_empty_space][\/vc_column][\/vc_row][vc_row custom_width=&#8221;w-630&#8243;][vc_column][vc_empty_space][vc_column_text]<\/p>\n<h2 class=\"content-section-title has-line color-3\"><span style=\"font-size: 14pt;\"><strong>Opening hours<\/strong><\/span><\/h2>\n<div class=\"table-wrapper responsive\"><table style=\"border-collapse: collapse; width: 100%;\">\n<tbody>\n<tr>\n<td style=\"width: 50%;\"><span style=\"font-size: 12pt;\">Monday &#8211; Sunday<\/span><\/td>\n<td style=\"width: 50%;\"><span style=\"font-size: 12pt;\">11<sup>30<\/sup> &#8211; 23<sup>00<\/sup> (orders until 22<sup>30<\/sup>)<\/span><\/td>\n<\/tr>\n<\/tbody>\n<\/table><\/div>\n<p>[\/vc_column_text][\/vc_column][\/vc_row][vc_row custom_width=&#8221;w-630&#8243;][vc_column][vc_empty_space][vc_column_text]<\/p>\n<h2 class=\"content-section-title has-line color-3\"><span style=\"font-size: 14pt;\"><strong>Menu<\/strong><\/span><\/h2>\n<p><span style=\"font-size: 12pt;\">APANI\u00ae restaurant&#8217;s unique \u00e1 la carte menu was created with respect to its original concept with emphasis on quality and variety. Fell free to ask for advice from our experienced staff.<\/span>[\/vc_column_text][\/vc_column][\/vc_row][vc_row custom_width=&#8221;w-630&#8243; css=&#8221;.vc_custom_1521115257540{margin-top: 32px !important;}&#8221;][vc_column width=&#8221;1\/4&#8243;]            <div class=\"icon-link-item-container type-1 color-3\">\r\n              <a href=\"https:\/\/www.x-bionicsphere.com\/wp-content\/uploads\/2026\/02\/APANI_JARNYSPECIAL_2026_LCD.png\" title=\"\">\r\n                                <div class=\"icon\">\r\n                  <svg width=\"44\" height=\"48\" viewBox=\"0 0 44 48\" xmlns=\"http:\/\/www.w3.org\/2000\/svg\"><g stroke-width=\"2\" fill=\"none\" fill-rule=\"evenodd\" stroke-linejoin=\"round\"><g transform=\"translate(17.25 21.083)\"><circle class=\"color\" stroke=\"#384044\" fill=\"#384044\" cx=\"12.458\" cy=\"12.458\" r=\"11.5\"\/><path stroke=\"#FFF\" stroke-linecap=\"round\" d=\"M8.117 13.417l4.791 4.791 4.792-4.791M12.917 6v11.5\"\/><\/g><path d=\"M16.292 45.042h-11.5a3.835 3.835 0 0 1-3.834-3.834V5.75M37.375.958H4.792a3.834 3.834 0 0 0 0 7.667h32.583v8.625M4.792 5h30.666\" stroke=\"#384044\" stroke-linecap=\"round\"\/><\/g><\/svg>                <\/div>\r\n                                <div class=\"body\">\r\n                  <div class=\"title\">Spring Special APANI\u00ae<\/div>\r\n                <\/div>\r\n              <\/a>\r\n            <\/div>\r\n          [\/vc_column][vc_column width=&#8221;1\/4&#8243;]            <div class=\"icon-link-item-container type-1 color-3\">\r\n              <a href=\"https:\/\/www.x-bionicsphere.com\/wp-content\/uploads\/2026\/02\/FNB_APANI_NAPOJAK_2026-4.pdf\" title=\"\">\r\n                                <div class=\"icon\">\r\n                  <svg width=\"44\" height=\"48\" viewBox=\"0 0 44 48\" xmlns=\"http:\/\/www.w3.org\/2000\/svg\"><g stroke-width=\"2\" fill=\"none\" fill-rule=\"evenodd\" stroke-linejoin=\"round\"><g transform=\"translate(17.25 21.083)\"><circle class=\"color\" stroke=\"#384044\" fill=\"#384044\" cx=\"12.458\" cy=\"12.458\" r=\"11.5\"\/><path stroke=\"#FFF\" stroke-linecap=\"round\" d=\"M8.117 13.417l4.791 4.791 4.792-4.791M12.917 6v11.5\"\/><\/g><path d=\"M16.292 45.042h-11.5a3.835 3.835 0 0 1-3.834-3.834V5.75M37.375.958H4.792a3.834 3.834 0 0 0 0 7.667h32.583v8.625M4.792 5h30.666\" stroke=\"#384044\" stroke-linecap=\"round\"\/><\/g><\/svg>                <\/div>\r\n                                <div class=\"body\">\r\n                  <div class=\"title\">Menu APANI\u00ae<\/div>\r\n                <\/div>\r\n              <\/a>\r\n            <\/div>\r\n          [vc_empty_space][\/vc_column][vc_column width=&#8221;1\/4&#8243;]            <div class=\"icon-link-item-container type-1 color-3\">\r\n              <a href=\"https:\/\/www.x-bionicsphere.com\/wp-content\/uploads\/2026\/02\/FNB_APANI_NOVE_MENU_2026_JAN-6.pdf\" title=\"\">\r\n                                <div class=\"icon\">\r\n                  <svg width=\"44\" height=\"48\" viewBox=\"0 0 44 48\" xmlns=\"http:\/\/www.w3.org\/2000\/svg\"><g stroke-width=\"2\" fill=\"none\" fill-rule=\"evenodd\" stroke-linejoin=\"round\"><g transform=\"translate(17.25 21.083)\"><circle class=\"color\" stroke=\"#384044\" fill=\"#384044\" cx=\"12.458\" cy=\"12.458\" r=\"11.5\"\/><path stroke=\"#FFF\" stroke-linecap=\"round\" d=\"M8.117 13.417l4.791 4.791 4.792-4.791M12.917 6v11.5\"\/><\/g><path d=\"M16.292 45.042h-11.5a3.835 3.835 0 0 1-3.834-3.834V5.75M37.375.958H4.792a3.834 3.834 0 0 0 0 7.667h32.583v8.625M4.792 5h30.666\" stroke=\"#384044\" stroke-linecap=\"round\"\/><\/g><\/svg>                <\/div>\r\n                                <div class=\"body\">\r\n                  <div class=\"title\">Menu APANI\u00ae<\/div>\r\n                <\/div>\r\n              <\/a>\r\n            <\/div>\r\n          [\/vc_column][vc_column width=&#8221;1\/4&#8243;][\/vc_column][\/vc_row][vc_row custom_width=&#8221;w-630&#8243; css=&#8221;.vc_custom_1521115257540{margin-top: 32px !important;}&#8221;][vc_column width=&#8221;1\/3&#8243;][\/vc_column][vc_column width=&#8221;1\/3&#8243;][vc_raw_html]JTNDbGluayUyMGhyZWYlM0QlMjJodHRwcyUzQSUyRiUyRmF3YXJkcy5pbmZjZG4ubmV0JTJGcmVjdF92My5jc3MlMjIlMjByZWwlM0QlMjJzdHlsZXNoZWV0JTIyJTJGJTNFJTNDYSUyMGhyZWYlM0QlMjJodHRwcyUzQSUyRiUyRnJlc3RhdXJhbnRndXJ1LmNvbSUyRkFwYW5pLVNhbW9yaW4lMjIlMjB0YXJnZXQlM0QlMjJfYmxhbmslMjIlMjBpZCUzRCUyMnJlc3RfdjMlMjIlMjBvbmNsaWNrJTNEJTIyaWYlMjhldmVudC50YXJnZXQubm9kZU5hbWUudG9Mb3dlckNhc2UlMjglMjklMjAlMjElM0QlMjAlMjdhJTI3JTI5JTIwJTdCd2luZG93Lm9wZW4lMjh0aGlzLnF1ZXJ5U2VsZWN0b3IlMjglMjcuc3FfY2VudGVyJTI3JTI5LmhyZWYlMjklM0JyZXR1cm4lMjAwJTNCJTdEJTIyJTNFJTIwJTNDaW1nJTIwY2xhc3MlM0QlMjJyZXN0X3YzX19sb2dvJTIyJTIwc3JjJTNEJTIyaHR0cHMlM0ElMkYlMkYxMDYxOS0xLnMuY2RuMTIuY29tJTJGaW1nJTJGc2l0ZSUyRnJlc3BvbnNpdmUlMkZsb2dvX2d1cnUuc3ZnJTIyJTIwYWx0JTNEJTIyUmVzdGF1cmFudCUyMEd1cnUlMjIlM0UlMjAlM0NkaXYlMjBjbGFzcyUzRCUyMnJlc3RfdjNfX25vbSUyMiUzRSUyMEJlc3QlMjBzZXJ2aWNlJTIwJTNDJTJGZGl2JTNFJTIwJTNDZGl2JTIwY2xhc3MlM0QlMjJyZXN0X3YzX19uYW1lJTIwJTIyJTNFQVBBTkklM0MlMkZkaXYlM0UlMjAlM0NkaXYlMjBjbGFzcyUzRCUyMnJlc3RfdjNfX3llYXIlMjIlM0UlMjAyMDIzJTIwJTNDJTJGZGl2JTNFJTNDJTJGYSUzRQ==[\/vc_raw_html][\/vc_column][vc_column width=&#8221;1\/3&#8243;][\/vc_column][\/vc_row][vc_row custom_width=&#8221;w-1070&#8243;][vc_column]        <div class=\"info-box-component contact-box-component\">\r\n                    <figure class=\"fixed-bottom\">\r\n            <img width=\"300\" height=\"410\" src=\"https:\/\/www.x-bionicsphere.com\/wp-content\/uploads\/2018\/04\/restauracie_info.png\" class=\"attachment-md size-md\" alt=\"\" loading=\"lazy\" srcset=\"https:\/\/www.x-bionicsphere.com\/wp-content\/uploads\/2018\/04\/restauracie_info.png 300w, https:\/\/www.x-bionicsphere.com\/wp-content\/uploads\/2018\/04\/restauracie_info-220x300.png 220w\" sizes=\"(max-width: 300px) 100vw, 300px\" \/>          <\/figure>\r\n                    <div class=\"body\">\r\n            <div class=\"content-section-title has-line  color-1\">Kontakt a rezerv\u00e1cie<\/div>\r\n                        <address>\r\n                        <p>x-bionic\u00ae flavour sphere<\/p>\n<p><a href=\"tel:+421 904 210 261\">+421 904 210 261<\/a><br \/>\n<a href=\"mailto:restaurantreservations@x-bionicsphere.com\" title=\"\" class=\"link\">restaurantreservations@x-bionicsphere.com<\/a><\/p>\n                        <\/address>\r\n                      <\/div>\r\n        <\/div>\r\n        [\/vc_column][\/vc_row][\/vc_section][vc_section padding=&#8221;no-pad&#8221;][vc_row full_width=&#8221;stretch_row_content_no_spaces&#8221;][vc_column width=&#8221;1\/2&#8243;][vc_gallery type=&#8221;image_grid&#8221; images=&#8221;34897&#8243; img_size=&#8221;large&#8221;][\/vc_column][vc_column width=&#8221;1\/2&#8243;][vc_gallery type=&#8221;image_grid&#8221; images=&#8221;34893&#8243; img_size=&#8221;large&#8221;][\/vc_column][\/vc_row][vc_row][vc_column width=&#8221;1\/3&#8243;][vc_gallery type=&#8221;image_grid&#8221; images=&#8221;34905&#8243; img_size=&#8221;large&#8221;][\/vc_column][vc_column width=&#8221;1\/3&#8243;][vc_gallery type=&#8221;image_grid&#8221; images=&#8221;34909&#8243; img_size=&#8221;large&#8221;][\/vc_column][vc_column width=&#8221;1\/3&#8243;][vc_gallery type=&#8221;image_grid&#8221; images=&#8221;34901&#8243; img_size=&#8221;large&#8221;][\/vc_column][\/vc_row][\/vc_section][vc_section top_padding=&#8221;no-top-pad&#8221;][vc_row custom_width=&#8221;w-1070&#8243; css=&#8221;.vc_custom_1515139637507{margin-top: 60px !important;margin-bottom: 60px !important;}&#8221;][vc_column]        <div class=\"map-component has-legend no-pad\">\r\n          <div class=\"map-container\">\r\n            <img src=\"https:\/\/www.x-bionicsphere.com\/wp-content\/themes\/xbionic\/img\/map\/map-areal.jpg\" alt=\"\">\r\n                            <div class=\"pin\" data-id=\"1\" style=\"top: 48%; left: 81.25%;\">1<\/div>\r\n                              <div class=\"pin\" data-id=\"2\" style=\"top: 47.5%; left: 84%;\">2<\/div>\r\n                              <div class=\"pin\" data-id=\"3\" style=\"top: 53%; left: 78%;\">3<\/div>\r\n                        <\/div>\r\n                    <div class=\"map-legend\">\r\n            <div class=\"left-side\">\r\n              <div class=\"logo\"><img src=\"https:\/\/www.x-bionicsphere.com\/wp-content\/themes\/xbionic\/img\/logo.svg\" alt=\"\"><\/div>\r\n              <div class=\"sub-title\">the universe of sports, leisure and innovation<\/div>\r\n            <\/div>\r\n            <div class=\"right-side\">\r\n              <ol class=\"list\">\r\n                                    <li data-id=\"1\">X-BIONIC\u00ae HOTEL<\/li>\r\n                                      <li data-id=\"2\">Hotel Entry<\/li>\r\n                                      <li data-id=\"3\">APANI\u00ae<\/li>\r\n                                <\/ol>\r\n            <\/div>\r\n          <\/div>\r\n                  <\/div>\r\n        [\/vc_column][\/vc_row][\/vc_section]<\/p>\n","protected":false},"excerpt":{"rendered":"<p>[vc_section padding=&#8221;no-pad&#8221;][vc_row full_width=&#8221;stretch_row_content_no_spaces&#8221;][vc_column][\/vc_column][\/vc_row][\/vc_section][vc_section][vc_row custom_width=&#8221;w-630&#8243;][vc_column][vc_column_text]If you are fascinated by Asian cuisine or you are just about to discover it, the APANI\u00ae restaurant is perfect for you. We prepare Asian specialties from fresh and varied ingredients right in front of you. Come and enjoy traditional Japanese food and drinks, which will reveal the most delicious corners of [&hellip;]<\/p>\n","protected":false},"author":34,"featured_media":25088,"parent":12767,"menu_order":0,"comment_status":"closed","ping_status":"closed","template":"page-no-header-border.php","meta":[],"categories":[121,132],"acf":[],"_links":{"self":[{"href":"https:\/\/www.x-bionicsphere.com\/en\/wp-json\/wp\/v2\/pages\/25082"}],"collection":[{"href":"https:\/\/www.x-bionicsphere.com\/en\/wp-json\/wp\/v2\/pages"}],"about":[{"href":"https:\/\/www.x-bionicsphere.com\/en\/wp-json\/wp\/v2\/types\/page"}],"author":[{"embeddable":true,"href":"https:\/\/www.x-bionicsphere.com\/en\/wp-json\/wp\/v2\/users\/34"}],"replies":[{"embeddable":true,"href":"https:\/\/www.x-bionicsphere.com\/en\/wp-json\/wp\/v2\/comments?post=25082"}],"version-history":[{"count":51,"href":"https:\/\/www.x-bionicsphere.com\/en\/wp-json\/wp\/v2\/pages\/25082\/revisions"}],"predecessor-version":[{"id":45105,"href":"https:\/\/www.x-bionicsphere.com\/en\/wp-json\/wp\/v2\/pages\/25082\/revisions\/45105"}],"up":[{"embeddable":true,"href":"https:\/\/www.x-bionicsphere.com\/en\/wp-json\/wp\/v2\/pages\/12767"}],"wp:featuredmedia":[{"embeddable":true,"href":"https:\/\/www.x-bionicsphere.com\/en\/wp-json\/wp\/v2\/media\/25088"}],"wp:attachment":[{"href":"https:\/\/www.x-bionicsphere.com\/en\/wp-json\/wp\/v2\/media?parent=25082"}],"wp:term":[{"taxonomy":"category","embeddable":true,"href":"https:\/\/www.x-bionicsphere.com\/en\/wp-json\/wp\/v2\/categories?post=25082"}],"curies":[{"name":"wp","href":"https:\/\/api.w.org\/{rel}","templated":true}]}}