{"id":29839,"date":"2022-09-20T13:38:02","date_gmt":"2022-09-20T11:38:02","guid":{"rendered":"https:\/\/www.x-bionicsphere.com\/?page_id=29839"},"modified":"2026-03-25T14:35:53","modified_gmt":"2026-03-25T13:35:53","slug":"partners","status":"publish","type":"page","link":"https:\/\/www.x-bionicsphere.com\/en\/about-us\/partners\/","title":{"rendered":"Partners"},"content":{"rendered":"<p>[vc_section][vc_row][vc_column]        <div class=\"hero-component landing\">\r\n                              <div class=\"video-container\">\r\n            <video poster=\"https:\/\/www.x-bionicsphere.com\/wp-content\/uploads\/2019\/11\/atletika-hero-1920x638.jpg\" autoplay loop muted>\r\n              <source src=\"https:\/\/www.x-bionicsphere.com\/wp-content\/uploads\/2022\/02\/OTC_promovideo.mp4\" type=\"video\/mp4\">\r\n              Your browser does not support the video tag.\r\n            <\/video>\r\n          <\/div>\r\n                    <article class=\" text-only\">\r\n            <div class=\"container\">\r\n              <div class=\"content\">\r\n                <div class=\"left-side\">\r\n                                                      <header>\r\n                                        <h1 class=\"title\">Become a partner of Olympic Training Centre x-bionic\u00ae sphere<\/h1>\r\n                  <\/header>\r\n                                    <div class=\"body\">\r\n                                                          <\/div>\r\n                <\/div>\r\n                              <\/div>\r\n            <\/div>\r\n          <\/article>\r\n                    <div class=\"scroll\">\r\n            <span class=\"icon-scroll\"><\/span><span class=\"text\">skrolova\u0165 ni\u017e\u0161ie<\/span>\r\n          <\/div>\r\n                          <\/div>\r\n        [\/vc_column][\/vc_row][\/vc_section][vc_section][vc_row custom_width=&#8221;w-630&#8243;][vc_column][vc_row_inner custom_width=&#8221;w-630&#8243;][vc_column_inner][vc_column_text]<\/p>\n<h2 class=\"content-section-title has-line\"><strong><span style=\"font-size: 18pt;\">Idea of creation<\/span><\/strong><\/h2>\n<p><span style=\"font-size: 12pt;\">Resort x-bionic\u00ae sphere was created to establish excellent conditions not only for sportsmen, but also for people who enjoy good astronomy and well &#8211; spent quality relax and leisure time. Besides top-sport facilitities visitors can find here thousands options for spending their free time.<\/span>[\/vc_column_text][\/vc_column_inner][\/vc_row_inner][\/vc_column][\/vc_row][vc_row][vc_column][vc_row_inner custom_width=&#8221;w-630&#8243;][vc_column_inner][vc_column_text]<span style=\"font-size: 12pt;\">x-bionic\u00ae sphere offers its premises to many local and international sports events, which attract thousands of sportsmen and spectators from all over the world. Each sphere of the resort has its unique atmosphere, which makes it ideal place fro everyone.<\/span><\/p>\n<p><span style=\"font-size: 12pt;\">Since 2017 the x-bionic\u00ae sphere resort is Official Training Centre, which offers professional conditions for training of 27 olympic sports. Either you organize international equestrian race or local swim race, sportsmen can use professional equipment of all areas and those who come to support them will experience the highest level of service.<\/span><\/p>\n<p><span style=\"font-size: 12pt;\">Over the last years the x-bionic\u00ae sphere resort welcomed thousands of professional and amateur sportsmen, tens of thousands of spectators and received support and positive feedback from every corner of the world. In addition to sports events, the x-bionic\u00ae sphere resort hosted numerous cultural events, concerts, stand-ups, talk shows and art performances.<\/span>[\/vc_column_text][\/vc_column_inner][\/vc_row_inner][\/vc_column][\/vc_row][vc_row custom_width=&#8221;w-630&#8243;][vc_column][vc_row_inner][vc_column_inner][vc_column_text]<\/p>\n<h2 class=\"content-section-title has-line\"><span style=\"font-size: 18pt;\"><strong>Become our partner<\/strong><\/span><\/h2>\n<p><span style=\"font-size: 12pt;\">Do you like our vision? Get in touch with us, become our partner or sponsor and together we can move sports and leisure culture one step further.<\/span>[\/vc_column_text][\/vc_column_inner][\/vc_row_inner][vc_row_inner][vc_column_inner][vc_empty_space][\/vc_column_inner][\/vc_row_inner][vc_row_inner][vc_column_inner]            <div class=\"icon-link-item-container type-1 color-1\">\r\n              <a href=\"https:\/\/www.x-bionicsphere.com\/wp-content\/uploads\/2026\/01\/PPT_PREZENTACIA_NEW_2026_JAN_FINAL_WEB.pdf\" title=\"\">\r\n                                <div class=\"icon\">\r\n                  <svg width=\"44\" height=\"48\" viewBox=\"0 0 44 48\" xmlns=\"http:\/\/www.w3.org\/2000\/svg\"><g stroke-width=\"2\" fill=\"none\" fill-rule=\"evenodd\" stroke-linejoin=\"round\"><g transform=\"translate(17.25 21.083)\"><circle class=\"color\" stroke=\"#384044\" fill=\"#384044\" cx=\"12.458\" cy=\"12.458\" r=\"11.5\"\/><path stroke=\"#FFF\" stroke-linecap=\"round\" d=\"M8.117 13.417l4.791 4.791 4.792-4.791M12.917 6v11.5\"\/><\/g><path d=\"M16.292 45.042h-11.5a3.835 3.835 0 0 1-3.834-3.834V5.75M37.375.958H4.792a3.834 3.834 0 0 0 0 7.667h32.583v8.625M4.792 5h30.666\" stroke=\"#384044\" stroke-linecap=\"round\"\/><\/g><\/svg>                <\/div>\r\n                                <div class=\"body\">\r\n                  <div class=\"title\">Partnership presentation<\/div>\r\n                <\/div>\r\n              <\/a>\r\n            <\/div>\r\n          [\/vc_column_inner][\/vc_row_inner][vc_empty_space][vc_row_inner][vc_column_inner]            <div class=\"icon-link-item-container type-1 color-1\">\r\n              <a href=\"https:\/\/www.x-bionicsphere.com\/wp-content\/uploads\/2023\/03\/PARTNERSHIP_BRANDING_A.pdf\" title=\"\">\r\n                                <div class=\"icon\">\r\n                  <svg width=\"44\" height=\"48\" viewBox=\"0 0 44 48\" xmlns=\"http:\/\/www.w3.org\/2000\/svg\"><g stroke-width=\"2\" fill=\"none\" fill-rule=\"evenodd\" stroke-linejoin=\"round\"><g transform=\"translate(17.25 21.083)\"><circle class=\"color\" stroke=\"#384044\" fill=\"#384044\" cx=\"12.458\" cy=\"12.458\" r=\"11.5\"\/><path stroke=\"#FFF\" stroke-linecap=\"round\" d=\"M8.117 13.417l4.791 4.791 4.792-4.791M12.917 6v11.5\"\/><\/g><path d=\"M16.292 45.042h-11.5a3.835 3.835 0 0 1-3.834-3.834V5.75M37.375.958H4.792a3.834 3.834 0 0 0 0 7.667h32.583v8.625M4.792 5h30.666\" stroke=\"#384044\" stroke-linecap=\"round\"\/><\/g><\/svg>                <\/div>\r\n                                <div class=\"body\">\r\n                  <div class=\"title\">Year-around visibility<\/div>\r\n                <\/div>\r\n              <\/a>\r\n            <\/div>\r\n          [\/vc_column_inner][\/vc_row_inner][vc_empty_space][vc_row_inner][vc_column_inner width=&#8221;1\/2&#8243;]            <div class=\"icon-link-item-container type-1 color-1\">\r\n              <a href=\"https:\/\/www.x-bionicsphere.com\/wp-content\/uploads\/2024\/09\/TCH_25_PARTNER_PREZENTACIA.pdf\" title=\"\">\r\n                                <div class=\"icon\">\r\n                  <svg width=\"44\" height=\"48\" viewBox=\"0 0 44 48\" xmlns=\"http:\/\/www.w3.org\/2000\/svg\"><g stroke-width=\"2\" fill=\"none\" fill-rule=\"evenodd\" stroke-linejoin=\"round\"><g transform=\"translate(17.25 21.083)\"><circle class=\"color\" stroke=\"#384044\" fill=\"#384044\" cx=\"12.458\" cy=\"12.458\" r=\"11.5\"\/><path stroke=\"#FFF\" stroke-linecap=\"round\" d=\"M8.117 13.417l4.791 4.791 4.792-4.791M12.917 6v11.5\"\/><\/g><path d=\"M16.292 45.042h-11.5a3.835 3.835 0 0 1-3.834-3.834V5.75M37.375.958H4.792a3.834 3.834 0 0 0 0 7.667h32.583v8.625M4.792 5h30.666\" stroke=\"#384044\" stroke-linecap=\"round\"\/><\/g><\/svg>                <\/div>\r\n                                <div class=\"body\">\r\n                  <div class=\"title\">Become a partner of the Championship<\/div>\r\n                <\/div>\r\n              <\/a>\r\n            <\/div>\r\n          [\/vc_column_inner][vc_column_inner width=&#8221;1\/2&#8243;]            <div class=\"icon-link-item-container type-1 color-1\">\r\n              <a href=\"https:\/\/www.x-bionicsphere.com\/wp-content\/uploads\/2025\/06\/FAPC_PP_EN_03.pdf\" title=\"\">\r\n                                <div class=\"icon\">\r\n                  <svg width=\"44\" height=\"48\" viewBox=\"0 0 44 48\" xmlns=\"http:\/\/www.w3.org\/2000\/svg\"><g stroke-width=\"2\" fill=\"none\" fill-rule=\"evenodd\" stroke-linejoin=\"round\"><g transform=\"translate(17.25 21.083)\"><circle class=\"color\" stroke=\"#384044\" fill=\"#384044\" cx=\"12.458\" cy=\"12.458\" r=\"11.5\"\/><path stroke=\"#FFF\" stroke-linecap=\"round\" d=\"M8.117 13.417l4.791 4.791 4.792-4.791M12.917 6v11.5\"\/><\/g><path d=\"M16.292 45.042h-11.5a3.835 3.835 0 0 1-3.834-3.834V5.75M37.375.958H4.792a3.834 3.834 0 0 0 0 7.667h32.583v8.625M4.792 5h30.666\" stroke=\"#384044\" stroke-linecap=\"round\"\/><\/g><\/svg>                <\/div>\r\n                                <div class=\"body\">\r\n                  <div class=\"title\">Become a partner of Farrier\u2019s Arena Polo Cup<\/div>\r\n                <\/div>\r\n              <\/a>\r\n            <\/div>\r\n          [\/vc_column_inner][\/vc_row_inner][\/vc_column][\/vc_row][\/vc_section][vc_section][vc_row custom_width=&#8221;w-1070&#8243;][vc_column][vc_separator color=&#8221;sandy_brown&#8221; border_width=&#8221;2&#8243; el_width=&#8221;80&#8243;][\/vc_column][\/vc_row][vc_row][vc_column width=&#8221;1\/4&#8243;][\/vc_column][vc_column width=&#8221;1\/2&#8243;][vc_single_image image=&#8221;45063&#8243; img_size=&#8221;large&#8221;][\/vc_column][vc_column width=&#8221;1\/4&#8243;][\/vc_column][\/vc_row][vc_row custom_width=&#8221;w-1070&#8243;][vc_column][vc_separator color=&#8221;sandy_brown&#8221; border_width=&#8221;2&#8243; el_width=&#8221;80&#8243;][\/vc_column][\/vc_row][\/vc_section][vc_section][\/vc_section]<\/p>\n","protected":false},"excerpt":{"rendered":"<p>[vc_section][vc_row][vc_column][\/vc_column][\/vc_row][\/vc_section][vc_section][vc_row custom_width=&#8221;w-630&#8243;][vc_column][vc_row_inner custom_width=&#8221;w-630&#8243;][vc_column_inner][vc_column_text] Idea of creation Resort x-bionic\u00ae sphere was created to establish excellent conditions not only for sportsmen, but also for people who enjoy good astronomy and well &#8211; spent quality relax and leisure time. Besides top-sport facilitities visitors can find here thousands options for spending their free time.[\/vc_column_text][\/vc_column_inner][\/vc_row_inner][\/vc_column][\/vc_row][vc_row][vc_column][vc_row_inner custom_width=&#8221;w-630&#8243;][vc_column_inner][vc_column_text]x-bionic\u00ae sphere offers its premises [&hellip;]<\/p>\n","protected":false},"author":35,"featured_media":0,"parent":4723,"menu_order":0,"comment_status":"closed","ping_status":"closed","template":"","meta":[],"categories":[22],"acf":[],"_links":{"self":[{"href":"https:\/\/www.x-bionicsphere.com\/en\/wp-json\/wp\/v2\/pages\/29839"}],"collection":[{"href":"https:\/\/www.x-bionicsphere.com\/en\/wp-json\/wp\/v2\/pages"}],"about":[{"href":"https:\/\/www.x-bionicsphere.com\/en\/wp-json\/wp\/v2\/types\/page"}],"author":[{"embeddable":true,"href":"https:\/\/www.x-bionicsphere.com\/en\/wp-json\/wp\/v2\/users\/35"}],"replies":[{"embeddable":true,"href":"https:\/\/www.x-bionicsphere.com\/en\/wp-json\/wp\/v2\/comments?post=29839"}],"version-history":[{"count":61,"href":"https:\/\/www.x-bionicsphere.com\/en\/wp-json\/wp\/v2\/pages\/29839\/revisions"}],"predecessor-version":[{"id":45067,"href":"https:\/\/www.x-bionicsphere.com\/en\/wp-json\/wp\/v2\/pages\/29839\/revisions\/45067"}],"up":[{"embeddable":true,"href":"https:\/\/www.x-bionicsphere.com\/en\/wp-json\/wp\/v2\/pages\/4723"}],"wp:attachment":[{"href":"https:\/\/www.x-bionicsphere.com\/en\/wp-json\/wp\/v2\/media?parent=29839"}],"wp:term":[{"taxonomy":"category","embeddable":true,"href":"https:\/\/www.x-bionicsphere.com\/en\/wp-json\/wp\/v2\/categories?post=29839"}],"curies":[{"name":"wp","href":"https:\/\/api.w.org\/{rel}","templated":true}]}}