{"id":30659,"date":"2022-11-18T11:33:55","date_gmt":"2022-11-18T10:33:55","guid":{"rendered":"https:\/\/www.x-bionicsphere.com\/?page_id=30659"},"modified":"2024-05-28T10:01:48","modified_gmt":"2024-05-28T08:01:48","slug":"gift-card","status":"publish","type":"page","link":"https:\/\/www.x-bionicsphere.com\/en\/gift-card\/","title":{"rendered":"Gift Card"},"content":{"rendered":"<p>[vc_section padding=&#8221;no-pad&#8221;][vc_row full_width=&#8221;stretch_row_content_no_spaces&#8221;][vc_column]        <div class=\"hero-component landing\">\r\n                              <figure>\r\n            <img width=\"1920\" height=\"851\" src=\"https:\/\/www.x-bionicsphere.com\/wp-content\/uploads\/2022\/06\/X-CARD_WEB_BANNER_2.jpg\" class=\"attachment-hero size-hero\" alt=\"\" loading=\"lazy\" srcset=\"https:\/\/www.x-bionicsphere.com\/wp-content\/uploads\/2022\/06\/X-CARD_WEB_BANNER_2.jpg 1920w, https:\/\/www.x-bionicsphere.com\/wp-content\/uploads\/2022\/06\/X-CARD_WEB_BANNER_2-300x133.jpg 300w, https:\/\/www.x-bionicsphere.com\/wp-content\/uploads\/2022\/06\/X-CARD_WEB_BANNER_2-1024x454.jpg 1024w, https:\/\/www.x-bionicsphere.com\/wp-content\/uploads\/2022\/06\/X-CARD_WEB_BANNER_2-768x340.jpg 768w, https:\/\/www.x-bionicsphere.com\/wp-content\/uploads\/2022\/06\/X-CARD_WEB_BANNER_2-1536x681.jpg 1536w, https:\/\/www.x-bionicsphere.com\/wp-content\/uploads\/2022\/06\/X-CARD_WEB_BANNER_2-480x213.jpg 480w, https:\/\/www.x-bionicsphere.com\/wp-content\/uploads\/2022\/06\/X-CARD_WEB_BANNER_2-992x440.jpg 992w, https:\/\/www.x-bionicsphere.com\/wp-content\/uploads\/2022\/06\/X-CARD_WEB_BANNER_2-1200x532.jpg 1200w\" sizes=\"(max-width: 1920px) 100vw, 1920px\" \/>          <\/figure>\r\n                    <article class=\" text-only\">\r\n            <div class=\"container\">\r\n              <div class=\"content\">\r\n                <div class=\"left-side\">\r\n                                    <div class=\"breadcrumbs-element\">\r\n                    <ul><li><a href=\"https:\/\/www.x-bionicsphere.com\/en\/\" title=\"\">x-bionic sphere<\/a><\/li><li class=\"active\">Gift Card<\/li><\/ul>                  <\/div>\r\n                                                      <header>\r\n                                        <div class=\"pre-title\">dar\u010dek pre ka\u017ed\u00e9ho<\/div>\r\n                                        <h1 class=\"title\">Gift Card<\/h1>\r\n                  <\/header>\r\n                                    <div class=\"body\">\r\n                                                          <\/div>\r\n                <\/div>\r\n                              <\/div>\r\n            <\/div>\r\n          <\/article>\r\n                    <div class=\"scroll\">\r\n            <span class=\"icon-scroll\"><\/span><span class=\"text\">skrolova\u0165 ni\u017e\u0161ie<\/span>\r\n          <\/div>\r\n                          <\/div>\r\n        [\/vc_column][\/vc_row][\/vc_section][vc_section top_padding=&#8221;big-top-pad&#8221; bottom_padding=&#8221;small-bottom-pad&#8221;][vc_row custom_width=&#8221;w-630&#8243;][vc_column][vc_column_text]<\/p>\n<h1 class=\"content-section-title has-line\">Make your loved ones happy and give them a GIFT CARD<\/h1>\n<p>Sometimes it is very hard to guess what would make your loved ones happy. Only they know what would make them happy the most. Maybe they want to go for a massage or enjoy wellness after some hard days or they want to take care of their fitness.<\/p>\n<h4>Where can you use the GIFT CARD (multipurpose gift voucher)?<\/h4>\n<ul>\n<li>Restaurants<\/li>\n<li>Gym &#8211; entries and group exercises<\/li>\n<li>Wellness \u2013 entries, group exercises, procedures<\/li>\n<li>AQUA\u00a0 \u2013 entries<\/li>\n<li>Accommodation<\/li>\n<\/ul>\n<p>You can buy GIFT CARD at any reception in x-bionic\u00ae sphere in the amount of 20,00 \u20ac, 50,00 \u20ac, 100,00 \u20ac or a combination of them. It is an ideal gift not only for your loved ones, but also for your employees.<\/p>\n<p>GIFT CARDS are governed by the General Terms and Conditions of Gift Vouchers and the General Terms and Conditions of Multipurpose Gift Vouchers.<\/p>\n<p>If you have any questions regarding the GIFT CARD, please email to <a href=\"mailto:giftcard@x-bionicsphere.com\">giftcard@x-bionicsphere.com.\u00a0<\/a>[\/vc_column_text][\/vc_column][\/vc_row][vc_row custom_width=&#8221;w-630&#8243;][vc_column][\/vc_column][\/vc_row][vc_row custom_width=&#8221;w-630&#8243;][vc_column][\/vc_column][\/vc_row][vc_row custom_width=&#8221;w-630&#8243;][vc_column width=&#8221;1\/3&#8243;]            <div class=\"icon-link-item-container type-1 color-1\">\r\n              <a href=\"https:\/\/www.x-bionicsphere.com\/wp-content\/uploads\/2023\/02\/Distance-contract.pdf\" title=\"\">\r\n                                <div class=\"icon\">\r\n                  <svg width=\"44\" height=\"48\" viewBox=\"0 0 44 48\" xmlns=\"http:\/\/www.w3.org\/2000\/svg\"><g stroke-width=\"2\" fill=\"none\" fill-rule=\"evenodd\" stroke-linejoin=\"round\"><g transform=\"translate(17.25 21.083)\"><circle class=\"color\" stroke=\"#384044\" fill=\"#384044\" cx=\"12.458\" cy=\"12.458\" r=\"11.5\"\/><path stroke=\"#FFF\" stroke-linecap=\"round\" d=\"M8.117 13.417l4.791 4.791 4.792-4.791M12.917 6v11.5\"\/><\/g><path d=\"M16.292 45.042h-11.5a3.835 3.835 0 0 1-3.834-3.834V5.75M37.375.958H4.792a3.834 3.834 0 0 0 0 7.667h32.583v8.625M4.792 5h30.666\" stroke=\"#384044\" stroke-linecap=\"round\"\/><\/g><\/svg>                <\/div>\r\n                                <div class=\"body\">\r\n                  <div class=\"title\">Distance Contract<\/div>\r\n                <\/div>\r\n              <\/a>\r\n            <\/div>\r\n          [\/vc_column][vc_column width=&#8221;1\/3&#8243;]            <div class=\"icon-link-item-container type-1 color-1\">\r\n              <a href=\"https:\/\/www.x-bionicsphere.com\/wp-content\/uploads\/2023\/02\/Gift-Card-purchase-form.pdf\" title=\"\">\r\n                                <div class=\"icon\">\r\n                  <svg width=\"44\" height=\"48\" viewBox=\"0 0 44 48\" xmlns=\"http:\/\/www.w3.org\/2000\/svg\"><g stroke-width=\"2\" fill=\"none\" fill-rule=\"evenodd\" stroke-linejoin=\"round\"><g transform=\"translate(17.25 21.083)\"><circle class=\"color\" stroke=\"#384044\" fill=\"#384044\" cx=\"12.458\" cy=\"12.458\" r=\"11.5\"\/><path stroke=\"#FFF\" stroke-linecap=\"round\" d=\"M8.117 13.417l4.791 4.791 4.792-4.791M12.917 6v11.5\"\/><\/g><path d=\"M16.292 45.042h-11.5a3.835 3.835 0 0 1-3.834-3.834V5.75M37.375.958H4.792a3.834 3.834 0 0 0 0 7.667h32.583v8.625M4.792 5h30.666\" stroke=\"#384044\" stroke-linecap=\"round\"\/><\/g><\/svg>                <\/div>\r\n                                <div class=\"body\">\r\n                  <div class=\"title\">Gift Card Purchase Form<\/div>\r\n                <\/div>\r\n              <\/a>\r\n            <\/div>\r\n          [\/vc_column][vc_column width=&#8221;1\/3&#8243;]            <div class=\"icon-link-item-container type-1 color-1\">\r\n              <a href=\"https:\/\/www.x-bionicsphere.com\/wp-content\/uploads\/2023\/02\/WITHDRAWAL-FORM.pdf\" title=\"\">\r\n                                <div class=\"icon\">\r\n                  <svg width=\"44\" height=\"48\" viewBox=\"0 0 44 48\" xmlns=\"http:\/\/www.w3.org\/2000\/svg\"><g stroke-width=\"2\" fill=\"none\" fill-rule=\"evenodd\" stroke-linejoin=\"round\"><g transform=\"translate(17.25 21.083)\"><circle class=\"color\" stroke=\"#384044\" fill=\"#384044\" cx=\"12.458\" cy=\"12.458\" r=\"11.5\"\/><path stroke=\"#FFF\" stroke-linecap=\"round\" d=\"M8.117 13.417l4.791 4.791 4.792-4.791M12.917 6v11.5\"\/><\/g><path d=\"M16.292 45.042h-11.5a3.835 3.835 0 0 1-3.834-3.834V5.75M37.375.958H4.792a3.834 3.834 0 0 0 0 7.667h32.583v8.625M4.792 5h30.666\" stroke=\"#384044\" stroke-linecap=\"round\"\/><\/g><\/svg>                <\/div>\r\n                                <div class=\"body\">\r\n                  <div class=\"title\">Withdrawal Form<\/div>\r\n                <\/div>\r\n              <\/a>\r\n            <\/div>\r\n          [\/vc_column][\/vc_row][vc_row][vc_column][vc_empty_space][\/vc_column][\/vc_row][vc_row custom_width=&#8221;w-630&#8243;][vc_column width=&#8221;1\/2&#8243; offset=&#8221;vc_hidden-lg vc_hidden-md vc_hidden-sm vc_hidden-xs&#8221;]            <div class=\"icon-link-item-container type-1 color-1\">\r\n              <a href=\"https:\/\/www.x-bionicsphere.com\/wp-content\/uploads\/2018\/05\/VOP_GIFT-CARD_01.02.2018.pdf\" title=\"\">\r\n                                <div class=\"icon\">\r\n                  <svg width=\"44\" height=\"48\" viewBox=\"0 0 44 48\" xmlns=\"http:\/\/www.w3.org\/2000\/svg\"><g stroke-width=\"2\" fill=\"none\" fill-rule=\"evenodd\" stroke-linejoin=\"round\"><g transform=\"translate(17.25 21.083)\"><circle class=\"color\" stroke=\"#384044\" fill=\"#384044\" cx=\"12.458\" cy=\"12.458\" r=\"11.5\"\/><path stroke=\"#FFF\" stroke-linecap=\"round\" d=\"M8.117 13.417l4.791 4.791 4.792-4.791M12.917 6v11.5\"\/><\/g><path d=\"M16.292 45.042h-11.5a3.835 3.835 0 0 1-3.834-3.834V5.75M37.375.958H4.792a3.834 3.834 0 0 0 0 7.667h32.583v8.625M4.792 5h30.666\" stroke=\"#384044\" stroke-linecap=\"round\"\/><\/g><\/svg>                <\/div>\r\n                                <div class=\"body\">\r\n                  <div class=\"title\">V\u0161eobecn\u00e9 obchodn\u00e9 podmienky Dar\u010dekov\u00fdch poukazov<\/div>\r\n                <\/div>\r\n              <\/a>\r\n            <\/div>\r\n          [\/vc_column][vc_column width=&#8221;1\/2&#8243; offset=&#8221;vc_hidden-lg vc_hidden-md vc_hidden-sm vc_hidden-xs&#8221;][\/vc_column][\/vc_row][vc_row][vc_column][vc_empty_space][\/vc_column][\/vc_row][vc_row custom_width=&#8221;w-630&#8243;][vc_column width=&#8221;1\/3&#8243;]            <div class=\"icon-link-item-container type-1 color-1\">\r\n              <a href=\"https:\/\/www.x-bionicsphere.com\/wp-content\/uploads\/2023\/02\/GENERAL-TERMS-AND-CONDITIONS_2022.pdf\" title=\"\">\r\n                                <div class=\"icon\">\r\n                  <svg width=\"44\" height=\"48\" viewBox=\"0 0 44 48\" xmlns=\"http:\/\/www.w3.org\/2000\/svg\"><g stroke-width=\"2\" fill=\"none\" fill-rule=\"evenodd\" stroke-linejoin=\"round\"><g transform=\"translate(17.25 21.083)\"><circle class=\"color\" stroke=\"#384044\" fill=\"#384044\" cx=\"12.458\" cy=\"12.458\" r=\"11.5\"\/><path stroke=\"#FFF\" stroke-linecap=\"round\" d=\"M8.117 13.417l4.791 4.791 4.792-4.791M12.917 6v11.5\"\/><\/g><path d=\"M16.292 45.042h-11.5a3.835 3.835 0 0 1-3.834-3.834V5.75M37.375.958H4.792a3.834 3.834 0 0 0 0 7.667h32.583v8.625M4.792 5h30.666\" stroke=\"#384044\" stroke-linecap=\"round\"\/><\/g><\/svg>                <\/div>\r\n                                <div class=\"body\">\r\n                  <div class=\"title\">General Terms and Conditions Gift Card<\/div>\r\n                <\/div>\r\n              <\/a>\r\n            <\/div>\r\n          [\/vc_column][vc_column width=&#8221;1\/3&#8243;][\/vc_column][vc_column width=&#8221;1\/3&#8243;]            <div class=\"icon-link-item-container type-1 color-1\">\r\n              <a href=\"https:\/\/www.x-bionicsphere.com\/wp-content\/uploads\/2023\/02\/COMPLAINT-FORM.pdf\" title=\"\">\r\n                                <div class=\"icon\">\r\n                  <svg width=\"44\" height=\"48\" viewBox=\"0 0 44 48\" xmlns=\"http:\/\/www.w3.org\/2000\/svg\"><g stroke-width=\"2\" fill=\"none\" fill-rule=\"evenodd\" stroke-linejoin=\"round\"><g transform=\"translate(17.25 21.083)\"><circle class=\"color\" stroke=\"#384044\" fill=\"#384044\" cx=\"12.458\" cy=\"12.458\" r=\"11.5\"\/><path stroke=\"#FFF\" stroke-linecap=\"round\" d=\"M8.117 13.417l4.791 4.791 4.792-4.791M12.917 6v11.5\"\/><\/g><path d=\"M16.292 45.042h-11.5a3.835 3.835 0 0 1-3.834-3.834V5.75M37.375.958H4.792a3.834 3.834 0 0 0 0 7.667h32.583v8.625M4.792 5h30.666\" stroke=\"#384044\" stroke-linecap=\"round\"\/><\/g><\/svg>                <\/div>\r\n                                <div class=\"body\">\r\n                  <div class=\"title\">Complaint Form<\/div>\r\n                <\/div>\r\n              <\/a>\r\n            <\/div>\r\n          [\/vc_column][\/vc_row][\/vc_section][vc_section][vc_row full_width=&#8221;stretch_row_content_no_spaces&#8221;][vc_column]                <div class=\"slider-gallery-component\">\r\n    \t\t\t<div class=\"slider\">\r\n                \t\t\t\t<div class=\"slider-item\" data-title=\"x-bionic\u00ae sphere\">\r\n    \t\t\t\t\t<figure><img width=\"1440\" height=\"809\" src=\"https:\/\/www.x-bionicsphere.com\/wp-content\/uploads\/2018\/03\/DJI_0789-e1523129873461.jpg\" class=\"attachment-full size-full\" alt=\"\" loading=\"lazy\" \/><\/figure>\r\n    \t\t\t\t<\/div>\r\n                \t\t\t\t<div class=\"slider-item\" data-title=\"rezort x-bionic\u00ae sphere\">\r\n    \t\t\t\t\t<figure><img width=\"2000\" height=\"1123\" src=\"https:\/\/www.x-bionicsphere.com\/wp-content\/uploads\/2018\/04\/DJI_0798-e1523218343439.jpg\" class=\"attachment-full size-full\" alt=\"\" loading=\"lazy\" \/><\/figure>\r\n    \t\t\t\t<\/div>\r\n                \t\t\t\t<div class=\"slider-item\" data-title=\"x-bionic\u00ae equestor sphere\">\r\n    \t\t\t\t\t<figure><img width=\"1440\" height=\"809\" src=\"https:\/\/www.x-bionicsphere.com\/wp-content\/uploads\/2018\/03\/DJI_0014-Indoor-e1522595929394.jpg\" class=\"attachment-full size-full\" alt=\"\" loading=\"lazy\" \/><\/figure>\r\n    \t\t\t\t<\/div>\r\n                \t\t\t\t<div class=\"slider-item\" data-title=\"x-bionic\u00ae strato sphere\">\r\n    \t\t\t\t\t<figure><img width=\"1440\" height=\"1080\" src=\"https:\/\/www.x-bionicsphere.com\/wp-content\/uploads\/2018\/03\/16_stratosphere_FG_HR_14-e1522589115272.jpg\" class=\"attachment-full size-full\" alt=\"\" loading=\"lazy\" \/><\/figure>\r\n    \t\t\t\t<\/div>\r\n                \t\t\t\t<div class=\"slider-item\" data-title=\"x-bionic\u00ae strato sphere\">\r\n    \t\t\t\t\t<figure><img width=\"5804\" height=\"4354\" src=\"https:\/\/www.x-bionicsphere.com\/wp-content\/uploads\/2018\/03\/16_stratosphere_FG_HR_17.jpg\" class=\"attachment-full size-full\" alt=\"\" loading=\"lazy\" \/><\/figure>\r\n    \t\t\t\t<\/div>\r\n                \t\t\t\t<div class=\"slider-item\" data-title=\"x-bionic\u00ae wellness sphere\">\r\n    \t\t\t\t\t<figure><img width=\"2560\" height=\"1123\" src=\"https:\/\/www.x-bionicsphere.com\/wp-content\/uploads\/2019\/07\/algpv7uz44u21506-hotel-oman-hero5.jpg\" class=\"attachment-full size-full\" alt=\"\" loading=\"lazy\" srcset=\"https:\/\/www.x-bionicsphere.com\/wp-content\/uploads\/2019\/07\/algpv7uz44u21506-hotel-oman-hero5.jpg 2560w, https:\/\/www.x-bionicsphere.com\/wp-content\/uploads\/2019\/07\/algpv7uz44u21506-hotel-oman-hero5-300x132.jpg 300w, https:\/\/www.x-bionicsphere.com\/wp-content\/uploads\/2019\/07\/algpv7uz44u21506-hotel-oman-hero5-768x337.jpg 768w, https:\/\/www.x-bionicsphere.com\/wp-content\/uploads\/2019\/07\/algpv7uz44u21506-hotel-oman-hero5-1024x449.jpg 1024w, https:\/\/www.x-bionicsphere.com\/wp-content\/uploads\/2019\/07\/algpv7uz44u21506-hotel-oman-hero5-480x211.jpg 480w, https:\/\/www.x-bionicsphere.com\/wp-content\/uploads\/2019\/07\/algpv7uz44u21506-hotel-oman-hero5-992x435.jpg 992w, https:\/\/www.x-bionicsphere.com\/wp-content\/uploads\/2019\/07\/algpv7uz44u21506-hotel-oman-hero5-1200x526.jpg 1200w, https:\/\/www.x-bionicsphere.com\/wp-content\/uploads\/2019\/07\/algpv7uz44u21506-hotel-oman-hero5-2000x877.jpg 2000w\" sizes=\"(max-width: 2560px) 100vw, 2560px\" \/><\/figure>\r\n    \t\t\t\t<\/div>\r\n                \t\t\t\t<div class=\"navigation-container\">\r\n    \t\t\t\t\t<div class=\"container-width w-630\">\r\n    \t\t\t\t\t\t<div class=\"count\">\r\n    \t\t\t\t\t\t\t<div class=\"current\"><\/div>\/<div class=\"total\"><\/div>\r\n    \t\t\t\t\t\t<\/div>\r\n    \t\t\t\t\t\t<div class=\"title\"><\/div>\r\n    \t\t\t\t\t\t<div class=\"arrows\"><\/div>\r\n    \t\t\t\t\t<\/div>\r\n    \t\t\t\t<\/div>\r\n    \t\t\t<\/div>\r\n    \t\t<\/div>\r\n                [\/vc_column][\/vc_row][\/vc_section]<\/p>\n","protected":false},"excerpt":{"rendered":"<p>[vc_section padding=&#8221;no-pad&#8221;][vc_row full_width=&#8221;stretch_row_content_no_spaces&#8221;][vc_column][\/vc_column][\/vc_row][\/vc_section][vc_section top_padding=&#8221;big-top-pad&#8221; bottom_padding=&#8221;small-bottom-pad&#8221;][vc_row custom_width=&#8221;w-630&#8243;][vc_column][vc_column_text] Make your loved ones happy and give them a GIFT CARD Sometimes it is very hard to guess what would make your loved ones happy. Only they know what would make them happy the most. Maybe they want to go for a massage or enjoy wellness after some hard [&hellip;]<\/p>\n","protected":false},"author":35,"featured_media":0,"parent":0,"menu_order":0,"comment_status":"closed","ping_status":"closed","template":"","meta":[],"categories":[],"acf":[],"_links":{"self":[{"href":"https:\/\/www.x-bionicsphere.com\/en\/wp-json\/wp\/v2\/pages\/30659"}],"collection":[{"href":"https:\/\/www.x-bionicsphere.com\/en\/wp-json\/wp\/v2\/pages"}],"about":[{"href":"https:\/\/www.x-bionicsphere.com\/en\/wp-json\/wp\/v2\/types\/page"}],"author":[{"embeddable":true,"href":"https:\/\/www.x-bionicsphere.com\/en\/wp-json\/wp\/v2\/users\/35"}],"replies":[{"embeddable":true,"href":"https:\/\/www.x-bionicsphere.com\/en\/wp-json\/wp\/v2\/comments?post=30659"}],"version-history":[{"count":11,"href":"https:\/\/www.x-bionicsphere.com\/en\/wp-json\/wp\/v2\/pages\/30659\/revisions"}],"predecessor-version":[{"id":38298,"href":"https:\/\/www.x-bionicsphere.com\/en\/wp-json\/wp\/v2\/pages\/30659\/revisions\/38298"}],"wp:attachment":[{"href":"https:\/\/www.x-bionicsphere.com\/en\/wp-json\/wp\/v2\/media?parent=30659"}],"wp:term":[{"taxonomy":"category","embeddable":true,"href":"https:\/\/www.x-bionicsphere.com\/en\/wp-json\/wp\/v2\/categories?post=30659"}],"curies":[{"name":"wp","href":"https:\/\/api.w.org\/{rel}","templated":true}]}}