{"id":39993,"date":"2024-10-11T13:22:54","date_gmt":"2024-10-11T11:22:54","guid":{"rendered":"https:\/\/www.x-bionicsphere.com\/?page_id=39993"},"modified":"2024-10-11T14:12:25","modified_gmt":"2024-10-11T12:12:25","slug":"the-sphere-times-en","status":"publish","type":"page","link":"https:\/\/www.x-bionicsphere.com\/en\/about-us\/the-sphere-times-en\/","title":{"rendered":"The Sphere Times EN"},"content":{"rendered":"<p>[vc_section padding=&#8221;no-pad&#8221;][vc_row full_width=&#8221;stretch_row_content_no_spaces&#8221;][vc_column]        <div class=\"hero-component landing\">\r\n                              <div class=\"video-container\">\r\n            <video poster=\"https:\/\/www.x-bionicsphere.com\/wp-content\/uploads\/2018\/02\/2-8.png\" autoplay loop muted>\r\n              <source src=\"http:\/\/www.x-bionicsphere.com\/wp-content\/uploads\/2018\/04\/XBS-Rio-showreel-notitles-HD-HQ_zostrih_nizka-kvalita-720.mp4\" type=\"video\/mp4\">\r\n              Your browser does not support the video tag.\r\n            <\/video>\r\n          <\/div>\r\n                    <article class=\" text-only\">\r\n            <div class=\"container\">\r\n              <div class=\"content\">\r\n                <div class=\"left-side\">\r\n                                    <div class=\"breadcrumbs-element\">\r\n                    <ul><li><a href=\"https:\/\/www.x-bionicsphere.com\/en\/\" title=\"\">x-bionic sphere<\/a><\/li><li><a href=\"https:\/\/www.x-bionicsphere.com\/en\/about-us\/\" title=\"\">About us<\/a><\/li><li class=\"active\">The Sphere Times EN<\/li><\/ul>                  <\/div>\r\n                                                      <header>\r\n                                        <div class=\"pre-title\">jasn\u00e1 v\u00edzia \u0161portu a relaxu<\/div>\r\n                                        <h1 class=\"title\">rezort x-bionic\u00ae sphere<\/h1>\r\n                  <\/header>\r\n                                    <div class=\"body\">\r\n                                                          <\/div>\r\n                <\/div>\r\n                              <\/div>\r\n            <\/div>\r\n          <\/article>\r\n                    <div class=\"scroll\">\r\n            <span class=\"icon-scroll\"><\/span><span class=\"text\">skrolova\u0165 ni\u017e\u0161ie<\/span>\r\n          <\/div>\r\n                          <\/div>\r\n        [\/vc_column][\/vc_row][\/vc_section][vc_section top_padding=&#8221;big-top-pad&#8221; bottom_padding=&#8221;small-bottom-pad&#8221;][vc_row custom_width=&#8221;w-630&#8243;][vc_column][vc_column_text]<\/p>\n<h2 class=\"content-section-title has-line\"><span style=\"font-size: 14pt;\"><strong>The Sphere Times Resort Newspaper<\/strong><\/span><\/h2>\n<p>[\/vc_column_text][vc_column_text]We always strive to keep you well-informed about everything happening in our resort. In addition to sharing the latest updates on our social media, we\u2019ve decided to take it a step further by launching The Sphere Times, a resort newspaper filled with captivating interviews, fascinating stories, and behind-the-scenes insights you may not have known about.<\/p>\n<p>Each issue will bring you closer to the world-class athletes who regularly visit our resort, as they share their journeys and career achievements. Moreover, we\u2019ll give you an exclusive look into the organization of our largest events and reveal how we prepare for our top occasions.<\/p>\n<p>We are excited to share this content with you, and we hope that reading our newspaper brings you as much joy as we have in creating it.<\/p>\n<p>Following the success of The Sphere Times 01, we are continuing with the release of The Sphere Times 02 for the autumn\/winter 2024\/2025 edition, where we focus on the Olympic Games as part of our Olympic Training Center theme.[\/vc_column_text][vc_empty_space][\/vc_column][\/vc_row][vc_row custom_width=&#8221;w-630&#8243;][vc_column width=&#8221;1\/2&#8243;]            <div class=\"icon-link-item-container type-1 color-1\">\r\n              <a href=\"https:\/\/www.x-bionicsphere.com\/en\/package\/the-sphere-times-01-en\/\" title=\"\">\r\n                                <div class=\"icon\">\r\n                  <svg width=\"44\" height=\"48\" viewBox=\"0 0 44 48\" xmlns=\"http:\/\/www.w3.org\/2000\/svg\"><g stroke-width=\"2\" fill=\"none\" fill-rule=\"evenodd\" stroke-linejoin=\"round\"><g transform=\"translate(17.25 21.083)\"><circle class=\"color\" stroke=\"#384044\" fill=\"#384044\" cx=\"12.458\" cy=\"12.458\" r=\"11.5\"\/><path stroke=\"#FFF\" stroke-linecap=\"round\" d=\"M8.117 13.417l4.791 4.791 4.792-4.791M12.917 6v11.5\"\/><\/g><path d=\"M16.292 45.042h-11.5a3.835 3.835 0 0 1-3.834-3.834V5.75M37.375.958H4.792a3.834 3.834 0 0 0 0 7.667h32.583v8.625M4.792 5h30.666\" stroke=\"#384044\" stroke-linecap=\"round\"\/><\/g><\/svg>                <\/div>\r\n                                <div class=\"body\">\r\n                  <div class=\"title\">The Sphere Times 01.<\/div>\r\n                <\/div>\r\n              <\/a>\r\n            <\/div>\r\n          [\/vc_column][vc_column width=&#8221;1\/2&#8243;]            <div class=\"icon-link-item-container type-1 color-1\">\r\n              <a href=\"https:\/\/www.x-bionicsphere.com\/en\/package\/the-sphere-times-02-en\/\" title=\"\">\r\n                                <div class=\"icon\">\r\n                  <svg width=\"47\" height=\"47\" viewBox=\"0 0 47 47\" xmlns=\"http:\/\/www.w3.org\/2000\/svg\"><g fill=\"none\" fill-rule=\"evenodd\"><g transform=\"translate(22 22)\"><circle class=\"color\" fill=\"#384044\" cx=\"12\" cy=\"12\" r=\"12\"\/><path d=\"M12 19v-8\" stroke=\"#FFF\" stroke-width=\"2\" stroke-linecap=\"round\"\/><circle stroke=\"#FFF\" stroke-width=\"2\" fill=\"#FFF\" stroke-linecap=\"round\" stroke-linejoin=\"round\" cx=\"12\" cy=\"6.5\" r=\"1\"\/><\/g><path d=\"M6.988 13h9m-9 6h16m-16 6h12m-12 6h10\" stroke=\"#384044\" stroke-width=\"2\" stroke-linecap=\"round\" stroke-linejoin=\"round\"\/><g stroke-linecap=\"round\" stroke-width=\"2\" stroke=\"#384044\" stroke-linejoin=\"round\"><path d=\"M21 43H1V1h22l10 10v8\"\/><path d=\"M23 1v10h10\"\/><\/g><\/g><\/svg>                <\/div>\r\n                                <div class=\"body\">\r\n                  <div class=\"title\">The Sphere Times 02.<\/div>\r\n                <\/div>\r\n              <\/a>\r\n            <\/div>\r\n          [\/vc_column][\/vc_row][\/vc_section][vc_section top_padding=&#8221;no-top-pad&#8221;][vc_row custom_width=&#8221;w-630&#8243;][vc_column][\/vc_column][\/vc_row][\/vc_section][vc_section][vc_row custom_width=&#8221;w-630&#8243;][vc_column][vc_column_text]<\/p>\n<div class=\"wpb_text_column wpb_content_element \">\n<div class=\"wpb_wrapper\">\n<h2 class=\"color-1 content-section-title has-line\"><span style=\"font-size: 14pt;\">Aktuality v x-bionic\u00ae sphere<\/span><\/h2>\n<\/div>\n<\/div>\n<div class=\"vc_empty_space\"><span style=\"font-size: 10pt;\">Z\u00e1le\u017e\u00ed n\u00e1m na tom, aby v\u00e1m bolo u n\u00e1s \u010do najlep\u0161ie. Preto tu v\u017edy m\u00f4\u017eete n\u00e1js\u0165 najnov\u0161ie oznamy o novink\u00e1ch alebo odst\u00e1vkach v x-bionic\u00ae sphere.<\/span><\/div>\n<p>[\/vc_column_text][\/vc_column][\/vc_row][vc_row custom_width=&#8221;w-630&#8243;][vc_column]        <div class=\"entity-list-component color-1\" data-ajax-url=\"https:\/\/www.x-bionicsphere.com\/wp-content\/themes\/xbionic\/ajax\/ajax.php\" data-ajax-action=\"get-entity-list-page\" data-ajax-data='{\"query\":\"size:3|posts_per_page:-1\"}' data-ajax-method=\"POST\">\r\n          <div class=\"list\">\r\n                        <div class=\"item\">\r\n              <div class=\"entity-list-item-container type-1 color-1\">\r\n  <a href=\"https:\/\/www.x-bionicsphere.com\/en\/sport-en\/easter-holiday-change-of-opening-hours-2\/\" title=\"\" class=\"overlay-link\">\r\n    <div class=\"content-container\">\r\n      <div class=\"date\">11. October 2024<\/div>\r\n      <div class=\"title\">Easter Holiday &#8211;  change of opening hours<\/div>\r\n      <p>[vc_row custom_width=&#8221;w-630&#8243;][vc_column][vc_column_text] Easter Holiday &#8211; change of opening hours Easter holidays are slowly approaching and we would like to inform you about the changes of opening hours. x-bionic\u00ae aquatic sphere: 6. &#8211; 11.4. 2023 (Thursday &#8211; Tuesday)* 08:00 &#8211; 20:00 *Please note that on 7 April, 2023, special price of the 3-hour entry does not [&hellip;]<\/p>\r\n    <\/div>\r\n        <div class=\"image-container\">\r\n      <figure>\r\n        <img src=\"https:\/\/www.x-bionicsphere.com\/wp-content\/uploads\/2023\/01\/XBS_AKTUALITA_BOX_EN-264x360.jpg\" class=\"attachment-info-box size-info-box wp-post-image\" alt=\"\" loading=\"lazy\" \/>      <\/figure>\r\n    <\/div>\r\n      <\/a>\r\n<\/div>\r\n            <\/div>\r\n                        <div class=\"item\">\r\n              <div class=\"entity-list-item-container type-1 color-1\">\r\n  <a href=\"https:\/\/www.x-bionicsphere.com\/en\/rezort-vsetky-aktuality\/change-of-payment-method-from-1-6-2024-in-x-bionic-aquatic-sphere\/\" title=\"\" class=\"overlay-link\">\r\n    <div class=\"content-container\">\r\n      <div class=\"date\">26. June 2024<\/div>\r\n      <div class=\"title\">Change of payment method from 1.6.2024 in x-bionic\u00ae aquatic sphere<\/div>\r\n      <p>[vc_row custom_width=&#8221;w-630&#8243;][vc_column][vc_column_text] x-bionic\u00ae aquatic sphere Dear customers, we would like to inform you about the change, which will take effect on June 1, 2024. In our gastro establishments in the x-bionic\u00ae aquatic sphere, consumption will be paid directly on the spot from this date and will no longer be recorded on the wristband. You will [&hellip;]<\/p>\r\n    <\/div>\r\n        <div class=\"image-container\">\r\n      <figure>\r\n        <img src=\"https:\/\/www.x-bionicsphere.com\/wp-content\/uploads\/2024\/05\/3R6A0234-264x360.jpg\" class=\"attachment-info-box size-info-box wp-post-image\" alt=\"\" loading=\"lazy\" \/>      <\/figure>\r\n    <\/div>\r\n      <\/a>\r\n<\/div>\r\n            <\/div>\r\n                        <div class=\"item\">\r\n              <div class=\"entity-list-item-container type-1 color-1\">\r\n  <a href=\"https:\/\/www.x-bionicsphere.com\/en\/rezort-vsetky-aktuality\/easter-holiday-change-of-opening-hours\/\" title=\"\" class=\"overlay-link\">\r\n    <div class=\"content-container\">\r\n      <div class=\"date\">04. April 2023<\/div>\r\n      <div class=\"title\">Easter Holiday &#8211;  change of opening hours<\/div>\r\n      <p>[vc_row custom_width=&#8221;w-630&#8243;][vc_column][vc_column_text] Easter Holiday &#8211; change of opening hours Easter holidays are slowly approaching and we would like to inform you about the changes of opening hours. x-bionic\u00ae aquatic sphere: 6. &#8211; 11.4. 2023 (Thursday &#8211; Tuesday)* 08:00 &#8211; 20:00 *Please note that on 7 April, 2023, special price of the 3-hour entry does not [&hellip;]<\/p>\r\n    <\/div>\r\n        <div class=\"image-container\">\r\n      <figure>\r\n        <img src=\"https:\/\/www.x-bionicsphere.com\/wp-content\/uploads\/2023\/01\/XBS_AKTUALITA_BOX_EN-264x360.jpg\" class=\"attachment-info-box size-info-box wp-post-image\" alt=\"\" loading=\"lazy\" \/>      <\/figure>\r\n    <\/div>\r\n      <\/a>\r\n<\/div>\r\n            <\/div>\r\n                      <\/div>\r\n                              <div class=\"buttons-container\">\r\n            <a href=\"https:\/\/www.x-bionicsphere.com\/category\/napisali-o-nas\" title=\"\" class=\"button\">V\u0160ETKY \u010cL\u00c1NKY O X-BIONIC\u00ae SPHERE<\/a>\r\n          <\/div>\r\n                    <div class=\"loader\"><div class=\"inner\"><svg version=\"1.1\" id=\"L6\" xmlns=\"https:\/\/www.w3.org\/2000\/svg\" xmlns:xlink=\"https:\/\/www.w3.org\/1999\/xlink\" x=\"0px\" y=\"0px\"\r\n  viewBox=\"0 0 100 100\" enable-background=\"new 0 0 100 100\" xml:space=\"preserve\">\r\n   <rect fill=\"none\" stroke=\"#fff\" stroke-width=\"4\" x=\"25\" y=\"25\" width=\"50\" height=\"50\">\r\n  <animateTransform\r\n     attributeName=\"transform\"\r\n     dur=\"0.5s\"\r\n     from=\"0 50 50\"\r\n     to=\"180 50 50\"\r\n     type=\"rotate\"\r\n     id=\"strokeBox\"\r\n     attributeType=\"XML\"\r\n     begin=\"rectBox.end\"\/>\r\n  <\/rect>\r\n   <rect x=\"27\" y=\"27\" fill=\"#fff\" width=\"46\" height=\"50\">\r\n  <animate\r\n     attributeName=\"height\"\r\n     dur=\"1.3s\"\r\n     attributeType=\"XML\"\r\n     from=\"50\"\r\n     to=\"0\"\r\n     id=\"rectBox\"\r\n     fill=\"freeze\"\r\n     begin=\"0s;strokeBox.end\"\/>\r\n  <\/rect>\r\n<\/svg>\r\n<\/div><\/div>\r\n        <\/div>\r\n        [\/vc_column][\/vc_row][\/vc_section][vc_section top_padding=&#8221;no-top-pad&#8221;][\/vc_section]<\/p>\n","protected":false},"excerpt":{"rendered":"<p>[vc_section padding=&#8221;no-pad&#8221;][vc_row full_width=&#8221;stretch_row_content_no_spaces&#8221;][vc_column][\/vc_column][\/vc_row][\/vc_section][vc_section top_padding=&#8221;big-top-pad&#8221; bottom_padding=&#8221;small-bottom-pad&#8221;][vc_row custom_width=&#8221;w-630&#8243;][vc_column][vc_column_text] The Sphere Times Resort Newspaper [\/vc_column_text][vc_column_text]We always strive to keep you well-informed about everything happening in our resort. In addition to sharing the latest updates on our social media, we\u2019ve decided to take it a step further by launching The Sphere Times, a resort newspaper filled with captivating interviews, [&hellip;]<\/p>\n","protected":false},"author":36,"featured_media":987,"parent":4723,"menu_order":0,"comment_status":"closed","ping_status":"closed","template":"page-no-header-border.php","meta":[],"categories":[],"acf":[],"_links":{"self":[{"href":"https:\/\/www.x-bionicsphere.com\/en\/wp-json\/wp\/v2\/pages\/39993"}],"collection":[{"href":"https:\/\/www.x-bionicsphere.com\/en\/wp-json\/wp\/v2\/pages"}],"about":[{"href":"https:\/\/www.x-bionicsphere.com\/en\/wp-json\/wp\/v2\/types\/page"}],"author":[{"embeddable":true,"href":"https:\/\/www.x-bionicsphere.com\/en\/wp-json\/wp\/v2\/users\/36"}],"replies":[{"embeddable":true,"href":"https:\/\/www.x-bionicsphere.com\/en\/wp-json\/wp\/v2\/comments?post=39993"}],"version-history":[{"count":8,"href":"https:\/\/www.x-bionicsphere.com\/en\/wp-json\/wp\/v2\/pages\/39993\/revisions"}],"predecessor-version":[{"id":40094,"href":"https:\/\/www.x-bionicsphere.com\/en\/wp-json\/wp\/v2\/pages\/39993\/revisions\/40094"}],"up":[{"embeddable":true,"href":"https:\/\/www.x-bionicsphere.com\/en\/wp-json\/wp\/v2\/pages\/4723"}],"wp:featuredmedia":[{"embeddable":true,"href":"https:\/\/www.x-bionicsphere.com\/en\/wp-json\/wp\/v2\/media\/987"}],"wp:attachment":[{"href":"https:\/\/www.x-bionicsphere.com\/en\/wp-json\/wp\/v2\/media?parent=39993"}],"wp:term":[{"taxonomy":"category","embeddable":true,"href":"https:\/\/www.x-bionicsphere.com\/en\/wp-json\/wp\/v2\/categories?post=39993"}],"curies":[{"name":"wp","href":"https:\/\/api.w.org\/{rel}","templated":true}]}}