{"id":4595,"date":"2018-05-24T09:28:27","date_gmt":"2018-05-24T09:28:27","guid":{"rendered":"https:\/\/www.x-bionicsphere.com\/farriers-steak-house\/"},"modified":"2024-09-05T14:15:43","modified_gmt":"2024-09-05T12:15:43","slug":"farriers-restaurant","status":"publish","type":"page","link":"https:\/\/www.x-bionicsphere.com\/en\/restaurants\/farriers-restaurant\/","title":{"rendered":"Farrier\u2019s Restaurant"},"content":{"rendered":"<p>[vc_section padding=&#8221;no-pad&#8221;][vc_row full_width=&#8221;stretch_row_content_no_spaces&#8221;][vc_column offset=&#8221;vc_hidden-sm vc_hidden-xs&#8221;]        <div class=\"hero-component landing\">\r\n                              <div class=\"video-container\">\r\n            <video autoplay loop muted>\r\n              <source src=\"https:\/\/www.x-bionicsphere.com\/wp-content\/uploads\/2018\/04\/Farriers-steak-house.mp4\" type=\"video\/mp4\">\r\n              Your browser does not support the video tag.\r\n            <\/video>\r\n          <\/div>\r\n                    <article class=\" text-only\">\r\n            <div class=\"container\">\r\n              <div class=\"content\">\r\n                <div class=\"left-side\">\r\n                                    <div class=\"breadcrumbs-element\">\r\n                    <ul><li><a href=\"https:\/\/www.x-bionicsphere.com\/en\/\" title=\"\">x-bionic sphere<\/a><\/li><li><a href=\"https:\/\/www.x-bionicsphere.com\/en\/restaurants\/\" title=\"\">Restaurants<\/a><\/li><li class=\"active\">Farrier\u2019s Restaurant<\/li><\/ul>                  <\/div>\r\n                                                      <header>\r\n                                        <h1 class=\"title\">Farrier's Restaurant<\/h1>\r\n                  <\/header>\r\n                                    <div class=\"body\">\r\n                                                          <\/div>\r\n                <\/div>\r\n                              <\/div>\r\n            <\/div>\r\n          <\/article>\r\n                    <div class=\"scroll\">\r\n            <span class=\"icon-scroll\"><\/span><span class=\"text\">skrolova\u0165 ni\u017e\u0161ie<\/span>\r\n          <\/div>\r\n                          <\/div>\r\n        [\/vc_column][\/vc_row][vc_row][vc_column offset=&#8221;vc_hidden-lg vc_hidden-md&#8221;][vc_single_image image=&#8221;22798&#8243; img_size=&#8221;large&#8221; alignment=&#8221;center&#8221;][\/vc_column][\/vc_row][\/vc_section][vc_section][vc_row custom_width=&#8221;w-630&#8243;][vc_column][vc_column_text]<\/p>\n<h2 class=\"content-section-title has-line color-1 color-3\">Farrier\u2019s Restaurant<\/h2>\n<p>Enjoy with us the atmosphere of the Farrier&#8217;s restaurant, its spacious terrace connected to the equestrian world and the dishes prepared in the Tuscan oven with an unmistakable taste and aroma. Here you will experience a pleasant evening in the company of friends, acquaintances, with pleasant food or with a glass of quality wine.<\/p>\n<p>We don&#8217;t serve food, we serve an experience.[\/vc_column_text][vc_column_text]<\/p>\n<h2 class=\"content-section-title has-line color-1 color-3\">Opening hours<\/h2>\n<p>Dear visitors, the restaurant is currently closed for technical reasons.[\/vc_column_text][\/vc_column][\/vc_row][vc_row custom_width=&#8221;w-630&#8243;][vc_column width=&#8221;1\/2&#8243; offset=&#8221;vc_hidden-lg vc_hidden-md vc_hidden-sm vc_hidden-xs&#8221;]            <div class=\"icon-link-item-container type-1 color-1\">\r\n              <a href=\"https:\/\/www.x-bionicsphere.com\/wp-content\/uploads\/2023\/05\/denne-menu-Farriers_en.pdf\" title=\"\">\r\n                                <div class=\"icon\">\r\n                  <svg width=\"46\" height=\"47\" viewBox=\"0 0 46 47\" xmlns=\"http:\/\/www.w3.org\/2000\/svg\"><g fill=\"none\" fill-rule=\"evenodd\"><path stroke=\"#384044\" stroke-width=\"2\" stroke-linecap=\"round\" stroke-linejoin=\"round\" d=\"M33.542 8.625h-10.54l-1.8-3.833h-8.744m19.167 0h-6.706l-1.8-3.834h-8.744m21.083 26.834V12.458H21.085l-1.8-3.833h-8.743v19.167\"\/><path class=\"fill\" stroke=\"#384044\" stroke-width=\"2\" stroke-linecap=\"round\" stroke-linejoin=\"round\" d=\"M1.958 31.625l6.709-11.5h1.875m24.916 0h1.875l6.709 11.5\"\/><path class=\"color\" d=\"M45.042 45.042H.958V31.625h14.375v1.917a3.843 3.843 0 0 0 3.834 3.833h8.625a3.843 3.843 0 0 0 3.833-3.833v-1.917h13.417v13.417z\" fill=\"#384044\"\/><\/g><\/svg>\r\n                <\/div>\r\n                                <div class=\"body\">\r\n                  <div class=\"title\">Daily menu<\/div>\r\n                <\/div>\r\n              <\/a>\r\n            <\/div>\r\n          [vc_empty_space][\/vc_column][vc_column width=&#8221;1\/2&#8243; offset=&#8221;vc_hidden-lg vc_hidden-md vc_hidden-sm vc_hidden-xs&#8221;]            <div class=\"icon-link-item-container type-1 color-1\">\r\n              <a href=\"https:\/\/www.x-bionicsphere.com\/wp-content\/uploads\/2023\/05\/specialne-steak-menu_en.pdf\" title=\"\">\r\n                                <div class=\"icon\">\r\n                  <svg width=\"46\" height=\"47\" viewBox=\"0 0 46 47\" xmlns=\"http:\/\/www.w3.org\/2000\/svg\"><g fill=\"none\" fill-rule=\"evenodd\"><path stroke=\"#384044\" stroke-width=\"2\" stroke-linecap=\"round\" stroke-linejoin=\"round\" d=\"M33.542 8.625h-10.54l-1.8-3.833h-8.744m19.167 0h-6.706l-1.8-3.834h-8.744m21.083 26.834V12.458H21.085l-1.8-3.833h-8.743v19.167\"\/><path class=\"fill\" stroke=\"#384044\" stroke-width=\"2\" stroke-linecap=\"round\" stroke-linejoin=\"round\" d=\"M1.958 31.625l6.709-11.5h1.875m24.916 0h1.875l6.709 11.5\"\/><path class=\"color\" d=\"M45.042 45.042H.958V31.625h14.375v1.917a3.843 3.843 0 0 0 3.834 3.833h8.625a3.843 3.843 0 0 0 3.833-3.833v-1.917h13.417v13.417z\" fill=\"#384044\"\/><\/g><\/svg>\r\n                <\/div>\r\n                                <div class=\"body\">\r\n                  <div class=\"title\">Special menu with Steaks<\/div>\r\n                <\/div>\r\n              <\/a>\r\n            <\/div>\r\n          [vc_empty_space][\/vc_column][\/vc_row][vc_row custom_width=&#8221;w-630&#8243;][vc_column][vc_video link=&#8221;https:\/\/youtu.be\/TP4jEZSFkAc&#8221;][vc_empty_space][\/vc_column][\/vc_row][vc_row custom_width=&#8221;w-1070&#8243;][vc_column]        <div class=\"info-box-component contact-box-component\">\r\n                    <figure class=\"fixed-bottom\">\r\n            <img width=\"992\" height=\"1488\" src=\"https:\/\/www.x-bionicsphere.com\/wp-content\/uploads\/2018\/10\/MG_7587-992x1488.jpg\" class=\"attachment-md size-md\" alt=\"\" loading=\"lazy\" srcset=\"https:\/\/www.x-bionicsphere.com\/wp-content\/uploads\/2018\/10\/MG_7587-992x1488.jpg 992w, https:\/\/www.x-bionicsphere.com\/wp-content\/uploads\/2018\/10\/MG_7587-200x300.jpg 200w, https:\/\/www.x-bionicsphere.com\/wp-content\/uploads\/2018\/10\/MG_7587-768x1152.jpg 768w, https:\/\/www.x-bionicsphere.com\/wp-content\/uploads\/2018\/10\/MG_7587-682x1024.jpg 682w, https:\/\/www.x-bionicsphere.com\/wp-content\/uploads\/2018\/10\/MG_7587-480x720.jpg 480w, https:\/\/www.x-bionicsphere.com\/wp-content\/uploads\/2018\/10\/MG_7587-1200x1800.jpg 1200w, https:\/\/www.x-bionicsphere.com\/wp-content\/uploads\/2018\/10\/MG_7587.jpg 1333w\" sizes=\"(max-width: 992px) 100vw, 992px\" \/>          <\/figure>\r\n                    <div class=\"body\">\r\n            <div class=\"content-section-title has-line  color-1\">Contact and reservations<\/div>\r\n                        <address>\r\n                        <p>x-bionic\u00ae flavour sphere<\/p>\n<p>tel:+421 904 210 261<br \/>\n<a href=\"mailto:restaurantreservations@x-bionicsphere.com\" title=\"\" class=\"link\">restaurantreservations@x-bionicsphere.com<\/a><\/p>\n                        <\/address>\r\n                      <\/div>\r\n        <\/div>\r\n        [\/vc_column][\/vc_row][\/vc_section][vc_section padding=&#8221;no-pad&#8221;][vc_row custom_width=&#8221;w-630&#8243;][vc_column offset=&#8221;vc_hidden-lg vc_hidden-md vc_hidden-sm vc_hidden-xs&#8221;][vc_column_text]<\/p>\n<h2 class=\"color-3 content-section-title has-line\">Interior<\/h2>\n<p>The rustic interior with a touch of elegance features attractive decorative elements and original equestrian-inspired furnishings.<\/p>\n<p>Our restaurant is open year-around and here for every visitor longing for top-quality gastronomy and a lounge in a pleasant environment.<\/p>\n<p>While in the winter its cosy and warm atmosphere is reinforced by wood cracking in an open hearth, it also lures with its comfortable seating on airy terraces with a beautiful equestrian facility view in the summer time.<\/p>\n<p>However, the must-do experience certainly is the kitchen. All meals from the grill are prepared in an original Tuscany oven by gastronomic maestro Paolo Parisi who has worked hard for many years to bring his product to perfection. Unlike other types of charcoal grills, there are no temperature oscillations during cooking as this grill can maintain its optimal temperature constantly in its interior. This results in the unmistakable flavour and taste of our dishes. In our oven, we prepare various kinds of meat, a number of warm side dishes, as well as desserts. The uniqueness of our Tuscany oven is underscored by the fact that there only are three such ovens in central Europe.<br \/>\n[\/vc_column_text][\/vc_column][\/vc_row][\/vc_section][vc_section][vc_row custom_width=&#8221;w-630&#8243;][vc_column offset=&#8221;vc_hidden-lg vc_hidden-md vc_hidden-sm vc_hidden-xs&#8221;][vc_column_text]<\/p>\n<h2 class=\"color-3 content-section-title has-line\">Steaks<\/h2>\n<p>We make our steaks from USDA Prime beef.<\/p>\n<p>Based on an evaluation on using very strict breeding, feeding, and other assessed requirements, the United States Department of Agriculture (USDA) awards its USDA Prime certificates. Less than 2% of the total annual beef production in the US can be USDA Prime certified. Furthermore, USDA also assigns yearly export quotas for Europe. Therefore, occasional outages for the European market are nothing rare.<br \/>\n.<br \/>\nThis beef comes from young (22 to 24-month-old) bulls and is typical for its marbling. The producers achieve the marbling thanks to using corn and meadow grass as cattle fodder. This gives the beef its delicately fine and juicy taste with a buttery flavour.<\/p>\n<p>To achieve such a delicious taste, beef maturation is equally important. The method we use for the maturation of our USDA Prime is called Dry Ageing. It involves the beef being placed in special cooling boxes and refrigerators with a minimum humidity and exposed to dry air circulation around the meat.<br \/>\nDuring the process the beef therefore loses its hardness as well as moisture. In this way, the beef loses approximately up to 20% of its original weight. The price for this loss, however, is a more distinct and intense flavour, the refinement of the muscles, and a more pronounced marbling.<\/p>\n<p>The pleasant and unique gastronomic experience at Farrier\u2019s Steak House is complete thanks to our trained staff who will be happy to advise our guests on meal selection. It is a matter-of-course that we at Farrier\u2019s Steak House will be honoured to organize a birthday party, a wedding or any other social or business event for you.<br \/>\n[\/vc_column_text][\/vc_column][\/vc_row][\/vc_section][vc_section top_padding=&#8221;big-top-pad&#8221; bottom_padding=&#8221;no-bottom-pad&#8221;][\/vc_section][vc_section][vc_row custom_width=&#8221;w-630&#8243;][vc_column][vc_column_text]<\/p>\n<h2 class=\"content-section-title has-line color-1\">Latest news from x-bionic\u00ae sphere<\/h2>\n<p>We strive to make you feel the best during your stay. Thet\u2019s why you can always find the latest announcements about news or limitations at x-bionic\u00ae sphere.[\/vc_column_text]        <div class=\"entity-list-component color-1\" data-ajax-url=\"https:\/\/www.x-bionicsphere.com\/wp-content\/themes\/xbionic\/ajax\/ajax.php\" data-ajax-action=\"get-entity-list-page\" data-ajax-data='{\"query\":\"size:3|post_type:post|posts_per_page:3\"}' data-ajax-method=\"POST\">\r\n          <div class=\"list\">\r\n                        <div class=\"item\">\r\n              <div class=\"entity-list-item-container type-1 color-1\">\r\n  <a href=\"https:\/\/www.x-bionicsphere.com\/en\/sport-en\/easter-holiday-change-of-opening-hours-2\/\" title=\"\" class=\"overlay-link\">\r\n    <div class=\"content-container\">\r\n      <div class=\"date\">11. October 2024<\/div>\r\n      <div class=\"title\">Easter Holiday &#8211;  change of opening hours<\/div>\r\n      <p>[vc_row custom_width=&#8221;w-630&#8243;][vc_column][vc_column_text] Easter Holiday &#8211; change of opening hours Easter holidays are slowly approaching and we would like to inform you about the changes of opening hours. x-bionic\u00ae aquatic sphere: 6. &#8211; 11.4. 2023 (Thursday &#8211; Tuesday)* 08:00 &#8211; 20:00 *Please note that on 7 April, 2023, special price of the 3-hour entry does not [&hellip;]<\/p>\r\n    <\/div>\r\n        <div class=\"image-container\">\r\n      <figure>\r\n        <img src=\"https:\/\/www.x-bionicsphere.com\/wp-content\/uploads\/2023\/01\/XBS_AKTUALITA_BOX_EN-264x360.jpg\" class=\"attachment-info-box size-info-box wp-post-image\" alt=\"\" loading=\"lazy\" \/>      <\/figure>\r\n    <\/div>\r\n      <\/a>\r\n<\/div>\r\n            <\/div>\r\n                        <div class=\"item\">\r\n              <div class=\"entity-list-item-container type-1 color-1\">\r\n  <a href=\"https:\/\/www.x-bionicsphere.com\/en\/rezort-vsetky-aktuality\/change-of-payment-method-from-1-6-2024-in-x-bionic-aquatic-sphere\/\" title=\"\" class=\"overlay-link\">\r\n    <div class=\"content-container\">\r\n      <div class=\"date\">26. June 2024<\/div>\r\n      <div class=\"title\">Change of payment method from 1.6.2024 in x-bionic\u00ae aquatic sphere<\/div>\r\n      <p>[vc_row custom_width=&#8221;w-630&#8243;][vc_column][vc_column_text] x-bionic\u00ae aquatic sphere Dear customers, we would like to inform you about the change, which will take effect on June 1, 2024. In our gastro establishments in the x-bionic\u00ae aquatic sphere, consumption will be paid directly on the spot from this date and will no longer be recorded on the wristband. You will [&hellip;]<\/p>\r\n    <\/div>\r\n        <div class=\"image-container\">\r\n      <figure>\r\n        <img src=\"https:\/\/www.x-bionicsphere.com\/wp-content\/uploads\/2024\/05\/3R6A0234-264x360.jpg\" class=\"attachment-info-box size-info-box wp-post-image\" alt=\"\" loading=\"lazy\" \/>      <\/figure>\r\n    <\/div>\r\n      <\/a>\r\n<\/div>\r\n            <\/div>\r\n                        <div class=\"item\">\r\n              <div class=\"entity-list-item-container type-1 color-1\">\r\n  <a href=\"https:\/\/www.x-bionicsphere.com\/en\/rezort-vsetky-aktuality\/easter-holiday-change-of-opening-hours\/\" title=\"\" class=\"overlay-link\">\r\n    <div class=\"content-container\">\r\n      <div class=\"date\">04. April 2023<\/div>\r\n      <div class=\"title\">Easter Holiday &#8211;  change of opening hours<\/div>\r\n      <p>[vc_row custom_width=&#8221;w-630&#8243;][vc_column][vc_column_text] Easter Holiday &#8211; change of opening hours Easter holidays are slowly approaching and we would like to inform you about the changes of opening hours. x-bionic\u00ae aquatic sphere: 6. &#8211; 11.4. 2023 (Thursday &#8211; Tuesday)* 08:00 &#8211; 20:00 *Please note that on 7 April, 2023, special price of the 3-hour entry does not [&hellip;]<\/p>\r\n    <\/div>\r\n        <div class=\"image-container\">\r\n      <figure>\r\n        <img src=\"https:\/\/www.x-bionicsphere.com\/wp-content\/uploads\/2023\/01\/XBS_AKTUALITA_BOX_EN-264x360.jpg\" class=\"attachment-info-box size-info-box wp-post-image\" alt=\"\" loading=\"lazy\" \/>      <\/figure>\r\n    <\/div>\r\n      <\/a>\r\n<\/div>\r\n            <\/div>\r\n                      <\/div>\r\n                              <div class=\"buttons-container\">\r\n            <a href=\"https:\/\/www.x-bionicsphere.com\/en\/news\/\" title=\"\" class=\"button\">ALL NEWS<\/a>\r\n          <\/div>\r\n                    <div class=\"loader\"><div class=\"inner\"><svg version=\"1.1\" id=\"L6\" xmlns=\"https:\/\/www.w3.org\/2000\/svg\" xmlns:xlink=\"https:\/\/www.w3.org\/1999\/xlink\" x=\"0px\" y=\"0px\"\r\n  viewBox=\"0 0 100 100\" enable-background=\"new 0 0 100 100\" xml:space=\"preserve\">\r\n   <rect fill=\"none\" stroke=\"#fff\" stroke-width=\"4\" x=\"25\" y=\"25\" width=\"50\" height=\"50\">\r\n  <animateTransform\r\n     attributeName=\"transform\"\r\n     dur=\"0.5s\"\r\n     from=\"0 50 50\"\r\n     to=\"180 50 50\"\r\n     type=\"rotate\"\r\n     id=\"strokeBox\"\r\n     attributeType=\"XML\"\r\n     begin=\"rectBox.end\"\/>\r\n  <\/rect>\r\n   <rect x=\"27\" y=\"27\" fill=\"#fff\" width=\"46\" height=\"50\">\r\n  <animate\r\n     attributeName=\"height\"\r\n     dur=\"1.3s\"\r\n     attributeType=\"XML\"\r\n     from=\"50\"\r\n     to=\"0\"\r\n     id=\"rectBox\"\r\n     fill=\"freeze\"\r\n     begin=\"0s;strokeBox.end\"\/>\r\n  <\/rect>\r\n<\/svg>\r\n<\/div><\/div>\r\n        <\/div>\r\n        [\/vc_column][\/vc_row][\/vc_section][vc_section top_padding=&#8221;no-top-pad&#8221;][vc_row custom_width=&#8221;w-1070&#8243; css=&#8221;.vc_custom_1515139637507{margin-top: 60px !important;margin-bottom: 60px !important;}&#8221;][vc_column]        <div class=\"map-component has-legend no-pad\">\r\n          <div class=\"map-container\">\r\n            <img src=\"https:\/\/www.x-bionicsphere.com\/wp-content\/themes\/xbionic\/img\/map\/map-areal.jpg\" alt=\"\">\r\n                            <div class=\"pin\" data-id=\"1\" style=\"top: 45%; left: 58%;\">1<\/div>\r\n                        <\/div>\r\n                    <div class=\"map-legend\">\r\n            <div class=\"left-side\">\r\n              <div class=\"logo\"><img src=\"https:\/\/www.x-bionicsphere.com\/wp-content\/themes\/xbionic\/img\/logo.svg\" alt=\"\"><\/div>\r\n              <div class=\"sub-title\">the universe of sports, leisure and innovation<\/div>\r\n            <\/div>\r\n            <div class=\"right-side\">\r\n              <ol class=\"list\">\r\n                                    <li data-id=\"1\">Farrier\u2019s Steak House<\/li>\r\n                                <\/ol>\r\n            <\/div>\r\n          <\/div>\r\n                  <\/div>\r\n        [\/vc_column][\/vc_row][\/vc_section]<\/p>\n","protected":false},"excerpt":{"rendered":"<p>[vc_section padding=&#8221;no-pad&#8221;][vc_row full_width=&#8221;stretch_row_content_no_spaces&#8221;][vc_column offset=&#8221;vc_hidden-sm vc_hidden-xs&#8221;][\/vc_column][\/vc_row][vc_row][vc_column offset=&#8221;vc_hidden-lg vc_hidden-md&#8221;][vc_single_image image=&#8221;22798&#8243; img_size=&#8221;large&#8221; alignment=&#8221;center&#8221;][\/vc_column][\/vc_row][\/vc_section][vc_section][vc_row custom_width=&#8221;w-630&#8243;][vc_column][vc_column_text] Farrier\u2019s Restaurant Enjoy with us the atmosphere of the Farrier&#8217;s restaurant, its spacious terrace connected to the equestrian world and the dishes prepared in the Tuscan oven with an unmistakable taste and aroma. Here you will experience a pleasant evening in the company of [&hellip;]<\/p>\n","protected":false},"author":34,"featured_media":1447,"parent":12767,"menu_order":0,"comment_status":"closed","ping_status":"closed","template":"","meta":[],"categories":[],"acf":[],"_links":{"self":[{"href":"https:\/\/www.x-bionicsphere.com\/en\/wp-json\/wp\/v2\/pages\/4595"}],"collection":[{"href":"https:\/\/www.x-bionicsphere.com\/en\/wp-json\/wp\/v2\/pages"}],"about":[{"href":"https:\/\/www.x-bionicsphere.com\/en\/wp-json\/wp\/v2\/types\/page"}],"author":[{"embeddable":true,"href":"https:\/\/www.x-bionicsphere.com\/en\/wp-json\/wp\/v2\/users\/34"}],"replies":[{"embeddable":true,"href":"https:\/\/www.x-bionicsphere.com\/en\/wp-json\/wp\/v2\/comments?post=4595"}],"version-history":[{"count":120,"href":"https:\/\/www.x-bionicsphere.com\/en\/wp-json\/wp\/v2\/pages\/4595\/revisions"}],"predecessor-version":[{"id":39624,"href":"https:\/\/www.x-bionicsphere.com\/en\/wp-json\/wp\/v2\/pages\/4595\/revisions\/39624"}],"up":[{"embeddable":true,"href":"https:\/\/www.x-bionicsphere.com\/en\/wp-json\/wp\/v2\/pages\/12767"}],"wp:featuredmedia":[{"embeddable":true,"href":"https:\/\/www.x-bionicsphere.com\/en\/wp-json\/wp\/v2\/media\/1447"}],"wp:attachment":[{"href":"https:\/\/www.x-bionicsphere.com\/en\/wp-json\/wp\/v2\/media?parent=4595"}],"wp:term":[{"taxonomy":"category","embeddable":true,"href":"https:\/\/www.x-bionicsphere.com\/en\/wp-json\/wp\/v2\/categories?post=4595"}],"curies":[{"name":"wp","href":"https:\/\/api.w.org\/{rel}","templated":true}]}}