{"id":4727,"date":"2018-05-24T18:12:05","date_gmt":"2018-05-24T18:12:05","guid":{"rendered":"https:\/\/www.x-bionicsphere.com\/about-us\/vernostny-program-x-card\/"},"modified":"2023-02-01T11:11:50","modified_gmt":"2023-02-01T10:11:50","slug":"x-card-customer-program","status":"publish","type":"page","link":"https:\/\/www.x-bionicsphere.com\/en\/about-us\/x-card-customer-program\/","title":{"rendered":"X-CARD CUSTOMER PROGRAM"},"content":{"rendered":"<p>[vc_section padding=&#8221;no-pad&#8221;][vc_row full_width=&#8221;stretch_row_content_no_spaces&#8221;][vc_column]        <div class=\"hero-component landing\">\r\n                              <div class=\"video-container\">\r\n            <video poster=\"https:\/\/www.x-bionicsphere.com\/wp-content\/uploads\/2018\/04\/xcard_1440x960.png\" autoplay loop muted>\r\n              <source src=\"https:\/\/www.x-bionicsphere.com\/wp-content\/uploads\/2019\/04\/X-CARD_PROMO_VIDEO_HERO.mp4\" type=\"video\/mp4\">\r\n              Your browser does not support the video tag.\r\n            <\/video>\r\n          <\/div>\r\n                    <article class=\" text-only\">\r\n            <div class=\"container\">\r\n              <div class=\"content\">\r\n                <div class=\"left-side\">\r\n                                    <div class=\"breadcrumbs-element\">\r\n                    <ul><li><a href=\"https:\/\/www.x-bionicsphere.com\/en\/\" title=\"\">x-bionic sphere<\/a><\/li><li><a href=\"https:\/\/www.x-bionicsphere.com\/en\/about-us\/\" title=\"\">About us<\/a><\/li><li class=\"active\">X-CARD CUSTOMER PROGRAM<\/li><\/ul>                  <\/div>\r\n                                                      <header>\r\n                                        <h1 class=\"title\">Every time you spend \u20ac100 you will be given \u20ac20<\/h1>\r\n                  <\/header>\r\n                                    <div class=\"body\">\r\n                                                            <div class=\"buttons-container\">\r\n                                            <a href=\"https:\/\/www.x-bionicsphere.com\/en\/x-card\/x-card-user-registration\/\" title=\"\" class=\"button button-fill color-1\">REGISTER X-CARD<\/a>\r\n                                                                                      <\/div>\r\n                                      <\/div>\r\n                <\/div>\r\n                              <\/div>\r\n            <\/div>\r\n          <\/article>\r\n                    <div class=\"scroll\">\r\n            <span class=\"icon-scroll\"><\/span><span class=\"text\">scroll down<\/span>\r\n          <\/div>\r\n                          <\/div>\r\n        [\/vc_column][\/vc_row][\/vc_section][vc_section top_padding=&#8221;big-top-pad&#8221; bottom_padding=&#8221;small-bottom-pad&#8221;][vc_row custom_width=&#8221;w-630&#8243;][vc_column][vc_column_text]<\/p>\n<h3>Save money thanks to our special payment system.<\/h3>\n<p>You can use the transferable X-CARD client card instead of your debit or credit card. You can use the card to pay for yourself, your friends or family in our restaurants, bar, water world or gym, and you can even pay for our events with it.<br \/>\nYou can register at reception and charge credit at any of the resort\u2019s tills. The more you use it, the more money you save. For every 100 Euros spent, we will give you back 20 Euros as a bonus the following next month.<\/p>\n<h4>What can you enjoy at our resort?<\/h4>\n<p>x-bionic sphere is full of experiences. Excellent restaurants, numerous opportunities to do sports, relax and have fun. We organize various family and sports events, concerts and unique horse races throughout the year. Become a member of our X-CARD loyalty[\/vc_column_text][\/vc_column][\/vc_row][\/vc_section][vc_section padding=&#8221;small-pad&#8221;][vc_row custom_width=&#8221;w-630&#8243;][vc_column][vc_column_text]<\/p>\n<h2 class=\"content-section-title has-line color-1\">How does it work?<\/h2>\n<ol>\n<li>Register a new X-CARD online  or\u00a0at any reception (x-bionic\u00ae aquatic sphere, x-bionic\u00ae wellness sphere, Gym or in x-perience store next to the hotel reception).<\/li>\n<li>Pick up your X-CARD immediately after the registration or during your next visit of the resort.<\/li>\n<li><span lang=\"EN-GB\">Charge the card with a\u00a0credit in any amount and start using it without the need for cash.<\/span><\/li>\n<\/ol>\n<p>The X-CARD issuer is X-BIONIC\u00ae SPHERE, a.s.<br \/>\nThe events, service availability and information contained in this email were valid at the time of submission and may have changed over time.<\/p>\n<p>Registration and the use of the card are governed by the X-CARD General Terms and Conditions.[\/vc_column_text][vc_row_inner][vc_column_inner width=&#8221;1\/4&#8243;]            <div class=\"icon-link-item-container type-1 color-1\">\r\n              <a href=\"https:\/\/www.x-bionicsphere.com\/wp-content\/uploads\/2023\/02\/XCARD_VOP_final_EN.pdf\" title=\"\">\r\n                                <div class=\"icon\">\r\n                  <svg width=\"44\" height=\"48\" viewBox=\"0 0 44 48\" xmlns=\"http:\/\/www.w3.org\/2000\/svg\"><g stroke-width=\"2\" fill=\"none\" fill-rule=\"evenodd\" stroke-linejoin=\"round\"><g transform=\"translate(17.25 21.083)\"><circle class=\"color\" stroke=\"#384044\" fill=\"#384044\" cx=\"12.458\" cy=\"12.458\" r=\"11.5\"\/><path stroke=\"#FFF\" stroke-linecap=\"round\" d=\"M8.117 13.417l4.791 4.791 4.792-4.791M12.917 6v11.5\"\/><\/g><path d=\"M16.292 45.042h-11.5a3.835 3.835 0 0 1-3.834-3.834V5.75M37.375.958H4.792a3.834 3.834 0 0 0 0 7.667h32.583v8.625M4.792 5h30.666\" stroke=\"#384044\" stroke-linecap=\"round\"\/><\/g><\/svg>                <\/div>\r\n                                <div class=\"body\">\r\n                  <div class=\"title\">General terms and conditions<\/div>\r\n                <\/div>\r\n              <\/a>\r\n            <\/div>\r\n          [\/vc_column_inner][vc_column_inner width=&#8221;1\/4&#8243;]            <div class=\"icon-link-item-container type-1 color-1\">\r\n              <a href=\"https:\/\/www.x-bionicsphere.com\/wp-content\/uploads\/2023\/02\/FAQ_EN_2021.pdf\" title=\"\">\r\n                                <div class=\"icon\">\r\n                  <svg width=\"47\" height=\"47\" viewBox=\"0 0 47 47\" xmlns=\"http:\/\/www.w3.org\/2000\/svg\"><g fill=\"none\" fill-rule=\"evenodd\"><g transform=\"translate(22 22)\"><circle class=\"color\" fill=\"#384044\" cx=\"12\" cy=\"12\" r=\"12\"\/><path d=\"M12 19v-8\" stroke=\"#FFF\" stroke-width=\"2\" stroke-linecap=\"round\"\/><circle stroke=\"#FFF\" stroke-width=\"2\" fill=\"#FFF\" stroke-linecap=\"round\" stroke-linejoin=\"round\" cx=\"12\" cy=\"6.5\" r=\"1\"\/><\/g><path d=\"M6.988 13h9m-9 6h16m-16 6h12m-12 6h10\" stroke=\"#384044\" stroke-width=\"2\" stroke-linecap=\"round\" stroke-linejoin=\"round\"\/><g stroke-linecap=\"round\" stroke-width=\"2\" stroke=\"#384044\" stroke-linejoin=\"round\"><path d=\"M21 43H1V1h22l10 10v8\"\/><path d=\"M23 1v10h10\"\/><\/g><\/g><\/svg>                <\/div>\r\n                                <div class=\"body\">\r\n                  <div class=\"title\">Frequently Asked Questions<\/div>\r\n                <\/div>\r\n              <\/a>\r\n            <\/div>\r\n          [\/vc_column_inner][vc_column_inner width=&#8221;1\/4&#8243;]            <div class=\"icon-link-item-container type-1 color-1\">\r\n              <a href=\"https:\/\/www.x-bionicsphere.com\/wp-content\/uploads\/2023\/02\/ANNEX-1_AGREEMENT-WITHDRAWAL-FORM.pdf\" title=\"\">\r\n                                <div class=\"icon\">\r\n                  <svg width=\"44\" height=\"48\" viewBox=\"0 0 44 48\" xmlns=\"http:\/\/www.w3.org\/2000\/svg\"><g stroke-width=\"2\" fill=\"none\" fill-rule=\"evenodd\" stroke-linejoin=\"round\"><g transform=\"translate(17.25 21.083)\"><circle class=\"color\" stroke=\"#384044\" fill=\"#384044\" cx=\"12.458\" cy=\"12.458\" r=\"11.5\"\/><path stroke=\"#FFF\" stroke-linecap=\"round\" d=\"M8.117 13.417l4.791 4.791 4.792-4.791M12.917 6v11.5\"\/><\/g><path d=\"M16.292 45.042h-11.5a3.835 3.835 0 0 1-3.834-3.834V5.75M37.375.958H4.792a3.834 3.834 0 0 0 0 7.667h32.583v8.625M4.792 5h30.666\" stroke=\"#384044\" stroke-linecap=\"round\"\/><\/g><\/svg>                <\/div>\r\n                                <div class=\"body\">\r\n                  <div class=\"title\">Agreement withdrawal form<\/div>\r\n                <\/div>\r\n              <\/a>\r\n            <\/div>\r\n          [\/vc_column_inner][vc_column_inner width=&#8221;1\/4&#8243;]            <div class=\"icon-link-item-container type-1 color-1\">\r\n              <a href=\"https:\/\/www.x-bionicsphere.com\/wp-content\/uploads\/2023\/02\/ANNEX-2_MEMBERSHIP-TERMINATION-AND-CREDIT-TRANSFER-FORM.pdf\" title=\"\">\r\n                                <div class=\"icon\">\r\n                  <svg width=\"44\" height=\"48\" viewBox=\"0 0 44 48\" xmlns=\"http:\/\/www.w3.org\/2000\/svg\"><g stroke-width=\"2\" fill=\"none\" fill-rule=\"evenodd\" stroke-linejoin=\"round\"><g transform=\"translate(17.25 21.083)\"><circle class=\"color\" stroke=\"#384044\" fill=\"#384044\" cx=\"12.458\" cy=\"12.458\" r=\"11.5\"\/><path stroke=\"#FFF\" stroke-linecap=\"round\" d=\"M8.117 13.417l4.791 4.791 4.792-4.791M12.917 6v11.5\"\/><\/g><path d=\"M16.292 45.042h-11.5a3.835 3.835 0 0 1-3.834-3.834V5.75M37.375.958H4.792a3.834 3.834 0 0 0 0 7.667h32.583v8.625M4.792 5h30.666\" stroke=\"#384044\" stroke-linecap=\"round\"\/><\/g><\/svg>                <\/div>\r\n                                <div class=\"body\">\r\n                  <div class=\"title\">Membership termination and credit transfer form<\/div>\r\n                <\/div>\r\n              <\/a>\r\n            <\/div>\r\n          [\/vc_column_inner][\/vc_row_inner][\/vc_column][\/vc_row][vc_row][vc_column][vc_empty_space][\/vc_column][\/vc_row][vc_row custom_width=&#8221;w-630&#8243;][vc_column][vc_column_text]<a href=\"https:\/\/www.x-bionicsphere.com\/en\/x-card\/x-card-user-registration\/\" title=\"\" class=\"button color-1 button-fill\">GET X-CARD<\/a>[\/vc_column_text][\/vc_column][\/vc_row][\/vc_section][vc_section][vc_row custom_width=&#8221;w-630&#8243;][vc_column][vc_column_text]<\/p>\n<h3>Information on X-CARD payments in Tuli<sup>\u00ae<\/sup>Cinema<\/h3>\n<p>Payment with X-CARD in Tuli<sup>\u00ae<\/sup>Cinema will be available soon. Due to technical issues, i tis currently not possible. We will inform you about its launch.[\/vc_column_text][\/vc_column][\/vc_row][\/vc_section][vc_section][vc_row custom_width=&#8221;w-1070&#8243;][vc_column]        <div class=\"info-box-component contact-box-component\">\r\n                    <figure class=\"fixed-bottom\">\r\n            <img width=\"300\" height=\"410\" src=\"https:\/\/www.x-bionicsphere.com\/wp-content\/uploads\/2018\/04\/recepcia.png\" class=\"attachment-md size-md\" alt=\"\" loading=\"lazy\" srcset=\"https:\/\/www.x-bionicsphere.com\/wp-content\/uploads\/2018\/04\/recepcia.png 300w, https:\/\/www.x-bionicsphere.com\/wp-content\/uploads\/2018\/04\/recepcia-220x300.png 220w\" sizes=\"(max-width: 300px) 100vw, 300px\" \/>          <\/figure>\r\n                    <div class=\"body\">\r\n            <div class=\"content-section-title has-line  color-1\">X-CARD Customer Center<\/div>\r\n                        <address>\r\n                        <p>General information on the X-CARD +421 313 262\u00a0622<br \/>\n<a href=\"http:\/\/x-card@x-bionicsphere.com\" title=\"\" class=\"link\">x-card@x-bionicsphere.com<\/a><\/p>\n                        <\/address>\r\n                      <\/div>\r\n        <\/div>\r\n        [\/vc_column][\/vc_row][\/vc_section][vc_section padding=&#8221;no-pad&#8221;][vc_row full_width=&#8221;stretch_row_content_no_spaces&#8221;][vc_column]                <div class=\"slider-gallery-component\">\r\n    \t\t\t<div class=\"slider\">\r\n                \t\t\t\t<div class=\"slider-item\" data-title=\"Wellness\">\r\n    \t\t\t\t\t<figure><img width=\"1440\" height=\"960\" src=\"https:\/\/www.x-bionicsphere.com\/wp-content\/uploads\/2018\/04\/wellness_1-e1522589248353.png\" class=\"attachment-full size-full\" alt=\"\" loading=\"lazy\" \/><\/figure>\r\n    \t\t\t\t<\/div>\r\n                \t\t\t\t<div class=\"slider-item\" data-title=\"Thajsk\u00e9 mas\u00e1\u017ee\">\r\n    \t\t\t\t\t<figure><img width=\"300\" height=\"300\" src=\"https:\/\/www.x-bionicsphere.com\/wp-content\/uploads\/2018\/04\/300_300_bali\u010dek.png\" class=\"attachment-full size-full\" alt=\"\" loading=\"lazy\" srcset=\"https:\/\/www.x-bionicsphere.com\/wp-content\/uploads\/2018\/04\/300_300_bali\u010dek.png 300w, https:\/\/www.x-bionicsphere.com\/wp-content\/uploads\/2018\/04\/300_300_bali\u010dek-150x150.png 150w\" sizes=\"(max-width: 300px) 100vw, 300px\" \/><\/figure>\r\n    \t\t\t\t<\/div>\r\n                \t\t\t\t<div class=\"slider-item\" data-title=\"Wellness proced\u00fary\">\r\n    \t\t\t\t\t<figure><img width=\"1920\" height=\"1209\" src=\"https:\/\/www.x-bionicsphere.com\/wp-content\/uploads\/2018\/04\/ease-3106608_1920.jpg\" class=\"attachment-full size-full\" alt=\"\" loading=\"lazy\" srcset=\"https:\/\/www.x-bionicsphere.com\/wp-content\/uploads\/2018\/04\/ease-3106608_1920.jpg 1920w, https:\/\/www.x-bionicsphere.com\/wp-content\/uploads\/2018\/04\/ease-3106608_1920-300x189.jpg 300w, https:\/\/www.x-bionicsphere.com\/wp-content\/uploads\/2018\/04\/ease-3106608_1920-768x484.jpg 768w, https:\/\/www.x-bionicsphere.com\/wp-content\/uploads\/2018\/04\/ease-3106608_1920-1024x645.jpg 1024w, https:\/\/www.x-bionicsphere.com\/wp-content\/uploads\/2018\/04\/ease-3106608_1920-480x302.jpg 480w, https:\/\/www.x-bionicsphere.com\/wp-content\/uploads\/2018\/04\/ease-3106608_1920-992x625.jpg 992w, https:\/\/www.x-bionicsphere.com\/wp-content\/uploads\/2018\/04\/ease-3106608_1920-1200x756.jpg 1200w\" sizes=\"(max-width: 1920px) 100vw, 1920px\" \/><\/figure>\r\n    \t\t\t\t<\/div>\r\n                \t\t\t\t<div class=\"slider-item\" data-title=\"Bowling\">\r\n    \t\t\t\t\t<figure><img width=\"1440\" height=\"960\" src=\"https:\/\/www.x-bionicsphere.com\/wp-content\/uploads\/2018\/04\/Bowling-e1522589486509.jpg\" class=\"attachment-full size-full\" alt=\"\" loading=\"lazy\" \/><\/figure>\r\n    \t\t\t\t<\/div>\r\n                \t\t\t\t<div class=\"slider-item\" data-title=\"APANI\u00ae\">\r\n    \t\t\t\t\t<figure><img width=\"1440\" height=\"960\" src=\"https:\/\/www.x-bionicsphere.com\/wp-content\/uploads\/2018\/03\/16_xbflavour_apani_MT_HR_9-e1523179976548.jpg\" class=\"attachment-full size-full\" alt=\"\" loading=\"lazy\" \/><\/figure>\r\n    \t\t\t\t<\/div>\r\n                \t\t\t\t<div class=\"navigation-container\">\r\n    \t\t\t\t\t<div class=\"container-width w-630\">\r\n    \t\t\t\t\t\t<div class=\"count\">\r\n    \t\t\t\t\t\t\t<div class=\"current\"><\/div>\/<div class=\"total\"><\/div>\r\n    \t\t\t\t\t\t<\/div>\r\n    \t\t\t\t\t\t<div class=\"title\"><\/div>\r\n    \t\t\t\t\t\t<div class=\"arrows\"><\/div>\r\n    \t\t\t\t\t<\/div>\r\n    \t\t\t\t<\/div>\r\n    \t\t\t<\/div>\r\n    \t\t<\/div>\r\n                [\/vc_column][\/vc_row][\/vc_section][vc_section][vc_row custom_width=&#8221;w-630&#8243;][vc_column][vc_column_text]<\/p>\n<h2 class=\"color-1 content-section-title has-line\">Latest news from x-bionic\u00ae sphere<\/h2>\n<p>[\/vc_column_text][vc_empty_space height=&#8221;15px&#8221;][vc_column_text]<span style=\"font-weight: 400;\">We strive to make you feel the best during your stay. Thet\u2019s why you can always find the latest announcements about news or limitations at x-bionic\u00ae sphere.<\/span>[\/vc_column_text][\/vc_column][\/vc_row][vc_row custom_width=&#8221;w-630&#8243;][vc_column]        <div class=\"entity-list-component color-1\" data-ajax-url=\"https:\/\/www.x-bionicsphere.com\/wp-content\/themes\/xbionic\/ajax\/ajax.php\" data-ajax-action=\"get-entity-list-page\" data-ajax-data='{\"query\":\"size:3|order_by:date|order:DESC|post_type:post|categories:65|posts_per_page:-1\"}' data-ajax-method=\"POST\">\r\n          <div class=\"list\">\r\n                        <div class=\"item\">\r\n              <div class=\"entity-list-item-container type-1 color-1\">\r\n  <a href=\"https:\/\/www.x-bionicsphere.com\/en\/rezort-vsetky-aktuality\/change-of-payment-method-from-1-6-2024-in-x-bionic-aquatic-sphere\/\" title=\"\" class=\"overlay-link\">\r\n    <div class=\"content-container\">\r\n      <div class=\"date\">26. June 2024<\/div>\r\n      <div class=\"title\">Change of payment method from 1.6.2024 in x-bionic\u00ae aquatic sphere<\/div>\r\n      <p>[vc_row custom_width=&#8221;w-630&#8243;][vc_column][vc_column_text] x-bionic\u00ae aquatic sphere Dear customers, we would like to inform you about the change, which will take effect on June 1, 2024. In our gastro establishments in the x-bionic\u00ae aquatic sphere, consumption will be paid directly on the spot from this date and will no longer be recorded on the wristband. You will [&hellip;]<\/p>\r\n    <\/div>\r\n        <div class=\"image-container\">\r\n      <figure>\r\n        <img src=\"https:\/\/www.x-bionicsphere.com\/wp-content\/uploads\/2024\/05\/3R6A0234-264x360.jpg\" class=\"attachment-info-box size-info-box wp-post-image\" alt=\"\" loading=\"lazy\" \/>      <\/figure>\r\n    <\/div>\r\n      <\/a>\r\n<\/div>\r\n            <\/div>\r\n                        <div class=\"item\">\r\n              <div class=\"entity-list-item-container type-1 color-1\">\r\n  <a href=\"https:\/\/www.x-bionicsphere.com\/en\/rezort-vsetky-aktuality\/easter-holiday-change-of-opening-hours\/\" title=\"\" class=\"overlay-link\">\r\n    <div class=\"content-container\">\r\n      <div class=\"date\">04. April 2023<\/div>\r\n      <div class=\"title\">Easter Holiday &#8211;  change of opening hours<\/div>\r\n      <p>[vc_row custom_width=&#8221;w-630&#8243;][vc_column][vc_column_text] Easter Holiday &#8211; change of opening hours Easter holidays are slowly approaching and we would like to inform you about the changes of opening hours. x-bionic\u00ae aquatic sphere: 6. &#8211; 11.4. 2023 (Thursday &#8211; Tuesday)* 08:00 &#8211; 20:00 *Please note that on 7 April, 2023, special price of the 3-hour entry does not [&hellip;]<\/p>\r\n    <\/div>\r\n        <div class=\"image-container\">\r\n      <figure>\r\n        <img src=\"https:\/\/www.x-bionicsphere.com\/wp-content\/uploads\/2023\/01\/XBS_AKTUALITA_BOX_EN-264x360.jpg\" class=\"attachment-info-box size-info-box wp-post-image\" alt=\"\" loading=\"lazy\" \/>      <\/figure>\r\n    <\/div>\r\n      <\/a>\r\n<\/div>\r\n            <\/div>\r\n                        <div class=\"item\">\r\n              <div class=\"entity-list-item-container type-1 color-1\">\r\n  <a href=\"https:\/\/www.x-bionicsphere.com\/en\/rezort-vsetky-aktuality\/this-saturday-march-11-change-of-opening-hours-in-x-bionic-aquatic-sphere\/\" title=\"\" class=\"overlay-link\">\r\n    <div class=\"content-container\">\r\n      <div class=\"date\">07. March 2023<\/div>\r\n      <div class=\"title\">This Saturday, March 11 &#8211;  change of opening hours in x-bionic\u00ae aquatic sphere<\/div>\r\n      <p>[vc_row custom_width=&#8221;w-630&#8243;][vc_column][vc_column_text]We care about the future of our children who train swimming, water polo and gymnastics within the XBS Sports Academy. And it is the youngest swimmers who will\u00a0 compete this Saturday,\u00a0 at the swimming competition &#8220;\u0160amor\u00ednska vlnka&#8221;. That\u2019s why this Saturday, March 11, the x-bionic\u00ae aquatic sphere will be open from 10:00 am. [\/vc_column_text][\/vc_column][\/vc_row][vc_row [&hellip;]<\/p>\r\n    <\/div>\r\n        <div class=\"image-container\">\r\n      <figure>\r\n        <img src=\"https:\/\/www.x-bionicsphere.com\/wp-content\/uploads\/2023\/01\/XBS_AKTUALITA_BOX_EN-264x360.jpg\" class=\"attachment-info-box size-info-box wp-post-image\" alt=\"\" loading=\"lazy\" \/>      <\/figure>\r\n    <\/div>\r\n      <\/a>\r\n<\/div>\r\n            <\/div>\r\n                      <\/div>\r\n                              <div class=\"buttons-container\">\r\n            <a href=\"https:\/\/xbionic-one.site\/aktuality\/\" title=\"\" class=\"button\">ALL NEWS<\/a>\r\n          <\/div>\r\n                    <div class=\"loader\"><div class=\"inner\"><svg version=\"1.1\" id=\"L6\" xmlns=\"https:\/\/www.w3.org\/2000\/svg\" xmlns:xlink=\"https:\/\/www.w3.org\/1999\/xlink\" x=\"0px\" y=\"0px\"\r\n  viewBox=\"0 0 100 100\" enable-background=\"new 0 0 100 100\" xml:space=\"preserve\">\r\n   <rect fill=\"none\" stroke=\"#fff\" stroke-width=\"4\" x=\"25\" y=\"25\" width=\"50\" height=\"50\">\r\n  <animateTransform\r\n     attributeName=\"transform\"\r\n     dur=\"0.5s\"\r\n     from=\"0 50 50\"\r\n     to=\"180 50 50\"\r\n     type=\"rotate\"\r\n     id=\"strokeBox\"\r\n     attributeType=\"XML\"\r\n     begin=\"rectBox.end\"\/>\r\n  <\/rect>\r\n   <rect x=\"27\" y=\"27\" fill=\"#fff\" width=\"46\" height=\"50\">\r\n  <animate\r\n     attributeName=\"height\"\r\n     dur=\"1.3s\"\r\n     attributeType=\"XML\"\r\n     from=\"50\"\r\n     to=\"0\"\r\n     id=\"rectBox\"\r\n     fill=\"freeze\"\r\n     begin=\"0s;strokeBox.end\"\/>\r\n  <\/rect>\r\n<\/svg>\r\n<\/div><\/div>\r\n        <\/div>\r\n        [\/vc_column][\/vc_row][\/vc_section][vc_section padding=&#8221;no-pad&#8221;][vc_row full_width=&#8221;stretch_row_content_no_spaces&#8221;][vc_column]        <div class=\"call-to-action-component white\">\r\n                    <div class=\"video-container\">\r\n            <video autoplay loop muted>\r\n              <source src=\"http:\/\/xbionic-one.site\/wp-content\/uploads\/2018\/02\/1.mp4\" type=\"video\/mp4\">\r\n              Your browser does not support the video tag.\r\n            <\/video>\r\n          <\/div>\r\n                    <div class=\"container-width w-630\">\r\n                        <header>\r\n                <h2 class=\"content-section-title\">X-BIONIC\u00ae sportswear<\/h2>\r\n            <\/header>\r\n                        <article>\r\n    \t\t\t\t\t<p><span lang=\"EN-GB\">At x-bionic\u00ae sphere we live through sports. Athletic clothing is important, so we bring you the best from the world of sportswear through brand X-BIONIC\u00ae. Visit our e-shop and choose the right equipment for your sport.<\/span><\/p>\n<a href=\"https:\/\/www.x-bionicsphere.com\/o-nas\/sportova-znacka\/\" title=\"\" class=\"button icon-before color-1 button-larger button-fill\"><span class=\"icon-logo-simple\"><\/span>Go to the X-BIONIC\u00ae e-shop<\/a>\n    \t\t\t\t<\/article>\r\n          <\/div>\r\n        <\/div>\r\n        [\/vc_column][\/vc_row][\/vc_section]<\/p>\n","protected":false},"excerpt":{"rendered":"<p>[vc_section padding=&#8221;no-pad&#8221;][vc_row full_width=&#8221;stretch_row_content_no_spaces&#8221;][vc_column][\/vc_column][\/vc_row][\/vc_section][vc_section top_padding=&#8221;big-top-pad&#8221; bottom_padding=&#8221;small-bottom-pad&#8221;][vc_row custom_width=&#8221;w-630&#8243;][vc_column][vc_column_text] Save money thanks to our special payment system. You can use the transferable X-CARD client card instead of your debit or credit card. You can use the card to pay for yourself, your friends or family in our restaurants, bar, water world or gym, and you can even pay [&hellip;]<\/p>\n","protected":false},"author":34,"featured_media":0,"parent":4723,"menu_order":0,"comment_status":"closed","ping_status":"closed","template":"","meta":[],"categories":[140,125,121,122],"acf":[],"_links":{"self":[{"href":"https:\/\/www.x-bionicsphere.com\/en\/wp-json\/wp\/v2\/pages\/4727"}],"collection":[{"href":"https:\/\/www.x-bionicsphere.com\/en\/wp-json\/wp\/v2\/pages"}],"about":[{"href":"https:\/\/www.x-bionicsphere.com\/en\/wp-json\/wp\/v2\/types\/page"}],"author":[{"embeddable":true,"href":"https:\/\/www.x-bionicsphere.com\/en\/wp-json\/wp\/v2\/users\/34"}],"replies":[{"embeddable":true,"href":"https:\/\/www.x-bionicsphere.com\/en\/wp-json\/wp\/v2\/comments?post=4727"}],"version-history":[{"count":21,"href":"https:\/\/www.x-bionicsphere.com\/en\/wp-json\/wp\/v2\/pages\/4727\/revisions"}],"predecessor-version":[{"id":31750,"href":"https:\/\/www.x-bionicsphere.com\/en\/wp-json\/wp\/v2\/pages\/4727\/revisions\/31750"}],"up":[{"embeddable":true,"href":"https:\/\/www.x-bionicsphere.com\/en\/wp-json\/wp\/v2\/pages\/4723"}],"wp:attachment":[{"href":"https:\/\/www.x-bionicsphere.com\/en\/wp-json\/wp\/v2\/media?parent=4727"}],"wp:term":[{"taxonomy":"category","embeddable":true,"href":"https:\/\/www.x-bionicsphere.com\/en\/wp-json\/wp\/v2\/categories?post=4727"}],"curies":[{"name":"wp","href":"https:\/\/api.w.org\/{rel}","templated":true}]}}