{"id":4740,"date":"2018-05-24T18:18:10","date_gmt":"2018-05-24T18:18:10","guid":{"rendered":"https:\/\/www.x-bionicsphere.com\/contact\/"},"modified":"2022-06-20T10:08:26","modified_gmt":"2022-06-20T08:08:26","slug":"contact","status":"publish","type":"page","link":"https:\/\/www.x-bionicsphere.com\/en\/contact\/","title":{"rendered":"Contact"},"content":{"rendered":"<p>[vc_section padding=&#8221;no-pad&#8221;][vc_row full_width=&#8221;stretch_row_content_no_spaces&#8221;][vc_column]        <div class=\"hero-component landing contact\">\r\n                              <figure>\r\n            <img width=\"2000\" height=\"1123\" src=\"https:\/\/www.x-bionicsphere.com\/wp-content\/uploads\/2018\/04\/DJI_0798-e1523218343439.jpg\" class=\"attachment-hero size-hero\" alt=\"\" loading=\"lazy\" \/>          <\/figure>\r\n                    <article class=\" small-pad\">\r\n            <div class=\"container\">\r\n              <div class=\"content\">\r\n                <div class=\"left-side\">\r\n                                    <div class=\"breadcrumbs-element\">\r\n                    <ul><li><a href=\"https:\/\/www.x-bionicsphere.com\/en\/\" title=\"\">x-bionic sphere<\/a><\/li><li class=\"active\">Contact<\/li><\/ul>                  <\/div>\r\n                                                      <header>\r\n                                        <h1 class=\"title\">do not hesitate to contact us, we are here for you<\/h1>\r\n                  <\/header>\r\n                                    <div class=\"body\">\r\n                                                          <\/div>\r\n                <\/div>\r\n                                <div class=\"right-side\">\r\n                  <div class=\"color-box-container\">\r\n                                        <div class=\"content-section-title has-line color-1\">Contact us<\/div>\r\n                                                            <p>Do you need any help or advice? Write to us and we will cater to you. Select the resort you are contacting<\/p>\r\n                                        \r\n<script type=\"text\/javascript\">\r\n  function formcheck() {\r\n    var a = \"\";\r\n    a = a + \"-7bee6162a127d6b4\"\r\n    b = \"9b2b15a744078697\"\r\n    return b+a;\r\n  }\r\n\r\n  function sform() {\r\n    document.getElementById('form_check').value=formcheck();\r\n    var evt = document.createEvent('HTMLEvents');\r\n    evt.initEvent('click',true,true);\r\n    document.getElementById('realSubmitBtn').dispatchEvent(evt);\r\n  }\r\n<\/script>\r\n\r\n<form id=\"xbioniccontactform\" class=\"contact color-1\" action=\"https:\/\/www.x-bionicsphere.com\/wp-content\/themes\/xbionic\/forms\/contact\/send.php\" method=\"post\">\r\n    <fieldset>\r\n                <div class=\"form-control-group\">\r\n            <input type=\"email\" name=\"email\" class=\"form-control\" title=\"\" placeholder=\"enter your e-mail\" required>\r\n        <\/div>\r\n        <div class=\"form-control-group\">\r\n            <input type=\"tel\" name=\"phone\" class=\"form-control\" title=\"\" placeholder=\"select your phone number\" required>\r\n        <\/div>\r\n        <div class=\"form-control-group\">\r\n            <textarea name=\"message\" class=\"form-control\" title=\"\" placeholder=\"your message\" required><\/textarea>\r\n        <\/div>\r\n    <\/fieldset>\r\n    <input type=\"hidden\" name=\"view\" value=\"ajax\">\r\n    <input type=\"hidden\" name=\"action-name\" value=\"send\">\r\n    <input type=\"hidden\" name=\"lang\" value=\"en\">\r\n    <input type=\"hidden\" name=\"s\" id=\"s\" value=\"9\" \/>\r\n    <input type=\"hidden\" name=\"form_check\" id=\"form_check\" value=\"9\" \/>\r\n    <input type=\"text\" id=\"link\" name=\"link\" value=\"\" style=\"display: none\" \/>\r\n    <div class=\"buttons-container\">\r\n        <button type=\"button\" name=\"submitBtn\" onclick=\"javascript: sform();\" class=\"button button-fill color-1\">SEND MESSAGE<\/button>\r\n        <button type=\"submit\" name=\"realSubmitBtn\" id=\"realSubmitBtn\" style=\"display: none\"><\/button>\r\n    <\/div>\r\n<\/form>\r\n                  <\/div>\r\n                <\/div>\r\n                              <\/div>\r\n            <\/div>\r\n          <\/article>\r\n                    <div class=\"scroll\">\r\n            <span class=\"icon-scroll\"><\/span><span class=\"text\">scroll down<\/span>\r\n          <\/div>\r\n                          <\/div>\r\n        [\/vc_column][\/vc_row][\/vc_section][vc_section padding=&#8221;big-pad&#8221;][vc_row custom_width=&#8221;w-630&#8243;][vc_column][vc_column_text]<\/p>\n<h2 class=\"content-section-title has-line\">General contacts<\/h2>\n<p>[\/vc_column_text][vc_row_inner][vc_column_inner width=&#8221;1\/2&#8243;][vc_column_text]<strong>Call center<\/strong><br \/>\n+421 313 262 000<br \/>\n<a href=\"mailto:info@x-bionicsphere.com\" title=\"\" class=\"link\">info@x-bionicsphere.com<\/a>[\/vc_column_text][\/vc_column_inner][vc_column_inner width=&#8221;1\/2&#8243;][\/vc_column_inner][\/vc_row_inner][vc_row_inner][vc_column_inner width=&#8221;1\/2&#8243;][vc_column_text]<b>HR department <\/b><br \/>\n+421 313 262 850<br \/>\n<a href=\"mailto:kariera@x-bionicsphere.com\" title=\"\" class=\"link\">careers@x-bionicsphere.com<\/a>[\/vc_column_text][\/vc_column_inner][vc_column_inner width=&#8221;1\/2&#8243;][vc_column_text]<b>Partnership and sponsoring <\/b><br \/>\n<a href=\"mailto:partnerships@x-bionicsphere.com\" title=\"\" class=\"link\">partnerships@x-bionicsphere.com<\/a>[\/vc_column_text][\/vc_column_inner][\/vc_row_inner][vc_empty_space height=&#8221;3.5rem&#8221;][vc_row_inner][vc_column_inner width=&#8221;1\/2&#8243;][vc_column_text]<strong>Marketing and PR<\/strong><br \/>\n<a href=\"mailto:marketing@x-bionicsphere.com\" title=\"\" class=\"link\">marketing@x-bionicsphere.com<\/a>[\/vc_column_text][\/vc_column_inner][vc_column_inner width=&#8221;1\/2&#8243;][\/vc_column_inner][\/vc_row_inner][vc_empty_space height=&#8221;3.5rem&#8221;][vc_row_inner][vc_column_inner width=&#8221;1\/2&#8243;][vc_column_text]<b>X-CARD\u00a0Call center<br \/>\n<\/b>+421 313 262 622<br \/>\n<a href=\"mailto:x-card@x-bionicsphere.com\" title=\"\" class=\"link\">x-card@x-bionicsphere.com<\/a>[\/vc_column_text][\/vc_column_inner][vc_column_inner width=&#8221;1\/2&#8243;][vc_column_text]<b>GIFT-CARD<br \/>\n<\/b><a href=\"mailto:giftcard@x-bionicsphere.com\" title=\"\" class=\"link\">giftcard@x-bionicsphere.com<\/a>[\/vc_column_text][\/vc_column_inner][\/vc_row_inner][vc_empty_space height=&#8221;3.5rem&#8221;][vc_row_inner][vc_column_inner][vc_column_text]<b>We want to hear from you<\/b><\/p>\n<p>Feel free to leave a\u00a0feedback, comment or suggestion at the email address <a href=\"mailto:wearehereforyou@x-bionicsphere.com\" title=\"\" class=\"link\">wearehereforyou@x-bionicsphere.com<\/a>. We will happily answer all the questions you might have.[\/vc_column_text][\/vc_column_inner][\/vc_row_inner][vc_empty_space height=&#8221;3.5rem&#8221;][vc_column_text]<\/p>\n<h2 class=\"h1 h2 content-section-title has-line\">X-BIONIC\u00ae\u00a0HOTEL<\/h2>\n<p>[\/vc_column_text][vc_row_inner][vc_column_inner width=&#8221;1\/2&#8243;][vc_column_text]<strong>Reception<\/strong><br \/>\n+421 313 262 111<br \/>\n<a href=\"mailto:reception@x-bionicsphere.com\" title=\"\" class=\"link\">reception@x-bionicsphere.com<\/a>[\/vc_column_text][vc_empty_space height=&#8221;3.5rem&#8221;][vc_column_text]<strong>Reservation<\/strong><br \/>\n+421 313 262 110<br \/>\n<a href=\"mailto:hotel@x-bionicsphere.com\" title=\"\" class=\"link\">hotel@x-bionicsphere.com<\/a>[\/vc_column_text][\/vc_column_inner][vc_column_inner width=&#8221;1\/2&#8243;][vc_column_text]<strong>Sales &amp; MICE<\/strong><br \/>\n+421 904 913 037<br \/>\n<a href=\"mailto:sales@x-bionicsphere.com\" title=\"\" class=\"link\">sales@x-bionicsphere.com<\/a>[\/vc_column_text][\/vc_column_inner][\/vc_row_inner][vc_empty_space height=&#8221;3.5rem&#8221;][vc_column_text]<\/p>\n<h2 class=\"h1 h2 content-section-title has-line\">Restaurants<\/h2>\n<p>[\/vc_column_text][vc_row_inner][vc_column_inner width=&#8221;1\/2&#8243;][vc_column_text]<strong>APANI\u00ae<\/strong><br \/>\n+421\u00a0904\u00a0210\u00a0261<br \/>\n<a href=\"mailto:restaurantreservations@x-bionicsphere.com\" title=\"\" class=\"link\">restaurantreservations@x-bionicsphere.com<\/a>[\/vc_column_text][vc_empty_space height=&#8221;3.5rem&#8221;][vc_column_text]<strong>Olym-Pick<\/strong><br \/>\n+421\u00a0904\u00a0210\u00a0261<br \/>\n<a href=\"\" title=\"\" class=\"link\">restaurantreservations@x-bionicsphere.com<\/a>[\/vc_column_text][\/vc_column_inner][vc_column_inner width=&#8221;1\/2&#8243;][vc_column_text]<b>FARRIER\u00b4S Restaurant<\/b><br \/>\n+421 904 493 822<br \/>\n<a href=\"mailto:farriers@x-bionicsphere.com\" title=\"\" class=\"link\">farriers@x-bionicsphere.com<\/a>[\/vc_column_text][vc_empty_space height=&#8221;3.5rem&#8221;][vc_column_text]<b>Golden Garden<\/b><br \/>\n+421\u00a0904\u00a0210\u00a0261<br \/>\n<a href=\"mailto:restaurantreservations@x-bionicsphere.com\" title=\"\" class=\"link\">restaurantreservations@x-bionicsphere.com<\/a>[\/vc_column_text][\/vc_column_inner][\/vc_row_inner][vc_empty_space height=&#8221;3.5rem&#8221;][vc_empty_space height=&#8221;3.5rem&#8221;][vc_row_inner][vc_column_inner width=&#8221;1\/2&#8243;][vc_column_text]<strong>Legend&#8217;s Bar<\/strong><br \/>\n+421\u00a0904\u00a0210\u00a0261<br \/>\n<a href=\"mailto:restaurantreservations@x-bionicsphere.com\" title=\"\" class=\"link\">restaurantreservations@x-bionicsphere.com<\/a>[\/vc_column_text][\/vc_column_inner][vc_column_inner width=&#8221;1\/2&#8243;][vc_column_text]<b>X-Bar\u00a0<\/b><br \/>\n+421\u00a0904\u00a0210\u00a0261<br \/>\n<a href=\"mailto:info@x-bionicsphere.com\" title=\"\" class=\"link\">info@x-bionicsphere.com<\/a>[\/vc_column_text][\/vc_column_inner][\/vc_row_inner][vc_empty_space height=&#8221;3.5rem&#8221;][vc_empty_space][vc_column_text]<\/p>\n<h2 class=\"color-1 content-section-title has-line\">Shops<\/h2>\n<p>[\/vc_column_text][\/vc_column][\/vc_row][vc_row custom_width=&#8221;w-630&#8243;][vc_column][vc_column_text]<\/p>\n<h4>X-BIONIC\u00ae shop in x-bionic\u00ae sphere<\/h4>\n<p>Dubov\u00e1 33, \u0160amor\u00edn<br \/>\n+421 313 211 581<br \/>\n<a href=\"mailto:shopsamorin@x-bionicsphere.com\">shopsamorin@x-bionicsphere.com<\/a><\/p>\n<p>For information regarding opening hours please visit website\u00a0 <a href=\"https:\/\/x-bionic.sk\/predajne\/\">X-BIONIC\u00ae<\/a>[\/vc_column_text][\/vc_column][\/vc_row][\/vc_section][vc_row][vc_column css=&#8221;.vc_custom_1517921455380{padding-top: 0px !important;padding-right: 0px !important;padding-bottom: 0px !important;padding-left: 0px !important;}&#8221;]                <div class=\"slider-gallery-component\">\r\n    \t\t\t<div class=\"slider\">\r\n                \t\t\t\t<div class=\"slider-item\" data-title=\"rezort x-bionic\u00ae sphere\">\r\n    \t\t\t\t\t<figure><img width=\"1440\" height=\"809\" src=\"https:\/\/www.x-bionicsphere.com\/wp-content\/uploads\/2018\/04\/DJI_0095-e1523218744862.jpg\" class=\"attachment-full size-full\" alt=\"\" loading=\"lazy\" \/><\/figure>\r\n    \t\t\t\t<\/div>\r\n                \t\t\t\t<div class=\"slider-item\" data-title=\"rezort x-bionic\u00ae sphere\">\r\n    \t\t\t\t\t<figure><img width=\"2000\" height=\"1123\" src=\"https:\/\/www.x-bionicsphere.com\/wp-content\/uploads\/2018\/04\/DJI_0798-e1523218343439.jpg\" class=\"attachment-full size-full\" alt=\"\" loading=\"lazy\" \/><\/figure>\r\n    \t\t\t\t<\/div>\r\n                \t\t\t\t<div class=\"slider-item\" data-title=\"X-BIONIC\u00ae HOTEL\">\r\n    \t\t\t\t\t<figure><img width=\"2000\" height=\"1123\" src=\"https:\/\/www.x-bionicsphere.com\/wp-content\/uploads\/2018\/04\/DJI_0815-e1522592468931.jpg\" class=\"attachment-full size-full\" alt=\"\" loading=\"lazy\" \/><\/figure>\r\n    \t\t\t\t<\/div>\r\n                \t\t\t\t<div class=\"slider-item\" data-title=\"x-bionic\u00ae equestor sphere\">\r\n    \t\t\t\t\t<figure><img width=\"1440\" height=\"809\" src=\"https:\/\/www.x-bionicsphere.com\/wp-content\/uploads\/2018\/04\/DJI_0737-e1523218491342.jpg\" class=\"attachment-full size-full\" alt=\"\" loading=\"lazy\" \/><\/figure>\r\n    \t\t\t\t<\/div>\r\n                \t\t\t\t<div class=\"slider-item\" data-title=\"x-bionic\u00ae aquatic sphere\">\r\n    \t\t\t\t\t<figure><img width=\"1440\" height=\"809\" src=\"https:\/\/www.x-bionicsphere.com\/wp-content\/uploads\/2018\/04\/DJI_0786-e1523218448264.jpg\" class=\"attachment-full size-full\" alt=\"\" loading=\"lazy\" \/><\/figure>\r\n    \t\t\t\t<\/div>\r\n                \t\t\t\t<div class=\"navigation-container\">\r\n    \t\t\t\t\t<div class=\"container-width w-630\">\r\n    \t\t\t\t\t\t<div class=\"count\">\r\n    \t\t\t\t\t\t\t<div class=\"current\"><\/div>\/<div class=\"total\"><\/div>\r\n    \t\t\t\t\t\t<\/div>\r\n    \t\t\t\t\t\t<div class=\"title\"><\/div>\r\n    \t\t\t\t\t\t<div class=\"arrows\"><\/div>\r\n    \t\t\t\t\t<\/div>\r\n    \t\t\t\t<\/div>\r\n    \t\t\t<\/div>\r\n    \t\t<\/div>\r\n                [\/vc_column][\/vc_row][vc_section padding=&#8221;big-pad&#8221;][vc_row custom_width=&#8221;w-630&#8243;][vc_column][vc_column_text]<\/p>\n<h2 class=\"content-section-title has-line\">Contacts for individual sports areas and opening hours<\/h2>\n<p>[\/vc_column_text][vc_column_text]<\/p>\n<h3>Swimming<\/h3>\n<p>Information +421 911 011 701<br \/>\nSwimming track reservations +421 901 971 112<br \/>\n<a href=\"mailto:aquatic@x-bionicsphere.com\" title=\"\" class=\"link\">aquatic@x-bionicsphere.com<\/a><\/p>\n<p><span style=\"font-size: 1.25rem;\"><br \/>\nWellness<\/span><\/p>\n<p>Reservation: +421 910 101 741<br \/>\n<a href=\"mailto:wellness@x-bionicsphere.com\" title=\"\" class=\"link\">wellness@x-bionicsphere.com<\/a><\/p>\n<h3>Gym<\/h3>\n<p>Information: +421 313 262 361<br \/>\n<a href=\"mailto:gym@x-bionicsphere.com\" title=\"\" class=\"link\">gym@x-bionicsphere.com<\/a>[\/vc_column_text][\/vc_column][\/vc_row][\/vc_section][vc_row][vc_column css=&#8221;.vc_custom_1517921551930{padding-top: 0px !important;padding-right: 0px !important;padding-bottom: 0px !important;padding-left: 0px !important;}&#8221;]            <div class=\"map-component\">\r\n              <div class=\"map-canvas\" data-center='{\"lat\":48.015862,\"lng\":17.310994}' data-markers='[]' data-zoom=\"15\"><\/div>\r\n              <div class=\"container\">\r\n                <div class=\"map-info-container\">\r\n                  <div class=\"content-section-title has-line\">X-BIONIC\u00ae SPHERE, a.s.<\/div>\r\n                  <address>\r\n                    <p>Dubov\u00e1 street no. 33\/A<br \/>\n931 01 \u0160amor\u00edn<br \/>\nSlovakia<\/p>\n<hr \/>\n<hr \/>\n<p class=\"small\">Bank connection<\/p>\n<p><strong>IBAN:<\/strong> SK5465000000430020328281<\/p>\n<hr \/>\n<hr \/>\n<p class=\"small \">Identification data<\/p>\n<p><strong>Corporate ID :<\/strong> 46 640 134<br \/>\n<strong>TAX ID :<\/strong>\u00a020 2350 4054<br \/>\n<strong>VAT reg. no. :<\/strong>\u00a0SK 20 2350 4054<\/p>\n<p><strong>Registered in:<\/strong>\u00a0in the Commercial Register of the District court Trnava, section: Sa, insert no. 10684\/T.<\/p>\n<div>\n<pre id=\"tw-target-text\" class=\"tw-data-text tw-ta tw-text-small\" dir=\"ltr\" data-placeholder=\"Preklad\" data-fulltext=\"\"><\/pre>\n<\/div>\n<p>\n                  <\/address>\r\n                <\/div>\r\n              <\/div>\r\n            <\/div>\r\n          [\/vc_column][\/vc_row][vc_section padding=&#8221;big-pad&#8221;][vc_row custom_width=&#8221;w-630&#8243;][vc_column][vc_column_text]<\/p>\n<h2 class=\"content-section-title has-line\">How to get to us<\/h2>\n<p>[\/vc_column_text][vc_empty_space]        <div class=\"how-to-reach-us-item-container color-1\">\r\n                    <div class=\"icon\">\r\n            <svg width=\"56\" height=\"55\" viewBox=\"0 0 56 55\" xmlns=\"http:\/\/www.w3.org\/2000\/svg\"><g fill=\"none\" fill-rule=\"evenodd\"><path class=\"color\" d=\"M5.077 16h4.615m34.616 0h4.615\" stroke=\"#384044\" stroke-width=\"2\" stroke-linecap=\"round\" stroke-linejoin=\"round\"\/><path d=\"M44.308 48.923A2.307 2.307 0 0 1 42 51.231H12a2.306 2.306 0 0 1-2.308-2.308V8.538A8.074 8.074 0 0 1 17.77.462h18.462a8.075 8.075 0 0 1 8.077 8.076v40.385z\" fill=\"#384044\"\/><path stroke=\"#384044\" fill=\"#384044\" stroke-linecap=\"round\" stroke-linejoin=\"round\" d=\"M12 51.231h4.615v2.308H12zm25.385 0H42v2.308h-4.615z\"\/><path fill=\"#FFF\" d=\"M11.692 14.308h30.615v20.769H11.692z\"\/><path class=\"color\" stroke=\"#384044\" stroke-width=\"2\" stroke-linecap=\"round\" stroke-linejoin=\"round\" d=\"M21.231 5.077h11.538v4.615H21.231zM14.308 44h6.923m11.539 0h6.922M.462 16h4.615v16.769H.462zm48.461 0h4.615v16.769h-4.615z\"\/><\/g><\/svg>          <\/div>\r\n                    <div class=\"body\">\r\n            <p class=\"title\">Bratislava, bus station \u2013 \u0160amor\u00edn, bus station<\/p>\r\n            <p>Direct connection without having to change lines<br \/>\nTravel time 25 &#8211; 45 min<\/p>\n<a href=\"https:\/\/cp.hnonline.sk\/bus\/spojenie\/\" title=\"\" class=\"link link-icon-after color-1\"><strong>SEARCH CONNECTION AT CP.SK<span class=\"icon-arrow-long-up-right\"><\/span><\/strong><\/a>\n<div class=\"actions-container\"><\/div>\n<p>\n          <\/div>\r\n        <\/div>\r\n                <div class=\"how-to-reach-us-item-container color-1\">\r\n                    <div class=\"icon\">\r\n            <svg width=\"56\" height=\"55\" viewBox=\"0 0 56 55\" xmlns=\"http:\/\/www.w3.org\/2000\/svg\"><g fill=\"none\" fill-rule=\"evenodd\"><path class=\"color\" d=\"M5.077 16h4.615m34.616 0h4.615\" stroke=\"#384044\" stroke-width=\"2\" stroke-linecap=\"round\" stroke-linejoin=\"round\"\/><path d=\"M44.308 48.923A2.307 2.307 0 0 1 42 51.231H12a2.306 2.306 0 0 1-2.308-2.308V8.538A8.074 8.074 0 0 1 17.77.462h18.462a8.075 8.075 0 0 1 8.077 8.076v40.385z\" fill=\"#384044\"\/><path stroke=\"#384044\" fill=\"#384044\" stroke-linecap=\"round\" stroke-linejoin=\"round\" d=\"M12 51.231h4.615v2.308H12zm25.385 0H42v2.308h-4.615z\"\/><path fill=\"#FFF\" d=\"M11.692 14.308h30.615v20.769H11.692z\"\/><path class=\"color\" stroke=\"#384044\" stroke-width=\"2\" stroke-linecap=\"round\" stroke-linejoin=\"round\" d=\"M21.231 5.077h11.538v4.615H21.231zM14.308 44h6.923m11.539 0h6.922M.462 16h4.615v16.769H.462zm48.461 0h4.615v16.769h-4.615z\"\/><\/g><\/svg>          <\/div>\r\n                    <div class=\"body\">\r\n            <p class=\"title\">Bratislava, main train station - Kvetoslavov, train station<\/p>\r\n            <p>Direct connection without having to change lines<br \/>\nTravel time 35 min<\/p>\n<div class=\"actions-container\"><a href=\"https:\/\/cp.hnonline.sk\/vlak\/spojenie\/\" title=\"\" class=\"link link-icon-after color-1\"><strong>SEARCH CONNECTION AT CP.SK<span class=\"icon-arrow-long-up-right\"><\/span><\/strong><\/a><\/div>\n<div class=\"actions-container\"><\/div>\n<p>\n          <\/div>\r\n        <\/div>\r\n                <div class=\"how-to-reach-us-item-container color-1\">\r\n                    <div class=\"icon\">\r\n            <svg width=\"56\" height=\"55\" viewBox=\"0 0 56 55\" xmlns=\"http:\/\/www.w3.org\/2000\/svg\"><g fill=\"none\" fill-rule=\"evenodd\"><path class=\"color\" d=\"M5.077 16h4.615m34.616 0h4.615\" stroke=\"#384044\" stroke-width=\"2\" stroke-linecap=\"round\" stroke-linejoin=\"round\"\/><path d=\"M44.308 48.923A2.307 2.307 0 0 1 42 51.231H12a2.306 2.306 0 0 1-2.308-2.308V8.538A8.074 8.074 0 0 1 17.77.462h18.462a8.075 8.075 0 0 1 8.077 8.076v40.385z\" fill=\"#384044\"\/><path stroke=\"#384044\" fill=\"#384044\" stroke-linecap=\"round\" stroke-linejoin=\"round\" d=\"M12 51.231h4.615v2.308H12zm25.385 0H42v2.308h-4.615z\"\/><path fill=\"#FFF\" d=\"M11.692 14.308h30.615v20.769H11.692z\"\/><path class=\"color\" stroke=\"#384044\" stroke-width=\"2\" stroke-linecap=\"round\" stroke-linejoin=\"round\" d=\"M21.231 5.077h11.538v4.615H21.231zM14.308 44h6.923m11.539 0h6.922M.462 16h4.615v16.769H.462zm48.461 0h4.615v16.769h-4.615z\"\/><\/g><\/svg>          <\/div>\r\n                    <div class=\"body\">\r\n            <p class=\"title\"><\/p>\r\n            <p>If necessary, we will be happy to help you with the order of transport or taxi at the reception, which you do not hesitate to contact at any time.<br \/>\nFor more demanding clients and airport transfers, we recommend using the services of <a href=\"http:\/\/www.carsen.sk\/en\/\">Carsen<\/a>.<\/p>\n<a href=\"mailto:hotel@x-bionicsphere.com\" title=\"\" class=\"link color-1\"><strong>CONTACT FOR THE HOTEL RECEPTION<\/strong><\/a>\n<div class=\"actions-container\"><\/div>\n<p>\n          <\/div>\r\n        <\/div>\r\n                <div class=\"how-to-reach-us-item-container color-1\">\r\n                    <div class=\"icon\">\r\n            <svg width=\"82\" height=\"44\" viewBox=\"0 0 82 44\" xmlns=\"http:\/\/www.w3.org\/2000\/svg\"><g fill=\"none\" fill-rule=\"evenodd\"><path class=\"color\" d=\"M40 20.256V.718\" stroke=\"#384044\" stroke-width=\"2\" stroke-linecap=\"round\" stroke-linejoin=\"round\"\/><circle fill=\"#384044\" cx=\"39.716\" cy=\"28.282\" r=\"14\"\/><path class=\"color\" d=\"M23.93 26H.72m55.35 0h23.21\" stroke=\"#384044\" stroke-width=\"2\" stroke-linecap=\"round\" stroke-linejoin=\"round\"\/><circle stroke=\"#FFF\" stroke-width=\"2\" cx=\"39.5\" cy=\"28.5\" r=\"8.5\"\/><ellipse fill=\"#384044\" cx=\"11.432\" cy=\"35.821\" rx=\"7.142\" ry=\"7.179\"\/><ellipse fill=\"#384044\" cx=\"68.568\" cy=\"35.821\" rx=\"7.142\" ry=\"7.179\"\/><\/g><\/svg>          <\/div>\r\n                    <div class=\"body\">\r\n            <p class=\"title\">Bratislava, M.R. \u0160tef\u00e1nik Airport - x-bionic\u00ae sphere<\/p>\r\n            <p><strong>Carsen Transfer service <\/strong>offers comfortable transportation by fully air-conditioned luxury Mercedes-Benz limousines with Wi-Fi connection, which will bring you to your destination in a timely and convenient manner. We guarantee professionalism, security, confidentiality, reliability of every order and satisfied customers.<br \/>\nIn case you would be interested to book a transfer with our partner <a href=\"http:\/\/www.carsen.sk\/en\/\">Carsen<\/a>, please send you request with all necessary information (arrival&amp;departure date\/number of person travelling and flight number) to the address <a href=\"mailto:info@carsen.sk\">info@carsen.sk<\/a>, while making the booking please state that you are guests of x-bionic\u00ae sphere.<\/p>\n<div class=\"actions-container\"><\/div>\n<p>\n          <\/div>\r\n        <\/div>\r\n                <div class=\"how-to-reach-us-item-container color-1\">\r\n                    <div class=\"icon\">\r\n            <svg width=\"55\" height=\"46\" viewBox=\"0 0 55 46\" xmlns=\"http:\/\/www.w3.org\/2000\/svg\"><g fill=\"none\" fill-rule=\"evenodd\"><path class=\"color\" d=\"M29.308 9.786L20.077.509\" stroke=\"#384044\" stroke-width=\"2\" stroke-linecap=\"round\" stroke-linejoin=\"round\"\/><path fill=\"#384044\" d=\"M36.23 9.786L8.897 9.744l-5.984 7h11.396L12 26.02h36.923z\"\/><path class=\"color no-fill\" stroke=\"#384044\" stroke-width=\"2\" stroke-linejoin=\"round\" d=\"M47.077 39.115l6.461-13.094H7.385L2.769 40.5\"\/><path fill=\"#FFF\" d=\"M40.154 14.538H21.462l6.923 6.924h17.307z\"\/><path d=\"M.462 39.894c5.656 1.209 10.384-4.638 10.384-4.638s2.675 4.59 8.06 4.59c5.62 0 8.094-4.59 8.094-4.59s2.442 4.59 8.06 4.59c5.39 0 8.094-4.59 8.094-4.59s4.728 5.847 10.384 4.638v4.639H.462v-4.639z\" fill=\"#384044\"\/><\/g><\/svg>          <\/div>\r\n                    <div class=\"body\">\r\n            <p class=\"title\">Bratislava, personal harbor \u2013 x-bionic\u00ae sphere<\/p>\r\n            <p>On the route Bratislava \u2192 x-bionic\u00ae sphere \u2192 Bratislava, you can comfortably travel thanks to regular weekend lines from 20.4. to 27.10.\u00a0 We will be glad to provide you with more information at the hotel reception.<\/p>\n<div class=\"actions-container\"><a href=\"mailto:hotel@x-bionicsphere.com\" title=\"\" class=\"link color-1\"><strong>CONTACT FOR THE HOTEL RECEPTION<\/strong><\/a><\/div>\n<div><a href=\"https:\/\/www.lod.sk\/sk\/kalendar-plavieb\/\" title=\"\" class=\"link color-1\"><strong>SHIP'S SCHEDULES<\/strong><\/a><\/div>\n<div class=\"actions-container\"><\/div>\n<p>\n          <\/div>\r\n        <\/div>\r\n        [\/vc_column][\/vc_row][\/vc_section]<\/p>\n","protected":false},"excerpt":{"rendered":"<p>[vc_section padding=&#8221;no-pad&#8221;][vc_row full_width=&#8221;stretch_row_content_no_spaces&#8221;][vc_column][\/vc_column][\/vc_row][\/vc_section][vc_section padding=&#8221;big-pad&#8221;][vc_row custom_width=&#8221;w-630&#8243;][vc_column][vc_column_text] General contacts [\/vc_column_text][vc_row_inner][vc_column_inner width=&#8221;1\/2&#8243;][vc_column_text]Call center +421 313 262 000 [\/vc_column_text][\/vc_column_inner][vc_column_inner width=&#8221;1\/2&#8243;][\/vc_column_inner][\/vc_row_inner][vc_row_inner][vc_column_inner width=&#8221;1\/2&#8243;][vc_column_text]HR department +421 313 262 850 [\/vc_column_text][\/vc_column_inner][vc_column_inner width=&#8221;1\/2&#8243;][vc_column_text]Partnership and sponsoring [\/vc_column_text][\/vc_column_inner][\/vc_row_inner][vc_empty_space height=&#8221;3.5rem&#8221;][vc_row_inner][vc_column_inner width=&#8221;1\/2&#8243;][vc_column_text]Marketing and PR [\/vc_column_text][\/vc_column_inner][vc_column_inner width=&#8221;1\/2&#8243;][\/vc_column_inner][\/vc_row_inner][vc_empty_space height=&#8221;3.5rem&#8221;][vc_row_inner][vc_column_inner width=&#8221;1\/2&#8243;][vc_column_text]X-CARD\u00a0Call center +421 313 262 622 [\/vc_column_text][\/vc_column_inner][vc_column_inner width=&#8221;1\/2&#8243;][vc_column_text]GIFT-CARD [\/vc_column_text][\/vc_column_inner][\/vc_row_inner][vc_empty_space height=&#8221;3.5rem&#8221;][vc_row_inner][vc_column_inner][vc_column_text]We want to hear from you Feel free to leave a\u00a0feedback, comment [&hellip;]<\/p>\n","protected":false},"author":34,"featured_media":0,"parent":0,"menu_order":0,"comment_status":"closed","ping_status":"closed","template":"page-no-header-border.php","meta":[],"categories":[],"acf":[],"_links":{"self":[{"href":"https:\/\/www.x-bionicsphere.com\/en\/wp-json\/wp\/v2\/pages\/4740"}],"collection":[{"href":"https:\/\/www.x-bionicsphere.com\/en\/wp-json\/wp\/v2\/pages"}],"about":[{"href":"https:\/\/www.x-bionicsphere.com\/en\/wp-json\/wp\/v2\/types\/page"}],"author":[{"embeddable":true,"href":"https:\/\/www.x-bionicsphere.com\/en\/wp-json\/wp\/v2\/users\/34"}],"replies":[{"embeddable":true,"href":"https:\/\/www.x-bionicsphere.com\/en\/wp-json\/wp\/v2\/comments?post=4740"}],"version-history":[{"count":35,"href":"https:\/\/www.x-bionicsphere.com\/en\/wp-json\/wp\/v2\/pages\/4740\/revisions"}],"predecessor-version":[{"id":28302,"href":"https:\/\/www.x-bionicsphere.com\/en\/wp-json\/wp\/v2\/pages\/4740\/revisions\/28302"}],"wp:attachment":[{"href":"https:\/\/www.x-bionicsphere.com\/en\/wp-json\/wp\/v2\/media?parent=4740"}],"wp:term":[{"taxonomy":"category","embeddable":true,"href":"https:\/\/www.x-bionicsphere.com\/en\/wp-json\/wp\/v2\/categories?post=4740"}],"curies":[{"name":"wp","href":"https:\/\/api.w.org\/{rel}","templated":true}]}}