{"id":5336,"date":"2018-05-25T14:34:44","date_gmt":"2018-05-25T14:34:44","guid":{"rendered":"https:\/\/www.x-bionicsphere.com\/hotel\/high-standard-accommodation\/"},"modified":"2024-11-27T13:58:02","modified_gmt":"2024-11-27T12:58:02","slug":"high-standard-accommodation","status":"publish","type":"page","link":"https:\/\/www.x-bionicsphere.com\/en\/hotel\/high-standard-accommodation\/","title":{"rendered":"high standard accommodation"},"content":{"rendered":"<p>[vc_section padding=&#8221;no-pad&#8221;][vc_row full_width=&#8221;stretch_row_content_no_spaces&#8221;][vc_column]        <div class=\"hero-component landing booking\">\r\n                              <div class=\"video-container\">\r\n            <video autoplay loop muted>\r\n              <source src=\"https:\/\/www.x-bionicsphere.com\/wp-content\/uploads\/2018\/04\/private_expo_kongres.mp4\" type=\"video\/mp4\">\r\n              Your browser does not support the video tag.\r\n            <\/video>\r\n          <\/div>\r\n                    <article class=\" small-pad\">\r\n            <div class=\"container\">\r\n              <div class=\"content\">\r\n                <div class=\"left-side\">\r\n                                    <div class=\"breadcrumbs-element\">\r\n                    <ul><li><a href=\"https:\/\/www.x-bionicsphere.com\/en\/\" title=\"\">x-bionic sphere<\/a><\/li><li><a href=\"https:\/\/www.x-bionicsphere.com\/en\/hotel\/\" title=\"\">Hotel<\/a><\/li><li class=\"active\">high standard accommodation<\/li><\/ul>                  <\/div>\r\n                                                      <header>\r\n                                        <h1 class=\"title\">x-bionic\u00ae private sphere<\/h1>\r\n                  <\/header>\r\n                                    <div class=\"body\">\r\n                                                          <\/div>\r\n                <\/div>\r\n                                <div class=\"right-side\">\r\n                  <div class=\"color-box-container\">\r\n                                        <div class=\"content-section-title has-line color-1\">Quick reservation<\/div>\r\n                                                            <p>Do not miss out on your preferred dates and book your room at the x-bionic sphere now!<\/p>\r\n                                        <form class=\"booking form-white-content color-1\" action=\"https:\/\/www.x-bionicsphere.com\/wp-content\/themes\/xbionic\/forms\/booking\/send.php\" method=\"post\">\r\n  <fieldset>\r\n    <div class=\"columns-outer\">\r\n      <div class=\"columns-wrapper\">\r\n        <div class=\"column\">\r\n          <div class=\"form-control-group\">\r\n            <div class=\"input-wrapper\">\r\n              <svg width=\"19px\" height=\"18px\" viewBox=\"0 0 19 18\" version=\"1.1\" xmlns=\"http:\/\/www.w3.org\/2000\/svg\" xmlns:xlink=\"http:\/\/www.w3.org\/1999\/xlink\">\r\n\t<g stroke=\"none\" stroke-width=\"0\" fill=\"none\" fill-rule=\"evenodd\" stroke-linecap=\"round\" stroke-linejoin=\"round\">\r\n\t\t<path class=\"color\" fill=\"#384044\" d=\"M12.212,11.691c0.051-0.122,0.051-0.26,0-0.382c-0.025-0.062-0.062-0.117-0.109-0.163L9.104,8.146\r\n\t\t\tc-0.195-0.195-0.512-0.195-0.707,0s-0.195,0.512,0,0.707L10.543,11H0.75c-0.276,0-0.5,0.224-0.5,0.5S0.474,12,0.75,12h9.793\r\n\t\t\tl-2.146,2.146c-0.195,0.195-0.195,0.512,0,0.707C8.494,14.951,8.622,15,8.75,15s0.256-0.049,0.354-0.146l2.999-2.999\r\n\t\t\tC12.149,11.808,12.186,11.752,12.212,11.691z\"\/>\r\n\t\t<path fill=\"#384044\" d=\"M17.25,2.5h-0.5v1c0,1.103-0.897,2-2,2h-1c-1.103,0-2-0.897-2-2v-1h-2v1c0,1.103-0.897,2-2,2h-1\r\n\t\t\tc-1.103,0-2-0.897-2-2v-1h-0.5c-0.827,0-1.5,0.673-1.5,1.5v5.5h1v-3h14V16c0,0.275-0.225,0.5-0.5,0.5h-13\r\n\t\t\tc-0.276,0-0.5-0.225-0.5-0.5v-2.5h-1V16c0,0.827,0.673,1.5,1.5,1.5h13c0.827,0,1.5-0.673,1.5-1.5V4\r\n\t\t\tC18.75,3.173,18.077,2.5,17.25,2.5z\"\/>\r\n\t\t<path fill=\"#384044\" d=\"M7.25,4.5c-0.827,0-1.5-0.673-1.5-1.5V2c0-0.827,0.673-1.5,1.5-1.5s1.5,0.673,1.5,1.5v1\r\n\t\t\tC8.75,3.827,8.077,4.5,7.25,4.5z M7.25,1.5c-0.276,0-0.5,0.224-0.5,0.5v1c0,0.276,0.224,0.5,0.5,0.5s0.5-0.224,0.5-0.5V2\r\n\t\t\tC7.75,1.724,7.526,1.5,7.25,1.5z\"\/>\r\n\t\t<path fill=\"#384044\" d=\"M14.25,4.5c-0.827,0-1.5-0.673-1.5-1.5V2c0-0.827,0.673-1.5,1.5-1.5s1.5,0.673,1.5,1.5v1\r\n\t\t\tC15.75,3.827,15.077,4.5,14.25,4.5z M14.25,1.5c-0.275,0-0.5,0.224-0.5,0.5v1c0,0.276,0.225,0.5,0.5,0.5s0.5-0.224,0.5-0.5V2\r\n\t\t\tC14.75,1.724,14.525,1.5,14.25,1.5z\"\/>\r\n\t<\/g>\r\n<\/svg>\r\n              <input type=\"input\" name=\"date-in\" class=\"form-control\" required=\"required\" title=\"\" placeholder=\"arrival\" required>\r\n            <\/div>\r\n          <\/div>\r\n        <\/div>\r\n        <div class=\"column\">\r\n          <div class=\"form-control-group\">\r\n            <div class=\"input-wrapper\">\r\n              <svg width=\"22px\" height=\"18px\" viewBox=\"0 0 22 18\" version=\"1.1\" xmlns=\"http:\/\/www.w3.org\/2000\/svg\" xmlns:xlink=\"http:\/\/www.w3.org\/1999\/xlink\">\r\n\t<g stroke=\"none\" stroke-width=\"0\" fill=\"none\" fill-rule=\"evenodd\" stroke-linecap=\"round\" stroke-linejoin=\"round\">\r\n\t\t<path class=\"color\" fill=\"#384044\" d=\"M21.368,11.691c0.051-0.122,0.051-0.26,0-0.382c-0.025-0.062-0.062-0.117-0.109-0.163L18.26,8.146\r\n\t\t\tc-0.195-0.195-0.512-0.195-0.707,0s-0.195,0.512,0,0.707L19.699,11H9.907c-0.276,0-0.5,0.224-0.5,0.5S9.63,12,9.907,12h9.793\r\n\t\t\tl-2.146,2.146c-0.195,0.195-0.195,0.512,0,0.707C17.651,14.951,17.779,15,17.907,15s0.256-0.049,0.354-0.146l2.999-2.999\r\n\t\t\tC21.306,11.808,21.343,11.752,21.368,11.691z\"\/>\r\n\t\t<path fill=\"#384044\" d=\"M4.906,4.5c-0.827,0-1.5-0.673-1.5-1.5V2c0-0.827,0.673-1.5,1.5-1.5s1.5,0.673,1.5,1.5v1\r\n\t\t\tC6.406,3.827,5.733,4.5,4.906,4.5z M4.906,1.5c-0.276,0-0.5,0.224-0.5,0.5v1c0,0.276,0.224,0.5,0.5,0.5s0.5-0.224,0.5-0.5V2\r\n\t\t\tC5.406,1.724,5.182,1.5,4.906,1.5z\"\/>\r\n\t\t<path fill=\"#384044\" d=\"M11.906,4.5c-0.827,0-1.5-0.673-1.5-1.5V2c0-0.827,0.673-1.5,1.5-1.5s1.5,0.673,1.5,1.5v1\r\n\t\t\tC13.406,3.827,12.733,4.5,11.906,4.5z M11.906,1.5c-0.275,0-0.5,0.224-0.5,0.5v1c0,0.276,0.225,0.5,0.5,0.5s0.5-0.224,0.5-0.5V2\r\n\t\t\tC12.406,1.724,12.182,1.5,11.906,1.5z\"\/>\r\n\t\t<path fill=\"#384044\" d=\"M16.406,9.5V4c0-0.827-0.673-1.5-1.5-1.5h-0.5v1c0,1.103-0.897,2-2,2h-1c-1.103,0-2-0.897-2-2v-1h-2v1\r\n\t\t\tc0,1.103-0.897,2-2,2h-1c-1.103,0-2-0.897-2-2v-1h-0.5c-0.827,0-1.5,0.673-1.5,1.5v5.5v4V16c0,0.827,0.673,1.5,1.5,1.5h13\r\n\t\t\tc0.827,0,1.5-0.673,1.5-1.5v-2.5h-1V16c0,0.275-0.225,0.5-0.5,0.5h-13c-0.276,0-0.5-0.225-0.5-0.5v-2.5v-4v-3h14v3H16.406z\"\/>\r\n\t<\/g>\r\n<\/svg>\r\n              <input type=\"input\" name=\"date-out\" class=\"form-control\" required=\"required\" title=\"\" placeholder=\"exit\" required>\r\n            <\/div>\r\n          <\/div>\r\n        <\/div>\r\n        <div class=\"column\">\r\n          <div class=\"form-control-group\">\r\n            <div class=\"input-wrapper\">\r\n              <svg width=\"8px\" height=\"19px\" viewBox=\"0 0 8 19\" version=\"1.1\" xmlns=\"http:\/\/www.w3.org\/2000\/svg\" xmlns:xlink=\"http:\/\/www.w3.org\/1999\/xlink\">\r\n\t<g stroke=\"none\" stroke-width=\"1\" fill=\"none\" fill-rule=\"evenodd\" stroke-linecap=\"round\" stroke-linejoin=\"round\" transform=\"translate(1, 0)\">\r\n\t\t<path class=\"no-fill\" stroke=\"#384044\" d=\"M0,6h6v4.2c0,0.9-0.8,1.7-1.7,1.7V17H1.7v-5.1c-0.9,0-1.7-0.8-1.7-1.7V6z\"\/>\r\n\t\t<path class=\"no-fill\" stroke=\"#384044\" d=\"M5,2c0,1.1-0.9,2-2,2S1,3.1,1,2s0.9-2,2-2S5,0.9,5,2z\"\/>\r\n\t<\/g>\r\n<\/svg>\r\n              <select name=\"adults\" placeholder=\"adults\" class=\"form-control\" required=\"required\">\r\n                <option placeholder value=\"\">adults<\/option>\r\n                                  <option value=\"1\">1<\/option>\r\n                                  <option value=\"2\">2<\/option>\r\n                                  <option value=\"3\">3<\/option>\r\n                                  <option value=\"4\">4<\/option>\r\n                              <\/select>\r\n            <\/div>\r\n          <\/div>\r\n        <\/div>\r\n        <div class=\"column\">\r\n          <div class=\"form-control-group\">\r\n            <div class=\"input-wrapper\">\r\n              <svg width=\"15px\" height=\"16px\" viewBox=\"0 0 15 16\" version=\"1.1\" xmlns=\"http:\/\/www.w3.org\/2000\/svg\" xmlns:xlink=\"http:\/\/www.w3.org\/1999\/xlink\">\r\n\t<g stroke=\"none\" stroke-width=\"1\" fill=\"none\" fill-rule=\"evenodd\" stroke-linecap=\"round\" stroke-linejoin=\"round\" transform=\"translate(1, 0)\">\r\n\t\t<g>\r\n\t\t\t<path class=\"no-fill\" stroke=\"#384044\" d=\"M0,5v3c0,0.8,0.2,1.5,1,1.5V14h3V9.5c0.8,0,1-0.7,1-1.5V5H0z\"\/>\r\n\t\t\t<path class=\"no-fill\" stroke=\"#384044\" d=\"M4,1.5C4,2.3,3.3,3,2.5,3S1,2.3,1,1.5S1.7,0,2.5,0S4,0.7,4,1.5z\"\/>\r\n\t\t<\/g>\r\n\t\t<g transform=\"translate(8.000000, 0.000000)\">\r\n\t\t\t<path class=\"no-fill\" stroke=\"#384044\" d=\"M0,5v3c0,0.8,0.2,1.5,1,1.5V14h3V9.5c0.8,0,1-0.7,1-1.5V5H0z\"\/>\r\n\t\t\t<path class=\"no-fill\" stroke=\"#384044\" d=\"M4,1.5C4,2.3,3.3,3,2.5,3S1,2.3,1,1.5S1.7,0,2.5,0S4,0.7,4,1.5z\"\/>\r\n\t\t<\/g>\r\n\t<\/g>\r\n<\/svg>\r\n              <select name=\"childrens\" onchange=\"generateChildrenAgeInputs(this)\" placeholder=\"children\" class=\"form-control\">\r\n                <option placeholder value=\"0\">children<\/option>\r\n                                  <option value=\"0\">0<\/option>\r\n                                  <option value=\"1\">1<\/option>\r\n                                  <option value=\"2\">2<\/option>\r\n                                  <option value=\"3\">3<\/option>\r\n                                  <option value=\"4\">4<\/option>\r\n                              <\/select>\r\n            <\/div>\r\n          <\/div>\r\n\t<\/div>\r\n\t<div id=\"childages\" class=\"column\"><\/div>\r\n                <div class=\"column\">\r\n          <div class=\"form-control-group\">\r\n            <div class=\"input-wrapper\">\r\n              <svg width=\"15px\" height=\"16px\" viewBox=\"0 0 15 16\" version=\"1.1\" xmlns=\"http:\/\/www.w3.org\/2000\/svg\" xmlns:xlink=\"http:\/\/www.w3.org\/1999\/xlink\">\r\n\t<g stroke=\"none\" stroke-width=\"1\" fill=\"none\" fill-rule=\"evenodd\" stroke-linecap=\"round\" stroke-linejoin=\"round\" transform=\"translate(1, 0)\">\r\n\t\t<g>\r\n\t\t\t<path class=\"no-fill\" stroke=\"#384044\" d=\"M0,5v3c0,0.8,0.2,1.5,1,1.5V14h3V9.5c0.8,0,1-0.7,1-1.5V5H0z\"\/>\r\n\t\t\t<path class=\"no-fill\" stroke=\"#384044\" d=\"M4,1.5C4,2.3,3.3,3,2.5,3S1,2.3,1,1.5S1.7,0,2.5,0S4,0.7,4,1.5z\"\/>\r\n\t\t<\/g>\r\n\t\t<g transform=\"translate(8.000000, 0.000000)\">\r\n\t\t\t<path class=\"no-fill\" stroke=\"#384044\" d=\"M0,5v3c0,0.8,0.2,1.5,1,1.5V14h3V9.5c0.8,0,1-0.7,1-1.5V5H0z\"\/>\r\n\t\t\t<path class=\"no-fill\" stroke=\"#384044\" d=\"M4,1.5C4,2.3,3.3,3,2.5,3S1,2.3,1,1.5S1.7,0,2.5,0S4,0.7,4,1.5z\"\/>\r\n\t\t<\/g>\r\n\t<\/g>\r\n<\/svg>\r\n              <input type=\"text\" name=\"promo\" class=\"form-control\" title=\"\" placeholder=\"promo code\">\r\n            <\/div>\r\n          <\/div>\r\n        <\/div>\r\n                <div class=\"column\">\r\n          <div class=\"buttons-container\">\r\n            <button type=\"submit\" name=\"submit\" class=\"button button-fill color-1\">CHECK AVAILABILITY<\/button>\r\n          <\/div>\r\n        <\/div>\r\n      <\/div>\r\n    <\/div>\r\n    <input type=\"hidden\" name=\"view\" value=\"ajax\">\r\n    <input type=\"hidden\" name=\"action-name\" value=\"send\">\r\n    <input type=\"hidden\" name=\"lang\" value=\"en\">\r\n  <\/fieldset>\r\n<\/form>\r\n<script type=\"text\/javascript\">\r\nfunction generateChildrenAgeInputs(sel) {\r\n\tvar container = document.querySelectorAll('#childages')[1];\r\n\r\n\tvar count = parseInt(sel.value, 10) || 0;\r\n\tvar html  = '';\r\n\r\n\tfor (var i = 1; i <= count; i++){\r\n                html += '<div class=\"form-control-group\">'\r\n                    +   '<div class=\"input-wrapper\">'\r\n\/\/                    +     '<label for=\"child_age_' + i + '\">'\r\n\/\/                    +       'Vek die\u0165a\u0165a ' + i + ':'\r\n\/\/                    +     '<\/label>'\r\n                    +     '<input '\r\n                    +       'type=\"number\" '\r\n                    +       'placeholder=\"Vek die\u0165a\u0165a ' + i + ':\"'\r\n                    +       'min=\"0\" '\r\n                    +\t    'max=\"17\" '\r\n                    +\t    'required=\"required\" '\r\n                    +       'id=\"child_age_' + i + '\" '\r\n                    +       'name=\"children_age[]\" '\r\n                    +       'class=\"form-control\" '\r\n                    +     '\/>'\r\n                    +   '<\/div>'\r\n                    + '<\/div>';\r\n\t}\r\n\tcontainer.innerHTML = html;\r\n\tconsole.log(container)\r\n}\r\n<\/script>\r\n\r\n<!--<div id=\"booking-search-bar2\">\r\n  <span id=\"booking-search-bar2-span\">\r\n    <a id=\"booking-search-bar2-link\" target=\"_blank\" href=\"https:\/\/www.satur.sk\/hotel\/slovensko\/juzne-slovensko\/rezort-x-bionic-sphere\/\" title=\"Ponuka pred\u013a\u017een\u00fdch pobytov\u00fdch v\u00edkendov s CK Satur\">PONUKA PRED\u0139\u017dEN\u00ddCH POBYTOV\u00ddCH V\u00cdKENDOV NA JESE\u0147 S CK SATUR<\/a>\r\n  <\/span>\r\n<\/div>-->\r\n                  <\/div>\r\n                <\/div>\r\n                              <\/div>\r\n            <\/div>\r\n          <\/article>\r\n                    <div class=\"scroll\">\r\n            <span class=\"icon-scroll\"><\/span><span class=\"text\">scroll down<\/span>\r\n          <\/div>\r\n                          <\/div>\r\n        [\/vc_column][\/vc_row][\/vc_section][vc_section padding=&#8221;small-pad&#8221;][vc_row custom_width=&#8221;w-630&#8243;][vc_column][vc_column_text]<\/p>\n<p class=\"big\"><span style=\"font-size: 12pt;\">At the x-bionic\u00ae private sphere, all hotel rooms are spacious, tastefully furnished and equipped with the latest information technology. Through this technology, guests will be able to find out in advance everything about the planned activities and events taking place throughout the resort.<\/span><br \/>\n<span style=\"font-size: 12pt;\">Each room has free Wi-Fi access. Guests staying in the hotel have privileged entrance to the GYM, x-bionic\u00ae aquatic sphere and x-bionic\u00ae wellness sphere. Parking in the resort is free of charge for our visitors. All rooms are non-smoking. Some of the Deluxe Rooms have wheelchair access.<\/span><\/p>\n<hr \/>\n<h2 class=\"content-section-title has-line color-1\"><span style=\"font-size: 14pt;\"><strong>Junior suites<\/strong><\/span><\/h2>\n<p><span style=\"font-size: 12pt;\">Choose from nicely furnished, air-conditioned double or twin bed rooms and relax in the spacious living room for a while. If you\u2019d like to have a view, we are happy to offer you a room with a balcony. Guests staying in Junior suites have free entrance to x-bionic wellness\u00ae sphere.<\/span>[\/vc_column_text][\/vc_column][\/vc_row][vc_row custom_width=&#8221;w-630&#8243;][vc_column][vc_column_text]<\/p>\n<h2 class=\"content-section-title has-line color-1\"><span style=\"font-size: 14pt;\"><strong>Deluxe room<\/strong><\/span><\/h2>\n<p><span style=\"font-size: 12pt;\">For large groups of people, our Deluxe rooms are ideal, accommodating 1-4 people &#8211; either on double or single beds. If you are looking for a shared accommodation with your family, friends, colleagues or sports partners, Deluxe rooms are a great choice for you.<\/span>[\/vc_column_text][\/vc_column][\/vc_row][vc_row custom_width=&#8221;w-630&#8243;][vc_column][vc_column_text css=&#8221;.vc_custom_1732711938644{margin-bottom: 20px !important;}&#8221;]<\/p>\n<h2 class=\"content-section-title has-line color-1\"><strong><span style=\"font-size: 14pt;\">Family room<\/span><\/strong><\/h2>\n<p><span style=\"font-size: 12pt;\">If you are going to visit us with your kids, you can use the special Family rooms that will meet all of your family requirements. Stay in two separate bedrooms ideal up to 4 people, enjoy the view from the terrace and use safe and practical direct access to the AdventureLand playground.<\/span>[\/vc_column_text][vc_empty_space][vc_separator color=&#8221;sandy_brown&#8221;][\/vc_column][\/vc_row][vc_row custom_width=&#8221;w-630&#8243;][vc_column][vc_column_text]<\/p>\n<h2 class=\"content-section-title has-line color-1\"><strong><span style=\"font-size: 14pt;\">x-bionic\u00ae family sphere<\/span><\/strong><\/h2>\n<p><span style=\"font-size: 12pt;\">x-bionic\u00ae sphere is an excellent option for a family trip with children. Waiting for you are Family rooms located on the ground floor of the hotel, which are equipped with a front garden available directly from the room. A great advantage is also the direct access to the interactive AdventureLand playground, and entry to PlayFun children\u2019s corner is included in the price of accommodation.<\/span><\/p>\n<h2 class=\"content-section-title has-line color-1\"><strong><span style=\"font-size: 14pt;\">AdventureLand playground<\/span><\/strong><\/h2>\n<p><span style=\"font-size: 12pt;\">Have fun at our interactive playground full of swings, climbing frames and other attractions. Age does not matter \u2013 the playground is divided into three zones and is suitable for all age groups of children and adults alike. Come and experience some great moments with your family and friends, or organize your family celebration and enjoy your leisure time a little bit differently.<\/span><\/p>\n<p><span style=\"font-size: 10pt;\"><a href=\"https:\/\/www.x-bionicsphere.com\/zabava-relax\/adventureland\/\" title=\"\" class=\"link link-icon-after color-1\">MORE INFORMATION ABOUT ADVENTURELAND<span class=\"icon-arrow-right\"><\/span><\/a><\/span><\/p>\n<h2 class=\"content-section-title has-line color-1\"><strong><span style=\"font-size: 14pt;\">PlayFun children\u2019s corner<\/span><\/strong><\/h2>\n<p><span style=\"font-size: 12pt;\">Your kids will definitely fall in love with the PlayFun x-bionic\u00ae sphere. They can find a lot of books, toys and creative activities there, but there is also the possibility of screening a movie or organizing a children\u2019s celebration or musical performance. The children\u2019s corner is available to families staying at the x-bionic\u00ae family sphere or to children of parents using the resort\u2019s services.<\/span><\/p>\n<p><span style=\"font-size: 10pt;\"><a href=\"https:\/\/www.x-bionicsphere.com\/zabava-relax\/playfun\/\" title=\"\" class=\"link link-icon-after color-1\">MORE INFORMATION ABOUT PLAYFUN<span class=\"icon-arrow-right\"><\/span><\/a><\/span>[\/vc_column_text][\/vc_column][\/vc_row][\/vc_section][vc_row][vc_column]                <div class=\"slider-gallery-component\">\r\n    \t\t\t<div class=\"slider\">\r\n                \t\t\t\t<div class=\"slider-item\" data-title=\"x-bionic\u00ae private sphere\">\r\n    \t\t\t\t\t<figure><img width=\"1440\" height=\"954\" src=\"https:\/\/www.x-bionicsphere.com\/wp-content\/uploads\/2018\/03\/Hotel-Red-Bedroom1-e1522590034247.jpg\" class=\"attachment-full size-full\" alt=\"\" loading=\"lazy\" \/><\/figure>\r\n    \t\t\t\t<\/div>\r\n                \t\t\t\t<div class=\"slider-item\" data-title=\"x-bionic\u00ae private sphere\">\r\n    \t\t\t\t\t<figure><img width=\"5760\" height=\"3840\" src=\"https:\/\/www.x-bionicsphere.com\/wp-content\/uploads\/2018\/03\/Hotel-Red-Living-Room.jpg\" class=\"attachment-full size-full\" alt=\"\" loading=\"lazy\" srcset=\"https:\/\/www.x-bionicsphere.com\/wp-content\/uploads\/2018\/03\/Hotel-Red-Living-Room.jpg 5760w, https:\/\/www.x-bionicsphere.com\/wp-content\/uploads\/2018\/03\/Hotel-Red-Living-Room-300x200.jpg 300w, https:\/\/www.x-bionicsphere.com\/wp-content\/uploads\/2018\/03\/Hotel-Red-Living-Room-768x512.jpg 768w, https:\/\/www.x-bionicsphere.com\/wp-content\/uploads\/2018\/03\/Hotel-Red-Living-Room-1024x683.jpg 1024w, https:\/\/www.x-bionicsphere.com\/wp-content\/uploads\/2018\/03\/Hotel-Red-Living-Room-480x320.jpg 480w, https:\/\/www.x-bionicsphere.com\/wp-content\/uploads\/2018\/03\/Hotel-Red-Living-Room-992x661.jpg 992w, https:\/\/www.x-bionicsphere.com\/wp-content\/uploads\/2018\/03\/Hotel-Red-Living-Room-1200x800.jpg 1200w\" sizes=\"(max-width: 5760px) 100vw, 5760px\" \/><\/figure>\r\n    \t\t\t\t<\/div>\r\n                \t\t\t\t<div class=\"navigation-container\">\r\n    \t\t\t\t\t<div class=\"container-width w-630\">\r\n    \t\t\t\t\t\t<div class=\"count\">\r\n    \t\t\t\t\t\t\t<div class=\"current\"><\/div>\/<div class=\"total\"><\/div>\r\n    \t\t\t\t\t\t<\/div>\r\n    \t\t\t\t\t\t<div class=\"title\"><\/div>\r\n    \t\t\t\t\t\t<div class=\"arrows\"><\/div>\r\n    \t\t\t\t\t<\/div>\r\n    \t\t\t\t<\/div>\r\n    \t\t\t<\/div>\r\n    \t\t<\/div>\r\n                [\/vc_column][\/vc_row][vc_section][vc_row custom_width=&#8221;w-1070&#8243;][vc_column]        <div class=\"info-box-component contact-box-component\">\r\n                    <figure class=\"fixed-bottom\">\r\n            <img width=\"300\" height=\"410\" src=\"https:\/\/www.x-bionicsphere.com\/wp-content\/uploads\/2018\/04\/sales_kontakt_2.png\" class=\"attachment-md size-md\" alt=\"\" loading=\"lazy\" srcset=\"https:\/\/www.x-bionicsphere.com\/wp-content\/uploads\/2018\/04\/sales_kontakt_2.png 300w, https:\/\/www.x-bionicsphere.com\/wp-content\/uploads\/2018\/04\/sales_kontakt_2-220x300.png 220w\" sizes=\"(max-width: 300px) 100vw, 300px\" \/>          <\/figure>\r\n                    <div class=\"body\">\r\n            <div class=\"content-section-title has-line  color-1\">Contact and reservations<\/div>\r\n                        <address>\r\n                        <p>+421 313 262 110<br \/>\n<a href=\"mailto:hotel@x-bionicsphere.com\" title=\"\" class=\"link\">hotel@x-bionicsphere.com<\/a><\/p>\n                        <\/address>\r\n                      <\/div>\r\n        <\/div>\r\n        [\/vc_column][\/vc_row][\/vc_section][vc_row][vc_column][vc_empty_space][\/vc_column][\/vc_row]<\/p>\n","protected":false},"excerpt":{"rendered":"<p>[vc_section padding=&#8221;no-pad&#8221;][vc_row full_width=&#8221;stretch_row_content_no_spaces&#8221;][vc_column][\/vc_column][\/vc_row][\/vc_section][vc_section padding=&#8221;small-pad&#8221;][vc_row custom_width=&#8221;w-630&#8243;][vc_column][vc_column_text] At the x-bionic\u00ae private sphere, all hotel rooms are spacious, tastefully furnished and equipped with the latest information technology. Through this technology, guests will be able to find out in advance everything about the planned activities and events taking place throughout the resort. Each room has free Wi-Fi access. Guests [&hellip;]<\/p>\n","protected":false},"author":34,"featured_media":0,"parent":5331,"menu_order":0,"comment_status":"closed","ping_status":"closed","template":"","meta":[],"categories":[],"acf":[],"_links":{"self":[{"href":"https:\/\/www.x-bionicsphere.com\/en\/wp-json\/wp\/v2\/pages\/5336"}],"collection":[{"href":"https:\/\/www.x-bionicsphere.com\/en\/wp-json\/wp\/v2\/pages"}],"about":[{"href":"https:\/\/www.x-bionicsphere.com\/en\/wp-json\/wp\/v2\/types\/page"}],"author":[{"embeddable":true,"href":"https:\/\/www.x-bionicsphere.com\/en\/wp-json\/wp\/v2\/users\/34"}],"replies":[{"embeddable":true,"href":"https:\/\/www.x-bionicsphere.com\/en\/wp-json\/wp\/v2\/comments?post=5336"}],"version-history":[{"count":10,"href":"https:\/\/www.x-bionicsphere.com\/en\/wp-json\/wp\/v2\/pages\/5336\/revisions"}],"predecessor-version":[{"id":40704,"href":"https:\/\/www.x-bionicsphere.com\/en\/wp-json\/wp\/v2\/pages\/5336\/revisions\/40704"}],"up":[{"embeddable":true,"href":"https:\/\/www.x-bionicsphere.com\/en\/wp-json\/wp\/v2\/pages\/5331"}],"wp:attachment":[{"href":"https:\/\/www.x-bionicsphere.com\/en\/wp-json\/wp\/v2\/media?parent=5336"}],"wp:term":[{"taxonomy":"category","embeddable":true,"href":"https:\/\/www.x-bionicsphere.com\/en\/wp-json\/wp\/v2\/categories?post=5336"}],"curies":[{"name":"wp","href":"https:\/\/api.w.org\/{rel}","templated":true}]}}