{"id":5340,"date":"2018-05-25T14:36:34","date_gmt":"2018-05-25T14:36:34","guid":{"rendered":"https:\/\/www.x-bionicsphere.com\/hotel\/congress\/"},"modified":"2024-08-21T12:54:26","modified_gmt":"2024-08-21T10:54:26","slug":"congress","status":"publish","type":"page","link":"https:\/\/www.x-bionicsphere.com\/en\/hotel\/congress\/","title":{"rendered":"Congress"},"content":{"rendered":"<p>[vc_section padding=&#8221;no-pad&#8221;][vc_row full_width=&#8221;stretch_row_content_no_spaces&#8221;][vc_column]        <div class=\"hero-component landing\">\r\n                              <div class=\"video-container\">\r\n            <video poster=\"https:\/\/www.x-bionicsphere.com\/wp-content\/uploads\/2024\/08\/Victory_2043-2000x849.jpg\" autoplay loop muted>\r\n              <source src=\"https:\/\/www.x-bionicsphere.com\/hotel\/congresses\/\" type=\"video\/com\/hotel\/congresses\/\">\r\n              Your browser does not support the video tag.\r\n            <\/video>\r\n          <\/div>\r\n                    <article class=\" text-only\">\r\n            <div class=\"container\">\r\n              <div class=\"content\">\r\n                <div class=\"left-side\">\r\n                                    <div class=\"breadcrumbs-element\">\r\n                    <ul><li><a href=\"https:\/\/www.x-bionicsphere.com\/en\/\" title=\"\">x-bionic sphere<\/a><\/li><li><a href=\"https:\/\/www.x-bionicsphere.com\/en\/hotel\/\" title=\"\">Hotel<\/a><\/li><li class=\"active\">Congress<\/li><\/ul>                  <\/div>\r\n                                                      <header>\r\n                                        <div class=\"pre-title\">A unique place for your event<\/div>\r\n                                        <h1 class=\"title\">Congresses, corporate and private events<\/h1>\r\n                  <\/header>\r\n                                    <div class=\"body\">\r\n                                                          <\/div>\r\n                <\/div>\r\n                              <\/div>\r\n            <\/div>\r\n          <\/article>\r\n                    <div class=\"scroll\">\r\n            <span class=\"icon-scroll\"><\/span><span class=\"text\"><\/span>\r\n          <\/div>\r\n                          <\/div>\r\n        [\/vc_column][\/vc_row][\/vc_section][vc_section padding=&#8221;small-pad&#8221;][vc_row custom_width=&#8221;w-630&#8243;][vc_column][vc_column_text]<\/p>\n<p class=\"big\"><span style=\"font-size: 12pt;\">The x-bionic\u00ae sphere represents an original opportunity for organizing your corporate events. Top equipment, qualified staff and enormous capacity guarantee maximum freedom and meet all your requirements. Request a tailor-made offer and make sure that the x-bionic\u00ae sphere is really the ideal place for your congress.<\/span><\/p>\n<p>[\/vc_column_text][\/vc_column][\/vc_row][vc_row custom_width=&#8221;w-1070&#8243;][vc_column width=&#8221;1\/3&#8243;]            <div class=\"icon-link-item-container type-1 color-1\">\r\n              <a href=\"https:\/\/www.x-bionicsphere.com\/package\/congress-rooms\/\" title=\"\">\r\n                                <div class=\"icon\">\r\n                  <svg width=\"43\" height=\"60\" viewBox=\"0 0 43 60\" xmlns=\"http:\/\/www.w3.org\/2000\/svg\"><g fill=\"none\" fill-rule=\"evenodd\"><path d=\"M7 .25v30m28-30v30M7.324 2h26.823M7.324 10h26.823M7.324 15h26.823M7.324 22h26.823M7.324 30h26.823M4 42.75v15m35-15v15m-30-15v5m25-5v5\" stroke=\"#384044\" stroke-width=\"2\" stroke-linecap=\"round\" stroke-linejoin=\"round\"\/><path class=\"color\" fill=\"#384044\" d=\"M5.857 30.25l-5.592 7.5h41.94l-5.591-7.5M.265 37.75h41.941v5H.265z\"\/><\/g><\/svg>                <\/div>\r\n                                <div class=\"body\">\r\n                  <div class=\"title\">Options<\/div>\r\n                <\/div>\r\n              <\/a>\r\n            <\/div>\r\n          [\/vc_column][vc_column width=&#8221;1\/3&#8243;]            <div class=\"icon-link-item-container type-1 color-1\">\r\n              <a href=\"https:\/\/www.x-bionicsphere.com\/package\/teambuilding\/\" title=\"\">\r\n                                <div class=\"icon\">\r\n                  <svg width=\"60\" height=\"61\" viewBox=\"0 0 60 61\" xmlns=\"http:\/\/www.w3.org\/2000\/svg\"><g fill=\"none\" fill-rule=\"evenodd\" stroke-linecap=\"round\" stroke-linejoin=\"round\"><path d=\"M26.935 38.073V6.75c0-3.568 2.87-6.458 6.413-6.458 3.542 0 6.413 2.89 6.413 6.458v2.583m5.13 34.674V6.75c0-3.568 2.87-6.458 6.413-6.458s6.413 2.89 6.413 6.458v2.583\" stroke=\"#384044\" stroke-width=\"2\"\/><path d=\"M26.935 23.542H44.89m-17.955-7.75H44.89m-17.955 15.5H44.89\" stroke=\"#384044\"\/><path class=\"color no-fill\" d=\"M56.435 54.542c0-5.167-5.718-5.167-5.718 0 0 5.22-6.413 5.22-6.413 0 0-5.167-6.413-5.167-6.413 0 .008 5.21-6.395 5.218-6.403.007-.008-5.182-6.423-5.171-6.423-.007 0 5.22-6.413 5.22-6.413 0 0-5.167-6.413-5.167-6.413 0 0 5.275-6.413 5.275-6.413 0 0-5.167-5.826-5.167-5.826 0m56.435-12.917c0-5.167-5.718-5.167-5.718 0 0 5.22-6.413 5.22-6.413 0 0-5.167-6.413-5.167-6.413 0 .008 5.21-6.395 5.218-6.403.008-.008-5.182-6.423-5.172-6.423-.008 0 5.22-6.413 5.22-6.413 0 0-5.167-6.413-5.167-6.413 0 0 5.275-6.413 5.275-6.413 0 0-5.167-5.826-5.167-5.826 0\" stroke=\"#384044\" stroke-width=\"2\"\/><\/g><\/svg>                <\/div>\r\n                                <div class=\"body\">\r\n                  <div class=\"title\">Possibilities of teambuilding<\/div>\r\n                <\/div>\r\n              <\/a>\r\n            <\/div>\r\n          [\/vc_column][vc_column width=&#8221;1\/3&#8243;]            <div class=\"icon-link-item-container type-1 color-1\">\r\n              <a href=\"https:\/\/www.x-bionicsphere.com\/hotel\/congresses\/\" title=\"\">\r\n                                <div class=\"icon\">\r\n                  <svg width=\"47\" height=\"47\" viewBox=\"0 0 47 47\" xmlns=\"http:\/\/www.w3.org\/2000\/svg\"><g fill=\"none\" fill-rule=\"evenodd\"><g transform=\"translate(22 22)\"><circle class=\"color\" fill=\"#384044\" cx=\"12\" cy=\"12\" r=\"12\"\/><path d=\"M12 19v-8\" stroke=\"#FFF\" stroke-width=\"2\" stroke-linecap=\"round\"\/><circle stroke=\"#FFF\" stroke-width=\"2\" fill=\"#FFF\" stroke-linecap=\"round\" stroke-linejoin=\"round\" cx=\"12\" cy=\"6.5\" r=\"1\"\/><\/g><path d=\"M6.988 13h9m-9 6h16m-16 6h12m-12 6h10\" stroke=\"#384044\" stroke-width=\"2\" stroke-linecap=\"round\" stroke-linejoin=\"round\"\/><g stroke-linecap=\"round\" stroke-width=\"2\" stroke=\"#384044\" stroke-linejoin=\"round\"><path d=\"M21 43H1V1h22l10 10v8\"\/><path d=\"M23 1v10h10\"\/><\/g><\/g><\/svg>                <\/div>\r\n                                <div class=\"body\">\r\n                  <div class=\"title\">The whole offer<\/div>\r\n                <\/div>\r\n              <\/a>\r\n            <\/div>\r\n          [\/vc_column][\/vc_row][vc_row][vc_column][vc_empty_space][vc_empty_space][\/vc_column][\/vc_row][vc_row custom_width=&#8221;w-1070&#8243;][vc_column]        <div class=\"info-box-component contact-box-component\">\r\n                    <figure class=\"fixed-bottom\">\r\n            <img width=\"300\" height=\"410\" src=\"https:\/\/www.x-bionicsphere.com\/wp-content\/uploads\/2018\/04\/sales_kontakt.png\" class=\"attachment-md size-md\" alt=\"\" loading=\"lazy\" srcset=\"https:\/\/www.x-bionicsphere.com\/wp-content\/uploads\/2018\/04\/sales_kontakt.png 300w, https:\/\/www.x-bionicsphere.com\/wp-content\/uploads\/2018\/04\/sales_kontakt-220x300.png 220w\" sizes=\"(max-width: 300px) 100vw, 300px\" \/>          <\/figure>\r\n                    <div class=\"body\">\r\n            <div class=\"content-section-title has-line  color-1\">Contact and reservations<\/div>\r\n                        <address>\r\n                        <p><span class=\"big\">Sales &amp; MICE<\/span><\/p>\n<p>+421 313 262 110<br \/>\n<a href=\"mailto:sales@x-bionicsphere.com\" title=\"\" class=\"link\">sales@x-bionicsphere.com<\/a><\/p>\n                        <\/address>\r\n                      <\/div>\r\n        <\/div>\r\n        [vc_empty_space][vc_empty_space][\/vc_column][\/vc_row][vc_row custom_width=&#8221;w-1070&#8243;][vc_column width=&#8221;1\/2&#8243;][vc_video link=&#8221;https:\/\/youtu.be\/2-TjxgLO9hc&#8221;][\/vc_column][vc_column width=&#8221;1\/2&#8243;][vc_video link=&#8221;https:\/\/youtu.be\/a6pdsfqHel4&#8243;][\/vc_column][\/vc_row][\/vc_section][vc_section top_padding=&#8221;small-top-pad&#8221; bottom_padding=&#8221;big-bottom-pad&#8221;][\/vc_section][vc_section top_padding=&#8221;small-top-pad&#8221; bottom_padding=&#8221;big-bottom-pad&#8221;][\/vc_section][vc_section padding=&#8221;no-pad&#8221;][\/vc_section][vc_section][vc_row custom_width=&#8221;w-630&#8243;][vc_column][\/vc_column][\/vc_row][\/vc_section][vc_section top_padding=&#8221;small-top-pad&#8221; bottom_padding=&#8221;big-bottom-pad&#8221;][vc_row custom_width=&#8221;w-630&#8243; css=&#8221;.vc_custom_1521098119016{margin-top: 32px !important;}&#8221;][vc_column][\/vc_column][\/vc_row][\/vc_section][vc_section padding=&#8221;no-pad&#8221;][vc_row full_width=&#8221;stretch_row_content_no_spaces&#8221;][vc_column][\/vc_column][\/vc_row][\/vc_section][vc_section][vc_row custom_width=&#8221;w-630&#8243;][vc_column offset=&#8221;vc_hidden-lg vc_hidden-md vc_hidden-sm vc_hidden-xs&#8221;][vc_column_text css=&#8221;.vc_custom_1527748635239{margin-bottom: 20px !important;}&#8221;]<\/p>\n<h2 class=\"color-1 content-section-title has-line color-8\">Children\u2019s and family celebrations<\/h2>\n<p>Do you want to have a fun and great experience that you will never forget? At the x-bionic\u00ae sphere we will prepare a family celebration with everything that belongs to it. If you lack inspiration, don\u2019t worry \u2013 we will create a program and ensure animators and activities that really involve everyone. Thanks to the PlayFun playground and the interactive AdventureLand, you and your children will improve your physical fitness and enjoy a lot of pleasant moments together.<\/p>\n<p>Time spent with your family can not be replaced by anything, not even by the best equipped restaurant or hotel. Therefore we focus on creating something new and unusual that you can experience at your celebration. There are many opportunities to have fun:<\/p>\n<ul>\n<li class=\"color-1 color-8\">Children\u2019s corner with books and playroom in the PlayFun zone<\/li>\n<li class=\"color-1 color-8\">Climbing wall, climbing frames and swings for children under 6 years<\/li>\n<li class=\"color-1 color-8\">Labyrinth and water games for children under 12 years<\/li>\n<li class=\"color-1 color-8\">Slides and fitness equipment for adults<\/li>\n<\/ul>\n<p>Request a tailor-made offer and see how the x-bionic\u00ae sphere is the best place for your family celebration.<\/p>\n<p><a href=\"http:\/\/sales@x-bionicsphere.com\" title=\"\" class=\"button color-1 button-fill\">I AM INTERESTED IN A CHILDREN\/FAMILY CELEBRATION<\/a>[\/vc_column_text][\/vc_column][\/vc_row][\/vc_section][vc_section padding=&#8221;no-pad&#8221;][vc_row full_width=&#8221;stretch_row_content_no_spaces&#8221;][vc_column offset=&#8221;vc_hidden-lg vc_hidden-md vc_hidden-sm vc_hidden-xs&#8221;]                <div class=\"slider-gallery-component\">\r\n    \t\t\t<div class=\"slider\">\r\n                \t\t\t\t<div class=\"slider-item\" data-title=\"Children\u2019s celebrations with animators\">\r\n    \t\t\t\t\t<figure><img width=\"1440\" height=\"960\" src=\"https:\/\/www.x-bionicsphere.com\/wp-content\/uploads\/2018\/04\/iStock-853258156-e1522590969994.jpg\" class=\"attachment-full size-full\" alt=\"\" loading=\"lazy\" \/><\/figure>\r\n    \t\t\t\t<\/div>\r\n                \t\t\t\t<div class=\"slider-item\" data-title=\"Children\u2019s celebrations with animators\">\r\n    \t\t\t\t\t<figure><img width=\"1440\" height=\"960\" src=\"https:\/\/www.x-bionicsphere.com\/wp-content\/uploads\/2018\/04\/iStock-637284094-e1522590983654.jpg\" class=\"attachment-full size-full\" alt=\"\" loading=\"lazy\" \/><\/figure>\r\n    \t\t\t\t<\/div>\r\n                \t\t\t\t<div class=\"slider-item\" data-title=\"AdventureLand\">\r\n    \t\t\t\t\t<figure><img width=\"1440\" height=\"960\" src=\"https:\/\/www.x-bionicsphere.com\/wp-content\/uploads\/2018\/03\/OP9A7965-e1522587535801.jpg\" class=\"attachment-full size-full\" alt=\"AdvnetureLand - najv\u00e4\u010d\u0161ie multifunk\u010dn\u00e9 ihrisko\" loading=\"lazy\" \/><\/figure>\r\n    \t\t\t\t<\/div>\r\n                \t\t\t\t<div class=\"slider-item\" data-title=\"AdventureLand\">\r\n    \t\t\t\t\t<figure><img width=\"1440\" height=\"960\" src=\"https:\/\/www.x-bionicsphere.com\/wp-content\/uploads\/2018\/03\/OP9A7629-e1522590919550.jpg\" class=\"attachment-full size-full\" alt=\"\" loading=\"lazy\" \/><\/figure>\r\n    \t\t\t\t<\/div>\r\n                \t\t\t\t<div class=\"slider-item\" data-title=\"AdventureLand\">\r\n    \t\t\t\t\t<figure><img width=\"1440\" height=\"960\" src=\"https:\/\/www.x-bionicsphere.com\/wp-content\/uploads\/2018\/03\/OP9A7716-e1522338467501.jpg\" class=\"attachment-full size-full\" alt=\"\" loading=\"lazy\" \/><\/figure>\r\n    \t\t\t\t<\/div>\r\n                \t\t\t\t<div class=\"slider-item\" data-title=\"AdventureLand\">\r\n    \t\t\t\t\t<figure><img width=\"1440\" height=\"960\" src=\"https:\/\/www.x-bionicsphere.com\/wp-content\/uploads\/2018\/03\/OP9A7565-e1522590875425.jpg\" class=\"attachment-full size-full\" alt=\"\" loading=\"lazy\" \/><\/figure>\r\n    \t\t\t\t<\/div>\r\n                \t\t\t\t<div class=\"slider-item\" data-title=\"AdventureLand\">\r\n    \t\t\t\t\t<figure><img width=\"1440\" height=\"960\" src=\"https:\/\/www.x-bionicsphere.com\/wp-content\/uploads\/2018\/03\/OP9A7468-e1522590854608.jpg\" class=\"attachment-full size-full\" alt=\"\" loading=\"lazy\" \/><\/figure>\r\n    \t\t\t\t<\/div>\r\n                \t\t\t\t<div class=\"slider-item\" data-title=\"AdventureLand\">\r\n    \t\t\t\t\t<figure><img width=\"1440\" height=\"960\" src=\"https:\/\/www.x-bionicsphere.com\/wp-content\/uploads\/2018\/03\/OP9A7586-e1522590906140.jpg\" class=\"attachment-full size-full\" alt=\"\" loading=\"lazy\" \/><\/figure>\r\n    \t\t\t\t<\/div>\r\n                \t\t\t\t<div class=\"navigation-container\">\r\n    \t\t\t\t\t<div class=\"container-width w-630\">\r\n    \t\t\t\t\t\t<div class=\"count\">\r\n    \t\t\t\t\t\t\t<div class=\"current\"><\/div>\/<div class=\"total\"><\/div>\r\n    \t\t\t\t\t\t<\/div>\r\n    \t\t\t\t\t\t<div class=\"title\"><\/div>\r\n    \t\t\t\t\t\t<div class=\"arrows\"><\/div>\r\n    \t\t\t\t\t<\/div>\r\n    \t\t\t\t<\/div>\r\n    \t\t\t<\/div>\r\n    \t\t<\/div>\r\n                [\/vc_column][\/vc_row][\/vc_section]<\/p>\n","protected":false},"excerpt":{"rendered":"<p>[vc_section padding=&#8221;no-pad&#8221;][vc_row full_width=&#8221;stretch_row_content_no_spaces&#8221;][vc_column][\/vc_column][\/vc_row][\/vc_section][vc_section padding=&#8221;small-pad&#8221;][vc_row custom_width=&#8221;w-630&#8243;][vc_column][vc_column_text] The x-bionic\u00ae sphere represents an original opportunity for organizing your corporate events. Top equipment, qualified staff and enormous capacity guarantee maximum freedom and meet all your requirements. Request a tailor-made offer and make sure that the x-bionic\u00ae sphere is really the ideal place for your congress. [\/vc_column_text][\/vc_column][\/vc_row][vc_row custom_width=&#8221;w-1070&#8243;][vc_column width=&#8221;1\/3&#8243;][\/vc_column][vc_column width=&#8221;1\/3&#8243;][\/vc_column][vc_column [&hellip;]<\/p>\n","protected":false},"author":34,"featured_media":1427,"parent":5331,"menu_order":0,"comment_status":"closed","ping_status":"closed","template":"page-no-header-border.php","meta":[],"categories":[],"acf":[],"_links":{"self":[{"href":"https:\/\/www.x-bionicsphere.com\/en\/wp-json\/wp\/v2\/pages\/5340"}],"collection":[{"href":"https:\/\/www.x-bionicsphere.com\/en\/wp-json\/wp\/v2\/pages"}],"about":[{"href":"https:\/\/www.x-bionicsphere.com\/en\/wp-json\/wp\/v2\/types\/page"}],"author":[{"embeddable":true,"href":"https:\/\/www.x-bionicsphere.com\/en\/wp-json\/wp\/v2\/users\/34"}],"replies":[{"embeddable":true,"href":"https:\/\/www.x-bionicsphere.com\/en\/wp-json\/wp\/v2\/comments?post=5340"}],"version-history":[{"count":32,"href":"https:\/\/www.x-bionicsphere.com\/en\/wp-json\/wp\/v2\/pages\/5340\/revisions"}],"predecessor-version":[{"id":39405,"href":"https:\/\/www.x-bionicsphere.com\/en\/wp-json\/wp\/v2\/pages\/5340\/revisions\/39405"}],"up":[{"embeddable":true,"href":"https:\/\/www.x-bionicsphere.com\/en\/wp-json\/wp\/v2\/pages\/5331"}],"wp:featuredmedia":[{"embeddable":true,"href":"https:\/\/www.x-bionicsphere.com\/en\/wp-json\/wp\/v2\/media\/1427"}],"wp:attachment":[{"href":"https:\/\/www.x-bionicsphere.com\/en\/wp-json\/wp\/v2\/media?parent=5340"}],"wp:term":[{"taxonomy":"category","embeddable":true,"href":"https:\/\/www.x-bionicsphere.com\/en\/wp-json\/wp\/v2\/categories?post=5340"}],"curies":[{"name":"wp","href":"https:\/\/api.w.org\/{rel}","templated":true}]}}