{"id":5372,"date":"2018-05-25T14:48:59","date_gmt":"2018-05-25T14:48:59","guid":{"rendered":"https:\/\/www.x-bionicsphere.com\/tuli-cinema\/"},"modified":"2018-05-25T14:48:59","modified_gmt":"2018-05-25T14:48:59","slug":"tuli-cinema","status":"publish","type":"page","link":"https:\/\/www.x-bionicsphere.com\/en\/tuli-cinema\/","title":{"rendered":"Tuli\u00ae Cinema"},"content":{"rendered":"<p>[vc_section padding=&#8221;no-pad&#8221;][vc_row full_width=&#8221;stretch_row_content_no_spaces&#8221; equal_height=&#8221;yes&#8221; custom_width=&#8221;w-1600&#8243;][vc_column width=&#8221;1\/2&#8243; offset=&#8221;vc_col-md-3 vc_col-xs-12&#8243; css=&#8221;.vc_custom_1522080405474{margin-top: 15px !important;margin-right: 15px !important;margin-bottom: 15px !important;margin-left: 15px !important;}&#8221;]          <div class=\"showcase-item-container type-3\">\r\n            <a href=\"http:\/\/www.invelity.xbionic\/call-to-action\/\" title=\"\">\r\n                            <figure>\r\n                <img width=\"800\" height=\"333\" src=\"https:\/\/www.x-bionicsphere.com\/wp-content\/uploads\/2017\/12\/sport-landing.jpg\" class=\"attachment-showcase-box size-showcase-box\" alt=\"\" loading=\"lazy\" srcset=\"https:\/\/www.x-bionicsphere.com\/wp-content\/uploads\/2017\/12\/sport-landing.jpg 1440w, https:\/\/www.x-bionicsphere.com\/wp-content\/uploads\/2017\/12\/sport-landing-300x125.jpg 300w, https:\/\/www.x-bionicsphere.com\/wp-content\/uploads\/2017\/12\/sport-landing-768x320.jpg 768w, https:\/\/www.x-bionicsphere.com\/wp-content\/uploads\/2017\/12\/sport-landing-1024x427.jpg 1024w, https:\/\/www.x-bionicsphere.com\/wp-content\/uploads\/2017\/12\/sport-landing-480x200.jpg 480w, https:\/\/www.x-bionicsphere.com\/wp-content\/uploads\/2017\/12\/sport-landing-992x413.jpg 992w, https:\/\/www.x-bionicsphere.com\/wp-content\/uploads\/2017\/12\/sport-landing-1200x500.jpg 1200w\" sizes=\"(max-width: 800px) 100vw, 800px\" \/>                              <\/figure>\r\n                            <div class=\"body\">\r\n                <div class=\"top\">\r\n                                    <div class=\"date\">Dnes 20:00<\/div>\r\n                                    <div class=\"title\">D\u00e1mska jazda - Cuky Luky Film<\/div>\r\n                <\/div>\r\n                <div class=\"bottom\">\r\n                  <div class=\"description\">\r\n                    <p>Re\u017eis\u00e9r filmu Madagaskar Tom McGrath v\u00e1s poz\u00fdva do kina na animovan\u00fa kom\u00e9diu Baby \u0161\u00e9f, v ktorej sa zozn\u00e1mite s ve\u013emi zvl\u00e1\u0161tnym b\u00e1b\u00e4tkom.<\/p>\n                  <\/div>\r\n                                    <div class=\"buttons-container\">\r\n                    <span class=\"button\">Detail filmu<\/span>\r\n                  <\/div>\r\n                                  <\/div>\r\n              <\/div>\r\n            <\/a>\r\n          <\/div>\r\n          [\/vc_column][vc_column width=&#8221;1\/2&#8243; offset=&#8221;vc_col-md-3&#8243; css=&#8221;.vc_custom_1522080411196{margin-top: 15px !important;margin-right: 15px !important;margin-bottom: 15px !important;margin-left: 15px !important;}&#8221;]          <div class=\"showcase-item-container type-3\">\r\n            <a href=\"http:\/\/www.invelity.xbionic\/call-to-action\/\" title=\"\">\r\n                            <figure>\r\n                                              <\/figure>\r\n                            <div class=\"body\">\r\n                <div class=\"top\">\r\n                                    <div class=\"date\">Dnes 20:00<\/div>\r\n                                    <div class=\"title\">D\u00e1mska jazda - Cuky Luky Film<\/div>\r\n                <\/div>\r\n                <div class=\"bottom\">\r\n                  <div class=\"description\">\r\n                    <p>Re\u017eis\u00e9r filmu Madagaskar Tom McGrath v\u00e1s poz\u00fdva do kina na animovan\u00fa kom\u00e9diu Baby \u0161\u00e9f, v ktorej sa zozn\u00e1mite s ve\u013emi zvl\u00e1\u0161tnym b\u00e1b\u00e4tkom.<\/p>\n                  <\/div>\r\n                                    <div class=\"buttons-container\">\r\n                    <span class=\"button\">Detail filmu<\/span>\r\n                  <\/div>\r\n                                  <\/div>\r\n              <\/div>\r\n            <\/a>\r\n          <\/div>\r\n          [\/vc_column][vc_column width=&#8221;1\/2&#8243; offset=&#8221;vc_col-md-3&#8243; css=&#8221;.vc_custom_1522080416669{margin-top: 15px !important;margin-right: 15px !important;margin-bottom: 15px !important;margin-left: 15px !important;}&#8221;]          <div class=\"showcase-item-container type-3\">\r\n            <a href=\"http:\/\/www.invelity.xbionic\/call-to-action\/\" title=\"\">\r\n                            <figure>\r\n                                              <\/figure>\r\n                            <div class=\"body\">\r\n                <div class=\"top\">\r\n                                    <div class=\"date\">Dnes 20:00<\/div>\r\n                                    <div class=\"title\">D\u00e1mska jazda - Cuky Luky Film<\/div>\r\n                <\/div>\r\n                <div class=\"bottom\">\r\n                  <div class=\"description\">\r\n                    <p>Re\u017eis\u00e9r filmu Madagaskar Tom McGrath v\u00e1s poz\u00fdva do kina na animovan\u00fa kom\u00e9diu Baby \u0161\u00e9f, v ktorej sa zozn\u00e1mite s ve\u013emi zvl\u00e1\u0161tnym b\u00e1b\u00e4tkom.<\/p>\n                  <\/div>\r\n                                    <div class=\"buttons-container\">\r\n                    <span class=\"button\">Detail filmu<\/span>\r\n                  <\/div>\r\n                                  <\/div>\r\n              <\/div>\r\n            <\/a>\r\n          <\/div>\r\n          [\/vc_column][vc_column width=&#8221;1\/2&#8243; offset=&#8221;vc_col-md-3&#8243; css=&#8221;.vc_custom_1522080423366{margin-top: 15px !important;margin-right: 15px !important;margin-bottom: 15px !important;margin-left: 15px !important;}&#8221;]          <div class=\"showcase-item-container type-3\">\r\n            <a href=\"http:\/\/www.invelity.xbionic\/call-to-action\/\" title=\"\">\r\n                            <figure>\r\n                <img width=\"800\" height=\"333\" src=\"https:\/\/www.x-bionicsphere.com\/wp-content\/uploads\/2018\/01\/hotel-landing.png\" class=\"attachment-showcase-box size-showcase-box\" alt=\"stre\u0161n\u00fd apartm\u00e1n v X-BIONIC\u00ae HOTEL\" loading=\"lazy\" srcset=\"https:\/\/www.x-bionicsphere.com\/wp-content\/uploads\/2018\/01\/hotel-landing.png 1440w, https:\/\/www.x-bionicsphere.com\/wp-content\/uploads\/2018\/01\/hotel-landing-300x125.png 300w, https:\/\/www.x-bionicsphere.com\/wp-content\/uploads\/2018\/01\/hotel-landing-768x320.png 768w, https:\/\/www.x-bionicsphere.com\/wp-content\/uploads\/2018\/01\/hotel-landing-1024x427.png 1024w, https:\/\/www.x-bionicsphere.com\/wp-content\/uploads\/2018\/01\/hotel-landing-480x200.png 480w, https:\/\/www.x-bionicsphere.com\/wp-content\/uploads\/2018\/01\/hotel-landing-992x413.png 992w, https:\/\/www.x-bionicsphere.com\/wp-content\/uploads\/2018\/01\/hotel-landing-1200x500.png 1200w\" sizes=\"(max-width: 800px) 100vw, 800px\" \/>                              <\/figure>\r\n                            <div class=\"body\">\r\n                <div class=\"top\">\r\n                                    <div class=\"date\">Dnes 20:00<\/div>\r\n                                    <div class=\"title\">D\u00e1mska jazda - Cuky Luky Film<\/div>\r\n                <\/div>\r\n                <div class=\"bottom\">\r\n                  <div class=\"description\">\r\n                    <p>Re\u017eis\u00e9r filmu Madagaskar Tom McGrath v\u00e1s poz\u00fdva do kina na animovan\u00fa kom\u00e9diu Baby \u0161\u00e9f, v ktorej sa zozn\u00e1mite s ve\u013emi zvl\u00e1\u0161tnym b\u00e1b\u00e4tkom.<\/p>\n                  <\/div>\r\n                                    <div class=\"buttons-container\">\r\n                    <span class=\"button\">Detail filmu<\/span>\r\n                  <\/div>\r\n                                  <\/div>\r\n              <\/div>\r\n            <\/a>\r\n          <\/div>\r\n          [\/vc_column][\/vc_row][\/vc_section][vc_section][vc_row custom_width=&#8221;w-1070&#8243;][vc_column][xbionic-movie-schedule base_color=&#8221;5&#8243;][\/vc_column][\/vc_row][\/vc_section][vc_section][vc_row custom_width=&#8221;w-1600&#8243;][vc_column width=&#8221;1\/3&#8243; offset=&#8221;vc_col-md-3 vc_col-xs-6&#8243; css=&#8221;.vc_custom_1516608654041{margin-bottom: 40px !important;}&#8221;][vc_single_image image=&#8221;555&#8243; img_size=&#8221;md&#8221; onclick=&#8221;custom_link&#8221; link=&#8221;http:\/\/#&#8221;][\/vc_column][vc_column width=&#8221;1\/3&#8243; offset=&#8221;vc_col-md-3 vc_col-xs-6&#8243; css=&#8221;.vc_custom_1516608659574{margin-bottom: 40px !important;}&#8221;][vc_single_image image=&#8221;555&#8243; img_size=&#8221;md&#8221; onclick=&#8221;custom_link&#8221; link=&#8221;http:\/\/#&#8221;][\/vc_column][vc_column width=&#8221;1\/3&#8243; offset=&#8221;vc_col-md-3 vc_col-xs-6&#8243; css=&#8221;.vc_custom_1516608665068{margin-bottom: 40px !important;}&#8221;][vc_single_image image=&#8221;555&#8243; img_size=&#8221;md&#8221; onclick=&#8221;custom_link&#8221; link=&#8221;http:\/\/#&#8221;][\/vc_column][vc_column width=&#8221;1\/3&#8243; offset=&#8221;vc_col-md-3 vc_hidden-sm vc_col-xs-6&#8243; css=&#8221;.vc_custom_1516608670232{margin-bottom: 40px !important;}&#8221;][vc_single_image image=&#8221;555&#8243; img_size=&#8221;md&#8221; onclick=&#8221;custom_link&#8221; link=&#8221;http:\/\/#&#8221;][\/vc_column][\/vc_row][\/vc_section][vc_section][vc_row custom_width=&#8221;w-1070&#8243;][vc_column][xbionic-movie-list-filter base_color=&#8221;6&#8243;][\/vc_column][\/vc_row][\/vc_section]<\/p>\n","protected":false},"excerpt":{"rendered":"<p>[vc_section padding=&#8221;no-pad&#8221;][vc_row full_width=&#8221;stretch_row_content_no_spaces&#8221; equal_height=&#8221;yes&#8221; custom_width=&#8221;w-1600&#8243;][vc_column width=&#8221;1\/2&#8243; offset=&#8221;vc_col-md-3 vc_col-xs-12&#8243; css=&#8221;.vc_custom_1522080405474{margin-top: 15px !important;margin-right: 15px !important;margin-bottom: 15px !important;margin-left: 15px !important;}&#8221;][\/vc_column][vc_column width=&#8221;1\/2&#8243; offset=&#8221;vc_col-md-3&#8243; css=&#8221;.vc_custom_1522080411196{margin-top: 15px !important;margin-right: 15px !important;margin-bottom: 15px !important;margin-left: 15px !important;}&#8221;][\/vc_column][vc_column width=&#8221;1\/2&#8243; offset=&#8221;vc_col-md-3&#8243; css=&#8221;.vc_custom_1522080416669{margin-top: 15px !important;margin-right: 15px !important;margin-bottom: 15px !important;margin-left: 15px !important;}&#8221;][\/vc_column][vc_column width=&#8221;1\/2&#8243; offset=&#8221;vc_col-md-3&#8243; css=&#8221;.vc_custom_1522080423366{margin-top: 15px !important;margin-right: 15px !important;margin-bottom: 15px !important;margin-left: 15px !important;}&#8221;][\/vc_column][\/vc_row][\/vc_section][vc_section][vc_row custom_width=&#8221;w-1070&#8243;][vc_column][xbionic-movie-schedule base_color=&#8221;5&#8243;][\/vc_column][\/vc_row][\/vc_section][vc_section][vc_row custom_width=&#8221;w-1600&#8243;][vc_column width=&#8221;1\/3&#8243; offset=&#8221;vc_col-md-3 [&hellip;]<\/p>\n","protected":false},"author":34,"featured_media":0,"parent":0,"menu_order":0,"comment_status":"closed","ping_status":"closed","template":"page-no-header-border.php","meta":[],"categories":[],"acf":[],"_links":{"self":[{"href":"https:\/\/www.x-bionicsphere.com\/en\/wp-json\/wp\/v2\/pages\/5372"}],"collection":[{"href":"https:\/\/www.x-bionicsphere.com\/en\/wp-json\/wp\/v2\/pages"}],"about":[{"href":"https:\/\/www.x-bionicsphere.com\/en\/wp-json\/wp\/v2\/types\/page"}],"author":[{"embeddable":true,"href":"https:\/\/www.x-bionicsphere.com\/en\/wp-json\/wp\/v2\/users\/34"}],"replies":[{"embeddable":true,"href":"https:\/\/www.x-bionicsphere.com\/en\/wp-json\/wp\/v2\/comments?post=5372"}],"version-history":[{"count":0,"href":"https:\/\/www.x-bionicsphere.com\/en\/wp-json\/wp\/v2\/pages\/5372\/revisions"}],"wp:attachment":[{"href":"https:\/\/www.x-bionicsphere.com\/en\/wp-json\/wp\/v2\/media?parent=5372"}],"wp:term":[{"taxonomy":"category","embeddable":true,"href":"https:\/\/www.x-bionicsphere.com\/en\/wp-json\/wp\/v2\/categories?post=5372"}],"curies":[{"name":"wp","href":"https:\/\/api.w.org\/{rel}","templated":true}]}}