{"id":5408,"date":"2018-05-25T14:59:35","date_gmt":"2018-05-25T14:59:35","guid":{"rendered":"https:\/\/www.x-bionicsphere.com\/route\/"},"modified":"2018-05-25T14:59:36","modified_gmt":"2018-05-25T14:59:36","slug":"route","status":"publish","type":"page","link":"https:\/\/www.x-bionicsphere.com\/en\/elementy\/route\/","title":{"rendered":"Route"},"content":{"rendered":"<p>[vc_section][vc_row custom_width=&#8221;w-630&#8243;][vc_column][vc_column_text css=&#8221;.vc_custom_1515077046899{margin-bottom: 20px !important;}&#8221;]<\/p>\n<h2 class=\"content-section-title has-line color-1\">Ako sa k n\u00e1m dostanete<\/h2>\n<p>[\/vc_column_text]        <div class=\"how-to-reach-us-item-container color-1\">\r\n                    <div class=\"icon\">\r\n            <svg width=\"56\" height=\"55\" viewBox=\"0 0 56 55\" xmlns=\"http:\/\/www.w3.org\/2000\/svg\"><g fill=\"none\" fill-rule=\"evenodd\"><path class=\"color\" d=\"M5.077 16h4.615m34.616 0h4.615\" stroke=\"#384044\" stroke-width=\"2\" stroke-linecap=\"round\" stroke-linejoin=\"round\"\/><path d=\"M44.308 48.923A2.307 2.307 0 0 1 42 51.231H12a2.306 2.306 0 0 1-2.308-2.308V8.538A8.074 8.074 0 0 1 17.77.462h18.462a8.075 8.075 0 0 1 8.077 8.076v40.385z\" fill=\"#384044\"\/><path stroke=\"#384044\" fill=\"#384044\" stroke-linecap=\"round\" stroke-linejoin=\"round\" d=\"M12 51.231h4.615v2.308H12zm25.385 0H42v2.308h-4.615z\"\/><path fill=\"#FFF\" d=\"M11.692 14.308h30.615v20.769H11.692z\"\/><path class=\"color\" stroke=\"#384044\" stroke-width=\"2\" stroke-linecap=\"round\" stroke-linejoin=\"round\" d=\"M21.231 5.077h11.538v4.615H21.231zM14.308 44h6.923m11.539 0h6.922M.462 16h4.615v16.769H.462zm48.461 0h4.615v16.769h-4.615z\"\/><\/g><\/svg>          <\/div>\r\n                    <div class=\"body\">\r\n            <p class=\"title\">Bratislava, autobusov\u00e1 stanica \u2013 \u0160amor\u00edn, autobusov\u00e1 stanica<\/p>\r\n            <p>Priame spojenie bez prestupovania<br \/>\nDoba cestovania 25 &#8211; 45 min<\/p>\n<a href=\"#todo\" title=\"\" class=\"link link-icon-after color-1\"><strong>VYH\u013dADA\u0164 SPOJ NA CP.SK<span class=\"icon-arrow-long-up-right\"><\/span><\/strong><\/a>\n          <\/div>\r\n        <\/div>\r\n                <div class=\"how-to-reach-us-item-container color-1\">\r\n                    <div class=\"icon\">\r\n            <svg width=\"56\" height=\"55\" viewBox=\"0 0 56 55\" xmlns=\"http:\/\/www.w3.org\/2000\/svg\"><g fill=\"none\" fill-rule=\"evenodd\"><path class=\"color\" d=\"M5.077 16h4.615m34.616 0h4.615\" stroke=\"#384044\" stroke-width=\"2\" stroke-linecap=\"round\" stroke-linejoin=\"round\"\/><path d=\"M44.308 48.923A2.307 2.307 0 0 1 42 51.231H12a2.306 2.306 0 0 1-2.308-2.308V8.538A8.074 8.074 0 0 1 17.77.462h18.462a8.075 8.075 0 0 1 8.077 8.076v40.385z\" fill=\"#384044\"\/><path stroke=\"#384044\" fill=\"#384044\" stroke-linecap=\"round\" stroke-linejoin=\"round\" d=\"M12 51.231h4.615v2.308H12zm25.385 0H42v2.308h-4.615z\"\/><path fill=\"#FFF\" d=\"M11.692 14.308h30.615v20.769H11.692z\"\/><path class=\"color\" stroke=\"#384044\" stroke-width=\"2\" stroke-linecap=\"round\" stroke-linejoin=\"round\" d=\"M21.231 5.077h11.538v4.615H21.231zM14.308 44h6.923m11.539 0h6.922M.462 16h4.615v16.769H.462zm48.461 0h4.615v16.769h-4.615z\"\/><\/g><\/svg>          <\/div>\r\n                    <div class=\"body\">\r\n            <p class=\"title\">Bratislava, hlavn\u00e1 stanica - Kvetoslavov, vlakov\u00e1 stanica<\/p>\r\n            <p>Priame spojenie bez prestupovania<br \/>\nDoba cestovania 35 min<\/p>\n<a href=\"#todo\" title=\"\" class=\"link link-icon-after color-1\"><strong>VYH\u013dADA\u0164 SPOJ NA CP.SK<span class=\"icon-arrow-long-up-right\"><\/span><\/strong><\/a>\n<hr \/>\n<p>Z Kvetoslavova aj zo \u0160amor\u00edna prem\u00e1va v pracovn\u00e9 dni x-bionic\u00ae autobus. Cez v\u00edkendy v\u00e1m s dopravou radi pom\u00f4\u017eeme na recepcii, na ktor\u00fa sa nev\u00e1hajte kedyko\u013evek obr\u00e1ti\u0165.<\/p>\n<a href=\"#todo\" title=\"\" class=\"link\"><strong>CESTOVN\u00dd PORIADOK<\/strong><\/a>\n<a href=\"#todo\" title=\"\" class=\"link\"><strong>KONTAKT NA RECEPCIU HOTELA<\/strong><\/a>\n          <\/div>\r\n        <\/div>\r\n                <div class=\"how-to-reach-us-item-container color-1\">\r\n                    <div class=\"icon\">\r\n            <svg width=\"82\" height=\"44\" viewBox=\"0 0 82 44\" xmlns=\"http:\/\/www.w3.org\/2000\/svg\"><g fill=\"none\" fill-rule=\"evenodd\"><path class=\"color\" d=\"M40 20.256V.718\" stroke=\"#384044\" stroke-width=\"2\" stroke-linecap=\"round\" stroke-linejoin=\"round\"\/><circle fill=\"#384044\" cx=\"39.716\" cy=\"28.282\" r=\"14\"\/><path class=\"color\" d=\"M23.93 26H.72m55.35 0h23.21\" stroke=\"#384044\" stroke-width=\"2\" stroke-linecap=\"round\" stroke-linejoin=\"round\"\/><circle stroke=\"#FFF\" stroke-width=\"2\" cx=\"39.5\" cy=\"28.5\" r=\"8.5\"\/><ellipse fill=\"#384044\" cx=\"11.432\" cy=\"35.821\" rx=\"7.142\" ry=\"7.179\"\/><ellipse fill=\"#384044\" cx=\"68.568\" cy=\"35.821\" rx=\"7.142\" ry=\"7.179\"\/><\/g><\/svg>          <\/div>\r\n                    <div class=\"body\">\r\n            <p class=\"title\">Bratislava, Letisko M.R. \u0160tef\u00e1nika - x-bionic\u00ae sphere<\/p>\r\n            <p>Prepravu z letiska v\u00e1m na po\u017eiadanie radi zabezpe\u010d\u00edme vlastn\u00fdm trasnferom alebo partnerskou taxi slu\u017ebou. Ak m\u00e1te z\u00e1ujem o dopravu z letiska, obr\u00e1\u0165te sa, pros\u00edm, na recepciu.<\/p>\n<a href=\"#todo\" title=\"\" class=\"link\"><strong>KONTAKT NA RECEPCIU HOTELA<\/strong><\/a>\n          <\/div>\r\n        <\/div>\r\n                <div class=\"how-to-reach-us-item-container color-1\">\r\n                    <div class=\"icon\">\r\n            <svg width=\"55\" height=\"46\" viewBox=\"0 0 55 46\" xmlns=\"http:\/\/www.w3.org\/2000\/svg\"><g fill=\"none\" fill-rule=\"evenodd\"><path class=\"color\" d=\"M29.308 9.786L20.077.509\" stroke=\"#384044\" stroke-width=\"2\" stroke-linecap=\"round\" stroke-linejoin=\"round\"\/><path fill=\"#384044\" d=\"M36.23 9.786L8.897 9.744l-5.984 7h11.396L12 26.02h36.923z\"\/><path class=\"color no-fill\" stroke=\"#384044\" stroke-width=\"2\" stroke-linejoin=\"round\" d=\"M47.077 39.115l6.461-13.094H7.385L2.769 40.5\"\/><path fill=\"#FFF\" d=\"M40.154 14.538H21.462l6.923 6.924h17.307z\"\/><path d=\"M.462 39.894c5.656 1.209 10.384-4.638 10.384-4.638s2.675 4.59 8.06 4.59c5.62 0 8.094-4.59 8.094-4.59s2.442 4.59 8.06 4.59c5.39 0 8.094-4.59 8.094-4.59s4.728 5.847 10.384 4.638v4.639H.462v-4.639z\" fill=\"#384044\"\/><\/g><\/svg>          <\/div>\r\n                    <div class=\"body\">\r\n            <p class=\"title\">Bratislava, osobn\u00fd pr\u00edstav \u2013 x-bionic\u00ae sphere<\/p>\r\n            <p>Na trase Bratislava \u2192 x-bionic\u00ae sphere \u2192 Bratislava sa m\u00f4\u017eete pohodlne dopravi\u0165 pravideln\u00fdmi v\u00edkendov\u00fdmi linkami v obdob\u00ed od 29.4. do 29.10. Okrem nich sa konaj\u00fa aj mimoriadne plavby, a to v d\u00e1tumoch 17.6., 23.7., 30.7., 13.8, a 3.9. Viac inform\u00e1ci\u00ed v\u00e1m radi poskytneme na recepcii hotela.<\/p>\n<a href=\"#todo\" title=\"\" class=\"link\"><strong>KONTAKT NA RECEPCIU HOTELA<\/strong><\/a>\n          <\/div>\r\n        <\/div>\r\n        [\/vc_column][\/vc_row][\/vc_section]<\/p>\n","protected":false},"excerpt":{"rendered":"<p>[vc_section][vc_row custom_width=&#8221;w-630&#8243;][vc_column][vc_column_text css=&#8221;.vc_custom_1515077046899{margin-bottom: 20px !important;}&#8221;] Ako sa k n\u00e1m dostanete [\/vc_column_text][\/vc_column][\/vc_row][\/vc_section]<\/p>\n","protected":false},"author":34,"featured_media":0,"parent":5425,"menu_order":0,"comment_status":"closed","ping_status":"closed","template":"","meta":[],"categories":[],"acf":[],"_links":{"self":[{"href":"https:\/\/www.x-bionicsphere.com\/en\/wp-json\/wp\/v2\/pages\/5408"}],"collection":[{"href":"https:\/\/www.x-bionicsphere.com\/en\/wp-json\/wp\/v2\/pages"}],"about":[{"href":"https:\/\/www.x-bionicsphere.com\/en\/wp-json\/wp\/v2\/types\/page"}],"author":[{"embeddable":true,"href":"https:\/\/www.x-bionicsphere.com\/en\/wp-json\/wp\/v2\/users\/34"}],"replies":[{"embeddable":true,"href":"https:\/\/www.x-bionicsphere.com\/en\/wp-json\/wp\/v2\/comments?post=5408"}],"version-history":[{"count":0,"href":"https:\/\/www.x-bionicsphere.com\/en\/wp-json\/wp\/v2\/pages\/5408\/revisions"}],"up":[{"embeddable":true,"href":"https:\/\/www.x-bionicsphere.com\/en\/wp-json\/wp\/v2\/pages\/5425"}],"wp:attachment":[{"href":"https:\/\/www.x-bionicsphere.com\/en\/wp-json\/wp\/v2\/media?parent=5408"}],"wp:term":[{"taxonomy":"category","embeddable":true,"href":"https:\/\/www.x-bionicsphere.com\/en\/wp-json\/wp\/v2\/categories?post=5408"}],"curies":[{"name":"wp","href":"https:\/\/api.w.org\/{rel}","templated":true}]}}