{"id":5435,"date":"2018-05-25T15:06:47","date_gmt":"2018-05-25T15:06:47","guid":{"rendered":"https:\/\/www.x-bionicsphere.com\/events\/verejne-podujatia\/jazdecke-podujatia\/"},"modified":"2018-05-25T15:06:47","modified_gmt":"2018-05-25T15:06:47","slug":"jazdecke-podujatia","status":"publish","type":"page","link":"https:\/\/www.x-bionicsphere.com\/en\/events\/public-events\/jazdecke-podujatia\/","title":{"rendered":"Jazdeck\u00e9 podujatia"},"content":{"rendered":"<p>[vc_section][vc_row custom_width=&#8221;w-630&#8243;][vc_column][vc_column_text]<\/p>\n<h1 class=\"content-section-title has-line\">Podujatia v x-bionic\u00ae sphere<\/h1>\n<p>V x-bionic\u00ae sphere sa st\u00e1le nie\u010do deje. Pr\u00ed\u010fte sa uvo\u013eni\u0165 na sez\u00f3nne aj celoro\u010dn\u00e9 verejn\u00e9 podujatia pre fan\u00fa\u0161ikov \u0161portu aj kult\u00fary.[\/vc_column_text][\/vc_column][\/vc_row][\/vc_section][vc_section padding=&#8221;no-pad&#8221;][vc_row full_width=&#8221;stretch_row_content_no_spaces&#8221; equal_height=&#8221;yes&#8221; custom_width=&#8221;w-1600&#8243;][vc_column width=&#8221;1\/2&#8243; offset=&#8221;vc_col-md-3 vc_col-xs-12&#8243; css=&#8221;.vc_custom_1519717166991{margin-top: 15px !important;margin-right: 15px !important;margin-bottom: 15px !important;margin-left: 15px !important;}&#8221;]          <div class=\"showcase-item-container type-2\">\r\n            <a href=\"http:\/\/www.invelity.xbionic\/info-box\/\" title=\"\">\r\n                            <figure>\r\n                <img width=\"800\" height=\"333\" src=\"https:\/\/www.x-bionicsphere.com\/wp-content\/uploads\/2017\/12\/sport-landing.jpg\" class=\"attachment-showcase-box size-showcase-box\" alt=\"\" loading=\"lazy\" srcset=\"https:\/\/www.x-bionicsphere.com\/wp-content\/uploads\/2017\/12\/sport-landing.jpg 1440w, https:\/\/www.x-bionicsphere.com\/wp-content\/uploads\/2017\/12\/sport-landing-300x125.jpg 300w, https:\/\/www.x-bionicsphere.com\/wp-content\/uploads\/2017\/12\/sport-landing-768x320.jpg 768w, https:\/\/www.x-bionicsphere.com\/wp-content\/uploads\/2017\/12\/sport-landing-1024x427.jpg 1024w, https:\/\/www.x-bionicsphere.com\/wp-content\/uploads\/2017\/12\/sport-landing-480x200.jpg 480w, https:\/\/www.x-bionicsphere.com\/wp-content\/uploads\/2017\/12\/sport-landing-992x413.jpg 992w, https:\/\/www.x-bionicsphere.com\/wp-content\/uploads\/2017\/12\/sport-landing-1200x500.jpg 1200w\" sizes=\"(max-width: 800px) 100vw, 800px\" \/>                              <\/figure>\r\n                            <div class=\"body\">\r\n                                <div class=\"top\">\r\n                  <div class=\"category\">x-bionic\u00ae athletic sphere<\/div>\r\n                <\/div>\r\n                                <div class=\"bottom\">\r\n                                    <div class=\"date\">17. J\u00fan 2017<\/div>\r\n                                    <div class=\"title\">Pravda Telev\u00edzia Slovnaft atletick\u00fd m\u00edting<\/div>\r\n                <\/div>\r\n                                <div class=\"buttons-container\">\r\n                  <span class=\"button\">Detail podujatia<\/span>\r\n                <\/div>\r\n                              <\/div>\r\n            <\/a>\r\n          <\/div>\r\n          [\/vc_column][vc_column width=&#8221;1\/2&#8243; offset=&#8221;vc_col-md-3 vc_col-xs-12&#8243; css=&#8221;.vc_custom_1519717181741{margin-top: 15px !important;margin-right: 15px !important;margin-bottom: 15px !important;margin-left: 15px !important;}&#8221;]          <div class=\"showcase-item-container type-2\">\r\n            <a href=\"http:\/\/www.invelity.xbionic\/info-box\/\" title=\"\">\r\n                            <figure>\r\n                                              <\/figure>\r\n                            <div class=\"body\">\r\n                                <div class=\"top\">\r\n                  <div class=\"category\">x-bionic\u00ae athletic sphere<\/div>\r\n                <\/div>\r\n                                <div class=\"bottom\">\r\n                                    <div class=\"date\">25. - 27. August 2017<\/div>\r\n                                    <div class=\"title\">Summer Spirit Race<\/div>\r\n                <\/div>\r\n                                <div class=\"buttons-container\">\r\n                  <span class=\"button\">Detail podujatia<\/span>\r\n                <\/div>\r\n                              <\/div>\r\n            <\/a>\r\n          <\/div>\r\n          [\/vc_column][vc_column width=&#8221;1\/2&#8243; offset=&#8221;vc_col-md-3 vc_col-xs-12&#8243; css=&#8221;.vc_custom_1519717190808{margin-top: 15px !important;margin-right: 15px !important;margin-bottom: 15px !important;margin-left: 15px !important;}&#8221;]          <div class=\"showcase-item-container type-2\">\r\n            <a href=\"http:\/\/www.invelity.xbionic\/info-box\/\" title=\"\">\r\n                            <figure>\r\n                <img width=\"800\" height=\"333\" src=\"https:\/\/www.x-bionicsphere.com\/wp-content\/uploads\/2017\/12\/hotel-landing.png\" class=\"attachment-showcase-box size-showcase-box\" alt=\"\" loading=\"lazy\" srcset=\"https:\/\/www.x-bionicsphere.com\/wp-content\/uploads\/2017\/12\/hotel-landing.png 1440w, https:\/\/www.x-bionicsphere.com\/wp-content\/uploads\/2017\/12\/hotel-landing-300x125.png 300w, https:\/\/www.x-bionicsphere.com\/wp-content\/uploads\/2017\/12\/hotel-landing-768x320.png 768w, https:\/\/www.x-bionicsphere.com\/wp-content\/uploads\/2017\/12\/hotel-landing-1024x427.png 1024w, https:\/\/www.x-bionicsphere.com\/wp-content\/uploads\/2017\/12\/hotel-landing-480x200.png 480w, https:\/\/www.x-bionicsphere.com\/wp-content\/uploads\/2017\/12\/hotel-landing-992x413.png 992w, https:\/\/www.x-bionicsphere.com\/wp-content\/uploads\/2017\/12\/hotel-landing-1200x500.png 1200w\" sizes=\"(max-width: 800px) 100vw, 800px\" \/>                              <\/figure>\r\n                            <div class=\"body\">\r\n                                <div class=\"top\">\r\n                  <div class=\"category\">x-bionic\u00ae athletic sphere<\/div>\r\n                <\/div>\r\n                                <div class=\"bottom\">\r\n                                    <div class=\"date\">10. December 2017<\/div>\r\n                                    <div class=\"title\">Majstrovstv\u00e1 Eur\u00f3py v cezpo\u013enom behu<\/div>\r\n                <\/div>\r\n                                <div class=\"buttons-container\">\r\n                  <span class=\"button\">Detail podujatia<\/span>\r\n                <\/div>\r\n                              <\/div>\r\n            <\/a>\r\n          <\/div>\r\n          [\/vc_column][vc_column width=&#8221;1\/2&#8243; offset=&#8221;vc_col-md-3 vc_col-xs-12&#8243; css=&#8221;.vc_custom_1519717201367{margin-top: 15px !important;margin-right: 15px !important;margin-bottom: 15px !important;margin-left: 15px !important;}&#8221;]          <div class=\"showcase-item-container type-2\">\r\n            <a href=\"http:\/\/www.invelity.xbionic\/info-box\/\" title=\"\">\r\n                            <figure>\r\n                <img width=\"800\" height=\"333\" src=\"https:\/\/www.x-bionicsphere.com\/wp-content\/uploads\/2017\/12\/events-private.png\" class=\"attachment-showcase-box size-showcase-box\" alt=\"\" loading=\"lazy\" srcset=\"https:\/\/www.x-bionicsphere.com\/wp-content\/uploads\/2017\/12\/events-private.png 1440w, https:\/\/www.x-bionicsphere.com\/wp-content\/uploads\/2017\/12\/events-private-300x125.png 300w, https:\/\/www.x-bionicsphere.com\/wp-content\/uploads\/2017\/12\/events-private-768x320.png 768w, https:\/\/www.x-bionicsphere.com\/wp-content\/uploads\/2017\/12\/events-private-1024x427.png 1024w, https:\/\/www.x-bionicsphere.com\/wp-content\/uploads\/2017\/12\/events-private-480x200.png 480w, https:\/\/www.x-bionicsphere.com\/wp-content\/uploads\/2017\/12\/events-private-992x413.png 992w, https:\/\/www.x-bionicsphere.com\/wp-content\/uploads\/2017\/12\/events-private-1200x500.png 1200w\" sizes=\"(max-width: 800px) 100vw, 800px\" \/>                              <\/figure>\r\n                            <div class=\"body\">\r\n                                <div class=\"top\">\r\n                  <div class=\"category\">x-bionic\u00ae athletic sphere<\/div>\r\n                <\/div>\r\n                                <div class=\"bottom\">\r\n                                    <div class=\"date\">04. - 06. August 2017<\/div>\r\n                                    <div class=\"title\">Shantiloka festival jogy a relaxa\u010dnej hudby<\/div>\r\n                <\/div>\r\n                                <div class=\"buttons-container\">\r\n                  <span class=\"button\">Detail podujatia<\/span>\r\n                <\/div>\r\n                              <\/div>\r\n            <\/a>\r\n          <\/div>\r\n          [\/vc_column][\/vc_row][vc_row full_width=&#8221;stretch_row_content_no_spaces&#8221; equal_height=&#8221;yes&#8221; custom_width=&#8221;w-1600&#8243;][vc_column width=&#8221;1\/2&#8243; offset=&#8221;vc_col-md-3 vc_col-xs-12&#8243; css=&#8221;.vc_custom_1519717211843{margin-top: 15px !important;margin-right: 15px !important;margin-bottom: 15px !important;margin-left: 15px !important;}&#8221;]          <div class=\"showcase-item-container type-2\">\r\n            <a href=\"http:\/\/www.invelity.xbionic\/info-box\/\" title=\"\">\r\n                            <figure>\r\n                <img width=\"800\" height=\"333\" src=\"https:\/\/www.x-bionicsphere.com\/wp-content\/uploads\/2017\/12\/events-private.png\" class=\"attachment-showcase-box size-showcase-box\" alt=\"\" loading=\"lazy\" srcset=\"https:\/\/www.x-bionicsphere.com\/wp-content\/uploads\/2017\/12\/events-private.png 1440w, https:\/\/www.x-bionicsphere.com\/wp-content\/uploads\/2017\/12\/events-private-300x125.png 300w, https:\/\/www.x-bionicsphere.com\/wp-content\/uploads\/2017\/12\/events-private-768x320.png 768w, https:\/\/www.x-bionicsphere.com\/wp-content\/uploads\/2017\/12\/events-private-1024x427.png 1024w, https:\/\/www.x-bionicsphere.com\/wp-content\/uploads\/2017\/12\/events-private-480x200.png 480w, https:\/\/www.x-bionicsphere.com\/wp-content\/uploads\/2017\/12\/events-private-992x413.png 992w, https:\/\/www.x-bionicsphere.com\/wp-content\/uploads\/2017\/12\/events-private-1200x500.png 1200w\" sizes=\"(max-width: 800px) 100vw, 800px\" \/>                              <\/figure>\r\n                            <div class=\"body\">\r\n                                <div class=\"top\">\r\n                  <div class=\"category\">x-bionic\u00ae athletic sphere<\/div>\r\n                <\/div>\r\n                                <div class=\"bottom\">\r\n                                    <div class=\"date\">04. - 06. August 2017<\/div>\r\n                                    <div class=\"title\">Shantiloka festival jogy a relaxa\u010dnej hudby<\/div>\r\n                <\/div>\r\n                                <div class=\"buttons-container\">\r\n                  <span class=\"button\">Detail podujatia<\/span>\r\n                <\/div>\r\n                              <\/div>\r\n            <\/a>\r\n          <\/div>\r\n          [\/vc_column][vc_column width=&#8221;1\/2&#8243; offset=&#8221;vc_col-md-3 vc_col-xs-12&#8243; css=&#8221;.vc_custom_1519717222449{margin-top: 15px !important;margin-right: 15px !important;margin-bottom: 15px !important;margin-left: 15px !important;}&#8221;]          <div class=\"showcase-item-container type-2\">\r\n            <a href=\"http:\/\/www.invelity.xbionic\/info-box\/\" title=\"\">\r\n                            <figure>\r\n                <img width=\"800\" height=\"333\" src=\"https:\/\/www.x-bionicsphere.com\/wp-content\/uploads\/2017\/12\/hotel-landing.png\" class=\"attachment-showcase-box size-showcase-box\" alt=\"\" loading=\"lazy\" srcset=\"https:\/\/www.x-bionicsphere.com\/wp-content\/uploads\/2017\/12\/hotel-landing.png 1440w, https:\/\/www.x-bionicsphere.com\/wp-content\/uploads\/2017\/12\/hotel-landing-300x125.png 300w, https:\/\/www.x-bionicsphere.com\/wp-content\/uploads\/2017\/12\/hotel-landing-768x320.png 768w, https:\/\/www.x-bionicsphere.com\/wp-content\/uploads\/2017\/12\/hotel-landing-1024x427.png 1024w, https:\/\/www.x-bionicsphere.com\/wp-content\/uploads\/2017\/12\/hotel-landing-480x200.png 480w, https:\/\/www.x-bionicsphere.com\/wp-content\/uploads\/2017\/12\/hotel-landing-992x413.png 992w, https:\/\/www.x-bionicsphere.com\/wp-content\/uploads\/2017\/12\/hotel-landing-1200x500.png 1200w\" sizes=\"(max-width: 800px) 100vw, 800px\" \/>                              <\/figure>\r\n                            <div class=\"body\">\r\n                                <div class=\"top\">\r\n                  <div class=\"category\">x-bionic\u00ae athletic sphere<\/div>\r\n                <\/div>\r\n                                <div class=\"bottom\">\r\n                                    <div class=\"date\">10. December 2017<\/div>\r\n                                    <div class=\"title\">Majstrovstv\u00e1 Eur\u00f3py v cezpo\u013enom behu<\/div>\r\n                <\/div>\r\n                                <div class=\"buttons-container\">\r\n                  <span class=\"button\">Detail podujatia<\/span>\r\n                <\/div>\r\n                              <\/div>\r\n            <\/a>\r\n          <\/div>\r\n          [\/vc_column][vc_column width=&#8221;1\/2&#8243; offset=&#8221;vc_col-md-3 vc_col-xs-12&#8243; css=&#8221;.vc_custom_1519717233536{margin-top: 15px !important;margin-right: 15px !important;margin-bottom: 15px !important;margin-left: 15px !important;}&#8221;]          <div class=\"showcase-item-container type-2\">\r\n            <a href=\"http:\/\/www.invelity.xbionic\/info-box\/\" title=\"\">\r\n                            <figure>\r\n                                              <\/figure>\r\n                            <div class=\"body\">\r\n                                <div class=\"top\">\r\n                  <div class=\"category\">x-bionic\u00ae athletic sphere<\/div>\r\n                <\/div>\r\n                                <div class=\"bottom\">\r\n                                    <div class=\"date\">25. - 27. August 2017<\/div>\r\n                                    <div class=\"title\">Summer Spirit Race<\/div>\r\n                <\/div>\r\n                                <div class=\"buttons-container\">\r\n                  <span class=\"button\">Detail podujatia<\/span>\r\n                <\/div>\r\n                              <\/div>\r\n            <\/a>\r\n          <\/div>\r\n          [\/vc_column][vc_column width=&#8221;1\/2&#8243; offset=&#8221;vc_col-md-3 vc_col-xs-12&#8243; css=&#8221;.vc_custom_1519717243979{margin-top: 15px !important;margin-right: 15px !important;margin-bottom: 15px !important;margin-left: 15px !important;}&#8221;]          <div class=\"showcase-item-container type-2\">\r\n            <a href=\"http:\/\/www.invelity.xbionic\/info-box\/\" title=\"\">\r\n                            <figure>\r\n                <img width=\"800\" height=\"333\" src=\"https:\/\/www.x-bionicsphere.com\/wp-content\/uploads\/2017\/12\/sport-landing.jpg\" class=\"attachment-showcase-box size-showcase-box\" alt=\"\" loading=\"lazy\" srcset=\"https:\/\/www.x-bionicsphere.com\/wp-content\/uploads\/2017\/12\/sport-landing.jpg 1440w, https:\/\/www.x-bionicsphere.com\/wp-content\/uploads\/2017\/12\/sport-landing-300x125.jpg 300w, https:\/\/www.x-bionicsphere.com\/wp-content\/uploads\/2017\/12\/sport-landing-768x320.jpg 768w, https:\/\/www.x-bionicsphere.com\/wp-content\/uploads\/2017\/12\/sport-landing-1024x427.jpg 1024w, https:\/\/www.x-bionicsphere.com\/wp-content\/uploads\/2017\/12\/sport-landing-480x200.jpg 480w, https:\/\/www.x-bionicsphere.com\/wp-content\/uploads\/2017\/12\/sport-landing-992x413.jpg 992w, https:\/\/www.x-bionicsphere.com\/wp-content\/uploads\/2017\/12\/sport-landing-1200x500.jpg 1200w\" sizes=\"(max-width: 800px) 100vw, 800px\" \/>                              <\/figure>\r\n                            <div class=\"body\">\r\n                                <div class=\"top\">\r\n                  <div class=\"category\">x-bionic\u00ae athletic sphere<\/div>\r\n                <\/div>\r\n                                <div class=\"bottom\">\r\n                                    <div class=\"date\">17. J\u00fan 2017<\/div>\r\n                                    <div class=\"title\">Pravda Telev\u00edzia Slovnaft atletick\u00fd m\u00edting<\/div>\r\n                <\/div>\r\n                                <div class=\"buttons-container\">\r\n                  <span class=\"button\">Detail podujatia<\/span>\r\n                <\/div>\r\n                              <\/div>\r\n            <\/a>\r\n          <\/div>\r\n          [\/vc_column][\/vc_row][\/vc_section][vc_section][vc_row custom_width=&#8221;w-630&#8243;][vc_column]        <div class=\"entity-list-component color-1\" data-ajax-url=\"https:\/\/www.x-bionicsphere.com\/wp-content\/themes\/xbionic\/ajax\/ajax.php\" data-ajax-action=\"get-entity-list-page\" data-ajax-data='{\"query\":\"post_type:page|categories:28|posts_per_page:3\"}' data-ajax-method=\"POST\">\r\n          <div class=\"list\">\r\n                      <\/div>\r\n                              <div class=\"loader\"><div class=\"inner\"><svg version=\"1.1\" id=\"L6\" xmlns=\"https:\/\/www.w3.org\/2000\/svg\" xmlns:xlink=\"https:\/\/www.w3.org\/1999\/xlink\" x=\"0px\" y=\"0px\"\r\n  viewBox=\"0 0 100 100\" enable-background=\"new 0 0 100 100\" xml:space=\"preserve\">\r\n   <rect fill=\"none\" stroke=\"#fff\" stroke-width=\"4\" x=\"25\" y=\"25\" width=\"50\" height=\"50\">\r\n  <animateTransform\r\n     attributeName=\"transform\"\r\n     dur=\"0.5s\"\r\n     from=\"0 50 50\"\r\n     to=\"180 50 50\"\r\n     type=\"rotate\"\r\n     id=\"strokeBox\"\r\n     attributeType=\"XML\"\r\n     begin=\"rectBox.end\"\/>\r\n  <\/rect>\r\n   <rect x=\"27\" y=\"27\" fill=\"#fff\" width=\"46\" height=\"50\">\r\n  <animate\r\n     attributeName=\"height\"\r\n     dur=\"1.3s\"\r\n     attributeType=\"XML\"\r\n     from=\"50\"\r\n     to=\"0\"\r\n     id=\"rectBox\"\r\n     fill=\"freeze\"\r\n     begin=\"0s;strokeBox.end\"\/>\r\n  <\/rect>\r\n<\/svg>\r\n<\/div><\/div>\r\n        <\/div>\r\n        [\/vc_column][\/vc_row][\/vc_section][vc_section top_padding=&#8221;no-top-pad&#8221;][vc_row custom_width=&#8221;w-1070&#8243;][vc_column]        <div class=\"info-box-component newsletter-component\">\r\n                    <figure class=\"fixed-left negative-left-margin\">\r\n            <img width=\"399\" height=\"296\" src=\"https:\/\/www.x-bionicsphere.com\/wp-content\/uploads\/2017\/12\/1.png\" class=\"attachment-full size-full\" alt=\"\" loading=\"lazy\" srcset=\"https:\/\/www.x-bionicsphere.com\/wp-content\/uploads\/2017\/12\/1.png 399w, https:\/\/www.x-bionicsphere.com\/wp-content\/uploads\/2017\/12\/1-300x223.png 300w\" sizes=\"(max-width: 399px) 100vw, 399px\" \/>          <\/figure>\r\n                    <div class=\"body\">\r\n            <div class=\"content-section-title has-line  color-2\">Novinky o x-bionic\u00ae sphere<\/div>\r\n            <p>Nepreme\u0161kajte d\u00f4le\u017eit\u00e9 oznamy a dost\u00e1vajte \u0161peci\u00e1lne ponuky z x-bionic\u00ae sphere. Prihl\u00e1ste sa k odberu noviniek pod\u013ea v\u00e1\u0161ho z\u00e1ujmu a o v\u0161etkom sa dozviete v\u010das.<\/p>\r\n            <form class=\"newsletter form-white-content color-2\" action=\"https:\/\/www.x-bionicsphere.com\/wp-content\/themes\/xbionic\/forms\/newsletter\/send.php\" method=\"post\">\r\n    <fieldset>\r\n      <div class=\"form-control-group\">\r\n          <select name=\"sphere\" placeholder=\"vyberte sphere, ktor\u00e1 v\u00e1s zauj\u00edma\" class=\"form-control\">\r\n            <option placeholder value=\"\">vyberte sphere, ktor\u00e1 v\u00e1s zauj\u00edma<\/option>\r\n            <option value=\"\">Sphere 1<\/option>\r\n            <option value=\"\">Sphere 2<\/option>\r\n            <option value=\"\">Sphere 3<\/option>\r\n          <\/select>\r\n      <\/div>\r\n      <div class=\"form-control-group\">\r\n          <input type=\"email\" name=\"email\" class=\"form-control\" title=\"\" placeholder=\"enter your e-mail\" required>\r\n      <\/div>\r\n      <div class=\"form-control-group checkbox\">\r\n        <label class=\"checkbox\">\r\n          <input type=\"checkbox\" name=\"terms\" value=\"1\">\r\n          <span>\r\n            <a href=\"#\" title=\"\">\r\n            Consent to the processing of personal data for the purpose of the x-card customer program.            <\/a>\r\n          <\/span>\r\n        <\/label>\r\n      <\/div>\r\n    <\/fieldset>\r\n    <input type=\"hidden\" name=\"view\" value=\"ajax\">\r\n    <input type=\"hidden\" name=\"action-name\" value=\"send\">\r\n    <input type=\"hidden\" name=\"lang\" value=\"en\">\r\n    <div class=\"buttons-container\">\r\n        <button type=\"submit\" name=\"submit\" class=\"button color-white\">SIGN TO NEWSLETTER<\/button>\r\n    <\/div>\r\n<\/form>\r\n          <\/div>\r\n        <\/div>\r\n        [\/vc_column][\/vc_row][\/vc_section]<\/p>\n","protected":false},"excerpt":{"rendered":"<p>[vc_section][vc_row custom_width=&#8221;w-630&#8243;][vc_column][vc_column_text] Podujatia v x-bionic\u00ae sphere V x-bionic\u00ae sphere sa st\u00e1le nie\u010do deje. Pr\u00ed\u010fte sa uvo\u013eni\u0165 na sez\u00f3nne aj celoro\u010dn\u00e9 verejn\u00e9 podujatia pre fan\u00fa\u0161ikov \u0161portu aj kult\u00fary.[\/vc_column_text][\/vc_column][\/vc_row][\/vc_section][vc_section padding=&#8221;no-pad&#8221;][vc_row full_width=&#8221;stretch_row_content_no_spaces&#8221; equal_height=&#8221;yes&#8221; custom_width=&#8221;w-1600&#8243;][vc_column width=&#8221;1\/2&#8243; offset=&#8221;vc_col-md-3 vc_col-xs-12&#8243; css=&#8221;.vc_custom_1519717166991{margin-top: 15px !important;margin-right: 15px !important;margin-bottom: 15px !important;margin-left: 15px !important;}&#8221;][\/vc_column][vc_column width=&#8221;1\/2&#8243; offset=&#8221;vc_col-md-3 vc_col-xs-12&#8243; css=&#8221;.vc_custom_1519717181741{margin-top: 15px !important;margin-right: 15px !important;margin-bottom: 15px !important;margin-left: 15px !important;}&#8221;][\/vc_column][vc_column [&hellip;]<\/p>\n","protected":false},"author":34,"featured_media":0,"parent":4744,"menu_order":0,"comment_status":"closed","ping_status":"closed","template":"","meta":[],"categories":[],"acf":[],"_links":{"self":[{"href":"https:\/\/www.x-bionicsphere.com\/en\/wp-json\/wp\/v2\/pages\/5435"}],"collection":[{"href":"https:\/\/www.x-bionicsphere.com\/en\/wp-json\/wp\/v2\/pages"}],"about":[{"href":"https:\/\/www.x-bionicsphere.com\/en\/wp-json\/wp\/v2\/types\/page"}],"author":[{"embeddable":true,"href":"https:\/\/www.x-bionicsphere.com\/en\/wp-json\/wp\/v2\/users\/34"}],"replies":[{"embeddable":true,"href":"https:\/\/www.x-bionicsphere.com\/en\/wp-json\/wp\/v2\/comments?post=5435"}],"version-history":[{"count":0,"href":"https:\/\/www.x-bionicsphere.com\/en\/wp-json\/wp\/v2\/pages\/5435\/revisions"}],"up":[{"embeddable":true,"href":"https:\/\/www.x-bionicsphere.com\/en\/wp-json\/wp\/v2\/pages\/4744"}],"wp:attachment":[{"href":"https:\/\/www.x-bionicsphere.com\/en\/wp-json\/wp\/v2\/media?parent=5435"}],"wp:term":[{"taxonomy":"category","embeddable":true,"href":"https:\/\/www.x-bionicsphere.com\/en\/wp-json\/wp\/v2\/categories?post=5435"}],"curies":[{"name":"wp","href":"https:\/\/api.w.org\/{rel}","templated":true}]}}